{"id":229155,"date":"2013-12-08T18:22:20","date_gmt":"2013-12-08T17:22:20","guid":{"rendered":"https:\/\/2013.sevilla.wordcamp.org\/?page_id=229155"},"modified":"2013-12-13T00:51:06","modified_gmt":"2013-12-12T23:51:06","slug":"alojamientos-para-wordcamp-sevilla","status":"publish","type":"page","link":"https:\/\/sevilla.wordcamp.org\/2013\/organiza-tu-viaje\/alojamientos-para-wordcamp-sevilla\/","title":{"rendered":"Alojamientos para WordCamp Sevilla"},"content":{"rendered":"<p>Tenemos una mala y una buena noticia respecto a los alojamientos:<\/p>\n<ul>\n<li>La mala: No tenemos un alojamiento concertado<\/li>\n<li>La buena: \u00a1Sevilla est\u00e1 llena de albergues, hostales y hoteles con encanto!<\/li>\n<\/ul>\n<p>WordCamp Sevilla se celebrar\u00e1 en la EOI, que se encuentra en la Isla de la Cartuja, no existen alojamientos especialmente cercanos, por tanto <strong>al buscar alojamiento tendr\u00e1s que tener en cuenta <a href=\"https:\/\/2013.sevilla.wordcamp.org\/organiza-tu-viaje\/como-llegar-a-wordcamp-sevilla\/\">c\u00f3mo llegar a la WordCamp<\/a><\/strong><\/p>\n<p>Sabemos que sea d\u00f3nde sea quieres que haya WiFi, pero puedes preferir: Albergue, Pensi\u00f3n, Apartamento, Hotel&#8230; Te contamos <strong>algunos sitios que pueden ser pr\u00e1cticos<\/strong>:<\/p>\n<h2>Zona Alameda de H\u00e9rcules<\/h2>\n<p>Es el centro de marcha de Sevilla y un lugar muy pr\u00e1ctico para ir andando o en bus a la WordCamp y salir de marcha por la noche. Adem\u00e1s hay desde locales de comida r\u00e1pida hasta buenos restaurantes en los alrededores.<\/p>\n<ul>\n<li><strong>Albergue<\/strong>:\u00a0\u00bfExisten los albergues con encanto? en Sevilla parece que s\u00ed. En los alrededores de la Alameda de H\u00e9rcules puedes encontrar <a href=\"http:\/\/www.booking.com\/hotel\/es\/lacajahabitada-sevilla-hostel.es.html?aid=313455&amp;do_availability_check=true&amp;checkin_monthday=13&amp;checkin_year_month=2013-12&amp;checkout_monthday=15&amp;checkout_year_month=2013-12&amp;selected_currency=EUR&amp;label=110317362\">La caja habitada<\/a> por 32\u20ac\/persona\/2noches, <a href=\"http:\/\/www.booking.com\/hotel\/es\/hostel-one-sevilla-alameda.es.html?aid=313455&amp;do_availability_check=true&amp;checkin_monthday=13&amp;checkin_year_month=2013-12&amp;checkout_monthday=15&amp;checkout_year_month=2013-12&amp;selected_currency=EUR&amp;label=110317362\">Hostel One Sevilla-Alameda<\/a> desde 25\u20ac\/persona\/2noches o <a href=\"http:\/\/www.booking.com\/hotel\/es\/feeling-sevilla-hostel.es.html?aid=313455&amp;do_availability_check=true&amp;checkin_monthday=13&amp;checkin_year_month=2013-12&amp;checkout_monthday=15&amp;checkout_year_month=2013-12&amp;selected_currency=EUR&amp;label=110317362\">Feeling Sevilla Hostel<\/a> desde 20\u20ac\/persona\/2noches<\/li>\n<li><strong>Pensi\u00f3n\/Hostal<\/strong>: \u00bfQuieres dormir alejado de otros seres humanos pero no necesitas las prestaciones de un hotel?: <a href=\"http:\/\/www.booking.com\/hotel\/es\/alameda-sevilla.es.html?aid=356984;label=gog235jc-hotel-es-es-alamedaNsevilla-unspec-es-com;sid=dc9af3658497c31552e8dd0e62356b43;dcid=1;checkin=2013-12-13;checkout=2013-12-15;srfid=6b00563958999297f5e8e08f490f9ee9fd986704X1\">Pensi\u00f3n alameda<\/a> desde 44\u20ac\/persona\/2noches, <a href=\"http:\/\/www.booking.com\/hotel\/es\/hostal-trajano.es.html?aid=313455&amp;do_availability_check=true&amp;checkin_monthday=13&amp;checkin_year_month=2013-12&amp;checkout_monthday=15&amp;checkout_year_month=2013-12&amp;selected_currency=EUR&amp;label=110317362\">Hostal Trajano<\/a> desde\u00a044\u20ac\/persona\/2noches, o <a href=\"http:\/\/www.booking.com\/hotel\/es\/dona-lola.es.html?aid=313455&amp;do_availability_check=true&amp;checkin_monthday=13&amp;checkin_year_month=2013-12&amp;checkout_monthday=15&amp;checkout_year_month=2013-12&amp;selected_currency=EUR&amp;label=110317362\">Hostal Do\u00f1a Lola<\/a> desde\u00a054\u20ac\/persona\/2noches.<\/li>\n<li><strong>Apartamento<\/strong>: \u00bfVen\u00eds en grupo y quer\u00e9is estar especialmente juntos? En\u00a0<a href=\"http:\/\/www.booking.com\/hotel\/es\/living-sevilla-apartments.es.html?aid=313455&amp;do_availability_check=true&amp;checkin_monthday=13&amp;checkin_year_month=2013-12&amp;checkout_monthday=15&amp;checkout_year_month=2013-12&amp;selected_currency=EUR&amp;label=110317362\">Living-Sevilla Apartments San Lorenzo<\/a> ten\u00e9is apartamentos de hasta 8 personas.<\/li>\n<li><strong>Hotel ***<\/strong>: Por la Alameda ten\u00e9is el\u00a0<a href=\"http:\/\/www.barceloviajes.com\/b2c\/pages\/hoteles\/fichaFeed.html;jsessionid=1011E3F88BFE7A941B32ED70DA038881.04-produccion-app06?bhc=36300&amp;idDestino=SVQ&amp;sistema_sel=&amp;codigo_sel=&amp;fichaAfiliado=S&amp;utm_source=TRABBER&amp;utm_term=SVQ_36300&amp;utm_campaign=TRABBER&amp;utm_content=hotel&amp;utm_medium=api\">Hotel Patio de la Alameda<\/a> desde 85\u20ac, <a href=\"http:\/\/www.booking.com\/hotel\/es\/patio-de-la-cartuja.es.html?aid=313455&amp;do_availability_check=true&amp;checkin_monthday=13&amp;checkin_year_month=2013-12&amp;checkout_monthday=15&amp;checkout_year_month=2013-12&amp;selected_currency=EUR&amp;label=110317362\">Hotel Patio de la Cartuja<\/a> desde 81\u20ac, o\u00a0<a href=\"http:\/\/www.barceloviajes.com\/b2c\/pages\/hoteles\/fichaFeed.html?bhc=6592&amp;idDestino=SVQ&amp;sistema_sel=&amp;codigo_sel=&amp;fichaAfiliado=S&amp;utm_source=TRABBER&amp;utm_term=SVQ_6592&amp;utm_campaign=TRABBER&amp;utm_content=hotel&amp;utm_medium=api\">Hotel Eurostars Regina<\/a>\u00a0desde 118\u20ac.<\/li>\n<li><strong>Hotel ****<\/strong>:\u00a0\u00a0<a href=\"http:\/\/www.laterooms.com\/es\/p3396\/pv110317362\/hotel-reservations\/97514_tryp-sevilla-macarena-sevilla.aspx?n=2&amp;d=20131213&amp;cur=EUR\">Tryp Sevilla Macarena<\/a>\u00a0desde 130\u20ac, o al otro lado del r\u00edo m\u00e1s cerca de la WordCamp pero m\u00e1s alejado del centro <a href=\"http:\/\/www.barcelo.com\/\">Barcel\u00f3 Sevilla Renacimiento<\/a> desde 137\u20ac.<\/li>\n<\/ul>\n<h2>Zona Prado de San Sebastian \/ San Bernardo<\/h2>\n<p>Si vienes a Sevilla en bus o en la red sur de tren de media distancia, tendr\u00e1s dos estaciones muy cerca. La WordCamp est\u00e1 lejos andando desde aqu\u00ed pero podr\u00e1s tomar uno de los buses urbanos que te llevan muy cerca.<\/p>\n<ul>\n<li><strong>Albergue: <\/strong>Si has liberado c\u00f3digo alguna vez no te importar\u00e1 compartir \u00bfverdad?.\u00a0<a href=\"http:\/\/www.booking.com\/hotel\/es\/samay-hostel.es.html?aid=313455&amp;do_availability_check=true&amp;checkin_monthday=13&amp;checkin_year_month=2013-12&amp;checkout_monthday=15&amp;checkout_year_month=2013-12&amp;selected_currency=EUR&amp;label=110317362\">Feetup Samay Hostel Sevilla<\/a> desde\u00a022\u20ac\/persona\/2noches,\u00a0<a href=\"http:\/\/www.booking.com\/hotel\/es\/travelers-inn-sevilla.es.html?aid=313455&amp;do_availability_check=true&amp;checkin_monthday=13&amp;checkin_year_month=2013-12&amp;checkout_monthday=15&amp;checkout_year_month=2013-12&amp;selected_currency=EUR&amp;label=110317362\">Traveler\u00b4s Inn Seville<\/a> desde\u00a018\u20ac\/persona\/2noches,\u00a0<a href=\"http:\/\/www.booking.com\/hotel\/es\/sevilla-inn-backpackers.es.html?aid=313455&amp;do_availability_check=true&amp;checkin_monthday=13&amp;checkin_year_month=2013-12&amp;checkout_monthday=15&amp;checkout_year_month=2013-12&amp;selected_currency=EUR&amp;label=110317362\">Sevilla Inn Backpackers<\/a> desde\u00a020\u20ac\/persona\/2noches.<\/li>\n<li><strong>Pensi\u00f3n\/Hostal<\/strong>: <a href=\"http:\/\/www.booking.com\/hotel\/es\/pension-la-montorena.es.html?aid=313455&amp;do_availability_check=true&amp;checkin_monthday=13&amp;checkin_year_month=2013-12&amp;checkout_monthday=15&amp;checkout_year_month=2013-12&amp;selected_currency=EUR&amp;label=110317362\">Pensi\u00f3n la Montore\u00f1a<\/a> desde 39\u20ac\/persona\/2noches<\/li>\n<li><strong>Hotel<\/strong>: \u00a0<a href=\"http:\/\/www.booking.com\/hotel\/es\/dona-manuela-casa-modesto.es.html?aid=313455&amp;do_availability_check=true&amp;checkin_monthday=13&amp;checkin_year_month=2013-12&amp;checkout_monthday=15&amp;checkout_year_month=2013-12&amp;selected_currency=EUR&amp;label=110317362\">Hotel Do\u00f1a Manuela Casa Modesto<\/a> desde 70\u20ac, <a href=\"http:\/\/www.booking.com\/hotel\/es\/alcazarsercotel.es.html?aid=313455&amp;do_availability_check=true&amp;checkin_monthday=13&amp;checkin_year_month=2013-12&amp;checkout_monthday=15&amp;checkout_year_month=2013-12&amp;selected_currency=EUR&amp;label=110317362\">Hotel Alcazar<\/a> desde 90\u20ac\/persona\/2noches<\/li>\n<\/ul>\n<h2>Zona Estaci\u00f3n de Santa Justa<\/h2>\n<p>Esta zona est\u00e1 un poco m\u00e1s lejos del centro, pero junto a la Estaci\u00f3n de Santa Justa (ideal si vienes en AVE) y tambi\u00e9n tienes buses urbanos para llegar a la WordCamp.<\/p>\n<ul>\n<li><a href=\"http:\/\/www.booking.com\/hotel\/es\/acormonteolivos.es.html?aid=313455&amp;do_availability_check=true&amp;checkin_monthday=13&amp;checkin_year_month=2013-12&amp;checkout_monthday=15&amp;checkout_year_month=2013-12&amp;selected_currency=EUR&amp;label=110317362\">Hotel Monteolivos<\/a>\u00a0desde 78\u20ac\/2personas\/2noches<\/li>\n<li><a href=\"http:\/\/www.laterooms.com\/es\/p3396\/pv110317362\/hotel-reservations\/92028_ayre-hotel-sevilla-sevilla.aspx?n=2&amp;d=20131213&amp;cur=EUR\">Hotel Ayre<\/a> desde 98\u20ac\/persona\/2noches<\/li>\n<li><a href=\"http:\/\/www.booking.com\/hotel\/es\/solmelialebreros.es.html?aid=313455&amp;do_availability_check=true&amp;checkin_monthday=13&amp;checkin_year_month=2013-12&amp;checkout_monthday=15&amp;checkout_year_month=2013-12&amp;selected_currency=EUR&amp;label=110317362\">Hotel Melia Lebreros<\/a> desde 112\u20ac\/2personas\/2noches<\/li>\n<\/ul>\n<h2>\u00bfY t\u00fa, d\u00f3nde te quedas?<\/h2>\n<p>Ponlo en comentarios, as\u00ed los amantes de WordPress podremos reservar cerca de otros amantes de WordPress \ud83d\ude09<\/p>\n<ul>\n<li>Francisco Torres: Pensi\u00f3n Alameda<\/li>\n<li>Joan Art\u00e9s: Hotel Ayre Sevilla<\/li>\n<li>Ignacio Cruz:\u00a0Hotel Un Patio al Sur<\/li>\n<li>Amit Kvint:\u00a0Hotel Casa Romana<\/li>\n<li>Roberto: Hotel Exe Isla Cartuja<\/li>\n<li>&lt;Unknown&gt;: Hotel Barcel\u00f3 Renacimiento<\/li>\n<li>&lt;Unknown&gt;: Hostal Gravina<\/li>\n<\/ul>\n<p><em>Nota: Precios tomados a 08\/12\/2013, solo a modo informativo, el precio puede variar y depende exclusivamente del alojamiento.<\/em><\/p>\n","protected":false},"excerpt":{"rendered":"<p>Tenemos una mala y una buena noticia respecto a los alojamientos: La mala: No tenemos un alojamiento concertado La buena: \u00a1Sevilla est\u00e1 llena de albergues, hostales y hoteles con encanto! WordCamp Sevilla se celebrar\u00e1 en la EOI, que se encuentra &hellip; <a href=\"https:\/\/sevilla.wordcamp.org\/2013\/organiza-tu-viaje\/alojamientos-para-wordcamp-sevilla\/\">Sigue leyendo <span class=\"screen-reader-text\">Alojamientos para WordCamp Sevilla<\/span>  <span class=\"meta-nav\">&rarr;<\/span><\/a><\/p>\n","protected":false},"author":8967770,"featured_media":0,"parent":85569,"menu_order":0,"comment_status":"open","ping_status":"open","template":"","meta":{"jetpack_post_was_ever_published":false,"footnotes":""},"class_list":["post-229155","page","type-page","status-publish","hentry"],"jetpack_sharing_enabled":true,"_links":{"self":[{"href":"https:\/\/sevilla.wordcamp.org\/2013\/wp-json\/wp\/v2\/pages\/229155","targetHints":{"allow":["GET"]}}],"collection":[{"href":"https:\/\/sevilla.wordcamp.org\/2013\/wp-json\/wp\/v2\/pages"}],"about":[{"href":"https:\/\/sevilla.wordcamp.org\/2013\/wp-json\/wp\/v2\/types\/page"}],"author":[{"embeddable":true,"href":"https:\/\/sevilla.wordcamp.org\/2013\/wp-json\/wp\/v2\/users\/8967770"}],"replies":[{"embeddable":true,"href":"https:\/\/sevilla.wordcamp.org\/2013\/wp-json\/wp\/v2\/comments?post=229155"}],"version-history":[{"count":11,"href":"https:\/\/sevilla.wordcamp.org\/2013\/wp-json\/wp\/v2\/pages\/229155\/revisions"}],"predecessor-version":[{"id":249337,"href":"https:\/\/sevilla.wordcamp.org\/2013\/wp-json\/wp\/v2\/pages\/229155\/revisions\/249337"}],"up":[{"embeddable":true,"href":"https:\/\/sevilla.wordcamp.org\/2013\/wp-json\/wp\/v2\/pages\/85569"}],"wp:attachment":[{"href":"https:\/\/sevilla.wordcamp.org\/2013\/wp-json\/wp\/v2\/media?parent=229155"}],"curies":[{"name":"wp","href":"https:\/\/api.w.org\/{rel}","templated":true}]}}