{"id":85569,"date":"2013-11-07T03:04:00","date_gmt":"2013-11-07T02:04:00","guid":{"rendered":"https:\/\/2013.sevilla.wordcamp.org\/?page_id=85569"},"modified":"2013-12-10T11:21:09","modified_gmt":"2013-12-10T10:21:09","slug":"organiza-tu-viaje","status":"publish","type":"page","link":"https:\/\/sevilla.wordcamp.org\/2013\/organiza-tu-viaje\/","title":{"rendered":"Organiza tu viaje"},"content":{"rendered":"<p>Si vienes a WordCamp Sevilla desde fuera o desde dentro de Sevilla, te ayudamos un poquito para que puedas llegar mejor, m\u00e1s c\u00f3modamente, aproveches las ofertas, encuentres un buen alojamiento y puedas moverte por Sevilla.<\/p>\n<h2>Venir a Sevilla<\/h2>\n<p>Viajes de ida, viajes de vuelta y estancias, consulta estos enlaces para ver qu\u00e9 es mejor para ti:<\/p>\n<ul>\n<li><a href=\"https:\/\/2013.sevilla.wordcamp.org\/organiza-tu-viaje\/como-llegar-a-sevilla\/\">C\u00f3mo llegar a Sevilla<\/a><\/li>\n<li><a href=\"https:\/\/2013.sevilla.wordcamp.org\/organiza-tu-viaje\/alojamientos-para-wordcamp-sevilla\/\">D\u00f3nde alojarse en Sevilla<\/a><\/li>\n<\/ul>\n<h2>Llegar a la WordCamp<\/h2>\n<p>Ya has llegado a Sevilla, est\u00e1s en la estaci\u00f3n o en tu hotel. Mira c\u00f3mo puedes llegar al sitio d\u00f3nde se celebra WordCamp Sevilla.<\/p>\n<ul>\n<li><a href=\"https:\/\/2013.sevilla.wordcamp.org\/organiza-tu-viaje\/como-llegar-a-wordcamp-sevilla\/\">C\u00f3mo llegar a la WordCamp<\/a><\/li>\n<\/ul>\n<p><strong>\u00bfBuscas gente para compartir viaje y\/o alojamiento?<\/strong> En unos d\u00edas os propondremos un hashtag para que os encontr\u00e9is mutuamente en Twitter.<\/p>\n","protected":false},"excerpt":{"rendered":"<p>Si vienes a WordCamp Sevilla desde fuera o desde dentro de Sevilla, te ayudamos un poquito para que puedas llegar mejor, m\u00e1s c\u00f3modamente, aproveches las ofertas, encuentres un buen alojamiento y puedas moverte por Sevilla. Venir a Sevilla Viajes de &hellip; <a href=\"https:\/\/sevilla.wordcamp.org\/2013\/organiza-tu-viaje\/\">Sigue leyendo <span class=\"screen-reader-text\">Organiza tu viaje<\/span>  <span class=\"meta-nav\">&rarr;<\/span><\/a><\/p>\n","protected":false},"author":8967770,"featured_media":0,"parent":0,"menu_order":0,"comment_status":"closed","ping_status":"closed","template":"","meta":{"jetpack_post_was_ever_published":false,"footnotes":""},"class_list":["post-85569","page","type-page","status-publish","hentry"],"jetpack_sharing_enabled":true,"_links":{"self":[{"href":"https:\/\/sevilla.wordcamp.org\/2013\/wp-json\/wp\/v2\/pages\/85569","targetHints":{"allow":["GET"]}}],"collection":[{"href":"https:\/\/sevilla.wordcamp.org\/2013\/wp-json\/wp\/v2\/pages"}],"about":[{"href":"https:\/\/sevilla.wordcamp.org\/2013\/wp-json\/wp\/v2\/types\/page"}],"author":[{"embeddable":true,"href":"https:\/\/sevilla.wordcamp.org\/2013\/wp-json\/wp\/v2\/users\/8967770"}],"replies":[{"embeddable":true,"href":"https:\/\/sevilla.wordcamp.org\/2013\/wp-json\/wp\/v2\/comments?post=85569"}],"version-history":[{"count":8,"href":"https:\/\/sevilla.wordcamp.org\/2013\/wp-json\/wp\/v2\/pages\/85569\/revisions"}],"predecessor-version":[{"id":237668,"href":"https:\/\/sevilla.wordcamp.org\/2013\/wp-json\/wp\/v2\/pages\/85569\/revisions\/237668"}],"wp:attachment":[{"href":"https:\/\/sevilla.wordcamp.org\/2013\/wp-json\/wp\/v2\/media?parent=85569"}],"curies":[{"name":"wp","href":"https:\/\/api.w.org\/{rel}","templated":true}]}}