{"id":85573,"date":"2013-11-07T03:04:50","date_gmt":"2013-11-07T02:04:50","guid":{"rendered":"https:\/\/2013.sevilla.wordcamp.org\/?page_id=85573"},"modified":"2013-12-10T11:25:08","modified_gmt":"2013-12-10T10:25:08","slug":"como-llegar-a-sevilla","status":"publish","type":"page","link":"https:\/\/sevilla.wordcamp.org\/2013\/organiza-tu-viaje\/como-llegar-a-sevilla\/","title":{"rendered":"C\u00f3mo llegar a Sevilla"},"content":{"rendered":"<p><a href=\"https:\/\/2013.sevilla.wordcamp.org\/files\/2013\/11\/IMG_8624.redimensionado.jpg\"><img loading=\"lazy\" decoding=\"async\" class=\"alignright size-medium wp-image-89975\" alt=\"IMG_8624.redimensionado\" src=\"https:\/\/2013.sevilla.wordcamp.org\/files\/2013\/11\/IMG_8624.redimensionado-300x225.jpg\" width=\"300\" height=\"225\" srcset=\"https:\/\/sevilla.wordcamp.org\/2013\/files\/2013\/11\/IMG_8624.redimensionado-300x225.jpg 300w, https:\/\/sevilla.wordcamp.org\/2013\/files\/2013\/11\/IMG_8624.redimensionado.jpg 1024w\" sizes=\"auto, (max-width: 300px) 100vw, 300px\" \/><\/a>Sevilla dispone de conexiones con todas las principales ciudades de Andaluc\u00eda y otros destinos nacionales. Adem\u00e1s de ser punto de confluencia de varias autov\u00edas dispone de estaci\u00f3n de bus, estaci\u00f3n de trenes con servicio de Alta Velocidad y Aeropuerto.<\/p>\n<p>\u00bfDesde d\u00f3nde vienes? Te indicamos las opciones que puedes barajar. (Los precios y servicios son aproximados, consultados a principios de Noviembre. Precio de solo ida).<\/p>\n<h2>M\u00e1laga<\/h2>\n<ul>\n<li>Autob\u00fas: Por unos 18\u20ac y en 2 horas 45 minutos (ALSA).<\/li>\n<li>Coche: Por la A92 puedes llegar en 2 horas 10 minutos.<\/li>\n<\/ul>\n<h2>C\u00e1diz<\/h2>\n<ul>\n<li>Autob\u00fas: En 2 horas 35 minutos (Transportes Generales Comes).<\/li>\n<li>Coche: Por la AP4 puedes llegar en 1 hora 20 minutos.<\/li>\n<li>Tren: Por unos 15\u20ac en 1 hora 40 minutos (RENFE).<\/li>\n<\/ul>\n<h2>Huelva<\/h2>\n<ul>\n<li>Autob\u00fas:\u00a0Por unos 8.5\u20ac y en 1 hora 15 minutos (DAMAS).<\/li>\n<li>Coche: Por la A49 puedes llegar en 1 hora.<\/li>\n<li>Tren: Algunos trenes por unos 12\u20ac en 1 hora 30 minutos (RENFE).<\/li>\n<\/ul>\n<h2>C\u00f3rdoba<\/h2>\n<ul>\n<li>Autob\u00fas:\u00a0Por unos 12\u20ac y en 2 horas (ALSA).<\/li>\n<li>Coche: Por la A4 puedes llegar en 1 hora 30 minutos.<\/li>\n<li>Tren: Existe una gran variedad de trenes. Servicios de Alta Velocidad desde unos 20\u20ac en 45 minutos. Servicios de media distancia por 13\u20ac en 1 hora 15 minutos (RENFE).<\/li>\n<\/ul>\n<h2>Ja\u00e9n<\/h2>\n<ul>\n<li>Autob\u00fas: A trav\u00e9s de C\u00f3rdoba en 3 horas 45 minutos (ALSA).<\/li>\n<li>Coche: Por la A4 puedes llegar en 2 horas 40 minutos.<\/li>\n<li>Tren: Algunos trenes por unos 27\u20ac en 3 horas (RENFE).<\/li>\n<\/ul>\n<h2>Granada<\/h2>\n<ul>\n<li>Autob\u00fas: Por unos 22\u20ac en unas 3 horas. Tambi\u00e9n servicio de clase por 28\u20ac (ALSA).<\/li>\n<li>Coche: Por la A92 puedes llegar en 2 horas 30 minutos.<\/li>\n<li>Tren: Algunos trenes por unos 29\u20ac en 3 horas (RENFE).<\/li>\n<\/ul>\n<h2><a href=\"https:\/\/2013.sevilla.wordcamp.org\/files\/2013\/11\/P1010461.redimensionado.jpg\"><img loading=\"lazy\" decoding=\"async\" class=\"alignright size-medium wp-image-89973\" alt=\"P1010461.redimensionado\" src=\"https:\/\/2013.sevilla.wordcamp.org\/files\/2013\/11\/P1010461.redimensionado-300x200.jpg\" width=\"300\" height=\"200\" srcset=\"https:\/\/sevilla.wordcamp.org\/2013\/files\/2013\/11\/P1010461.redimensionado-300x200.jpg 300w, https:\/\/sevilla.wordcamp.org\/2013\/files\/2013\/11\/P1010461.redimensionado.jpg 1024w\" sizes=\"auto, (max-width: 300px) 100vw, 300px\" \/><\/a>Almer\u00eda<\/h2>\n<ul>\n<li>Autob\u00fas: Algunos servicios por unos 36\u20ac en unas 5 horas y 30 minutos (ALSA).<\/li>\n<li>Coche: Por la A92 puedes llegar en 4 horas.<\/li>\n<li>Tren: Algunos trenes por unos 40\u20ac en 5 horas 45 minutos (RENFE).<\/li>\n<\/ul>\n<h2>Badajoz<\/h2>\n<ul>\n<li>Autob\u00fas: Algunos servicios por unos 16\u20ac en unas 3 horas y 10 minutos (DAMAS).<\/li>\n<li>Coche: Por la N-432 y A-66 puedes llegar en 2 horas 20 minutos.<\/li>\n<\/ul>\n<h2>Ciudad Real<\/h2>\n<ul>\n<li>Coche: Por la A-4 puedes llegar en 3 horas 45 minutos.<\/li>\n<li>Tren: Servicios de Alta Velocidad desde unos 26\u20ac en 1 hora 45 minutos (RENFE).<\/li>\n<\/ul>\n<h2>Madrid<\/h2>\n<ul>\n<li>Autob\u00fas: Por unos 22\u20ac en unas 6 horas y 30 minutos (Socibus).<\/li>\n<li>Coche: Por la A-4 puedes llegar en 5 horas.<\/li>\n<li>Tren: Servicios frecuentes de tren. Alta Velocidad desde unos 28\u20ac en 2 horas 30 minutos. Otros servicios por 44\u20ac (RENFE).<\/li>\n<\/ul>\n<h2>Barcelona<\/h2>\n<ul>\n<li>Autob\u00fas: Por unos 102\u20ac en unas 14 horas y 45 minutos (ALSA).<\/li>\n<li>Coche: Por la AP-7 y A-4 puedes llegar en 9 horas.<\/li>\n<li>Tren: Alta Velocidad por unos 46\u20ac en 5 horas 30 minutos. Otros servicios por 31\u20ac (RENFE).<\/li>\n<li>Avi\u00f3n: Desde 14\u20ac puedes llegar en 2 horas de vuelo (Vueling).<\/li>\n<\/ul>\n<h2>Bilbao<\/h2>\n<ul>\n<li>Autob\u00fas: Por unos 55\u20ac en unas 14 horas (Socibus).<\/li>\n<li>Coche: Por la A-62 y A-66 puedes llegar en 8 horas.<\/li>\n<li>Avi\u00f3n: Desde 85\u20ac puedes llegar en 1 hora 20 minutos de vuelo (Vueling).<\/li>\n<\/ul>\n<h2>Portugal<\/h2>\n<ul>\n<li>Autob\u00fas: Existe un servicio operado por ALSA-Eurolines entre Oporto y Sevilla.<\/li>\n<li>Coche: Si vienes a trav\u00e9s de Badajoz podr\u00e1s ahorrarte alg\u00fan peaje.<\/li>\n<li>Avi\u00f3n: Desde 85\u20ac puedes llegar en 2 horas (TAP).<\/li>\n<\/ul>\n<h2>Tenerife<\/h2>\n<ul>\n<li>Autob\u00fas: Mmmm&#8230;<\/li>\n<li>Coche: Esto&#8230;<\/li>\n<li>Tren: Espera&#8230;<\/li>\n<li>Avi\u00f3n: Desde 85\u20ac puedes llegar en 2 horas 10 minutos (Vueling). Si eres residente podr\u00e1s usar tu descuento.<\/li>\n<\/ul>\n<p>Consejos:<\/p>\n<ul>\n<li>Los servicios de Alta Velocidad de RENFE tienen precios muy variables. Recomendamos comprar con anticipaci\u00f3n y observar la fluctuaci\u00f3n de precios.<\/li>\n<li>Los servicios de Vueling tienen tambi\u00e9n precios fluctuantes.<\/li>\n<li>Muchos servicios est\u00e1n promocionados al comprar ida y vuelta, \u00a1aprov\u00e9chalo!<\/li>\n<li>ALSA dispone promociones del 30% de descuento para grupos y antelaci\u00f3n de m\u00e1s de 5 d\u00edas, \u00fanete con gente de tu ciudad.<\/li>\n<li>\u00bfLa gasolina es cara? \u00danete con gente de tu ciudad y compartid el coche.<\/li>\n<\/ul>\n","protected":false},"excerpt":{"rendered":"<p>Sevilla dispone de conexiones con todas las principales ciudades de Andaluc\u00eda y otros destinos nacionales. Adem\u00e1s de ser punto de confluencia de varias autov\u00edas dispone de estaci\u00f3n de bus, estaci\u00f3n de trenes con servicio de Alta Velocidad y Aeropuerto. \u00bfDesde &hellip; <a href=\"https:\/\/sevilla.wordcamp.org\/2013\/organiza-tu-viaje\/como-llegar-a-sevilla\/\">Sigue leyendo <span class=\"screen-reader-text\">C\u00f3mo llegar a Sevilla<\/span>  <span class=\"meta-nav\">&rarr;<\/span><\/a><\/p>\n","protected":false},"author":8967770,"featured_media":0,"parent":85569,"menu_order":0,"comment_status":"closed","ping_status":"closed","template":"","meta":{"jetpack_post_was_ever_published":false,"footnotes":""},"class_list":["post-85573","page","type-page","status-publish","hentry"],"jetpack_sharing_enabled":true,"_links":{"self":[{"href":"https:\/\/sevilla.wordcamp.org\/2013\/wp-json\/wp\/v2\/pages\/85573","targetHints":{"allow":["GET"]}}],"collection":[{"href":"https:\/\/sevilla.wordcamp.org\/2013\/wp-json\/wp\/v2\/pages"}],"about":[{"href":"https:\/\/sevilla.wordcamp.org\/2013\/wp-json\/wp\/v2\/types\/page"}],"author":[{"embeddable":true,"href":"https:\/\/sevilla.wordcamp.org\/2013\/wp-json\/wp\/v2\/users\/8967770"}],"replies":[{"embeddable":true,"href":"https:\/\/sevilla.wordcamp.org\/2013\/wp-json\/wp\/v2\/comments?post=85573"}],"version-history":[{"count":10,"href":"https:\/\/sevilla.wordcamp.org\/2013\/wp-json\/wp\/v2\/pages\/85573\/revisions"}],"predecessor-version":[{"id":237672,"href":"https:\/\/sevilla.wordcamp.org\/2013\/wp-json\/wp\/v2\/pages\/85573\/revisions\/237672"}],"up":[{"embeddable":true,"href":"https:\/\/sevilla.wordcamp.org\/2013\/wp-json\/wp\/v2\/pages\/85569"}],"wp:attachment":[{"href":"https:\/\/sevilla.wordcamp.org\/2013\/wp-json\/wp\/v2\/media?parent=85573"}],"curies":[{"name":"wp","href":"https:\/\/api.w.org\/{rel}","templated":true}]}}