{"id":11,"date":"2015-12-16T12:30:22","date_gmt":"2015-12-16T12:30:22","guid":{"rendered":"https:\/\/2016.sevilla.wordcamp.org\/location\/"},"modified":"2016-09-20T17:19:55","modified_gmt":"2016-09-20T15:19:55","slug":"localizacion","status":"publish","type":"page","link":"https:\/\/sevilla.wordcamp.org\/2016\/localizacion\/","title":{"rendered":"Localizaci\u00f3n"},"content":{"rendered":"<p>EOI Escuela de Organizaci\u00f3n Industrial &#8211; Escuela de Negocios<br \/>\nCalle Leonardo da Vinci, 41092<br \/>\nIsla de la Cartuja, Sevilla, Sevilla<\/p>\n<h3>Aparcamientos<\/h3>\n<p>EOI dispone de aparcamientos gratuitos justo en la puerta del edificio. En la misma calle (Calle Leonardo da Vinci) tambi\u00e9n hay numerosas plazas de aparcamiento. La calle situada detr\u00e1s del edificio (Calle Blas Pascal) tambi\u00e9n dispone de\u00a0un gran n\u00famero de plazas de aparcamiento.<\/p>\n<div class=\"googlemaps\">\n\t\t\t\t<iframe loading=\"lazy\" width=\"600\" height=\"450\" frameborder=\"0\" scrolling=\"no\" marginheight=\"0\" marginwidth=\"0\"  src=\"https:\/\/www.google.com\/maps\/embed?pb=!1m18!1m12!1m3!1d3769.049163175286!2d-6.009961278790442!3d37.404493851117905!2m3!1f0!2f0!3f0!3m2!1i1024!2i768!4f13.1!3m3!1m2!1s0xd126b8b0efe0729:0xc6dea3a6193ba2ce!2sEOI%20Escuela%20de%20Organizaci\u00f3n%20Industrial%20-%20Escuela%20de%20Negocios!5e0!3m2!1ses!2ses!4v1462049589496\"><\/iframe>\n\t\t\t<\/div>\n<h3>Transporte p\u00fablico<\/h3>\n<p>El modo m\u00e1s c\u00f3modo de llegar es a trav\u00e9s de las l\u00edneas de bus urbano C1 o C2, circulan de forma frecuente pasando por Estaci\u00f3n de tren, La Macarena, La Barqueta, <strong>Cartuja<\/strong>, Triana, Los Remedios y Prado-San Bernardo (d\u00f3nde conecta con MetroCentro, Metro, Cercan\u00edas, Renfe media distancia, Interurbanos y Autobuses de media y larga distancia).<\/p>\n<p>Si eres de Andaluc\u00eda ten en cuenta que podr\u00e1s usar la <strong>tarjeta verde de tu consorcio de transportes<\/strong> en el transporte urbano de Sevilla, en Metro y servicios interurbanos.<\/p>\n<p>Tambi\u00e9n puedes llegar andando, a trav\u00e9s de la Cartuja. Aunque durante el fin de semana habr\u00e1 algunas vallas cerradas, y hay que tenerlo en cuenta.<\/p>\n<p><strong>Si llegas al aeropuerto San Pablo de Sevilla tienes dos opciones:<\/strong><\/p>\n<p><strong>A. Autob\u00fas especial del aeropuerto<\/strong><br \/>\n1. Tomar el autob\u00fas especial del aeropuerto.<br \/>\n2. Cruzar la calle.<br \/>\n3. Bajarte en el Prado de San Sebasti\u00e1n.<br \/>\n4. Tomar el <strong>C1<\/strong>.<br \/>\n5. Bajarte en la Cartuja en la <strong>Av. Am\u00e9rico Vespucio<\/strong> cerca de la calle Gregorio Mendel.<br \/>\n<a href=\"https:\/\/2013.sevilla.wordcamp.org\/?attachment_id=55433\">Mapa 1<\/a><\/p>\n<p><strong>B. Taxi<\/strong><br \/>\nSevilla tiene una tarifa \u00fanica de enlace con el aeropuerto que es de 21,89\u20ac si es servicio diurno. El nocturno es de 24,41\u20ac. Esa tarifa incluye el traslado desde el aeropuerto a cualquier lugar del \u00e1rea urbana de Sevilla. Tambi\u00e9n te cobrar\u00e1n un cargo adicional de 0,48\u20ac por cada bulto o conjunto de bultos mayor de 60 cm. El tel\u00e9fono de los taxis de Sevilla es el 954 58 00 00.<\/p>\n<p><strong>Si llegas a la estaci\u00f3n de Santa Justa y quieres coger un autobus<\/strong><\/p>\n<p>1. Tomar el <strong>C4<\/strong> (Circular).<br \/>\n2. Bajarte en la primera parada de la <strong>Av. Torneo<\/strong>.<br \/>\n3. Cruzar el <strong>Puente de La Barqueta<\/strong>.<br \/>\n4. Tomar en la rotonda la <strong>calle de la izquierda<\/strong>,Matem\u00e1ticos Rey Pastor y Castro.<br \/>\n5. Cruzar el <strong>puente azul<\/strong> por la acera de la izquierda.<br \/>\n6. Caminar hasta la entrada de las <strong>rejas blancas<\/strong>.<br \/>\n7. Caminar por la calle y a unos metros ver\u00e1s el edificio de la <strong>EOI en el lado izquierdo<\/strong>.<br \/>\n<a href=\"https:\/\/2013.sevilla.wordcamp.org\/?attachment_id=55434\">Mapa 2<\/a><\/p>\n<p><strong>Si llegas a la estaci\u00f3n de Santa Justa y quieres coger un\u00a0tren de cercan\u00edas<\/strong><\/p>\n<ol>\n<li>Toma el <strong>C2 <\/strong>(Circular)<\/li>\n<li>Bajarte en la estaci\u00f3n de La Cartuja (tarda 10 minutos)<\/li>\n<li>Camina 597 metros hasta EOI (tarda 9 minutos)<\/li>\n<\/ol>\n<p><a href=\"https:\/\/web.moovitapp.com\/tripplan?customerId=4480&amp;metroId=3802&amp;from=Estaci%C3%B3n%20De%20Santa%20Justa&amp;to=Eoi&amp;fll=37.392046_-5.975211&amp;tll=37.404591_-6.006479&amp;routeTypes=rail\">Mapa 3<\/a><\/p>\n<p><strong>Si llegas a la estaci\u00f3n de San Bernardo<\/strong><\/p>\n<p>1. Tomar el <strong>C1<\/strong> frente a la Estaci\u00f3n, tienes que cruzar la calle.<br \/>\n2. Bajarte en La Cartuja, en la <strong>Av. Am\u00e9rico Vespucio<\/strong> cerca de la calle Gregorio Mendel.<br \/>\n<a href=\"https:\/\/2013.sevilla.wordcamp.org\/?attachment_id=55433\">Mapa 1<\/a><\/p>\n<p><strong>Si llegas a la estaci\u00f3n de Plaza de Armas<\/strong><\/p>\n<p>1. Tomar el <strong>C3<\/strong> (Circular) o el <strong>6<\/strong> frente a la estaci\u00f3n de autobuses en la Av. Torneo.<br \/>\n2. Bajarte en la primera parada de la <strong>Av. Torneo<\/strong>.<br \/>\n3. Cruzar el <strong>Puente de La Barqueta<\/strong>.<br \/>\n4. Tomar en la rotonda la <strong>calle de la izquierda<\/strong>,Matem\u00e1ticos Rey Pastor y Castro.<br \/>\n5. Cruzar el <strong>puente azul<\/strong> por la acera de la izquierda.<br \/>\n6. Caminar hasta la entrada de las <strong>rejas blancas<\/strong>.<br \/>\n7. Caminar por la calle y a unos metros ver\u00e1s el edificio de la <strong>EOI en el lado izquierdo<\/strong>.<br \/>\n<a href=\"https:\/\/2013.sevilla.wordcamp.org\/?attachment_id=55434\">Mapa 2<\/a><\/p>\n<p><a href=\"https:\/\/2016.sevilla.wordcamp.org\/contacto\/\">Vuestras opiniones son muy importantes<\/a> para mejorar. Si nos dices\u00a0d\u00f3nde te alojaste\u00a0podemos sacar estad\u00edsticas sobre sitios de alojamiento para\u00a0poder negociar reservas\u00a0el pr\u00f3ximo a\u00f1o.<\/p>\n","protected":false},"excerpt":{"rendered":"<p>EOI Escuela de Organizaci\u00f3n Industrial &#8211; Escuela de Negocios Calle Leonardo da Vinci, 41092 Isla de la Cartuja, Sevilla, Sevilla Aparcamientos EOI dispone de aparcamientos gratuitos justo en la puerta del edificio. En la misma calle (Calle Leonardo da Vinci) tambi\u00e9n hay numerosas plazas de aparcamiento. La calle situada detr\u00e1s del edificio (Calle Blas Pascal) &hellip; <a href=\"https:\/\/sevilla.wordcamp.org\/2016\/localizacion\/\" class=\"more-link\">Seguir leyendo <span class=\"screen-reader-text\">Localizaci\u00f3n<\/span> <span class=\"meta-nav\">&rarr;<\/span><\/a><\/p>\n","protected":false},"author":7425830,"featured_media":0,"parent":0,"menu_order":0,"comment_status":"closed","ping_status":"closed","template":"","meta":{"jetpack_post_was_ever_published":false,"footnotes":""},"class_list":["post-11","page","type-page","status-publish","hentry"],"jetpack_sharing_enabled":true,"jetpack_shortlink":"https:\/\/wp.me\/P72Uuo-b","_links":{"self":[{"href":"https:\/\/sevilla.wordcamp.org\/2016\/wp-json\/wp\/v2\/pages\/11","targetHints":{"allow":["GET"]}}],"collection":[{"href":"https:\/\/sevilla.wordcamp.org\/2016\/wp-json\/wp\/v2\/pages"}],"about":[{"href":"https:\/\/sevilla.wordcamp.org\/2016\/wp-json\/wp\/v2\/types\/page"}],"author":[{"embeddable":true,"href":"https:\/\/sevilla.wordcamp.org\/2016\/wp-json\/wp\/v2\/users\/7425830"}],"replies":[{"embeddable":true,"href":"https:\/\/sevilla.wordcamp.org\/2016\/wp-json\/wp\/v2\/comments?post=11"}],"version-history":[{"count":11,"href":"https:\/\/sevilla.wordcamp.org\/2016\/wp-json\/wp\/v2\/pages\/11\/revisions"}],"predecessor-version":[{"id":1550,"href":"https:\/\/sevilla.wordcamp.org\/2016\/wp-json\/wp\/v2\/pages\/11\/revisions\/1550"}],"wp:attachment":[{"href":"https:\/\/sevilla.wordcamp.org\/2016\/wp-json\/wp\/v2\/media?parent=11"}],"curies":[{"name":"wp","href":"https:\/\/api.w.org\/{rel}","templated":true}]}}