{"id":12,"date":"2015-12-16T12:30:23","date_gmt":"2015-12-16T12:30:23","guid":{"rendered":"https:\/\/2016.sevilla.wordcamp.org\/organizers\/"},"modified":"2016-07-09T21:49:29","modified_gmt":"2016-07-09T19:49:29","slug":"organizadores","status":"publish","type":"page","link":"https:\/\/sevilla.wordcamp.org\/2016\/organizadores\/","title":{"rendered":"Organizadores"},"content":{"rendered":"\t<div class=\"wcorg-organizers\">\n\n\t\t\n\t\t\t<div class=\"wcorg-organizer\">\n\t\t\t\t<h2>Pablo Lara<\/h2>\n\t\t\t\t<div class=\"wcorg-organizer-description\">\n\t\t\t\t\t\t\t\t\t\t<img alt='' src='https:\/\/secure.gravatar.com\/avatar\/dec5c4022c38000183e9c169f4095fdeb842f09119d0290cdaf9badac8f67a1c?s=100&#038;d=mm&#038;r=g' srcset='https:\/\/secure.gravatar.com\/avatar\/dec5c4022c38000183e9c169f4095fdeb842f09119d0290cdaf9badac8f67a1c?s=200&#038;d=mm&#038;r=g 2x' class='avatar avatar-100 photo' height='100' width='100' \/>\t\t\t\t\t\r\n<p class=\"wp-block-paragraph\">Trabaja con WordPress desde 2013, eterno aprendiz de programaci\u00f3n. Le encanta trastear con temas de administraci\u00f3n (Docker,Kubernetes) colabora con WordPress Sevilla en esta edici\u00f3n de WordCamp en el equipo de fotograf\u00eda.<\/p>\r\n\r\n\r\n\r\n<p class=\"wp-block-paragraph\"><a href=\"https:\/\/twitter.com\/pablolc_\">@pablolc_<\/a> | <strong>Puesto<\/strong> Fotograf\u00eda<\/p>\r\n\t\t\t\t<\/div>\n\t\t\t<\/div>\n\n\t\t\n\t\t\t<div class=\"wcorg-organizer\">\n\t\t\t\t<h2>Rafa Poveda<\/h2>\n\t\t\t\t<div class=\"wcorg-organizer-description\">\n\t\t\t\t\t\t\t\t\t\t<img alt='' src='https:\/\/secure.gravatar.com\/avatar\/ea3385f8fe14be10e41fb5bd87e9b3cd6035876fe36a9a6a8f27b5d7d8e02e2f?s=100&#038;d=mm&#038;r=g' srcset='https:\/\/secure.gravatar.com\/avatar\/ea3385f8fe14be10e41fb5bd87e9b3cd6035876fe36a9a6a8f27b5d7d8e02e2f?s=200&#038;d=mm&#038;r=g 2x' class='avatar avatar-100 photo' height='100' width='100' \/>\t\t\t\t\t<p>Rafa es evangelizador de Software Libre y de WordPress. Ha estado trabajando como desarrollador de WordPress desde 2007, ayudando a otras compa\u00f1\u00edas a comunicarse y a tener una presencia online, utilizando WordPress como herramienta principal. Tambi\u00e9n da cursos de WordPress, imparte clases de WordPress en Masters especializados, y ofrece formaci\u00f3n in-company para desarrolladores. <\/p>\n<p><a href=\"https:\/\/twitter.com\/bi0xid\">@bi0xid<\/a> | <strong>Puesto<\/strong> Voluntarios<\/p>\n\t\t\t\t<\/div>\n\t\t\t<\/div>\n\n\t\t\n\t\t\t<div class=\"wcorg-organizer\">\n\t\t\t\t<h2>Maribel Delgado<\/h2>\n\t\t\t\t<div class=\"wcorg-organizer-description\">\n\t\t\t\t\t\t\t\t\t\t<img alt='' src='https:\/\/secure.gravatar.com\/avatar\/c5afdb940127891d257fa12902723452d3a06cc610c8f83540e91257e197d618?s=100&#038;d=mm&#038;r=g' srcset='https:\/\/secure.gravatar.com\/avatar\/c5afdb940127891d257fa12902723452d3a06cc610c8f83540e91257e197d618?s=200&#038;d=mm&#038;r=g 2x' class='avatar avatar-100 photo' height='100' width='100' \/>\t\t\t\t\t<p>Maribel Delgado es dise\u00f1adora web en Mente Encendida. Creativa, ecl\u00e9ctica y entusiasta de la cooperaci\u00f3n, colabora con WordPress Sevilla para dar a conocer las ventajas del trabajo en la comunidad.<\/p>\n<p><a href=\"https:\/\/twitter.com\/lebiram_dc\">@lebiram_dc<\/a> | <strong>Puesto<\/strong> Dise\u00f1o<\/p>\n\t\t\t\t<\/div>\n\t\t\t<\/div>\n\n\t\t\n\t\t\t<div class=\"wcorg-organizer\">\n\t\t\t\t<h2>Andr\u00e9s Cifuentes<\/h2>\n\t\t\t\t<div class=\"wcorg-organizer-description\">\n\t\t\t\t\t\t\t\t\t\t<img alt='' src='https:\/\/secure.gravatar.com\/avatar\/f1afbdd2482acadf9abeb069d68bb464523a791068e34269c1330ca1671460c4?s=100&#038;d=mm&#038;r=g' srcset='https:\/\/secure.gravatar.com\/avatar\/f1afbdd2482acadf9abeb069d68bb464523a791068e34269c1330ca1671460c4?s=200&#038;d=mm&#038;r=g 2x' class='avatar avatar-100 photo' height='100' width='100' \/>\t\t\t\t\t<p>Soy un desarrollador front-end colombiano que vive actualmente en Sevilla despu\u00e9s de haber trabajado durante 5 a\u00f1os en Francia. Soy un entusiasta del WordPress y actualmente trabajo en OnTheGoSystems en soporte, formaci\u00f3n y soy l\u00edder para los WordCamps. Soy un adicto al caf\u00e9 colombiano, me encanta viajar y aprender nuevos idiomas.<\/p>\n<p><a href=\"https:\/\/twitter.com\/andrescifuentesr\">@andescifuentesr<\/a> | <strong>Puesto<\/strong> Web<\/p>\n\t\t\t\t<\/div>\n\t\t\t<\/div>\n\n\t\t\n\t\t\t<div class=\"wcorg-organizer\">\n\t\t\t\t<h2>Jos\u00e9 Luis Mart\u00ednez<\/h2>\n\t\t\t\t<div class=\"wcorg-organizer-description\">\n\t\t\t\t\t\t\t\t\t\t<img alt='' src='https:\/\/secure.gravatar.com\/avatar\/e466df73403563ce0d457c0804d59c07cd717481e8e20b9858a0ffc1ee4a84d6?s=100&#038;d=mm&#038;r=g' srcset='https:\/\/secure.gravatar.com\/avatar\/e466df73403563ce0d457c0804d59c07cd717481e8e20b9858a0ffc1ee4a84d6?s=200&#038;d=mm&#038;r=g 2x' class='avatar avatar-100 photo' height='100' width='100' \/>\t\t\t\t\t<p>Jos\u00e9 Luis es desarrollador de aplicaciones inform\u00e1ticas, reconvertido a webmaster y apasionado aprendiz de las ventajas de WordPress. Actualmente\u00a0trabaja como freelance bajo el pseud\u00f3nimo de SeluPress. Colabora desde hace un a\u00f1o aproximadamente en la comunidad WordPress Sevilla. Asiduo participante en las Meetup de WordPress Sevilla y reciente\u00a0colaborador en las traducciones de WordPress al espa\u00f1ol.<\/p>\n<p><a href=\"https:\/\/twitter.com\/selupress\">@selupress<\/a> | <strong>Puesto<\/strong> RRSS<\/p>\n\t\t\t\t<\/div>\n\t\t\t<\/div>\n\n\t\t\n\t\t\t<div class=\"wcorg-organizer\">\n\t\t\t\t<h2>I\u00f1aki Respaldiza<\/h2>\n\t\t\t\t<div class=\"wcorg-organizer-description\">\n\t\t\t\t\t\t\t\t\t\t<img alt='' src='https:\/\/secure.gravatar.com\/avatar\/514dc12760b3c012a0ba6f1ad5ac05bed70c129abbe72e59560c86a823732555?s=100&#038;d=mm&#038;r=g' srcset='https:\/\/secure.gravatar.com\/avatar\/514dc12760b3c012a0ba6f1ad5ac05bed70c129abbe72e59560c86a823732555?s=200&#038;d=mm&#038;r=g 2x' class='avatar avatar-100 photo' height='100' width='100' \/>\t\t\t\t\t<p>I\u00f1aki Respaldiza es investigador en bioinform\u00e1tica y biolog\u00eda molecular;\u00a0adem\u00e1s de fot\u00f3grafo, m\u00fasico y activista del software libre. Tiene una relaci\u00f3n de sinergia con WordPress porque lo utiliza para promover sus inquietudes y WordPress le proporciona una comunidad activa con la que colaborar. Miembro activo de WordPress Sevilla, coordinador de las Meetups y organizador de WordCamp Europe 2015.<\/p>\n<p><a href=\"https:\/\/twitter.com\/irespaldiza\">@irespaldiza<\/a> | <strong>Puesto<\/strong> Patrocinadores<\/p>\n\t\t\t\t<\/div>\n\t\t\t<\/div>\n\n\t\t\n\t\t\t<div class=\"wcorg-organizer\">\n\t\t\t\t<h2>Arantza Respaldiza<\/h2>\n\t\t\t\t<div class=\"wcorg-organizer-description\">\n\t\t\t\t\t\t\t\t\t\t<img alt='' src='https:\/\/secure.gravatar.com\/avatar\/372d4d4a9bd3fff3bbae679380e78adadeb9d4233c1d13e30b4a50ccee4f0ec9?s=100&#038;d=mm&#038;r=g' srcset='https:\/\/secure.gravatar.com\/avatar\/372d4d4a9bd3fff3bbae679380e78adadeb9d4233c1d13e30b4a50ccee4f0ec9?s=200&#038;d=mm&#038;r=g 2x' class='avatar avatar-100 photo' height='100' width='100' \/>\t\t\t\t\t<p>Arantza Respaldiza\u00a0es un entusiasta usuario de WordPress. Participa activamente en Meetup WP Sevilla y en la organizaci\u00f3n de WordCamps -Sevilla 2013 y Europa 2015-. Actualmente se dedica a la investigaci\u00f3n y sus intereses se centran principalmente en el razonamiento visual, los metadatos y el patrimonio. Tiene su marca personal <span style=\"color:#DA291C\">marh<\/span>.<\/p>\n<p><a href=\"https:\/\/twitter.com\/marhdotes\">@marhdotes<\/a> | <strong>Puesto<\/strong>\u00a0Ponentes<\/p>\n\t\t\t\t<\/div>\n\t\t\t<\/div>\n\n\t\t\n\t\t\t<div class=\"wcorg-organizer\">\n\t\t\t\t<h2>Jose Lazo<\/h2>\n\t\t\t\t<div class=\"wcorg-organizer-description\">\n\t\t\t\t\t\t\t\t\t\t<img alt='' src='https:\/\/secure.gravatar.com\/avatar\/dfa1efef51191c2e46cf876d034e36ae0c655287d939d6d0ab0c522caf08bd77?s=100&#038;d=mm&#038;r=g' srcset='https:\/\/secure.gravatar.com\/avatar\/dfa1efef51191c2e46cf876d034e36ae0c655287d939d6d0ab0c522caf08bd77?s=200&#038;d=mm&#038;r=g 2x' class='avatar avatar-100 photo' height='100' width='100' \/>\t\t\t\t\t<p>Jose Lazo trabaja en s|ngular como desarrollador Front End. Empez\u00f3 con Joomla! hasta que descubri\u00f3 en 2013 las bondades de WordPress. Ha trabajado en Mecus y como freelance.<\/p>\n<p><a href=\"https:\/\/twitter.com\/jjlazo79\">@jjlazo79<\/a> | <strong>Puesto<\/strong> Web<\/p>\n\t\t\t\t<\/div>\n\t\t\t<\/div>\n\n\t\t\n\t\t\t<div class=\"wcorg-organizer\">\n\t\t\t\t<h2>Mariano P\u00e9rez<\/h2>\n\t\t\t\t<div class=\"wcorg-organizer-description\">\n\t\t\t\t\t\t\t\t\t\t<img alt='' src='https:\/\/secure.gravatar.com\/avatar\/3089ff1456a3ba047f6b20713c8828dc7cec818fb0775415d83da1249ee047d2?s=100&#038;d=mm&#038;r=g' srcset='https:\/\/secure.gravatar.com\/avatar\/3089ff1456a3ba047f6b20713c8828dc7cec818fb0775415d83da1249ee047d2?s=200&#038;d=mm&#038;r=g 2x' class='avatar avatar-100 photo' height='100' width='100' \/>\t\t\t\t\t<p>Mariano tiene una peque\u00f1a empresa desde la que administra\u00a0la inform\u00e1tica de sus clientes. Empez\u00f3 a trabajar con WordPress en el 2005 pero no ha sido hasta este a\u00f1o cuando se ha involucrado m\u00e1s en la organizaci\u00f3n de la comunidad. Mientras ha traducido muchas cadenas, ha moderado los foros de soporte en espa\u00f1ol, ha ido a todos los meetups y WordCamps que ha podido y ha estado apoyando a la comunidad.<\/p>\n<p><a href=\"https:\/\/twitter.com\/mpc\">@mpc<\/a> | <strong>Puesto<\/strong> Coordinaci\u00f3n<\/p>\n\t\t\t\t<\/div>\n\t\t\t<\/div>\n\n\t\t\n\t<\/div><!-- .wcorg-organizers -->\n\t\n","protected":false},"excerpt":{"rendered":"","protected":false},"author":7425830,"featured_media":0,"parent":0,"menu_order":0,"comment_status":"closed","ping_status":"closed","template":"","meta":{"_crdt_document":"","jetpack_post_was_ever_published":false,"footnotes":""},"class_list":["post-12","page","type-page","status-publish","hentry"],"jetpack_sharing_enabled":true,"jetpack_shortlink":"https:\/\/wp.me\/P72Uuo-c","_links":{"self":[{"href":"https:\/\/sevilla.wordcamp.org\/2016\/wp-json\/wp\/v2\/pages\/12","targetHints":{"allow":["GET"]}}],"collection":[{"href":"https:\/\/sevilla.wordcamp.org\/2016\/wp-json\/wp\/v2\/pages"}],"about":[{"href":"https:\/\/sevilla.wordcamp.org\/2016\/wp-json\/wp\/v2\/types\/page"}],"author":[{"embeddable":true,"href":"https:\/\/sevilla.wordcamp.org\/2016\/wp-json\/wp\/v2\/users\/7425830"}],"replies":[{"embeddable":true,"href":"https:\/\/sevilla.wordcamp.org\/2016\/wp-json\/wp\/v2\/comments?post=12"}],"version-history":[{"count":1,"href":"https:\/\/sevilla.wordcamp.org\/2016\/wp-json\/wp\/v2\/pages\/12\/revisions"}],"predecessor-version":[{"id":282,"href":"https:\/\/sevilla.wordcamp.org\/2016\/wp-json\/wp\/v2\/pages\/12\/revisions\/282"}],"wp:attachment":[{"href":"https:\/\/sevilla.wordcamp.org\/2016\/wp-json\/wp\/v2\/media?parent=12"}],"curies":[{"name":"wp","href":"https:\/\/api.w.org\/{rel}","templated":true}]}}