{"id":11,"date":"2017-10-18T10:03:39","date_gmt":"2017-10-18T08:03:39","guid":{"rendered":"https:\/\/2018.sevilla.wordcamp.org\/location\/"},"modified":"2018-06-24T21:11:17","modified_gmt":"2018-06-24T19:11:17","slug":"localizacion","status":"publish","type":"page","link":"https:\/\/sevilla.wordcamp.org\/2018\/informacion\/localizacion\/","title":{"rendered":"Localizaci\u00f3n"},"content":{"rendered":"<h2><strong>\u00bfD\u00f3nde hemos quedado?<\/strong><\/h2>\n<p><img loading=\"lazy\" decoding=\"async\" class=\"alignnone wp-image-697 size-full\" src=\"https:\/\/2018.sevilla.wordcamp.org\/files\/2018\/06\/donde-ir-e1529439492670.png\" alt=\"punto-encuentro-wordcamp-sevilla\" width=\"800\" height=\"500\" \/><\/p>\n<p><a href=\"http:\/\/fesac.es\/\" target=\"_blank\" rel=\"noopener nofollow\">FESAC<\/a>. Colegio San Jos\u00e9 SS. CC. Padres Blancos<br \/>\nAvenida Flota de Indias 8<br \/>\n41011. Sevilla<\/p>\n<p><a class=\"boton\" href=\"https:\/\/goo.gl\/maps\/QptHXs7E6iA2\" target=\"_blank\" rel=\"noopener\">Ver en Google Maps<\/a><\/p>\n<div class=\"googlemaps\">\n\t\t\t\t<iframe loading=\"lazy\" width=\"800\" height=\"600\" frameborder=\"0\" scrolling=\"no\" marginheight=\"0\" marginwidth=\"0\"  src=\"https:\/\/www.google.com\/maps\/embed?pb=!1m18!1m12!1m3!1d3170.772315176829!2d-6.001841384693928!3d37.37156397983471!2m3!1f0!2f0!3f0!3m2!1i1024!2i768!4f13.1!3m3!1m2!1s0x0:0x8f04a87e65571e09!2sFESAC!5e0!3m2!1ses!2ses!4v1529867392686\"><\/iframe>\n\t\t\t<\/div>\n<h2><strong>\u00bfC\u00f3mo llegar?<\/strong><\/h2>\n<p><strong style=\"font-size: 1.125rem\">Transporte p\u00fablico<\/strong><\/p>\n<p><strong><u>Desde estaci\u00f3n de autobuses de Plaza de Armas<\/u><\/strong><br \/>\nPuente del Cristo de la Expiraci\u00f3n el Cachorro, s\/n, 41001 Sevilla<\/p>\n<div class=\"googlemaps\">\n\t\t\t\t<iframe loading=\"lazy\" width=\"800\" height=\"600\" frameborder=\"0\" scrolling=\"no\" marginheight=\"0\" marginwidth=\"0\"  src=\"https:\/\/www.google.com\/maps\/embed?pb=!1m28!1m12!1m3!1d12681.389999427602!2d-6.01254486599488!3d37.38161347786458!2m3!1f0!2f0!3f0!3m2!1i1024!2i768!4f13.1!4m13!3e3!4m5!1s0xd126c0d23519aaf:0xdcbc6acfac4d69fe!2sEstaci\u00f3n%20de%20Autobuses%20Plaza%20de%20Armas,%20Puente%20del%20Cristo%20de%20la%20Expiraci\u00f3n%20el%20Cachorro,%20Sevilla!3m2!1d37.3918712!2d-6.0039530999999995!4m5!1s0xd126c39bcd77655:0x7afaf2be2156eee6!2sAv.%20Flota%20de%20Indias,%2041011%20Sevilla!3m2!1d37.371367899999996!2d-6.0006718999999995!5e0!3m2!1ses!2ses!4v1529432915097\"><\/iframe>\n\t\t\t<\/div>\n<hr \/>\n<p><strong><u>Desde estaci\u00f3n autobuses de Prado San Sebasti\u00e1n<\/u><\/strong><\/p>\n<p>Plaza San Sebasti\u00e1n, 41004 Sevilla<\/p>\n<div class=\"googlemaps\">\n\t\t\t\t<iframe loading=\"lazy\" width=\"800\" height=\"600\" frameborder=\"0\" scrolling=\"no\" marginheight=\"0\" marginwidth=\"0\"  src=\"https:\/\/www.google.com\/maps\/embed?pb=!1m28!1m12!1m3!1d6341.114668135277!2d-5.999483724055793!3d37.37664989515202!2m3!1f0!2f0!3f0!3m2!1i1024!2i768!4f13.1!4m13!3e3!4m5!1s0xd126c1f9ded2f1f:0x18d9a2a9c87bc1bd!2sEstaci\u00f3n%20De%20Autobuses%20Prado%20San%20Sebasti\u00e1n,%20Plaza%20San%20Sebasti\u00e1n,%20Sevilla!3m2!1d37.3814928!2d-5.9862272999999995!4m5!1s0xd126c39bcd77655:0x7afaf2be2156eee6!2sAv.%20Flota%20de%20Indias,%2041011%20Sevilla!3m2!1d37.371367899999996!2d-6.0006718999999995!5e0!3m2!1ses!2ses!4v1529434342047\"><\/iframe>\n\t\t\t<\/div>\n<hr \/>\n<p><strong><u>Desde\u00a0estaci\u00f3n de tren de Santa Justa<\/u><\/strong><\/p>\n<p>Av. de Kansas City, 11<\/p>\n<div class=\"googlemaps\">\n\t\t\t\t<iframe loading=\"lazy\" width=\"800\" height=\"600\" frameborder=\"0\" scrolling=\"no\" marginheight=\"0\" marginwidth=\"0\"  src=\"https:\/\/www.google.com\/maps\/embed?pb=!1m28!1m12!1m3!1d12681.391233919838!2d-5.997052415994879!3d37.38160617786627!2m3!1f0!2f0!3f0!3m2!1i1024!2i768!4f13.1!4m13!3e3!4m5!1s0xd126ea550ae9eef:0xd18f307276c07ded!2sEstaci\u00f3n%20De%20Tren,%20Avenida%20de%20Kansas%20City,%20Sevilla!3m2!1d37.391832!2d-5.9733174!4m5!1s0xd126c39bcd77655:0x7afaf2be2156eee6!2sAv.%20Flota%20de%20Indias,%2041011%20Sevilla!3m2!1d37.371367899999996!2d-6.0006718999999995!5e0!3m2!1ses!2ses!4v1529434618408\"><\/iframe>\n\t\t\t<\/div>\n<hr \/>\n<p><strong><u>Desde\u00a0el aeropuerto de Sevilla<\/u><\/strong><\/p>\n<div class=\"googlemaps\">\n\t\t\t\t<iframe loading=\"lazy\" width=\"800\" height=\"600\" frameborder=\"0\" scrolling=\"no\" marginheight=\"0\" marginwidth=\"0\"  src=\"https:\/\/www.google.com\/maps\/embed?pb=!1m28!1m12!1m3!1d50714.01480505169!2d-5.983764892950734!3d37.39867787371013!2m3!1f0!2f0!3f0!3m2!1i1024!2i768!4f13.1!4m13!3e3!4m5!1s0xd12661c8d849bb9:0x1527e77a0fb273a!2sAeropuerto%20de%20Sevilla%20(SVQ),%20A-4,%20Sevilla!3m2!1d37.4201674!2d-5.89305!4m5!1s0xd126c39bcd77655:0x7afaf2be2156eee6!2sAv.%20Flota%20de%20Indias,%2041011%20Sevilla!3m2!1d37.371367899999996!2d-6.0006718999999995!5e0!3m2!1ses!2ses!4v1529436169748\"><\/iframe>\n\t\t\t<\/div>\n<hr \/>\n<h3><u>Abre el mapa para ver los puntos de inter\u00e9s*<\/u><\/h3>\n<div class=\"googlemaps\">\n\t\t\t\t<iframe loading=\"lazy\" width=\"100\" height=\"480\" frameborder=\"0\" scrolling=\"no\" marginheight=\"0\" marginwidth=\"0\"  src=\"https:\/\/www.google.com\/maps\/d\/u\/0\/embed?mid=1JKiDKkKiqIkZRSEq2pBFWK2P4evPLAjT\"><\/iframe>\n\t\t\t<\/div>\n<p><a href=\"http:\/\/fesac.es\/\" rel=\"nofollow\">FESAC<\/a>. Colegio San Jos\u00e9 SS. CC. Padres Blancos<br \/>\nAvenida Flota de Indias 8<br \/>\n41011. Sevilla<\/p>\n<p><small>* Iremos ampliando y a\u00f1adiendo informaci\u00f3n a medida que se acerque el d\u00eda del evento.<\/small><\/p>\n","protected":false},"excerpt":{"rendered":"<p>\u00bfD\u00f3nde hemos quedado? FESAC. Colegio San Jos\u00e9 SS. CC. Padres Blancos Avenida Flota de Indias 8 41011. Sevilla Ver en Google Maps \u00bfC\u00f3mo llegar? Transporte p\u00fablico Desde estaci\u00f3n de autobuses de Plaza de Armas Puente del Cristo de la Expiraci\u00f3n el Cachorro, s\/n, 41001 Sevilla Desde estaci\u00f3n autobuses de Prado San Sebasti\u00e1n Plaza San Sebasti\u00e1n, &hellip; <\/p>\n<p class=\"link-more\"><a href=\"https:\/\/sevilla.wordcamp.org\/2018\/informacion\/localizacion\/\" class=\"more-link\">Continuar leyendo<span class=\"screen-reader-text\"> \u00abLocalizaci\u00f3n\u00bb<\/span><\/a><\/p>\n","protected":false},"author":7425830,"featured_media":0,"parent":191,"menu_order":0,"comment_status":"closed","ping_status":"closed","template":"","meta":{"jetpack_post_was_ever_published":false,"footnotes":""},"class_list":["post-11","page","type-page","status-publish","hentry"],"jetpack_sharing_enabled":true,"jetpack_shortlink":"https:\/\/wp.me\/P9igCE-b","_links":{"self":[{"href":"https:\/\/sevilla.wordcamp.org\/2018\/wp-json\/wp\/v2\/pages\/11","targetHints":{"allow":["GET"]}}],"collection":[{"href":"https:\/\/sevilla.wordcamp.org\/2018\/wp-json\/wp\/v2\/pages"}],"about":[{"href":"https:\/\/sevilla.wordcamp.org\/2018\/wp-json\/wp\/v2\/types\/page"}],"author":[{"embeddable":true,"href":"https:\/\/sevilla.wordcamp.org\/2018\/wp-json\/wp\/v2\/users\/7425830"}],"replies":[{"embeddable":true,"href":"https:\/\/sevilla.wordcamp.org\/2018\/wp-json\/wp\/v2\/comments?post=11"}],"version-history":[{"count":17,"href":"https:\/\/sevilla.wordcamp.org\/2018\/wp-json\/wp\/v2\/pages\/11\/revisions"}],"predecessor-version":[{"id":693,"href":"https:\/\/sevilla.wordcamp.org\/2018\/wp-json\/wp\/v2\/pages\/11\/revisions\/693"}],"up":[{"embeddable":true,"href":"https:\/\/sevilla.wordcamp.org\/2018\/wp-json\/wp\/v2\/pages\/191"}],"wp:attachment":[{"href":"https:\/\/sevilla.wordcamp.org\/2018\/wp-json\/wp\/v2\/media?parent=11"}],"curies":[{"name":"wp","href":"https:\/\/api.w.org\/{rel}","templated":true}]}}