{"id":176,"date":"2017-12-06T19:56:59","date_gmt":"2017-12-06T18:56:59","guid":{"rendered":"https:\/\/2018.sevilla.wordcamp.org\/?page_id=176"},"modified":"2018-06-16T11:11:21","modified_gmt":"2018-06-16T09:11:21","slug":"niveles-de-patrocinio","status":"publish","type":"page","link":"https:\/\/sevilla.wordcamp.org\/2018\/niveles-de-patrocinio\/","title":{"rendered":"Niveles de patrocinio"},"content":{"rendered":"<p>Las WordCamps son eventos informales montados por una comunidad de voluntarios. Patrocinar una WordCamp permite a los asistentes disfrutar de la experiencia a un coste reducido, facilitando que cualquiera pueda participar: aut\u00f3nomos, peque\u00f1os negocios, usuarios curiosos\u2026<\/p>\n<p>Entre los<strong>\u00a0asistentes<\/strong>\u00a0a la WordCamp habr\u00e1 emprendedores, blogueros, dise\u00f1adores, desarrolladores, empresarios, formadores\u2026 de todo.<\/p>\n<p>Participando como patrocinador tendr\u00e1s la oportunidad de darte a conocer entre todos ellos y, adem\u00e1s, ayudar\u00e1s a que la comunidad sea m\u00e1s fuerte y siga creciendo.<\/p>\n<p>Todos nos hemos beneficiado de WordPress (nuestros negocios dependen de \u00e9l), as\u00ed que ahora es el momento de dar algo a cambio. Hemos definido diferentes niveles de patrocinio para que cualquiera que quiera pueda contribuir: desde el peque\u00f1o emprendedor que est\u00e1 empezando con WordPress hasta grandes empresas con presencia internacional. Selecciona el plan que mejor se adapte a tus posibilidades y ay\u00fadanos.<\/p>\n<h3>\ud83e\udd47\u00a0Patrocionador Superadmin \u2013 2.000 \u20ac<\/h3>\n<p>Los patrocinadores Oro son los mayores patrocinadores del evento. Si eres uno de ellos tendr\u00e1s much\u00edsima visibilidad en el evento principal, ya que dispondr\u00e1s de una mesa en la zona del bar\u00a0y podr\u00e1s poner\u00a0<em>rollups<\/em>\u00a0en los escenarios. As\u00ed es como agradeceremos tu contribuci\u00f3n:<\/p>\n<p><strong>Web<\/strong><\/p>\n<ul>\n<li>Logotipo de gran tama\u00f1o en todas las p\u00e1ginas de la web de WordCamp Sevilla.<\/li>\n<li>Art\u00edculo de agradecimiento en la web de WordCamp Sevilla, donde adem\u00e1s presentaremos a tu empresa.<\/li>\n<li>Menci\u00f3n especial en el art\u00edculo de agradecimiento a todos los patrocinadores del evento.<\/li>\n<li>20 menciones en tweets y entradas de Facebook e Instragram desde los perfiles de WordCamp Sevilla.<\/li>\n<\/ul>\n<p><strong>D\u00eda de comunidad<\/strong><\/p>\n<ul>\n<li>Mesa donde poner\u00a0<em>merchandising<\/em>.<\/li>\n<li><em>Rollup<\/em>\u00a0en la sala.<\/li>\n<\/ul>\n<p><strong>D\u00eda de ponencias<\/strong><\/p>\n<ul>\n<li>Cuatro (4) entradas a la WordCamp Sevilla.<\/li>\n<li>Logotipo proyectado en las pantallas entre sesiones.<\/li>\n<li>Menci\u00f3n y agradecimiento en las intervenciones de apertura y cierre del evento.<\/li>\n<li>Mesa doble para poner\u00a0<em>merchandising<\/em>\u00a0en la zona de\u00a0<em>bar\u00a0<\/em>y desde donde podr\u00e1s hacer\u00a0<em>networking<\/em>\u00a0con los asistentes.<\/li>\n<li>Posibilidad de a\u00f1adir material en el\u00a0<em>pack<\/em>\u00a0de bienvenida.<\/li>\n<li><em>Rollup<\/em>\u00a0en los escenarios y en la zona de\u00a0<em>bar<\/em>.<\/li>\n<li>Posibilidad de realizar un sorteo con los asistentes al finalizar el d\u00eda.<\/li>\n<\/ul>\n<p><strong>Otros<\/strong><\/p>\n<ul>\n<li>Dos (2) invitaciones para la cena de organizadores, patrocinadores, ponentes y voluntarios.<\/li>\n<li>Logotipo en la acreditaci\u00f3n.<\/li>\n<\/ul>\n<h3>\ud83e\udd48\u00a0Patrocinador Admin \u2013 1.000 \u20ac<\/h3>\n<p>Este nivel de patrocinio est\u00e1 pensado para negocios grandes y medianos que quieren aportar su grano de arena a nuestra comunidad. Si te conviertes en un patrocinador Plata, te lo agradeceremos as\u00ed:<\/p>\n<p><strong>Web<\/strong><\/p>\n<ul>\n<li>Logotipo de tama\u00f1o medio en todas las p\u00e1ginas de la web de WordCamp Sevilla.<\/li>\n<li>Art\u00edculo de agradecimiento junto a los dem\u00e1s patrocinadores Plata en la web de WordCamp Sevilla.<\/li>\n<li>Menci\u00f3n especial en el art\u00edculo de agradecimiento a todos los patrocinadores del evento.<\/li>\n<li>10 menciones en tweets y entradas de Facebook e Instagram desde los perfiles de WordCamp Sevilla.<\/li>\n<\/ul>\n<p><strong>D\u00eda del contribuidor<\/strong><\/p>\n<ul>\n<li><em>Rollup<\/em>\u00a0en la sala.<\/li>\n<\/ul>\n<p><strong>D\u00eda de ponencias<\/strong><\/p>\n<ul>\n<li>Dos (2) entradas a la WordCamp Sevilla.<\/li>\n<li>Logotipo proyectado en las pantallas entre sesiones.<\/li>\n<li>Mesa para poner\u00a0<em>merchandising<\/em>\u00a0en la zona de\u00a0<em>bar<\/em>\u00a0desde donde podr\u00e1s hacer\u00a0<em>networking<\/em>\u00a0con los asistentes.<\/li>\n<li>Posibilidad de a\u00f1adir material en el\u00a0<em>pack<\/em>\u00a0de bienvenida.<\/li>\n<li><em>Rollup<\/em>\u00a0en la sala de bar.<\/li>\n<\/ul>\n<p><strong>Otros<\/strong><\/p>\n<ul>\n<li>Dos (2) invitaciones para la cena de organizadores, patrocinadores, ponentes y voluntarios.<\/li>\n<\/ul>\n<h3>\ud83e\udd49\u00a0Patrocinador Editor \u2013 500 \u20ac<\/h3>\n<p>Pensado para peque\u00f1as empresas ya asentadas que se ganan la vida con WordPress. As\u00ed es como vamos a agradecerte tu ayuda:<\/p>\n<p><strong>Web<\/strong><\/p>\n<ul>\n<li>Logotipo en todas las p\u00e1ginas de la web de WordCamp Sevilla.<\/li>\n<\/ul>\n<ul>\n<li>Art\u00edculo de agradecimiento junto a los dem\u00e1s patrocinadores Bronce en la web de WordCamp Sevilla.<\/li>\n<li>Menci\u00f3n en el art\u00edculo de agradecimiento a todos los patrocinadores del evento.<\/li>\n<li>5 menciones en tweets y entradas de Facebook e Instagram desde los perfiles de WordCamp Sevilla.<\/li>\n<\/ul>\n<p><strong>D\u00eda de ponencias<\/strong><\/p>\n<ul>\n<li>Una (1) entrada a la WordCamp Sevilla.<\/li>\n<li>Logotipo proyectado en las pantallas entre sesiones.<\/li>\n<li>Posibilidad de a\u00f1adir material en el\u00a0<em>pack<\/em>\u00a0de bienvenida.<\/li>\n<\/ul>\n<p><strong>Otros<\/strong><\/p>\n<ul>\n<li>Una (1) invitaci\u00f3n para la cena de organizadores, patrocinadores, ponentes y voluntarios.<\/li>\n<\/ul>\n<h3>\ud83c\udd99\u00a0Patrocinador Startup \u2013 300 \u20ac<\/h3>\n<p>Pensado para promocionar empresas o proyectos que tengan como base WordPress y cuya fecha de creaci\u00f3n (para la empresas) o lanzamiento (para proyectos) sea posterior a septiembre de 2016. En este caso, queremos que tu iniciativa tambi\u00e9n tenga la visibilidad que merece en la WordCamp Sevilla 2018, as\u00ed que no dudes en patrocinarnos y tendr\u00e1s:<\/p>\n<p><strong>Web<\/strong><\/p>\n<ul>\n<li>Logotipo en todas las p\u00e1ginas de la web de WordCamp Sevilla.<\/li>\n<li>Art\u00edculo de agradecimiento junto a los dem\u00e1s patrocinadores Startup en la web de WordCamp Sevilla.<\/li>\n<li>Menci\u00f3n en el art\u00edculo de agradecimiento a todos los patrocinadores del evento.<\/li>\n<li>5 menciones en tweets y entradas de Facebook e Instagram desde los perfiles de WordCamp Sevilla.<\/li>\n<\/ul>\n<p><strong>D\u00eda de ponencias<\/strong><\/p>\n<ul>\n<li>Una (1) entrada a la WordCamp Sevilla.<\/li>\n<li>Logotipo proyectado en las pantallas entre sesiones.<\/li>\n<li>Posibilidad de a\u00f1adir material en el\u00a0<em>pack<\/em>\u00a0de bienvenida.<\/li>\n<\/ul>\n<p><strong>Otros<\/strong><\/p>\n<ul>\n<li>Una (1) invitaci\u00f3n para la cena de organizadores, patrocinadores, ponentes y voluntarios.<\/li>\n<\/ul>\n<h3>\ud83c\udf37 Colaborador\u00a0&#8211; \u00a0100\u20ac<\/h3>\n<ul>\n<li>1 entrada para WordCamp Sevilla<\/li>\n<li>Enlace de texto en la p\u00e1gina web<\/li>\n<li>Inclusi\u00f3n en el blog agradeciendo a todos los patrocinadores<\/li>\n<\/ul>\n<h3>\ud83c\udf37\u00a0Patrocinador Individual \u2013 50 \u20ac<\/h3>\n<p>Si eres un usuario de WordPress que va a venir a la WordCamp y quieres ayudar a la Comunidad de WordPress Sevilla dando soporte a los voluntarios, puedes pagar un poquito m\u00e1s por tu entrada y ayudarnos a conseguir la mejor WordCamp ever.<\/p>\n<p>Si ninguno de estos niveles de precio y ventajas se adapta a tu caso, habla con nosotros y estudiaremos cualquier propuesta de patrocinio que tengas que hacer.<\/p>\n<p><strong>\u00bfEst\u00e1s interesado en patrocinar el evento?<\/strong>\u00a0Rellena el siguiente formulario y nos pondremos en contacto contigo:<\/p>\n<div data-test='contact-form'\n\t\t\tid='contact-form-176'\n\t\t\tclass='wp-block-jetpack-contact-form-container '\n\t\t\tdata-wp-interactive='jetpack\/form' data-wp-context='{\"formId\":\"176\",\"formHash\":\"18fc6246a9881a48642440e2df786ba3357a9f4f\",\"showErrors\":false,\"errors\":[],\"fields\":[],\"isMultiStep\":false,\"useAjax\":true,\"submissionData\":null,\"formattedSubmissionData\":[],\"submissionSuccess\":false,\"submissionError\":null,\"elementId\":\"jp-form-18fc6246a9881a48642440e2df786ba3357a9f4f\",\"isSingleInputForm\":false}'\n\t\t\tdata-wp-watch--scroll-to-wrapper=\"callbacks.scrollToWrapper\"\n\t\t>\n<div class=\"contact-form-submission contact-form-ajax-submission\" data-wp-bind--aria-hidden=\"state.isSuccessMessageAriaHidden\" data-wp-class--submission-success=\"context.submissionSuccess\" id=\"contact-form-success-18fc6246a9881a48642440e2df786ba3357a9f4f\" tabindex=\"-1\" aria-labelledby=\"contact-form-success-header-18fc6246a9881a48642440e2df786ba3357a9f4f\"><p class=\"go-back-message\"><a class=\"link\" role=\"button\" tabindex=\"0\" data-wp-on--click=\"actions.goBack\" href=\"\/2018\/wp-json\/wp\/v2\/pages\/176\">\u2190 Back<\/a><\/p><h4 data-wp-bind--aria-hidden=\"state.isSuccessMessageAriaHidden\" id=\"contact-form-success-header-18fc6246a9881a48642440e2df786ba3357a9f4f\">Tu mensaje se ha enviado<\/h4>\n\n<template data-wp-each--submission=\"context.formattedSubmissionData\">\n\t\t\t\t\t<div class=\"jetpack_forms_contact-form-success-summary\">\n\t\t\t\t\t\t<div class=\"field-name\" data-wp-text=\"context.submission.label\" data-wp-bind--hidden=\"!context.submission.label\"><\/div>\n\t\t\t\t\t\t<div class=\"field-value\" data-wp-text=\"context.submission.value\" data-wp-bind--hidden=\"!context.submission.showPlainValue\"><\/div>\n\t\t\t\t\t\t<a class=\"field-url\" data-wp-bind--href=\"context.submission.url\" data-wp-text=\"context.submission.value\" data-wp-bind--hidden=\"!context.submission.url\" target=\"_blank\" rel=\"noopener noreferrer\"><\/a>\n\t\t\t\t\t\t<div class=\"field-rating\" data-wp-bind--hidden=\"!context.submission.rating\" data-wp-watch=\"callbacks.watchRatingIcons\"><\/div>\n\t\t\t\t\t\t<div class=\"field-images\" data-wp-bind--hidden=\"!context.submission.images\">\n\t\t\t\t\t\t\t<template data-wp-each--image=\"context.submission.images\">\n\t\t\t\t\t\t\t\t<div class=\"field-image-option\" data-wp-class--is-empty=\"!context.image.src\">\n\t\t\t\t\t\t\t\t\t<figure class=\"field-image-option__image\" data-wp-class--is-empty=\"!context.image.src\">\n\t\t\t\t\t\t\t\t\t\t<img data-wp-bind--src=\"context.image.src\" data-wp-bind--hidden=\"!context.image.src\" \/>\n\t\t\t\t\t\t\t\t\t\t<img decoding=\"async\" src=\"data:image\/gif;base64,R0lGODlhAQABAAD\/ACwAAAAAAQABAAACADs=\" data-wp-bind--hidden=\"context.image.src\" \/>\n\t\t\t\t\t\t\t\t\t<\/figure>\n\t\t\t\t\t\t\t\t\t<div class=\"field-image-option__label-wrapper\">\n\t\t\t\t\t\t\t\t\t\t<span class=\"field-image-option__label-code\" data-wp-text=\"context.image.letterCode\"><\/span>\n\t\t\t\t\t\t\t\t\t\t<span class=\"field-image-option__label\" data-wp-text=\"context.image.label\" data-wp-bind--hidden=\"!context.image.label\"><\/span>\n\t\t\t\t\t\t\t\t\t<\/div>\n\t\t\t\t\t\t\t\t<\/div>\n\t\t\t\t\t\t\t<\/template>\n\t\t\t\t\t\t<\/div>\n\t\t\t\t\t\t<div class=\"field-files\" data-wp-bind--hidden=\"!context.submission.files\">\n\t\t\t\t\t\t\t<template data-wp-each--file=\"context.submission.files\">\n\t\t\t\t\t\t\t\t<div class=\"field-file\">\n\t\t\t\t\t\t\t\t\t<div class=\"field-file__thumbnail\" data-wp-style--background-image=\"context.file.previewUrl\" data-wp-style--mask-image=\"context.file.iconUrl\" data-wp-bind--hidden=\"!context.file.hasPreview\"><\/div>\n\t\t\t\t\t\t\t\t\t<svg class=\"field-file__icon\" data-wp-bind--hidden=\"context.file.hasPreview\" width=\"20\" height=\"20\" viewBox=\"0 0 24 24\" fill=\"none\" xmlns=\"http:\/\/www.w3.org\/2000\/svg\" aria-hidden=\"true\">\n\t\t\t\t\t\t\t\t\t\t<path d=\"M14 2H6C4.9 2 4 2.9 4 4V20C4 21.1 4.89 22 5.99 22H18C19.1 22 20 21.1 20 20V8L14 2ZM18 20H6V4H13V9H18V20Z\" fill=\"currentColor\"\/>\n\t\t\t\t\t\t\t\t\t<\/svg>\n\t\t\t\t\t\t\t\t\t<span class=\"field-file__name\" data-wp-text=\"context.file.name\"><\/span>\n\t\t\t\t\t\t\t\t\t<span class=\"field-file__size\" data-wp-text=\"context.file.size\"><\/span>\n\t\t\t\t\t\t\t\t<\/div>\n\t\t\t\t\t\t\t<\/template>\n\t\t\t\t\t\t<\/div>\n\t\t\t\t\t<\/div>\n\t\t\t\t<\/template><\/div><form action='https:\/\/sevilla.wordcamp.org\/2018\/niveles-de-patrocinio\/'\n\t\t\t\tid='jp-form-18fc6246a9881a48642440e2df786ba3357a9f4f'\n\t\t\t\tmethod='post'\n\t\t\t\tclass='contact-form commentsblock' aria-label=\"Niveles de patrocinio\"\n\t\t\t\tdata-wp-on--submit=\"actions.onFormSubmit\"\n\t\t\t\tdata-wp-on--reset=\"actions.onFormReset\"\n\t\t\t\tdata-wp-class--submission-success=\"context.submissionSuccess\"\n\t\t\t\tdata-wp-class--is-first-step=\"state.isFirstStep\"\n\t\t\t\tdata-wp-class--is-last-step=\"state.isLastStep\"\n\t\t\t\tdata-wp-class--is-ajax-form=\"context.useAjax\"\n\t\t\t\tnovalidate >\n<input type='hidden' name='jetpack_contact_form_jwt' value='eyJ0eXAiOiJKV1QiLCJhbGciOiJIUzI1NiJ9.eyJlbmNyeXB0ZWRfYXR0cmlidXRlcyI6IkhtQU1Sc2N4dSthbnhMTFNUTzVFQzNOc09GUHhnRUQwWnpVZFU5L0MwNXN4MDVQWWF4eURocW84NS85dWloVmtidDN1SzdsUnJnMEFKSXI4dkVuYTFMbHFpOVNuT2dQY0dIcW55cVpCQXhCWjY5TEFSVTJUN0gwZFVrWTQ2Zmc5V3lWczJGRzA1clhEdU5JQWRKMzBUTWdIdTVGblc0cE1DNUZiWThKZXd4eE5WMWVtUWhxV1NaY2k2RVRKZ0hNUkwycWNxTlFnRWxnNWtNSTR3WkZaclM1VS9SYytHMy95eVlQV2NCZHZmWE5wWlhNSzg2QWpMd1BabFB3aU1xZU5mY0ZuYnZtdVpNOTB1b2hTUHdhOTUyOFBMZ3FucUh4cG95T0NJZW0yaGtVbkc0amkvMEhVeC9KcFZZNW04dkpoYUl2bUZJR01RUUt6blFEaFRPZHJneTZWaDdteXVpMmFzU0k5MlVuSC9rOGdkcG93QXZ3empQNDl2NVZMZFZkaGJzRUo3VnU4UldHc0hEYTIreHhFWjNJOW9wanVySXhJclhvSEJ5aEIyazdrNklrMzNaRmQwb0VldzROU1dzYjB0OGpzMER5QmE4YXJQazE3Q0VObE15WHdjcnYxOWNSYm9NMit4d0NldE5scWs1OGRyWjlTL1FIeTV6S3AxeEE0Z1Z6L2w1bHhrTTBBL2w5VE51Mm9VS0UvcXhJcmJ4dUF1NlFWcFptS1pOWWw2RVZEL2EwUDFSbDBTbUZsTkgwSnMzeXk2NXdCQzRwUXRPUEFqdDdGNVZpSG40OXpVb0ZxNDhBc0FWb0kxQTl6dXQwWS92U0dONE82WHZrb3I5Q1U0MERPTWpxM0hoa1VaYUV4YzdrUDQ0MGRwN2R6NVh2L1FBVTVybXY2UmJwa2xTOStSQVpTTWxrc0hHWUVRL2hCOFRnejM4REF0Ylg0K2JqSnVjK3IrblZOdTU2MUR0SzhaWW90S2VXQzlBWWVxdUlaNW9ZaDEyRlVVVG5rd2pkSzNRZ1grVlhRYWpVZnFmWmlKVG5vQi9qM3hFbVhCM2ZqVmZvSWl1dUs1ODFJeDdxWFIxUmp2Yy82eHA3c2x1RFVhTHpyZVJWaTRCODZzSk5oSjRIb0s0ZFcyYXUwVGtQaW1jTE5NeW5OeTR0VXUyMUVxZGhDR0xZK01XYXBpRnI0d1VSY1F5NTlMeWdNMmZRK3FnSjlyZWc9IiwiY29udGVudCI6Iltjb250YWN0LWZpZWxkIGxhYmVsPSdDb3JyZW8gZWxlY3RyXHUwMGYzbmljbycgdHlwZT0nZW1haWwnIHJlcXVpcmVkPScxJy9dW2NvbnRhY3QtZmllbGQgbGFiZWw9J1VzdWFyaW8gZGUgU2xhY2sgZW4gV1AgRXNwYVx1MDBmMWEgKHNpIGxvIHRpZW5lcyknIHR5cGU9J3RleHQnL11bY29udGFjdC1maWVsZCBsYWJlbD0nQ29udGVuaWRvIGRlbCBtZW5zYWplJyB0eXBlPSd0ZXh0YXJlYScgcmVxdWlyZWQ9JzEnL10iLCJoYXNoIjoiMThmYzYyNDZhOTg4MWE0ODY0MjQ0MGUyZGY3ODZiYTMzNTdhOWY0ZiIsInNvdXJjZSI6eyJlbnRyeV90aXRsZSI6Ik5pdmVsZXMgZGUgcGF0cm9jaW5pbyIsImVudHJ5X3BhZ2UiOjEsInNvdXJjZV9pZCI6MTc2LCJzb3VyY2VfdHlwZSI6InNpbmdsZSIsInJlcXVlc3RfdXJsIjoiaHR0cHM6Ly9zZXZpbGxhLndvcmRjYW1wLm9yZy8yMDE4L3dwLWpzb24vd3AvdjIvcGFnZXMvMTc2In0sInZlcnNpb24iOjIsImNpcGhlciI6ImFlcy0yNTYtZ2NtIn0.tQ8PHt-xbuatSh16qicue8ER2KI42NYQck0UO9kAifo' \/>\n\n<div style=\"\"  data-wp-interactive=\"jetpack\/form\" data-wp-context='{\"fieldId\":\"g176-correoelectrnico\",\"fieldType\":\"email\",\"fieldLabel\":\"Correo electr\\u00f3nico\",\"fieldValue\":\"\",\"fieldPlaceholder\":\"\",\"fieldIsRequired\":\"1\",\"fieldErrorMessage\":\"\",\"fieldExtra\":[],\"formHash\":\"18fc6246a9881a48642440e2df786ba3357a9f4f\"}'  class='grunion-field-email-wrap grunion-field-wrap'  data-wp-init='callbacks.initializeField' data-wp-on--jetpack-form-reset='callbacks.initializeField' >\n<label\n\t\t\t\tfor='g176-correoelectrnico' class=\"grunion-field-label email\" >Correo electr\u00f3nico<span class=\"grunion-label-required\" aria-hidden=\"true\">(obligatorio)<\/span><\/label>\n<input\n\t\t\t\t\ttype='email'\n\t\t\t\t\tname='g176-correoelectrnico'\n\t\t\t\t\tid='g176-correoelectrnico'\n\t\t\t\t\tvalue=''\n\n\t\t\t\t\tdata-wp-bind--aria-invalid='state.fieldAriaInvalid'\n\t\t\t\t\tdata-wp-bind--value='state.getFieldValue'\n\t\t\t\t\taria-describedby='g176-correoelectrnico-email-error-message'\n\t\t\t\t\tdata-wp-on--input='actions.onFieldChange'\n\t\t\t\t\tdata-wp-on--blur='actions.onFieldBlur'\n\t\t\t\t\tdata-wp-class--has-value='state.hasFieldValue'\n\n\t\t\t\t\tclass='email  grunion-field' \n\t\t\t\t\trequired='true' aria-required='true'  \/>\n \n\t\t\t<div id=\"g176-correoelectrnico-email-error\" class=\"contact-form__input-error\" data-wp-class--has-errors=\"state.fieldHasErrors\">\n\t\t\t\t<span class=\"contact-form__warning-icon\" aria-hidden=\"true\">\n\t\t\t\t\t<svg width=\"16\" height=\"16\" viewBox=\"0 0 16 16\" fill=\"none\" xmlns=\"http:\/\/www.w3.org\/2000\/svg\">\n\t\t\t\t\t\t<path d=\"M8.50015 11.6402H7.50015V10.6402H8.50015V11.6402Z\" \/>\n\t\t\t\t\t\t<path d=\"M7.50015 9.64018H8.50015V6.30684H7.50015V9.64018Z\" \/>\n\t\t\t\t\t\t<path fill-rule=\"evenodd\" clip-rule=\"evenodd\" d=\"M6.98331 3.0947C7.42933 2.30177 8.57096 2.30177 9.01698 3.09469L13.8771 11.7349C14.3145 12.5126 13.7525 13.4735 12.8602 13.4735H3.14004C2.24774 13.4735 1.68575 12.5126 2.12321 11.7349L6.98331 3.0947ZM8.14541 3.58496C8.08169 3.47168 7.9186 3.47168 7.85488 3.58496L2.99478 12.2251C2.93229 12.3362 3.01257 12.4735 3.14004 12.4735H12.8602C12.9877 12.4735 13.068 12.3362 13.0055 12.2251L8.14541 3.58496Z\" \/>\n\t\t\t\t\t<\/svg>\n\t\t\t\t<\/span>\n\t\t\t\t<span data-wp-text=\"state.errorMessage\" id=\"g176-correoelectrnico-email-error-message\"><\/span>\n\t\t\t<\/div> \n\t<\/div>\n\n<div style=\"\"  data-wp-interactive=\"jetpack\/form\" data-wp-context='{\"fieldId\":\"g176-usuariodeslackenwpespaasilotienes\",\"fieldType\":\"text\",\"fieldLabel\":\"Usuario de Slack en WP Espa\\u00f1a (si lo tienes)\",\"fieldValue\":\"\",\"fieldPlaceholder\":\"\",\"fieldIsRequired\":\"\",\"fieldErrorMessage\":\"\",\"fieldExtra\":[],\"formHash\":\"18fc6246a9881a48642440e2df786ba3357a9f4f\"}'  class='grunion-field-text-wrap grunion-field-wrap'  data-wp-init='callbacks.initializeField' data-wp-on--jetpack-form-reset='callbacks.initializeField' >\n<label\n\t\t\t\tfor='g176-usuariodeslackenwpespaasilotienes' class=\"grunion-field-label text\" >Usuario de Slack en WP Espa\u00f1a (si lo tienes)<\/label>\n<input\n\t\t\t\t\ttype='text'\n\t\t\t\t\tname='g176-usuariodeslackenwpespaasilotienes'\n\t\t\t\t\tid='g176-usuariodeslackenwpespaasilotienes'\n\t\t\t\t\tvalue=''\n\n\t\t\t\t\tdata-wp-bind--aria-invalid='state.fieldAriaInvalid'\n\t\t\t\t\tdata-wp-bind--value='state.getFieldValue'\n\t\t\t\t\taria-describedby='g176-usuariodeslackenwpespaasilotienes-text-error-message'\n\t\t\t\t\tdata-wp-on--input='actions.onFieldChange'\n\t\t\t\t\tdata-wp-on--blur='actions.onFieldBlur'\n\t\t\t\t\tdata-wp-class--has-value='state.hasFieldValue'\n\n\t\t\t\t\tclass='text  grunion-field' \n\t\t\t\t\t \/>\n \n\t\t\t<div id=\"g176-usuariodeslackenwpespaasilotienes-text-error\" class=\"contact-form__input-error\" data-wp-class--has-errors=\"state.fieldHasErrors\">\n\t\t\t\t<span class=\"contact-form__warning-icon\" aria-hidden=\"true\">\n\t\t\t\t\t<svg width=\"16\" height=\"16\" viewBox=\"0 0 16 16\" fill=\"none\" xmlns=\"http:\/\/www.w3.org\/2000\/svg\">\n\t\t\t\t\t\t<path d=\"M8.50015 11.6402H7.50015V10.6402H8.50015V11.6402Z\" \/>\n\t\t\t\t\t\t<path d=\"M7.50015 9.64018H8.50015V6.30684H7.50015V9.64018Z\" \/>\n\t\t\t\t\t\t<path fill-rule=\"evenodd\" clip-rule=\"evenodd\" d=\"M6.98331 3.0947C7.42933 2.30177 8.57096 2.30177 9.01698 3.09469L13.8771 11.7349C14.3145 12.5126 13.7525 13.4735 12.8602 13.4735H3.14004C2.24774 13.4735 1.68575 12.5126 2.12321 11.7349L6.98331 3.0947ZM8.14541 3.58496C8.08169 3.47168 7.9186 3.47168 7.85488 3.58496L2.99478 12.2251C2.93229 12.3362 3.01257 12.4735 3.14004 12.4735H12.8602C12.9877 12.4735 13.068 12.3362 13.0055 12.2251L8.14541 3.58496Z\" \/>\n\t\t\t\t\t<\/svg>\n\t\t\t\t<\/span>\n\t\t\t\t<span data-wp-text=\"state.errorMessage\" id=\"g176-usuariodeslackenwpespaasilotienes-text-error-message\"><\/span>\n\t\t\t<\/div> \n\t<\/div>\n\n<div style=\"\"  data-wp-interactive=\"jetpack\/form\" data-wp-context='{\"fieldId\":\"g176-contenidodelmensaje\",\"fieldType\":\"textarea\",\"fieldLabel\":\"Contenido del mensaje\",\"fieldValue\":\"\",\"fieldPlaceholder\":\"\",\"fieldIsRequired\":\"1\",\"fieldErrorMessage\":\"\",\"fieldExtra\":[],\"formHash\":\"18fc6246a9881a48642440e2df786ba3357a9f4f\"}'  class='grunion-field-textarea-wrap grunion-field-wrap'  data-wp-init='callbacks.initializeField' data-wp-on--jetpack-form-reset='callbacks.initializeField' >\n<label\n\t\t\t\tfor='contact-form-comment-g176-contenidodelmensaje' class=\"grunion-field-label textarea\" >Contenido del mensaje<span class=\"grunion-label-required\" aria-hidden=\"true\">(obligatorio)<\/span><\/label>\n<textarea\n\t\t                style=''\n\t\t                name='g176-contenidodelmensaje'\n\t\t                id='contact-form-comment-g176-contenidodelmensaje'\n\t\t                rows='20'\n\t\t\t\t\t\tdata-wp-text='state.getFieldValue'\n\t\t\t\t\t\tdata-wp-on--input='actions.onFieldChange'\n\t\t\t\t\t\tdata-wp-on--blur='actions.onFieldBlur'\n\t\t\t\t\t\tdata-wp-class--has-value='state.hasFieldValue'\n\t\t\t\t\t\taria-describedby='g176-contenidodelmensaje-textarea-error-message'\n\t\t\t\t\t\tdata-wp-bind--aria-invalid='state.fieldAriaInvalid'\n\t\t\t\t\t\tclass='textarea  grunion-field'  required aria-required='true'><\/textarea>\n \n\t\t\t<div id=\"g176-contenidodelmensaje-textarea-error\" class=\"contact-form__input-error\" data-wp-class--has-errors=\"state.fieldHasErrors\">\n\t\t\t\t<span class=\"contact-form__warning-icon\" aria-hidden=\"true\">\n\t\t\t\t\t<svg width=\"16\" height=\"16\" viewBox=\"0 0 16 16\" fill=\"none\" xmlns=\"http:\/\/www.w3.org\/2000\/svg\">\n\t\t\t\t\t\t<path d=\"M8.50015 11.6402H7.50015V10.6402H8.50015V11.6402Z\" \/>\n\t\t\t\t\t\t<path d=\"M7.50015 9.64018H8.50015V6.30684H7.50015V9.64018Z\" \/>\n\t\t\t\t\t\t<path fill-rule=\"evenodd\" clip-rule=\"evenodd\" d=\"M6.98331 3.0947C7.42933 2.30177 8.57096 2.30177 9.01698 3.09469L13.8771 11.7349C14.3145 12.5126 13.7525 13.4735 12.8602 13.4735H3.14004C2.24774 13.4735 1.68575 12.5126 2.12321 11.7349L6.98331 3.0947ZM8.14541 3.58496C8.08169 3.47168 7.9186 3.47168 7.85488 3.58496L2.99478 12.2251C2.93229 12.3362 3.01257 12.4735 3.14004 12.4735H12.8602C12.9877 12.4735 13.068 12.3362 13.0055 12.2251L8.14541 3.58496Z\" \/>\n\t\t\t\t\t<\/svg>\n\t\t\t\t<\/span>\n\t\t\t\t<span data-wp-text=\"state.errorMessage\" id=\"g176-contenidodelmensaje-textarea-error-message\"><\/span>\n\t\t\t<\/div>\n\t<\/div>\n\t<p class='contact-submit'>\n<div class=\"contact-form__error\" data-wp-class--show-errors=\"state.showFormErrors\"><span class=\"contact-form__warning-icon\" aria-hidden=\"true\"><i><\/i><\/span><span class=\"contact-form__error-message\" tabindex=\"-1\" data-wp-watch=\"callbacks.focusOnValidationError\" data-wp-text=\"state.getFormErrorMessage\"><\/span><ul aria-label=\"Form errors\">\n\t\t\t\t<template data-wp-each=\"state.getErrorList\" data-wp-key=\"context.item.id\">\n\t\t\t\t\t<li><a data-wp-bind--href=\"context.item.anchor\" data-wp-on--click=\"actions.scrollIntoView\" data-wp-text=\"context.item.label\"><\/a><\/li>\n\t\t\t\t<\/template>\n\t\t\t\t<\/ul><\/div><div class=\"contact-form__error\" data-wp-class--show-errors=\"state.showSubmissionError\" data-wp-text=\"context.submissionError\" tabindex=\"-1\" data-wp-watch=\"callbacks.focusOnSubmissionError\"><\/div>\t\t<button type='submit' class='pushbutton-wide'>Enviar<\/button>\t\t<input type='hidden' name='contact-form-id' value='176' \/>\n\t\t<input type='hidden' name='action' value='grunion-contact-form' \/>\n\t\t<input type='hidden' name='contact-form-hash' value='18fc6246a9881a48642440e2df786ba3357a9f4f' \/>\n\t<\/p>\n<p style=\"display: none !important;\" class=\"akismet-fields-container\" data-prefix=\"ak_\"><label>&#916;<textarea name=\"ak_hp_textarea\" cols=\"45\" rows=\"8\" maxlength=\"100\"><\/textarea><\/label><input type=\"hidden\" id=\"ak_js_1\" name=\"ak_js\" value=\"29\"\/><script>\ndocument.getElementById( \"ak_js_1\" ).setAttribute( \"value\", ( new Date() ).getTime() );\n<\/script>\n<\/p><\/form>\n<\/div>\n","protected":false},"excerpt":{"rendered":"<p>Las WordCamps son eventos informales montados por una comunidad de voluntarios. Patrocinar una WordCamp permite a los asistentes disfrutar de la experiencia a un coste reducido, facilitando que cualquiera pueda participar: aut\u00f3nomos, peque\u00f1os negocios, usuarios curiosos\u2026 Entre los\u00a0asistentes\u00a0a la WordCamp habr\u00e1 emprendedores, blogueros, dise\u00f1adores, desarrolladores, empresarios, formadores\u2026 de todo. Participando como patrocinador tendr\u00e1s la oportunidad &hellip; <\/p>\n<p class=\"link-more\"><a href=\"https:\/\/sevilla.wordcamp.org\/2018\/niveles-de-patrocinio\/\" class=\"more-link\">Continuar leyendo<span class=\"screen-reader-text\"> \u00abNiveles de patrocinio\u00bb<\/span><\/a><\/p>\n","protected":false},"author":13142536,"featured_media":0,"parent":0,"menu_order":0,"comment_status":"closed","ping_status":"closed","template":"","meta":{"jetpack_post_was_ever_published":false,"footnotes":""},"class_list":["post-176","page","type-page","status-publish","hentry"],"jetpack_sharing_enabled":true,"jetpack_shortlink":"https:\/\/wp.me\/P9igCE-2Q","_links":{"self":[{"href":"https:\/\/sevilla.wordcamp.org\/2018\/wp-json\/wp\/v2\/pages\/176","targetHints":{"allow":["GET"]}}],"collection":[{"href":"https:\/\/sevilla.wordcamp.org\/2018\/wp-json\/wp\/v2\/pages"}],"about":[{"href":"https:\/\/sevilla.wordcamp.org\/2018\/wp-json\/wp\/v2\/types\/page"}],"author":[{"embeddable":true,"href":"https:\/\/sevilla.wordcamp.org\/2018\/wp-json\/wp\/v2\/users\/13142536"}],"replies":[{"embeddable":true,"href":"https:\/\/sevilla.wordcamp.org\/2018\/wp-json\/wp\/v2\/comments?post=176"}],"version-history":[{"count":6,"href":"https:\/\/sevilla.wordcamp.org\/2018\/wp-json\/wp\/v2\/pages\/176\/revisions"}],"predecessor-version":[{"id":669,"href":"https:\/\/sevilla.wordcamp.org\/2018\/wp-json\/wp\/v2\/pages\/176\/revisions\/669"}],"wp:attachment":[{"href":"https:\/\/sevilla.wordcamp.org\/2018\/wp-json\/wp\/v2\/media?parent=176"}],"curies":[{"name":"wp","href":"https:\/\/api.w.org\/{rel}","templated":true}]}}