{"id":429,"date":"2018-05-03T12:30:43","date_gmt":"2018-05-03T10:30:43","guid":{"rendered":"https:\/\/2018.sevilla.wordcamp.org\/?page_id=429"},"modified":"2018-06-24T12:56:46","modified_gmt":"2018-06-24T10:56:46","slug":"entradas-inicio","status":"publish","type":"page","link":"https:\/\/sevilla.wordcamp.org\/2018\/entradas-inicio\/","title":{"rendered":"Entradas Inicio"},"content":{"rendered":"<h3><span style=\"color: #D61846\">\u00a1Ya puedes comprar tu entrada para estar con nosotros en la WordCamp!<\/span><\/h3>\n<p>Lo normal es que se agoten, as\u00ed que no te lo pienses mucho.<\/p>\n<p>La entrada incluye:<\/p>\n<ul>\n<li>Acceso a las salas de la WordCamp el s\u00e1bado 07 de julio, el d\u00eda de Comunidad.<\/li>\n<li>Acceso al d\u00eda de comunidad el domingo d\u00eda 08 de julio, d\u00f3nde ayudamos a hacer WordPress entre todos.<\/li>\n<li>Bolsa de regalos con camiseta de la WordCamp y\u00a0otros regalos promocionales.<\/li>\n<li>Caf\u00e9 \/ T\u00e9 \/ Agua el s\u00e1bado y el domingo.<\/li>\n<li>Almuerzo del s\u00e1bado.<\/li>\n<li>Y, en general, la posibilidad de participar en un evento inspirador ;-D<\/li>\n<\/ul>\n<p><a href=\"\/comprar-entrada-wordcamp-sevilla\/\" class=\"boton\">COMPRA TU ENTRADA<\/a><\/p>\n<p><em><strong>AVISO:<\/strong><\/em><em>\u00a0Si eres patrocinador, ponente, voluntario o crees que puedes serlo, no hace falta que compres tu entrada<\/em><em>. Te proporcionaremos un cup\u00f3n para obtenerla. \u00a1P\u00eddenoslo si no te lo hemos hecho llegar!<br \/>\n<\/em><\/p>\n<p><em><strong>AUTORIZACI\u00d3N:<\/strong><\/em><em>\u00a0En bien de la comunidad y con fines de promoci\u00f3n, habr\u00e1 voluntarios y\/o fot\u00f3grafos profesionales en la\u00a0WordCamp.\u00a0<\/em><em>Al asistir al evento, se autoriza la utilizaci\u00f3n de tu imagen si apareces\u00a0en fotos o\u00a0v\u00eddeos\u00a0que se puedan tomar, que pueden mostrar tu participaci\u00f3n en el evento.<\/em><\/p>\n","protected":false},"excerpt":{"rendered":"<p>\u00a1Ya puedes comprar tu entrada para estar con nosotros en la WordCamp! Lo normal es que se agoten, as\u00ed que no te lo pienses mucho. La entrada incluye: Acceso a las salas de la WordCamp el s\u00e1bado 07 de julio, el d\u00eda de Comunidad. Acceso al d\u00eda de comunidad el domingo d\u00eda 08 de julio, &hellip; <\/p>\n<p class=\"link-more\"><a href=\"https:\/\/sevilla.wordcamp.org\/2018\/entradas-inicio\/\" class=\"more-link\">Continuar leyendo<span class=\"screen-reader-text\"> \u00abEntradas Inicio\u00bb<\/span><\/a><\/p>\n","protected":false},"author":14675622,"featured_media":417,"parent":0,"menu_order":0,"comment_status":"closed","ping_status":"closed","template":"","meta":{"jetpack_post_was_ever_published":false,"footnotes":""},"class_list":["post-429","page","type-page","status-publish","has-post-thumbnail","hentry"],"jetpack_sharing_enabled":true,"jetpack_shortlink":"https:\/\/wp.me\/P9igCE-6V","_links":{"self":[{"href":"https:\/\/sevilla.wordcamp.org\/2018\/wp-json\/wp\/v2\/pages\/429","targetHints":{"allow":["GET"]}}],"collection":[{"href":"https:\/\/sevilla.wordcamp.org\/2018\/wp-json\/wp\/v2\/pages"}],"about":[{"href":"https:\/\/sevilla.wordcamp.org\/2018\/wp-json\/wp\/v2\/types\/page"}],"author":[{"embeddable":true,"href":"https:\/\/sevilla.wordcamp.org\/2018\/wp-json\/wp\/v2\/users\/14675622"}],"replies":[{"embeddable":true,"href":"https:\/\/sevilla.wordcamp.org\/2018\/wp-json\/wp\/v2\/comments?post=429"}],"version-history":[{"count":7,"href":"https:\/\/sevilla.wordcamp.org\/2018\/wp-json\/wp\/v2\/pages\/429\/revisions"}],"predecessor-version":[{"id":914,"href":"https:\/\/sevilla.wordcamp.org\/2018\/wp-json\/wp\/v2\/pages\/429\/revisions\/914"}],"wp:featuredmedia":[{"embeddable":true,"href":"https:\/\/sevilla.wordcamp.org\/2018\/wp-json\/wp\/v2\/media\/417"}],"wp:attachment":[{"href":"https:\/\/sevilla.wordcamp.org\/2018\/wp-json\/wp\/v2\/media?parent=429"}],"curies":[{"name":"wp","href":"https:\/\/api.w.org\/{rel}","templated":true}]}}