{"id":160,"date":"2017-10-18T10:03:40","date_gmt":"2017-10-18T08:03:40","guid":{"rendered":"https:\/\/2018.sevilla.wordcamp.org\/organizers\/"},"modified":"2019-05-27T19:19:17","modified_gmt":"2019-05-27T17:19:17","slug":"organizadores","status":"publish","type":"page","link":"https:\/\/sevilla.wordcamp.org\/2019-developers\/informacion\/organizadores\/","title":{"rendered":"Organizadores <em>Organizers<\/em>"},"content":{"rendered":"\n<h3 class=\"wp-block-heading\">Este es el equipo de la organizaci\u00f3n de la WordCamp<br><em>This is the organizing team of the WordCamp <\/em><\/h3>\n\n\n\t<div class=\"wcorg-organizers\">\n\n\t\t\n\t\t\t<div class=\"wcorg-organizer\">\n\t\t\t\t<h2>Rosario Vidal<\/h2>\n\t\t\t\t<div class=\"wcorg-organizer-description\">\n\t\t\t\t\t\t\t\t\t\t<img alt='' src='https:\/\/secure.gravatar.com\/avatar\/ed7394dca591209b853846c58b275741f3d06f26623818be4ad0a928e4f666d1?s=100&#038;d=mm&#038;r=g' srcset='https:\/\/secure.gravatar.com\/avatar\/ed7394dca591209b853846c58b275741f3d06f26623818be4ad0a928e4f666d1?s=200&#038;d=mm&#038;r=g 2x' class='avatar avatar-100 photo' height='100' width='100' \/>\t\t\t\t\t\n<p>Rosario es la responsable de comunicaci\u00f3n y marketing de la WordCamp.<\/p>\n\n\n\n<p>Se dedico a ayudar a emprendedores digitales para que aumenten la visibilidad de su negocio. Inquieta por naturaleza y autodidacta por obligaci\u00f3n, disfruta mucho con la tecnolog\u00eda. <\/p>\n\n\n\n<p> Descubri\u00f3 WordPress en el 2013 y ha sido asistente en muchas WordCamps y Meetups. En ellas ha descubierto a  grandes profesionales que comparten su conocimiento y su experiencia de  forma altruista y cree que ahora es el momento de   aportar a esta gran  comunidad.<\/p>\n\t\t\t\t<\/div>\n\t\t\t<\/div>\n\n\t\t\n\t\t\t<div class=\"wcorg-organizer\">\n\t\t\t\t<h2>Rafa Poveda<\/h2>\n\t\t\t\t<div class=\"wcorg-organizer-description\">\n\t\t\t\t\t\t\t\t\t\t<img alt='' src='https:\/\/secure.gravatar.com\/avatar\/ea3385f8fe14be10e41fb5bd87e9b3cd6035876fe36a9a6a8f27b5d7d8e02e2f?s=100&#038;d=mm&#038;r=g' srcset='https:\/\/secure.gravatar.com\/avatar\/ea3385f8fe14be10e41fb5bd87e9b3cd6035876fe36a9a6a8f27b5d7d8e02e2f?s=200&#038;d=mm&#038;r=g 2x' class='avatar avatar-100 photo' height='100' width='100' \/>\t\t\t\t\t\n<p>Rafa es el enlace de contacto con los ponentes y coordina el equipo de voluntarios. <\/p>\n\n\n\n<p>Rafa lleva trabajando en internet desde el 96. Firme defensor del Software Libre, ha participado en proyectos muy variados, desde distribuciones de Linux hasta el propio WordPress. <br>Desde Pixelated Heart trabaja en proyectos propios para crear una <em>web<\/em> m\u00e1s humana y \u00fatil, y desde bi0xid.es ayuda a sus clientes a tener presencia en internet. Adem\u00e1s tiene una nueva aventura, bi0.shop, desde donde busca acercar el mundo friki de forma asequible al bolsillo de todos. <\/p>\n\n\n\n<p>Actualmente, en el ecosistema WordPress, Rafa ayuda con las traducciones y en los foros, con los lanzamientos de nuevas versiones de WordPress, y en la organizaci\u00f3n de los d\u00edas de Comunidad de distintas WordCamps. <\/p>\n\t\t\t\t<\/div>\n\t\t\t<\/div>\n\n\t\t\n\t\t\t<div class=\"wcorg-organizer\">\n\t\t\t\t<h2>Jos\u00e9 Arcos<\/h2>\n\t\t\t\t<div class=\"wcorg-organizer-description\">\n\t\t\t\t\t\t\t\t\t\t<img alt='' src='https:\/\/secure.gravatar.com\/avatar\/4b0fbc540d04b5320cc54817be3dbe38888235eb87ef918e393deb4f04324e1d?s=100&#038;d=mm&#038;r=g' srcset='https:\/\/secure.gravatar.com\/avatar\/4b0fbc540d04b5320cc54817be3dbe38888235eb87ef918e393deb4f04324e1d?s=200&#038;d=mm&#038;r=g 2x' class='avatar avatar-100 photo' height='100' width='100' \/>\t\t\t\t\t\n<p>Jos\u00e9 no sabe muy bien c\u00f3mo ha acabado aqu\u00ed ni tampoco qu\u00e9 puede aportar, pero voluntad y ganas no le sobran. Estar\u00e1 a las \u00f3rdenes del Benevolente Dictador  @davidnaviaweb durante la WordCamp . En <strong>WordCamp para desarrolladores Sevilla 2019<\/strong> se dedica a traducir los contenidos al ingl\u00e9s, tambi\u00e9n hace las veces de aguador y recogepelotas.<\/p>\n\n\n\n<p>Un d\u00eda su cu\u00f1ado le pidi\u00f3 que le hiciera un sitio web y ahora se dedica a romper cosas en <a href=\"https:\/\/www.atsistemas.com\">atSistemas<\/a>. Ha sido ponente en varias WordCamps andaluzas y adem\u00e1s es moderador en los <a href=\"https:\/\/es.wordpress.org\/support\">Foros de Soporte<\/a> de WordPress en Espa\u00f1ol. Tiene varias <a href=\"https:\/\/profiles.wordpress.org\/josearcos\">chapitas<\/a> en su perfil pero en realidad es un <em>espera brevas<\/em>.<\/p>\n\t\t\t\t<\/div>\n\t\t\t<\/div>\n\n\t\t\n\t\t\t<div class=\"wcorg-organizer\">\n\t\t\t\t<h2>Jos\u00e9 Luis \u00abSelu\u00bb Mart\u00ednez<\/h2>\n\t\t\t\t<div class=\"wcorg-organizer-description\">\n\t\t\t\t\t\t\t\t\t\t<img alt='' src='https:\/\/secure.gravatar.com\/avatar\/e466df73403563ce0d457c0804d59c07cd717481e8e20b9858a0ffc1ee4a84d6?s=100&#038;d=mm&#038;r=g' srcset='https:\/\/secure.gravatar.com\/avatar\/e466df73403563ce0d457c0804d59c07cd717481e8e20b9858a0ffc1ee4a84d6?s=200&#038;d=mm&#038;r=g 2x' class='avatar avatar-100 photo' height='100' width='100' \/>\t\t\t\t\t\n<p><em>Selu <\/em>es webmaster y es el encargado de las RRSS y la comunicaci\u00f3n para la <a href=\"https:\/\/2019-developers.sevilla.wordcamp.org\/\">WordCamp para desarrolladores Sevilla 2019<\/a>.<\/p>\n\t\t\t\t<\/div>\n\t\t\t<\/div>\n\n\t\t\n\t\t\t<div class=\"wcorg-organizer\">\n\t\t\t\t<h2>Nilo V\u00e9lez<\/h2>\n\t\t\t\t<div class=\"wcorg-organizer-description\">\n\t\t\t\t\t\t\t\t\t\t<img alt='' src='https:\/\/secure.gravatar.com\/avatar\/09a19d6c3d35d136db80cd14757e532d95a3b54dd9aebded06dcee529ed3d285?s=100&#038;d=mm&#038;r=g' srcset='https:\/\/secure.gravatar.com\/avatar\/09a19d6c3d35d136db80cd14757e532d95a3b54dd9aebded06dcee529ed3d285?s=200&#038;d=mm&#038;r=g 2x' class='avatar avatar-100 photo' height='100' width='100' \/>\t\t\t\t\t\n<p>Desarrollador de profesi\u00f3n, bombero torero de vocaci\u00f3n, lo mismo fr\u00ede una camisa que plancha un huevo. Nilo es el encargado del cacharreo de la WordCamp: audio, video, cosas que explotan&#8230; en sus ratos libres intenta que Manolito no se meta en l\u00edos. <\/p>\n\t\t\t\t<\/div>\n\t\t\t<\/div>\n\n\t\t\n\t\t\t<div class=\"wcorg-organizer\">\n\t\t\t\t<h2>Manuel Stone<\/h2>\n\t\t\t\t<div class=\"wcorg-organizer-description\">\n\t\t\t\t\t\t\t\t\t\t<img alt='' src='https:\/\/secure.gravatar.com\/avatar\/5decc0c91492fe24b8728a0f0b47f3941a69d855815393bc6c82e6f33e2faf4f?s=100&#038;d=mm&#038;r=g' srcset='https:\/\/secure.gravatar.com\/avatar\/5decc0c91492fe24b8728a0f0b47f3941a69d855815393bc6c82e6f33e2faf4f?s=200&#038;d=mm&#038;r=g 2x' class='avatar avatar-100 photo' height='100' width='100' \/>\t\t\t\t\t\n<p>Manolito es un social media crash test dummy licenciado. Es una cabeza de turco profesional, su avanzado motor de inteligencia artificial artificial le permite adelantarse a los movimientos del los humanos y meter la pata antes que ellos.<\/p>\n\n\n\n<p>Ha participado en una pel\u00edcula de Warner Bros Pictures, fue ordenado sacerdote de la Iglesia Universal de la Vida,  y es el primer organizador no humano de una WordCamp <\/p>\n\t\t\t\t<\/div>\n\t\t\t<\/div>\n\n\t\t\n\t\t\t<div class=\"wcorg-organizer\">\n\t\t\t\t<h2>Mariano P\u00e9rez<\/h2>\n\t\t\t\t<div class=\"wcorg-organizer-description\">\n\t\t\t\t\t\t\t\t\t\t<img alt='' src='https:\/\/secure.gravatar.com\/avatar\/3089ff1456a3ba047f6b20713c8828dc7cec818fb0775415d83da1249ee047d2?s=100&#038;d=mm&#038;r=g' srcset='https:\/\/secure.gravatar.com\/avatar\/3089ff1456a3ba047f6b20713c8828dc7cec818fb0775415d83da1249ee047d2?s=200&#038;d=mm&#038;r=g 2x' class='avatar avatar-100 photo' height='100' width='100' \/>\t\t\t\t\t\n<p>Se encargar\u00e1 de la intendencia general, ayudando a gestionar los espacios, y de la gesti\u00f3n y el contacto con los patrocinadores.<\/p>\n\n\n\n<p>Mariano es Ingeniero en inform\u00e1tica y trabaja en su propia empresa de consultor\u00eda inform\u00e1tica. Ha sido coorganizador en varias WordCamps, coorganizador de las meetups de WordCamp Sevilla, moderador de los foros de soporte y desde este a\u00f1o mentor de WordCamps y <a href=\"https:\/\/make.wordpress.org\/community\/handbook\/community-deputy\/\">deputy<\/a> de comunidad  de WordPress.<\/p>\n\t\t\t\t<\/div>\n\t\t\t<\/div>\n\n\t\t\n\t\t\t<div class=\"wcorg-organizer\">\n\t\t\t\t<h2>Jos\u00e9 Lazo<\/h2>\n\t\t\t\t<div class=\"wcorg-organizer-description\">\n\t\t\t\t\t\t\t\t\t\t<img alt='' src='https:\/\/secure.gravatar.com\/avatar\/c15fa4c00dad25c757b18ef8e326bf9e4a6aa168c246d243f3964043b2cb7f75?s=100&#038;d=mm&#038;r=g' srcset='https:\/\/secure.gravatar.com\/avatar\/c15fa4c00dad25c757b18ef8e326bf9e4a6aa168c246d243f3964043b2cb7f75?s=200&#038;d=mm&#038;r=g 2x' class='avatar avatar-100 photo' height='100' width='100' \/>\t\t\t\t\t\n<p>Es el encargado de que la web funcione como es debido. <\/p>\n\n\n\n<p>Jos\u00e9 trabaja en <a rel=\"noreferrer noopener\" aria-label=\" (opens in a new tab)\" href=\"https:\/\/sngular.com\/sngular-spain\/\" target=\"_blank\">S|ngular<\/a> como desarrollador Front End. Aprendi\u00f3 desarrollo web con Joomla! hasta que descubri\u00f3 en 2013 las bondades de WordPress. Colabora en los <a rel=\"noreferrer noopener\" aria-label=\"foros de ayuda en espa\u00f1ol (opens in a new tab)\" href=\"https:\/\/es.wordpress.org\/support\/users\/jose-lazo\/replied-to\/\" target=\"_blank\">foros de ayuda en espa\u00f1ol<\/a> y en algunas <a rel=\"noreferrer noopener\" aria-label=\"traducciones (opens in a new tab)\" href=\"https:\/\/translate.wordpress.org\/\" target=\"_blank\">traducciones<\/a>. Ha trabajado en Mecus y como freelance. <\/p>\n\t\t\t\t<\/div>\n\t\t\t<\/div>\n\n\t\t\n\t\t\t<div class=\"wcorg-organizer\">\n\t\t\t\t<h2>Maribel Delgado<\/h2>\n\t\t\t\t<div class=\"wcorg-organizer-description\">\n\t\t\t\t\t\t\t\t\t\t<img alt='' src='https:\/\/secure.gravatar.com\/avatar\/c5afdb940127891d257fa12902723452d3a06cc610c8f83540e91257e197d618?s=100&#038;d=mm&#038;r=g' srcset='https:\/\/secure.gravatar.com\/avatar\/c5afdb940127891d257fa12902723452d3a06cc610c8f83540e91257e197d618?s=200&#038;d=mm&#038;r=g 2x' class='avatar avatar-100 photo' height='100' width='100' \/>\t\t\t\t\t\n<p>Es la encargada de la l\u00ednea visual, de dise\u00f1o y de la identidad corporativa de la <a href=\"https:\/\/2019-developers.sevilla.wordcamp.org\/\">WordCamp para desarrolladores Sevilla 2019<\/a>.<\/p>\n\n\n\n<p>Maribel es dise\u00f1adora y desarrolladora web declarativa. Creativa, ecl\u00e9ctica y entusiasta de la cooperaci\u00f3n, colabora con WordPress Sevilla para dar a conocer las ventajas del trabajo en la comunidad.<\/p>\n\t\t\t\t<\/div>\n\t\t\t<\/div>\n\n\t\t\n\t\t\t<div class=\"wcorg-organizer\">\n\t\t\t\t<h2>David Navia<\/h2>\n\t\t\t\t<div class=\"wcorg-organizer-description\">\n\t\t\t\t\t\t\t\t\t\t<img alt='' src='https:\/\/secure.gravatar.com\/avatar\/ea1143d9e9108ff1565aab3efd039105e844db881ff8811bae6e6eef965dc37d?s=100&#038;d=mm&#038;r=g' srcset='https:\/\/secure.gravatar.com\/avatar\/ea1143d9e9108ff1565aab3efd039105e844db881ff8811bae6e6eef965dc37d?s=200&#038;d=mm&#038;r=g 2x' class='avatar avatar-100 photo' height='100' width='100' \/>\t\t\t\t\t\n<p>Es el <em>Team Leader<\/em> de la <a href=\"https:\/\/2019-developers.sevilla.wordcamp.org\/\">WordCamp para desarrolladores Sevilla 2019<\/a>. Su misi\u00f3n consistir\u00e1 en coordinar a todos los miembros del equipo para que evento vaya como la seda y los asistentes se lleven un buen sabor de boca. Si algo sale mal, ser\u00e1 culpa suya \ud83d\ude00<\/p>\n\n\n\n<p>David es T\u00e9cnico Superior de Telecomunicaciones y actualmente trabaja como freelance. Comenz\u00f3 a utilizar WordPress como base para su trabajo en el a\u00f1o 2010. Actualmente forma parte de la comunidad de <a href=\"https:\/\/es.wordpress.org\/\">WordPress Espa\u00f1a<\/a>, en la cual participa ofreciendo soporte en los <a href=\"https:\/\/es.wordpress.org\/support\/forums\/\">foros oficiales<\/a>, ayudando con las <a href=\"https:\/\/translate.wordpress.org\/locale\/es\">traducciones<\/a> y dando charlas y ponencias en Meetups y WordCamps.<\/p>\n\t\t\t\t<\/div>\n\t\t\t<\/div>\n\n\t\t\n\t<\/div><!-- .wcorg-organizers -->\n\t\n","protected":false},"excerpt":{"rendered":"<p>Este es el equipo de la organizaci\u00f3n de la WordCampThis is the organizing team of the WordCamp<\/p>\n","protected":false},"author":7425830,"featured_media":0,"parent":191,"menu_order":0,"comment_status":"closed","ping_status":"closed","template":"","meta":{"jetpack_post_was_ever_published":false,"footnotes":""},"class_list":["post-160","page","type-page","status-publish","hentry"],"jetpack_sharing_enabled":true,"jetpack_shortlink":"https:\/\/wp.me\/PapmcC-2A","_links":{"self":[{"href":"https:\/\/sevilla.wordcamp.org\/2019-developers\/wp-json\/wp\/v2\/pages\/160","targetHints":{"allow":["GET"]}}],"collection":[{"href":"https:\/\/sevilla.wordcamp.org\/2019-developers\/wp-json\/wp\/v2\/pages"}],"about":[{"href":"https:\/\/sevilla.wordcamp.org\/2019-developers\/wp-json\/wp\/v2\/types\/page"}],"author":[{"embeddable":true,"href":"https:\/\/sevilla.wordcamp.org\/2019-developers\/wp-json\/wp\/v2\/users\/7425830"}],"replies":[{"embeddable":true,"href":"https:\/\/sevilla.wordcamp.org\/2019-developers\/wp-json\/wp\/v2\/comments?post=160"}],"version-history":[{"count":6,"href":"https:\/\/sevilla.wordcamp.org\/2019-developers\/wp-json\/wp\/v2\/pages\/160\/revisions"}],"predecessor-version":[{"id":2821,"href":"https:\/\/sevilla.wordcamp.org\/2019-developers\/wp-json\/wp\/v2\/pages\/160\/revisions\/2821"}],"up":[{"embeddable":true,"href":"https:\/\/sevilla.wordcamp.org\/2019-developers\/wp-json\/wp\/v2\/pages\/191"}],"wp:attachment":[{"href":"https:\/\/sevilla.wordcamp.org\/2019-developers\/wp-json\/wp\/v2\/media?parent=160"}],"curies":[{"name":"wp","href":"https:\/\/api.w.org\/{rel}","templated":true}]}}