{"id":2452,"date":"2019-05-20T20:45:31","date_gmt":"2019-05-20T18:45:31","guid":{"rendered":"https:\/\/2019-developers.sevilla.wordcamp.org\/?page_id=2452"},"modified":"2019-05-29T19:58:28","modified_gmt":"2019-05-29T17:58:28","slug":"faq","status":"publish","type":"page","link":"https:\/\/sevilla.wordcamp.org\/2019-developers\/informacion\/faq\/","title":{"rendered":"Preguntas frecuentes <em>FAQ<\/em>"},"content":{"rendered":"\n<p>El domingo 19 de mayo, con nocturnidad y alevos\u00eda, desde la comunidad de WordPress Sevilla anunci\u00e1bamos por sorpresa la primera <strong>WordCamp para desarrolladores<\/strong> que se celebra en Espa\u00f1a. El evento en si no es que sea una novedad, puesto que ya se celebr\u00f3 uno de estas caracter\u00edsticas en <a rel=\"noreferrer noopener\" aria-label=\"Bolonia  (opens in a new tab)\" href=\"https:\/\/2018.bologna.wordcamp.org\/\" target=\"_blank\">Bolonia<\/a> en mayo del pasado a\u00f1o. El porqu\u00e9 de nuestra decisi\u00f3n lo puedes leer <a href=\"https:\/\/2019-developers.sevilla.wordcamp.org\/2019\/05\/13\/wordcamp-para-desarrolladores-sevilla-2019\/\">aqu\u00ed<\/a>.<\/p>\n\n\n\n<p>No obstante, en el seno de la la comunidad de WordPress Espa\u00f1a se han generado algunas dudas (razonables) respecto al formato del evento, al tratarse de algo novedoso en nuestro pa\u00eds. Es por ello que desde la organizaci\u00f3n de la <strong>WordCamp para desarrolladores Sevilla 2019<\/strong> queremos aclarar esas dudas:<\/p>\n\n\n\n<h3 class=\"wp-block-heading\">1.- \u00bfEs una WordCamp S\u00d3LO para desarrolladores?<\/h3>\n\n\n\n<p>En ning\u00fan momento, ni en la web ni en nuestras redes sociales se ha utilizado la palabra &#8216;solo&#8217;. Es m\u00e1s, el c\u00f3digo de conducta que todos los organizadores hemos aceptado implica la no discriminaci\u00f3n, y nosotros entendemos la exclusividad y la segregaci\u00f3n como un acto de discriminaci\u00f3n.<\/p>\n\n\n\n<p>Por otra parte, como cualquier otra WordCamp, se trata de un evento respaldado por la Fundaci\u00f3n WordPress, hasta el punto de haber provocado la decisi\u00f3n de asignar una URL espec\u00edfica, tal y como tienen otras WordCamps de nicho como la de Publishers. Este a\u00f1o, por cierto, se celebra en <a href=\"https:\/\/2019-columbus.publishers.wordcamp.org\/\" target=\"_blank\" rel=\"noreferrer noopener\" aria-label=\"Columbus, Ohio (opens in a new tab)\">Columbus, Ohio<\/a>.<\/p>\n\n\n\n<p>Por todo esto, podemos concluir que NO es un evento exclusivo y NO es S\u00d3LO para desarrolladores.<\/p>\n\n\n\n<h3 class=\"wp-block-heading\">2.- \u00bfQu\u00e9 es un desarrollador?<\/h3>\n\n\n\n<p>Remiti\u00e9ndonos a la definici\u00f3n de <a rel=\"noreferrer noopener\" aria-label=\"Wikipedia (opens in a new tab)\" href=\"https:\/\/es.wikipedia.org\/wiki\/Desarrollador_web\" target=\"_blank\">Wikipedia<\/a>, un desarrollador (web) es:<\/p>\n\n\n\n<blockquote class=\"wp-block-quote is-layout-flow wp-block-quote-is-layout-flow\"><p>\u00abUn programador especializado, o dedicado de forma espec\u00edfica, en desarrollar aplicaciones de la World Wide Web o aplicaciones distribuidas en red que se ejecutan mediante HTTP desde un servidor web a un navegador web.\u00bb<\/p><cite>Wikipedia en espa\u00f1ol<\/cite><\/blockquote>\n\n\n\n<div style=\"height:30px\" aria-hidden=\"true\" class=\"wp-block-spacer\"><\/div>\n\n\n\n<p>Sin embargo, nosotros tenemos una mejor definici\u00f3n:<\/p>\n\n\n\n<blockquote class=\"wp-block-quote is-layout-flow wp-block-quote-is-layout-flow\"><p>\u00abAlguien que hace cosas web, generalmente a base de c\u00f3digo, sin ser necesariamente programador. A menudo se relaciona con gente de otras especialidades como analistas, administradores de sistemas o dise\u00f1adores. Al ser un abanico muy amplio, est\u00e1n los desarrolladores que se diversifican (mal llamados Full-stack) y los que se especializan (Seguridad, WPO, administraci\u00f3n, etc.)\u00bb<\/p><cite>Comunidad WordPress Sevilla<\/cite><\/blockquote>\n\n\n\n<div style=\"height:30px\" aria-hidden=\"true\" class=\"wp-block-spacer\"><\/div>\n\n\n\n<p>De esta forma, definimos la <strong>WordCamp para desarrolladores <\/strong>como una WordCamp dirigida a los que se dedican o se quieren dedicar a hacer cosas con c\u00f3digo <strong>sin importar su perfil<\/strong>.<\/p>\n\n\n\n<h3 class=\"wp-block-heading\">3.- Desarrolladores\u2026 \u00bfhablamos de los ponentes o de los asistentes?<\/h3>\n\n\n\n<p>Pues ni lo uno, ni lo otro, sino todo lo contrario. Habr\u00e1 ponentes y asistentes que no sean desarrolladores, seguramente. En esta WordCamp buscamos ampliar el conocimiento de todos en todo lo que sea c\u00f3digo o tenga que ver con \u00e9l, v\u00e9ase PHP, CSS\/SASS\/LESS, JS y un largo etc\u00e9tera.<\/p>\n\n\n\n<p>Lo que s\u00ed es seguro es que no encontrar\u00e1s sesiones sobre emprendimiento, SEO, dise\u00f1o editorial, o trabajo en remoto.<\/p>\n\n\n\n<h3 class=\"wp-block-heading\">4.- No soy desarrollador: \u00bfpuedo asistir a la WordCamp para desarrolladores?<\/h3>\n\n\n\n<p>Por supuesto. Nadie te lo va a impedir. S\u00f3lo debes tener en cuenta el programa a la hora de comprar tu entrada. Vamos, como en cualquier WordCamp.<\/p>\n\n\n\n<p>Desde la organizaci\u00f3n lo tenemos muy claro: no te va a hacer falta tener diez a\u00f1os de experiencia como programador en PHP para aprender algo en esta WordCamp.<\/p>\n\n\n\n<h3 class=\"wp-block-heading\">5.- \u00bfHabr\u00e1 sesiones sobre dise\u00f1o, SEO, emprendimiento, etc?<\/h3>\n\n\n\n<p>Pues no, pero la pregunta es: como dise\u00f1ador, SEO, emprendedor, etc. \u00bfme interesa conocer algunas cosas sobre desarrollo? Creemos que el conocimiento no ocupa lugar y estamos seguros de que siempre es positivo adquirir nuevos conceptos y entender mejor ciertas cuestiones que, de una forma u otra, nos afectan o pueden afectar en nuestro trabajo diario.<\/p>\n\n\n\n<h3 class=\"wp-block-heading\">6.- Tengo otra pregunta, se\u00f1or\u00eda&#8230;<\/h3>\n\n\n\n<p>Este es un documento en construcci\u00f3n, por lo que si te surge alguna pregunta adicional, no dudes en contactar con nosotros a trav\u00e9s del <a href=\"https:\/\/2019-developers.sevilla.wordcamp.org\/contacto\/\">formulario de contacto<\/a> y estaremos encantados de ayudarte.<\/p>\n\n\n\n<p>\u00a1Nos vemos en octubre!<\/p>\n\n\n\n<h2 class=\"wp-block-heading\">Frequently Asked Questions<\/h2>\n\n\n\n<p>On Sunday, May 19, under the cover of darkness and with malice aforethought, from the community of WordPress Seville, we announced by surprise the first <strong>WordCamp for developers<\/strong> to be held in Spain. The event itself is not a novelty since one of these kinds of events was held in <a href=\"https:\/\/2018.bologna.wordcamp.org\/\">Bologna<\/a> in May last year. The reason for our decision can be read <a href=\"https:\/\/2019-developers.sevilla.wordcamp.org\/2019\/05\/13\/wordcamp-para-desarrolladores-sevilla-2019\/\">here<\/a>.<\/p>\n\n\n\n<p>However, within the WordPress Spain community, some (reasonable) doubts have been generated regarding the format of the event, as it is something new in our country. It is for this reason that from the organization of the <strong>WordCamp for developers Seville 2019<\/strong> we want to clarify these doubts:<\/p>\n\n\n\n<h3 class=\"wp-block-heading\">1.- Is a WordCamp ONLY for developers?<\/h3>\n\n\n\n<p>At no time has the word &#8216;only&#8217; been used on the web or on our social networks. Moreover, the code of conduct that all organizers have accepted implies non-discrimination, and we understand exclusivity and segregation as an act of discrimination.<\/p>\n\n\n\n<p>On the other hand, like any other WordCamp, this is an event supported by the WordPress Foundation, to the point of having provoked the decision to assign a specific URL, such as other WordCamps have a niche as Publishers. This year, by the way, it&#8217;s being held in <a href=\"https:\/\/2019-columbus.publishers.wordcamp.org\/\">Columbus, Ohio<\/a>.<\/p>\n\n\n\n<p>Therefore, we can conclude that it is NOT an exclusive event and it is NOT ONLY for developers.<\/p>\n\n\n\n<h3 class=\"wp-block-heading\">2.- What is a developer?<\/h3>\n\n\n\n<p>Referring to the Wikipedia definition, a developer (web) is:<\/p>\n\n\n\n<blockquote class=\"wp-block-quote is-layout-flow wp-block-quote-is-layout-flow\"><p>\u00abIs a programmer who specializes in, or is specifically engaged in, the development of World Wide Web applications, or applications that are run over HTTP : CSS OR HTML from a web server to a web browser.\u00bb<\/p><cite>Wikipedia<\/cite><\/blockquote>\n\n\n\n<div style=\"height:30px\" aria-hidden=\"true\" class=\"wp-block-spacer\"><\/div>\n\n\n\n<p>However, we have a better definition:<\/p>\n\n\n\n<blockquote class=\"wp-block-quote is-layout-flow wp-block-quote-is-layout-flow\"><p>\u00abSomeone who does web things, usually code-based, without necessarily being a programmer. He\/she often interacts with people from other specialities such as analysts, system administrators or designers. Being a very wide range, there are developers who diversify (misnamed Full-stack) and those who specialize (Security, WPO, SysAdmin, etc.).\u00bb<\/p><cite>WordPress Seville Community<\/cite><\/blockquote>\n\n\n\n<div style=\"height:30px\" aria-hidden=\"true\" class=\"wp-block-spacer\"><\/div>\n\n\n\n<p>In this way, we define <strong>WordCamp for developers<\/strong> as a WordCamp aimed at those who do or want to do things with code <strong>regardless of their profile<\/strong>.<\/p>\n\n\n\n<h3 class=\"wp-block-heading\">3.- Developers\u2026 are we talking about speakers or attendees?<\/h3>\n\n\n\n<p>Neither the one, nor the other, but quite the opposite. There will be speakers and attendees who are not developers, surely. In this WordCamp, we seek to broaden everyone&#8217;s knowledge in everything that is code or has to do with it, see PHP, CSS\/SASS\/LESS, JS and a long etcetera.<\/p>\n\n\n\n<p>What is certain is that you will not find sessions about entrepreneurship, SEO, editorial design, or remote work.<\/p>\n\n\n\n<h3 class=\"wp-block-heading\">4.- I&#8217;m not a developer: can I attend WordCamp for developers?<\/h3>\n\n\n\n<p>Of course. Nobody is going to stop you. You only have to take into account the program when buying your ticket. Mostly, like in any WordCamp.<\/p>\n\n\n\n<p>From the organization we are very clear: you won&#8217;t need ten years of experience as a PHP programmer to learn something in this WordCamp.<\/p>\n\n\n\n<h3 class=\"wp-block-heading\">5.- Will there be sessions about design, SEO, entrepreneurship, etc?<\/h3>\n\n\n\n<p>Well, no, but the question is: as a designer, SEO, entrepreneur, etc. Am I interested in knowing some things about development? We believe that knowledge does not take up any space and we are sure that it is always positive to acquire new concepts and better understand certain issues that, in one way or another, affect us or may affect our daily work.<\/p>\n\n\n\n<h3 class=\"wp-block-heading\">6.- I have another question, Your Honor\u2026<\/h3>\n\n\n\n<p>This is a work in progress document, so if you have any additional questions, do not hesitate to contact us through the <a href=\"https:\/\/2019-developers.sevilla.wordcamp.org\/contacto\/\">contact form<\/a> and we will be happy to help.<\/p>\n\n\n\n<p>See you in October!<\/p>\n","protected":false},"excerpt":{"rendered":"<p>El domingo 19 de mayo, con nocturnidad y alevos\u00eda, desde la comunidad de WordPress Sevilla anunci\u00e1bamos por sorpresa la primera WordCamp para desarrolladores que se celebra en Espa\u00f1a. El evento en si no es que sea una novedad, puesto que ya se celebr\u00f3 uno de estas caracter\u00edsticas en Bolonia en mayo del pasado a\u00f1o. El &hellip; <\/p>\n<p class=\"link-more\"><a href=\"https:\/\/sevilla.wordcamp.org\/2019-developers\/informacion\/faq\/\" class=\"more-link\">Continuar leyendo<span class=\"screen-reader-text\"> \u00abPreguntas frecuentes <em>FAQ<\/em>\u00ab<\/span><\/a><\/p>\n","protected":false},"author":14942197,"featured_media":2932,"parent":191,"menu_order":0,"comment_status":"closed","ping_status":"closed","template":"","meta":{"jetpack_post_was_ever_published":false,"footnotes":""},"class_list":["post-2452","page","type-page","status-publish","has-post-thumbnail","hentry"],"jetpack_sharing_enabled":true,"jetpack_shortlink":"https:\/\/wp.me\/PapmcC-Dy","_links":{"self":[{"href":"https:\/\/sevilla.wordcamp.org\/2019-developers\/wp-json\/wp\/v2\/pages\/2452","targetHints":{"allow":["GET"]}}],"collection":[{"href":"https:\/\/sevilla.wordcamp.org\/2019-developers\/wp-json\/wp\/v2\/pages"}],"about":[{"href":"https:\/\/sevilla.wordcamp.org\/2019-developers\/wp-json\/wp\/v2\/types\/page"}],"author":[{"embeddable":true,"href":"https:\/\/sevilla.wordcamp.org\/2019-developers\/wp-json\/wp\/v2\/users\/14942197"}],"replies":[{"embeddable":true,"href":"https:\/\/sevilla.wordcamp.org\/2019-developers\/wp-json\/wp\/v2\/comments?post=2452"}],"version-history":[{"count":6,"href":"https:\/\/sevilla.wordcamp.org\/2019-developers\/wp-json\/wp\/v2\/pages\/2452\/revisions"}],"predecessor-version":[{"id":2540,"href":"https:\/\/sevilla.wordcamp.org\/2019-developers\/wp-json\/wp\/v2\/pages\/2452\/revisions\/2540"}],"up":[{"embeddable":true,"href":"https:\/\/sevilla.wordcamp.org\/2019-developers\/wp-json\/wp\/v2\/pages\/191"}],"wp:featuredmedia":[{"embeddable":true,"href":"https:\/\/sevilla.wordcamp.org\/2019-developers\/wp-json\/wp\/v2\/media\/2932"}],"wp:attachment":[{"href":"https:\/\/sevilla.wordcamp.org\/2019-developers\/wp-json\/wp\/v2\/media?parent=2452"}],"curies":[{"name":"wp","href":"https:\/\/api.w.org\/{rel}","templated":true}]}}