{"id":4725,"date":"2019-09-11T21:14:05","date_gmt":"2019-09-11T19:14:05","guid":{"rendered":"https:\/\/2019-developers.sevilla.wordcamp.org\/?page_id=4725"},"modified":"2019-10-02T11:53:38","modified_gmt":"2019-10-02T09:53:38","slug":"aperitivos-formativos","status":"publish","type":"page","link":"https:\/\/sevilla.wordcamp.org\/2019-developers\/aperitivos-formativos\/","title":{"rendered":"Aperitivos formativos"},"content":{"rendered":"\n<p>Os dejamos de forma resumida los aperitivos formativos de cada taller y ponencia en esta p\u00e1gina para que pod\u00e1is venir \u00abcon los deberes hechos de casa\u00bb. <em>Semper discendo<\/em><\/p>\n\n\n\n<p> Durante las pr\u00f3ximas semanas vamos a ir publicando material complementario (v\u00eddeos, cursos, tutoriales, etc) para que puedas sacarle todo el partido a estas sesiones.  <\/p>\n\n\n\n<h3 class=\"wp-block-heading\"> <a href=\"https:\/\/2019-developers.sevilla.wordcamp.org\/session\/entiende-y-crea-bloques-de-gutenberg\/\">Entiende y crea bloques de Gutenberg<\/a> <\/h3>\n\n\n\n<p>Como requisitos previos es aconsejable tener nivel medio de JS y PHP y algo de CSS para dar estilos<\/p>\n\n\n\n<p>Se pueden utilizar tambi\u00e9n estos art\u00edculos para profundizar:<\/p>\n\n\n\n<ul class=\"wp-block-list\"><li><a href=\"https:\/\/www.arsys.es\/blog\/programacion\/crear-bloques-wordpress-gutenberg\/\" target=\"_blank\" rel=\"noreferrer noopener nofollow\">https:\/\/www.arsys.es\/blog\/programacion\/crear-bloques-wordpress-gutenberg\/<\/a><\/li><li><a rel=\"noreferrer noopener\" href=\"https:\/\/neliosoftware.com\/es\/blog\/crear-primer-bloque-gutenberg\/\" target=\"_blank\">https:\/\/neliosoftware.com\/es\/blog\/crear-primer-bloque-gutenberg\/<\/a><\/li><li><a rel=\"noreferrer noopener\" href=\"http:\/\/tuguiawordpress.com\/creando-bloques-para-gutenberg-wordpress\/\" target=\"_blank\">http:\/\/tuguiawordpress.com\/creando-bloques-para-gutenberg-wordpress\/<\/a><\/li><li><a href=\"https:\/\/openwebinars.net\/talleres\/gutenberg-wordpress\/\" rel=\"nofollow\">https:\/\/openwebinars.net\/talleres\/gutenberg-wordpress\/<\/a><\/li><li><a href=\"https:\/\/openwebinars.net\/cursos\/javascript-wordpress\/\" rel=\"nofollow\">https:\/\/openwebinars.net\/cursos\/javascript-wordpress\/<\/a><\/li><\/ul>\n\n\n\n<h3 class=\"wp-block-heading\"> <a href=\"https:\/\/2019-developers.sevilla.wordcamp.org\/session\/configura-todas-las-caches-de-wordpress\/\">Configura todas las cach\u00e9s de WordPress<\/a> <\/h3>\n\n\n\n<p> Para ponerte al d\u00edas sobre cach\u00e9 en WordPress, puedes echarle un ojo a este curso:<\/p>\n\n\n\n<ul class=\"wp-block-list\"><li><a href=\"https:\/\/openwebinars.net\/talleres\/wordpress-cache\/\" rel=\"nofollow\">https:\/\/openwebinars.net\/talleres\/wordpress-cache\/<\/a><\/li><\/ul>\n\n\n\n<h3 class=\"wp-block-heading\"> <a href=\"https:\/\/2019-developers.sevilla.wordcamp.org\/session\/pruebas-de-navegador-automatizadas-para-wordpress\/\">Pruebas de navegador automatizadas para WordPress<\/a> <\/h3>\n\n\n\n<p>  Para familiarizarte con el <em>testing<\/em>, puedes echarle un ojo a este curso: <\/p>\n\n\n\n<p><a href=\"https:\/\/openwebinars.net\/cursos\/introduccion-testing\/\" rel=\"nofollow\">https:\/\/openwebinars.net\/cursos\/introduccion-testing\/<\/a><\/p>\n\n\n\n<h3 class=\"wp-block-heading\"> <a href=\"https:\/\/2019-developers.sevilla.wordcamp.org\/session\/del-caos-a-la-excelencia-refactorizando-un-plugin\/\">Del caos a la excelencia: Refactorizando un plugin<\/a> <\/h3>\n\n\n\n<p>Para seguir el taller de manera c\u00f3moda y poder participar se recomienda a los asistentes:<\/p>\n\n\n\n<ul class=\"wp-block-list\"><li>Llevar un WordPress instalado. A poder ser uno \u201climpio\u201d.<\/li><li>Instalar Cypress en una carpeta aparte (<a rel=\"noreferrer noopener\" href=\"https:\/\/www.cypress.io\/\" target=\"_blank\">https:\/\/www.cypress.io\/<\/a>). Convendr\u00eda que supiesen manejarlo a un nivel muy b\u00e1sico.<\/li><li>Instalar WP-Cli (<a rel=\"noreferrer noopener\" href=\"https:\/\/wp-cli.org\/#install\" target=\"_blank\">https:\/\/wp-cli.org\/#install<\/a>). Este tambi\u00e9n ser\u00eda conveniente que supieran manejarlo a un nivel muy, muy b\u00e1sico.<\/li><li>Instalar PHPUnit (<a rel=\"noreferrer noopener\" href=\"https:\/\/github.com\/sebastianbergmann\/phpunit#installation\" target=\"_blank\">https:\/\/github.com\/sebastianbergmann\/phpunit#installation<\/a>).<\/li><li>Tener instalado su IDE favorito.<\/li><\/ul>\n\n\n\n<h3 class=\"wp-block-heading\"> <a href=\"https:\/\/2019-developers.sevilla.wordcamp.org\/session\/crea-un-tema-con-react-en-menos-de-30-minutos\/\">Crea un tema con React en menos de 30 minutos<\/a> <\/h3>\n\n\n\n<p>David y Luis han preparado un taller para este septiembre en la Meetup de WordPress Devs de Madrid que puede servir de introducci\u00f3n a su taller. Si est\u00e1s por all\u00ed puedes asistir, y si no, pronto lo encontrar\u00e1s enlazado aqu\u00ed para poder revisarlo. <\/p>\n\n\n\n<p>Si traes Node instalado en tu equipo, mejor:  <a rel=\"noreferrer noopener\" target=\"_blank\" href=\"https:\/\/nodejs.org\/\">https:\/\/nodejs.org<\/a> <\/p>\n\n\n\n<p>Puedes mirarte esto: <\/p>\n\n\n\n<p><a rel=\"noreferrer noopener\" target=\"_blank\" href=\"https:\/\/docs.frontity.org\/javascript-and-and-react\/javascript-basics\">https:\/\/docs.frontity.org\/javascript-and-and-react\/javascript-basics<\/a><br><a rel=\"noreferrer noopener\" target=\"_blank\" href=\"https:\/\/docs.frontity.org\/javascript-and-and-react\/react-basic\">https:\/\/docs.frontity.org\/javascript-and-and-react\/react-basic<\/a><\/p>\n\n\n\n<p>Y si quieres avanzar un poco m\u00e1s:<br><a rel=\"noreferrer noopener\" target=\"_blank\" href=\"https:\/\/docs.frontity.org\/learning-frontity\">https:\/\/docs.frontity.org\/learning-frontity<\/a><\/p>\n\n\n\n<p>O bien puedes usar tu acceso a OpenWebinars y mirar estos cursos relacionados:<\/p>\n\n\n\n<ul class=\"wp-block-list\"><li><a href=\"https:\/\/openwebinars.net\/cursos\/react\/\" rel=\"nofollow\">https:\/\/openwebinars.net\/cursos\/react\/<\/a><\/li><li><a href=\"https:\/\/openwebinars.net\/talleres\/react-hooks\/\" rel=\"nofollow\">https:\/\/openwebinars.net\/talleres\/react-hooks\/<\/a><\/li><li><a href=\"https:\/\/openwebinars.net\/cursos\/javascript-wordpress\/\" rel=\"nofollow\">https:\/\/openwebinars.net\/cursos\/javascript-wordpress\/<\/a><\/li><li><a href=\"https:\/\/openwebinars.net\/cursos\/npm-yarn\/\" rel=\"nofollow\">https:\/\/openwebinars.net\/cursos\/npm-yarn\/<\/a><\/li><li><a href=\"https:\/\/openwebinars.net\/cursos\/webpack-basico\/\" rel=\"nofollow\">https:\/\/openwebinars.net\/cursos\/webpack-basico\/<\/a><\/li><li><a href=\"https:\/\/openwebinars.net\/cursos\/javascript\/\" rel=\"nofollow\">https:\/\/openwebinars.net\/cursos\/javascript\/<\/a><\/li><\/ul>\n\n\n\n<p>Por \u00faltimo y como extra, puedes ver este taller de introducci\u00f3n a React que hizo Sonia en la WordPress Meetup Madrid for Devs  hace un par de semanas:<br><a rel=\"noreferrer noopener\" target=\"_blank\" href=\"https:\/\/www.youtube.com\/watch?v=tow1PrsnB2M\">https:\/\/www.youtube.com\/watch?v=tow1PrsnB2M<\/a> <\/p>\n\n\n\n<h3 class=\"wp-block-heading\"> <a href=\"https:\/\/2019-developers.sevilla.wordcamp.org\/session\/taller-advanced-2\/\">Buscando patr\u00f3n con expresiones regulares<\/a> <\/h3>\n\n\n\n<p>Pablo nos recomienda que tengamos algo de soltura con las expresiones regulares, y para eso nos recomienda estos recursos:<\/p>\n\n\n\n<ul class=\"wp-block-list\"><li>Recurso para leer sobre expresiones regulares (<a rel=\"noreferrer noopener\" href=\"https:\/\/maugelves.com\/expresiones-regulares-en-php\/\" target=\"_blank\">https:\/\/maugelves.com\/expresiones-regulares-en-php\/<\/a>)<\/li><li>Recurso para practicar expresiones regulares (<a rel=\"noreferrer noopener\" href=\"https:\/\/regex101.com\/\" target=\"_blank\">https:\/\/regex101.com\/<\/a>)<\/li><\/ul>\n\n\n\n<h3 class=\"wp-block-heading\"><a href=\"https:\/\/2019-developers.sevilla.wordcamp.org\/session\/automatiza-tu-wordpress-con-wp-cli\/\">Automatiza tu WordPress con WP-CLI<\/a><\/h3>\n\n\n\n<p>Durante este taller veremos como montar varios sitios basados en WordPress&nbsp;&nbsp;y c\u00f3mo podemos automatizar tareas con comandos y\/o scripts. Para ello, necesitar\u00edas tener instalado:<\/p>\n\n\n\n<p><strong>Entorno LAMP&nbsp;<\/strong>, puedes tenerlo en local o en tu propio hosting. Debe tener al menos estos requisitos:<\/p>\n\n\n\n<ul class=\"wp-block-list\"><li>Entorno linux o consola Cygwin<\/li><li>PHP 7.1<\/li><li>WordPress 5<\/li><\/ul>\n\n\n\n<p><strong>WP-CLI<\/strong>. Si tienes un hosting, es posible que ya lo tengas instalado (Siteground lo tiene):$ curl -O&nbsp;<a rel=\"noreferrer noopener\" target=\"_blank\" href=\"https:\/\/raw.githubusercontent.com\/wp-cli\/builds\/gh-pages\/phar\/wp-cli.phar\">https:\/\/raw.githubusercontent.com\/wp-cli\/builds\/gh-pages\/phar\/wp-cli.phar<\/a><br><br><code>$ php wp-cli.phar --info<br>$ chmod +x wp-cli.phar<br>$ sudo mv wp-cli.phar \/usr\/local\/bin\/wp<br>$ wp --info<\/code><\/p>\n\n\n\n<p>Se pueden utilizar tambi\u00e9n estos art\u00edculos para profundizar:<\/p>\n\n\n\n<ul class=\"wp-block-list\"><li><a href=\"https:\/\/openwebinars.net\/cursos\/shell-linux\/\" rel=\"nofollow\">https:\/\/openwebinars.net\/cursos\/shell-linux\/<\/a><\/li><li><a href=\"https:\/\/openwebinars.net\/cursos\/powershell-principiantes\/\" rel=\"nofollow\">https:\/\/openwebinars.net\/cursos\/powershell-principiantes\/<\/a><\/li><li><a href=\"https:\/\/make.wordpress.org\/cli\/handbook\/\">https:\/\/make.wordpress.org\/cli\/handbook\/<\/a><\/li><li><a href=\"https:\/\/wordpress.tv\/2019\/06\/10\/francisco-calderon-jurado-wp-cli-automatiza-tus-tareas-y-tomate-un-cafe-opensouthcode-2019\/\">https:\/\/wordpress.tv\/2019\/06\/10\/francisco-calderon-jurado-wp-cli-automatiza-tus-tareas-y-tomate-un-cafe-opensouthcode-2019\/<\/a><\/li><li><a href=\"https:\/\/wordpress.tv\/2018\/06\/04\/javier-casares-wp-cli-para-hacer-mantenimiento-semanal-de-tu-sitio\/\">https:\/\/wordpress.tv\/2018\/06\/04\/javier-casares-wp-cli-para-hacer-mantenimiento-semanal-de-tu-sitio\/<\/a><\/li><\/ul>\n\n\n\n<h3 class=\"wp-block-heading\"> <a href=\"https:\/\/2019-developers.sevilla.wordcamp.org\/session\/building-an-amp-compatible-wordpress-site-english\/\">Building an AMP compatible WordPress site (English)<\/a> <\/h3>\n\n\n\n<p>Felix quiere que lleguemos a su taller con la tarea hecha y todo preparado, as\u00ed que nos ha pedido que tengamos ya listo el entorno con el que vamos a trabajar en el equipo.<\/p>\n\n\n\n<p>Ten\u00e9is todos los pasos aqu\u00ed debajo.<\/p>\n\n\n\n<div class=\"wp-block-file\"><a href=\"https:\/\/2019-developers.sevilla.wordcamp.org\/files\/2019\/09\/Building-an-AMP-Compatible-WordPress-Site-WordCamp-Sevilla-Steps.pdf\">Building an AMP Compatible WordPress &#8211; Steps<\/a><a href=\"https:\/\/2019-developers.sevilla.wordcamp.org\/files\/2019\/09\/Building-an-AMP-Compatible-WordPress-Site-WordCamp-Sevilla-Steps.pdf\" class=\"wp-block-file__button\">Descargar<\/a><\/div>\n\n\n\n<h3 class=\"wp-block-heading\"> <a href=\"https:\/\/2019-developers.sevilla.wordcamp.org\/session\/crea-una-spa-con-woocommerce-y-react-js\/\">Crea una SPA con WooCommerce y React.js<\/a> <\/h3>\n\n\n\n<p> Si no te has puesto las pilas a\u00fan con Javascript y React.js, mira estos cursos:<\/p>\n\n\n\n<ul class=\"wp-block-list\"><li><a href=\"https:\/\/openwebinars.net\/cursos\/react\/\" rel=\"nofollow\">https:\/\/openwebinars.net\/cursos\/react\/<\/a><\/li><li><a href=\"https:\/\/openwebinars.net\/cursos\/javascript-wordpress\/\" rel=\"nofollow\">https:\/\/openwebinars.net\/cursos\/javascript-wordpress\/<\/a><\/li><\/ul>\n\n\n\n<hr class=\"wp-block-separator\" \/>\n\n\n\n<h2 class=\"wp-block-heading\">S\u00e1bado 5 de Octubre: Charlas<br><em>Saturday, October 5th: Talks<\/em><\/h2>\n\n\n\n<h3 class=\"wp-block-heading\"> <a href=\"https:\/\/2019-developers.sevilla.wordcamp.org\/session\/xdebug-el-baston-blanco-para-los-desarrolladores-de-wordpress\/\">XDebug, el bast\u00f3n blanco para los desarrolladores de WordPress<\/a> <\/h3>\n\n\n\n<p> Para configurar correctamente XDebug en tu entorno puedes seguir las intrucciones del Codex de WordPress:<\/p>\n\n\n\n<ul class=\"wp-block-list\"><li><a href=\"https:\/\/codex.wordpress.org\/Testing_WordPress_Performance#Configuring_Xdebug_for_Profiling\">https:\/\/codex.wordpress.org\/Testing_WordPress_Performance#Configuring_Xdebug_for_Profiling<\/a><\/li><\/ul>\n\n\n\n<h3 class=\"wp-block-heading\"> <a href=\"https:\/\/2019-developers.sevilla.wordcamp.org\/session\/i-cant-believe-its-css\/\">I can\u2019t believe it\u2019s CSS<\/a> <\/h3>\n\n\n\n<p>Para esta sesi\u00f3n, Marta nos recomienda nociones de Sass, (mixins, variables, placeholders, nesting, sindicaci\u00f3n de clases) y de CSS, para poder entender todo lo que va a tratar sin problemas.<\/p>\n\n\n\n<ul class=\"wp-block-list\"><li><a href=\"https:\/\/openwebinars.net\/cursos\/flexbox-css-grid\/\" rel=\"nofollow\">https:\/\/openwebinars.net\/cursos\/flexbox-css-grid\/<\/a><\/li><li><a href=\"https:\/\/openwebinars.net\/cursos\/maquetacion-web-css\/\" rel=\"nofollow\">https:\/\/openwebinars.net\/cursos\/maquetacion-web-css\/<\/a><\/li><\/ul>\n\n\n\n<h3 class=\"wp-block-heading\"> <a href=\"https:\/\/2019-developers.sevilla.wordcamp.org\/session\/wordpress-en-alta-disponibilidad-en-aws\/\">WordPress en alta disponibilidad en AWS<\/a> <\/h3>\n\n\n\n<p>Si no est\u00e1is familiarizados con AWS y CloudFormation, puedes leer los conceptos b\u00e1sicos en:&nbsp;<a rel=\"noreferrer noopener\" href=\"https:\/\/docs.aws.amazon.com\/AWSCloudFormation\/latest\/UserGuide\/cfn-whatis-howdoesitwork.html\" target=\"_blank\">https:\/\/docs.aws.amazon.com\/AWSCloudFormation\/latest\/UserGuide\/cfn-whatis-howdoesitwork.html<\/a><\/p>\n\n\n\n<p>En este repositorio est\u00e1 disponible el c\u00f3digo fuente de la plantilla de WordPress en alta disponibilidad para que pod\u00e1is indagar y preparar todas las preguntas que teng\u00e1is para la sesi\u00f3n:&nbsp;<a rel=\"noreferrer noopener\" href=\"https:\/\/github.com\/aws-quickstart\/quickstart-bitnami-wordpress\" target=\"_blank\">https:\/\/github.com\/aws-quickstart\/quickstart-bitnami-wordpress<\/a>&nbsp;<\/p>\n\n\n\n<p>Tambi\u00e9n est\u00e1 disponible una gu\u00eda paso a paso para lanzar esta plantilla: <a rel=\"noreferrer noopener\" href=\"https:\/\/docs.bitnami.com\/aws-templates\/apps\/wordpress-production-ready\/get-started\/launch-production-ready-deployment\/\" target=\"_blank\">https:\/\/docs.bitnami.com\/aws-templates\/apps\/wordpress-production-ready\/get-started\/launch-production-ready-deployment\/<\/a><\/p>\n\n\n\n<ul class=\"wp-block-list\"><li><a href=\"https:\/\/openwebinars.net\/cursos\/aws\/\" rel=\"nofollow\">https:\/\/openwebinars.net\/cursos\/aws\/<\/a><\/li><\/ul>\n\n\n\n<h3 class=\"wp-block-heading\"> <a href=\"https:\/\/2019-developers.sevilla.wordcamp.org\/session\/caso-de-estudio-implementacion-del-rediseno-de-newtral-es-con-version-amp\/\">Caso de estudio: implementaci\u00f3n del redise\u00f1o de Newtral.es con versi\u00f3n AMP<\/a> <\/h3>\n\n\n\n<p>\n\nDurante las pr\u00f3ximas semanas vamos a ir publicando material complementario (v\u00eddeos, cursos, tutoriales, etc) para que puedas sacarle todo el partido a esta sesi\u00f3n.\n\n<\/p>\n\n\n\n<h3 class=\"wp-block-heading\"> <a href=\"https:\/\/2019-developers.sevilla.wordcamp.org\/session\/getting-more-done-in-less-time-introducing-wordpress-automation-using-ansible-english\/\">Getting more done in less time \u2013 introducing WordPress automation using Ansible (English)<\/a> <\/h3>\n\n\n\n<p> Si no est\u00e1s familiarizado con Ansible  y la automatizaci\u00f3n de infraestructuras IT, \u00e9chale un vistazo a este curso:<\/p>\n\n\n\n<ul class=\"wp-block-list\"><li><a href=\"https:\/\/openwebinars.net\/cursos\/ansible\/\" rel=\"nofollow\">https:\/\/openwebinars.net\/cursos\/ansible\/<\/a><\/li><\/ul>\n\n\n\n<h3 class=\"wp-block-heading\"> <a href=\"https:\/\/2019-developers.sevilla.wordcamp.org\/session\/querying-posts-by-custom-fields-vs-taxonomys-terms-is-there-a-difference-in-performance-english\/\">Querying posts by custom fields vs. taxonomy\u2019s terms \u2013 is there a difference in performance? (English)<\/a> <\/h3>\n\n\n\n<p> En la p\u00e1gina de ACF muestran ejemplos de consultas avanzadas filtrando por campos personalizados y taxonom\u00edas:<\/p>\n\n\n\n<ul class=\"wp-block-list\"><li><a rel=\"noreferrer noopener\" aria-label=\" (abre en una nueva pesta\u00f1a)\" href=\"https:\/\/www.advancedcustomfields.com\/resources\/query-posts-custom-fields\/#custom-field%20parameters\" target=\"_blank\">https:\/\/www.advancedcustomfields.com\/resources\/query-posts-custom-fields\/#custom-field%20parameters<\/a><\/li><\/ul>\n\n\n\n<h3 class=\"wp-block-heading\"> <a href=\"https:\/\/2019-developers.sevilla.wordcamp.org\/session\/conviertete-en-woo-3rd-party-developer-y-vende-en-woocommerce-com\/\">Convi\u00e9rtete en Woo 3rd Party Developer y vende en WooCommerce.com<\/a> <\/h3>\n\n\n\n<p>\n\nDurante las pr\u00f3ximas semanas vamos a ir publicando material complementario (v\u00eddeos, cursos, tutoriales, etc) para que puedas sacarle todo el partido a esta sesi\u00f3n.\n\n<\/p>\n\n\n\n<h3 class=\"wp-block-heading\"> <a href=\"https:\/\/2019-developers.sevilla.wordcamp.org\/session\/htaccess-es-el-mal\/\">HTaccess es el mal<\/a> <\/h3>\n\n\n\n<p> Si a\u00fan le tienes un poco de miedo al archivo .htaccess, \u00e9chale un vistazo a este curso para conocer todas las posibilidades que ofrece:<\/p>\n\n\n\n<ul class=\"wp-block-list\"><li><a href=\"https:\/\/openwebinars.net\/cursos\/servidor-apache\/\" rel=\"nofollow\">https:\/\/openwebinars.net\/cursos\/servidor-apache\/<\/a><\/li><\/ul>\n\n\n\n<h3 class=\"wp-block-heading\"> <a href=\"https:\/\/2019-developers.sevilla.wordcamp.org\/session\/git-como-estilo-de-vida\/\">Git como estilo de vida<\/a> <\/h3>\n\n\n\n<p> Si a\u00fan no usas Git, \u00bfqu\u00e9 haces escribiendo c\u00f3digo?<\/p>\n\n\n\n<ul class=\"wp-block-list\"><li><a href=\"https:\/\/openwebinars.net\/cursos\/git\/\" rel=\"nofollow\">https:\/\/openwebinars.net\/cursos\/git\/<\/a><\/li><li><a href=\"https:\/\/openwebinars.net\/cursos\/gitflow\/\" rel=\"nofollow\">https:\/\/openwebinars.net\/cursos\/gitflow\/<\/a><\/li><li><a href=\"https:\/\/openwebinars.net\/talleres\/no-seas-abuelo-git\/\" rel=\"nofollow\">https:\/\/openwebinars.net\/talleres\/no-seas-abuelo-git\/<\/a><\/li><li><a href=\"https:\/\/openwebinars.net\/talleres\/git-portable\/\" rel=\"nofollow\">https:\/\/openwebinars.net\/talleres\/git-portable\/<\/a><\/li><\/ul>\n","protected":false},"excerpt":{"rendered":"<p>Os dejamos de forma resumida los aperitivos formativos de cada taller y ponencia en esta p\u00e1gina para que pod\u00e1is venir \u00abcon los deberes hechos de casa\u00bb. Semper discendo Durante las pr\u00f3ximas semanas vamos a ir publicando material complementario (v\u00eddeos, cursos, tutoriales, etc) para que puedas sacarle todo el partido a estas sesiones. Entiende y crea &hellip; <\/p>\n<p class=\"link-more\"><a href=\"https:\/\/sevilla.wordcamp.org\/2019-developers\/aperitivos-formativos\/\" class=\"more-link\">Continuar leyendo<span class=\"screen-reader-text\"> \u00abAperitivos formativos\u00bb<\/span><\/a><\/p>\n","protected":false},"author":13142536,"featured_media":0,"parent":0,"menu_order":0,"comment_status":"closed","ping_status":"closed","template":"","meta":{"jetpack_post_was_ever_published":false,"footnotes":""},"class_list":["post-4725","page","type-page","status-publish","hentry"],"jetpack_sharing_enabled":true,"jetpack_shortlink":"https:\/\/wp.me\/PapmcC-1ed","_links":{"self":[{"href":"https:\/\/sevilla.wordcamp.org\/2019-developers\/wp-json\/wp\/v2\/pages\/4725","targetHints":{"allow":["GET"]}}],"collection":[{"href":"https:\/\/sevilla.wordcamp.org\/2019-developers\/wp-json\/wp\/v2\/pages"}],"about":[{"href":"https:\/\/sevilla.wordcamp.org\/2019-developers\/wp-json\/wp\/v2\/types\/page"}],"author":[{"embeddable":true,"href":"https:\/\/sevilla.wordcamp.org\/2019-developers\/wp-json\/wp\/v2\/users\/13142536"}],"replies":[{"embeddable":true,"href":"https:\/\/sevilla.wordcamp.org\/2019-developers\/wp-json\/wp\/v2\/comments?post=4725"}],"version-history":[{"count":22,"href":"https:\/\/sevilla.wordcamp.org\/2019-developers\/wp-json\/wp\/v2\/pages\/4725\/revisions"}],"predecessor-version":[{"id":5378,"href":"https:\/\/sevilla.wordcamp.org\/2019-developers\/wp-json\/wp\/v2\/pages\/4725\/revisions\/5378"}],"wp:attachment":[{"href":"https:\/\/sevilla.wordcamp.org\/2019-developers\/wp-json\/wp\/v2\/media?parent=4725"}],"curies":[{"name":"wp","href":"https:\/\/api.w.org\/{rel}","templated":true}]}}