{"id":12,"date":"2020-11-12T06:02:11","date_gmt":"2020-11-12T05:02:11","guid":{"rendered":"https:\/\/sevilla.wordcamp.org\/2020\/organizers\/"},"modified":"2020-11-27T18:36:28","modified_gmt":"2020-11-27T17:36:28","slug":"organizadores","status":"publish","type":"page","link":"https:\/\/sevilla.wordcamp.org\/2020\/organizadores\/","title":{"rendered":"Organizadores"},"content":{"rendered":"<ul class=\"wordcamp-block wordcamp-post-list has-layout-list wordcamp-organizers\"><li class=\"wordcamp-post-list__post wordcamp-clearfix\">\n<div class=\"wordcamp-organizer wordcamp-organizers__post slug-nilovelez\">\n\t<h3 class=\"wordcamp-block__item-title wordcamp-organizers__title\">\u2b50 Nilo V\u00e9lez<\/h3>\n\t\t\t<div class=\"wordcamp-image__avatar-container align-none\">\n\t\t\t<img decoding=\"async\" src=\"https:\/\/secure.gravatar.com\/avatar\/09a19d6c3d35d136db80cd14757e532d95a3b54dd9aebded06dcee529ed3d285?s=150&amp;d=mm&amp;r=g\" alt=\"Avatar de \u2b50 Nilo V\u00e9lez\" \/>\t\t<\/div>\n\t\n\t\t\t<div class=\"wordcamp-block__item-content wordcamp-organizers__content is-full\"><p>Desarrollador de profesi\u00f3n, bombero torero de vocaci\u00f3n, lo mismo fr\u00ede una camisa que plancha un huevo. Nilo es lead de esta WordCamp y el encargado del cacharreo: audio, video, streaming, cosas que explotan&#8230;<\/p>\n<\/div>\t<\/div>\n\n<\/li><li class=\"wordcamp-post-list__post wordcamp-clearfix\">\n<div class=\"wordcamp-organizer wordcamp-organizers__post slug-selupress\">\n\t<h3 class=\"wordcamp-block__item-title wordcamp-organizers__title\">Jos\u00e9 Luis \u00abSelu\u00bb Mart\u00ednez<\/h3>\n\t\t\t<div class=\"wordcamp-image__avatar-container align-none\">\n\t\t\t<img decoding=\"async\" src=\"https:\/\/secure.gravatar.com\/avatar\/e466df73403563ce0d457c0804d59c07cd717481e8e20b9858a0ffc1ee4a84d6?s=150&amp;d=mm&amp;r=g\" alt=\"Avatar de Jos\u00e9 Luis \u00abSelu\u00bb Mart\u00ednez\" \/>\t\t<\/div>\n\t\n\t\t\t<div class=\"wordcamp-block__item-content wordcamp-organizers__content is-full\"><p>Selu es webmaster y es el encargado de las RRSS y la comunicaci\u00f3n para la WordCamp Sevilla 2020.<\/p>\n<\/div>\t<\/div>\n\n<\/li><li class=\"wordcamp-post-list__post wordcamp-clearfix\">\n<div class=\"wordcamp-organizer wordcamp-organizers__post slug-ines-ugalde\">\n\t<h3 class=\"wordcamp-block__item-title wordcamp-organizers__title\">In\u00e9s Ugalde<\/h3>\n\t\t\t<div class=\"wordcamp-image__avatar-container align-none\">\n\t\t\t<img decoding=\"async\" src=\"https:\/\/secure.gravatar.com\/avatar\/499036945a55fb1441264017a228e805c2f630a69471305983c9afa8e8c27971?s=150&amp;d=mm&amp;r=g\" alt=\"Avatar de In\u00e9s Ugalde\" \/>\t\t<\/div>\n\t\n\t\t\t<div class=\"wordcamp-block__item-content wordcamp-organizers__content is-full\"><p>In\u00e9s es nuestra creativa, que se encarga de que todo est\u00e9 bonito y cuadre.<\/p>\n<\/div>\t<\/div>\n\n<\/li><li class=\"wordcamp-post-list__post wordcamp-clearfix\">\n<div class=\"wordcamp-organizer wordcamp-organizers__post slug-mpcdigital\">\n\t<h3 class=\"wordcamp-block__item-title wordcamp-organizers__title\">Mariano P\u00e9rez<\/h3>\n\t\t\t<div class=\"wordcamp-image__avatar-container align-none\">\n\t\t\t<img decoding=\"async\" src=\"https:\/\/secure.gravatar.com\/avatar\/3089ff1456a3ba047f6b20713c8828dc7cec818fb0775415d83da1249ee047d2?s=150&amp;d=mm&amp;r=g\" alt=\"Avatar de Mariano P\u00e9rez\" \/>\t\t<\/div>\n\t\n\t\t\t<div class=\"wordcamp-block__item-content wordcamp-organizers__content is-full\"><p>Mariano es <a href=\"https:\/\/make.wordpress.org\/community\/handbook\/community-deputy\/\">deputy<\/a> de comunidad de WordPress. Se encargar\u00e1 de la intendencia general, ayudando a gestionar el presupuesto y la comunicaci\u00f3n con los proveedores.<\/p>\n<\/div>\t<\/div>\n\n<\/li><li class=\"wordcamp-post-list__post wordcamp-clearfix\">\n<div class=\"wordcamp-organizer wordcamp-organizers__post slug-rafa-poveda\">\n\t<h3 class=\"wordcamp-block__item-title wordcamp-organizers__title\">Rafa Poveda<\/h3>\n\t\t\t<div class=\"wordcamp-image__avatar-container align-none\">\n\t\t\t<img decoding=\"async\" src=\"https:\/\/secure.gravatar.com\/avatar\/ea3385f8fe14be10e41fb5bd87e9b3cd6035876fe36a9a6a8f27b5d7d8e02e2f?s=150&amp;d=mm&amp;r=g\" alt=\"Avatar de Rafa Poveda\" \/>\t\t<\/div>\n\t\n\t\t\t<div class=\"wordcamp-block__item-content wordcamp-organizers__content is-full\"><p>Rafa es desarrollador WordPress y toqueteador profesional de bases de datos, adem\u00e1s de llevar mucho tiempo por el mundo WordPress. En esta WordCamp se encarga de que la web funcione como debe. <\/p>\n<\/div>\t<\/div>\n\n<\/li><li class=\"wordcamp-post-list__post wordcamp-clearfix\">\n<div class=\"wordcamp-organizer wordcamp-organizers__post slug-materron\">\n\t<h3 class=\"wordcamp-block__item-title wordcamp-organizers__title\">Miguel \u00c1ngel Terr\u00f3n<\/h3>\n\t\t\t<div class=\"wordcamp-image__avatar-container align-none\">\n\t\t\t<img decoding=\"async\" src=\"https:\/\/secure.gravatar.com\/avatar\/a2a6c95370611bc0c4d3e8e4e2efa2fb24036f294e2fba3d5160d24c989b2cfa?s=150&amp;d=mm&amp;r=g\" alt=\"Avatar de Miguel \u00c1ngel Terr\u00f3n\" \/>\t\t<\/div>\n\t\n\t\t\t<div class=\"wordcamp-block__item-content wordcamp-organizers__content is-full\"><p>Miguel Angel Terr\u00f3n, Podcaster y WordPress lover a partes iguales, se encargar\u00e1 de que los patrocinadores sean felices en esta WordCamp.<\/p>\n<\/div>\t<\/div>\n\n<\/li><\/ul>","protected":false},"excerpt":{"rendered":"","protected":false},"author":13994457,"featured_media":0,"parent":0,"menu_order":0,"comment_status":"closed","ping_status":"closed","template":"","meta":{"jetpack_post_was_ever_published":false,"footnotes":""},"class_list":["post-12","page","type-page","status-publish","hentry"],"jetpack_sharing_enabled":true,"_links":{"self":[{"href":"https:\/\/sevilla.wordcamp.org\/2020\/wp-json\/wp\/v2\/pages\/12","targetHints":{"allow":["GET"]}}],"collection":[{"href":"https:\/\/sevilla.wordcamp.org\/2020\/wp-json\/wp\/v2\/pages"}],"about":[{"href":"https:\/\/sevilla.wordcamp.org\/2020\/wp-json\/wp\/v2\/types\/page"}],"author":[{"embeddable":true,"href":"https:\/\/sevilla.wordcamp.org\/2020\/wp-json\/wp\/v2\/users\/13994457"}],"replies":[{"embeddable":true,"href":"https:\/\/sevilla.wordcamp.org\/2020\/wp-json\/wp\/v2\/comments?post=12"}],"version-history":[{"count":6,"href":"https:\/\/sevilla.wordcamp.org\/2020\/wp-json\/wp\/v2\/pages\/12\/revisions"}],"predecessor-version":[{"id":717,"href":"https:\/\/sevilla.wordcamp.org\/2020\/wp-json\/wp\/v2\/pages\/12\/revisions\/717"}],"wp:attachment":[{"href":"https:\/\/sevilla.wordcamp.org\/2020\/wp-json\/wp\/v2\/media?parent=12"}],"curies":[{"name":"wp","href":"https:\/\/api.w.org\/{rel}","templated":true}]}}