{"id":495,"date":"2020-04-11T02:21:43","date_gmt":"2020-04-11T00:21:43","guid":{"rendered":"https:\/\/2020.spain.wordcamp.org\/?page_id=495"},"modified":"2020-12-01T20:02:01","modified_gmt":"2020-12-01T19:02:01","slug":"inicio","status":"publish","type":"page","link":"https:\/\/sevilla.wordcamp.org\/2020\/","title":{"rendered":"Inicio"},"content":{"rendered":"\n<div class=\"wp-block-cover alignfull home-header\" style=\"background-image:url(https:\/\/sevilla.wordcamp.org\/2020\/files\/2020\/11\/fondo-texto-2.jpg);min-height:559px;background-position:100% 100%;aspect-ratio:unset;\"><div class=\"wp-block-cover__inner-container is-layout-flow wp-block-cover-is-layout-flow\">\n<div class=\"wp-block-columns alignwide is-layout-flex wp-container-core-columns-is-layout-8f761849 wp-block-columns-is-layout-flex\">\n<div class=\"wp-block-column is-vertically-aligned-center is-layout-flow wp-block-column-is-layout-flow\">\n<p class=\"wp-block-paragraph\"><\/p>\n\n\n\n<h2 class=\"has-text-color wp-block-heading\" style=\"color:#1a65ab\">Una WordCamp distinta<\/h2>\n\n\n\n<p class=\"has-text-color wp-block-paragraph\" style=\"color:#1a65ab\">Del <strong>26 al 29 de diciembre<\/strong> tienes una cita gratuita con <strong>#WCSevilla2020<\/strong>.<\/p>\n\n\n\n<p class=\"wp-block-paragraph\">No quer\u00edamos que 2020 terminara sin una \u00faltima reuni\u00f3n de la comunidad WordPress, sin una \u00faltima fiesta \u00a1all\u00e1 vamos otra vez!<\/p>\n\n\n\n<div class=\"wp-block-buttons is-content-justification-left is-layout-flex wp-block-buttons-is-layout-flex\">\n<div class=\"wp-block-button\"><a class=\"wp-block-button__link no-border-radius\" href=\"https:\/\/sevilla.wordcamp.org\/2020\/programa\/\">Ver programa<\/a><\/div>\n<\/div>\n<\/div>\n<\/div>\n<\/div><\/div>\n\n\n\n<div class=\"wp-block-media-text alignwide is-stacked-on-mobile\"><figure class=\"wp-block-media-text__media\"><img data-recalc-dims=\"1\" loading=\"lazy\" decoding=\"async\" width=\"640\" height=\"555\" src=\"https:\/\/i0.wp.com\/sevilla.wordcamp.org\/2020\/files\/2020\/11\/WordCamp-Sevilla-2020-logo-degradado.jpg?resize=640%2C555&#038;ssl=1\" alt=\"\" class=\"wp-image-631 size-full\" srcset=\"https:\/\/i0.wp.com\/sevilla.wordcamp.org\/2020\/files\/2020\/11\/WordCamp-Sevilla-2020-logo-degradado.jpg?w=664&amp;ssl=1 664w, https:\/\/i0.wp.com\/sevilla.wordcamp.org\/2020\/files\/2020\/11\/WordCamp-Sevilla-2020-logo-degradado.jpg?resize=300%2C260&amp;ssl=1 300w, https:\/\/i0.wp.com\/sevilla.wordcamp.org\/2020\/files\/2020\/11\/WordCamp-Sevilla-2020-logo-degradado.jpg?resize=346%2C300&amp;ssl=1 346w\" sizes=\"auto, (max-width: 640px) 100vw, 640px\" \/><\/figure><div class=\"wp-block-media-text__content\">\n<h2 class=\"has-text-color wp-block-heading\" style=\"color:#1a65ab\">Una WordCamp online centrada en contribuir a WordPress en espa\u00f1ol<\/h2>\n\n\n\n<p class=\"wp-block-paragraph\">La WordCamp Sevilla 2020 va a ser un enorme contributor day online.<\/p>\n\n\n\n<p class=\"wp-block-paragraph\">Cada d\u00eda va a ser una reuni\u00f3n de dos o m\u00e1s equipos de la comunidad de WordPress Espa\u00f1a en una \u00fanica sala de Zoom. Tres horas para poder conocer en trabajo de esos equipos, compartir ideas y aprender a colaborar con la comunidad.<\/p>\n\n\n\n<div class=\"wp-block-buttons is-layout-flex wp-block-buttons-is-layout-flex\">\n<div class=\"wp-block-button is-style-outline with-arrow is-style-outline--1\"><a class=\"wp-block-button__link\" href=\"https:\/\/sevilla.wordcamp.org\/2020\/sobre-wcsevilla2020\/\">Descubre m\u00e1s<\/a><\/div>\n<\/div>\n<\/div><\/div>\n\n\n\n<h2 class=\"has-text-align-center wp-block-heading\">\u00daltimas noticias<\/h2>\n\n\n<ul class=\"wp-block-latest-posts__list is-grid columns-3 has-dates alignwide wp-block-latest-posts\"><li><div class=\"wp-block-latest-posts__featured-image\"><img loading=\"lazy\" decoding=\"async\" width=\"150\" height=\"150\" src=\"https:\/\/i0.wp.com\/sevilla.wordcamp.org\/2020\/files\/2020\/12\/wcsevilla2020-contributor-day.jpg?resize=150%2C150&amp;ssl=1\" class=\"attachment-thumbnail size-thumbnail wp-post-image\" alt=\"wcsevilla2020-contributor-day\" style=\"\" srcset=\"https:\/\/i0.wp.com\/sevilla.wordcamp.org\/2020\/files\/2020\/12\/wcsevilla2020-contributor-day.jpg?resize=150%2C150&amp;ssl=1 150w, https:\/\/i0.wp.com\/sevilla.wordcamp.org\/2020\/files\/2020\/12\/wcsevilla2020-contributor-day.jpg?zoom=2&amp;resize=150%2C150&amp;ssl=1 300w, https:\/\/i0.wp.com\/sevilla.wordcamp.org\/2020\/files\/2020\/12\/wcsevilla2020-contributor-day.jpg?zoom=3&amp;resize=150%2C150&amp;ssl=1 450w\" sizes=\"auto, (max-width: 150px) 100vw, 150px\" \/><\/div><a class=\"wp-block-latest-posts__post-title\" href=\"https:\/\/sevilla.wordcamp.org\/2020\/wordcamp-sevilla-contributor-day\/\">WordCamp Sevilla Contributor Day<\/a><time datetime=\"2020-12-29T15:20:01+01:00\" class=\"wp-block-latest-posts__post-date\">29 de diciembre de 2020<\/time><div class=\"wp-block-latest-posts__post-excerpt\">\u00a1Hola! Bienvenidos\/as al Contributor Day. Para el d\u00eda de hoy vamos a trabajar con el &hellip; <a href=\"https:\/\/sevilla.wordcamp.org\/2020\/wordcamp-sevilla-contributor-day\/\" class=\"more-link\">Sigue leyendo<span class=\"screen-reader-text\"> \u00abWordCamp Sevilla Contributor Day\u00bb<\/span><\/a><\/div><\/li>\n<li><div class=\"wp-block-latest-posts__featured-image\"><img loading=\"lazy\" decoding=\"async\" width=\"150\" height=\"150\" src=\"https:\/\/i0.wp.com\/sevilla.wordcamp.org\/2020\/files\/2020\/12\/wcsevilla2020-ultimo-dia-29.jpg?resize=150%2C150&amp;ssl=1\" class=\"attachment-thumbnail size-thumbnail wp-post-image\" alt=\"wcsevilla2020-ultimo-dia-29\" style=\"\" srcset=\"https:\/\/i0.wp.com\/sevilla.wordcamp.org\/2020\/files\/2020\/12\/wcsevilla2020-ultimo-dia-29.jpg?resize=150%2C150&amp;ssl=1 150w, https:\/\/i0.wp.com\/sevilla.wordcamp.org\/2020\/files\/2020\/12\/wcsevilla2020-ultimo-dia-29.jpg?zoom=2&amp;resize=150%2C150&amp;ssl=1 300w, https:\/\/i0.wp.com\/sevilla.wordcamp.org\/2020\/files\/2020\/12\/wcsevilla2020-ultimo-dia-29.jpg?zoom=3&amp;resize=150%2C150&amp;ssl=1 450w\" sizes=\"auto, (max-width: 150px) 100vw, 150px\" \/><\/div><a class=\"wp-block-latest-posts__post-title\" href=\"https:\/\/sevilla.wordcamp.org\/2020\/llego-el-dia-el-ultimo-en-wordcamp-sevilla-2020\/\">Lleg\u00f3 el d\u00eda, el \u00faltimo en WordCamp Sevilla 2020<\/a><time datetime=\"2020-12-29T14:45:30+01:00\" class=\"wp-block-latest-posts__post-date\">29 de diciembre de 2020<\/time><div class=\"wp-block-latest-posts__post-excerpt\">No por ser el \u00faltimo, ser\u00e1 el menos interesante. Y, para que nadie se quede &hellip; <a href=\"https:\/\/sevilla.wordcamp.org\/2020\/llego-el-dia-el-ultimo-en-wordcamp-sevilla-2020\/\" class=\"more-link\">Sigue leyendo<span class=\"screen-reader-text\"> \u00abLleg\u00f3 el d\u00eda, el \u00faltimo en WordCamp Sevilla 2020\u00bb<\/span><\/a><\/div><\/li>\n<li><div class=\"wp-block-latest-posts__featured-image\"><img loading=\"lazy\" decoding=\"async\" width=\"150\" height=\"150\" src=\"https:\/\/i0.wp.com\/sevilla.wordcamp.org\/2020\/files\/2020\/12\/wcsevilla2020-tercer-dia-28.jpg?resize=150%2C150&amp;ssl=1\" class=\"attachment-thumbnail size-thumbnail wp-post-image\" alt=\"wcsevilla2020-tercer-dia-28\" style=\"\" srcset=\"https:\/\/i0.wp.com\/sevilla.wordcamp.org\/2020\/files\/2020\/12\/wcsevilla2020-tercer-dia-28.jpg?resize=150%2C150&amp;ssl=1 150w, https:\/\/i0.wp.com\/sevilla.wordcamp.org\/2020\/files\/2020\/12\/wcsevilla2020-tercer-dia-28.jpg?zoom=2&amp;resize=150%2C150&amp;ssl=1 300w, https:\/\/i0.wp.com\/sevilla.wordcamp.org\/2020\/files\/2020\/12\/wcsevilla2020-tercer-dia-28.jpg?zoom=3&amp;resize=150%2C150&amp;ssl=1 450w\" sizes=\"auto, (max-width: 150px) 100vw, 150px\" \/><\/div><a class=\"wp-block-latest-posts__post-title\" href=\"https:\/\/sevilla.wordcamp.org\/2020\/tercer-dia-de-la-wordcamp-sevilla-2020\/\">Tercer d\u00eda de la WordCamp Sevilla 2020<\/a><time datetime=\"2020-12-28T13:00:00+01:00\" class=\"wp-block-latest-posts__post-date\">28 de diciembre de 2020<\/time><div class=\"wp-block-latest-posts__post-excerpt\">Nos tememos, que tendremos que ser pesados, porque algunos todav\u00eda no lo saben. As\u00ed que &hellip; <a href=\"https:\/\/sevilla.wordcamp.org\/2020\/tercer-dia-de-la-wordcamp-sevilla-2020\/\" class=\"more-link\">Sigue leyendo<span class=\"screen-reader-text\"> \u00abTercer d\u00eda de la WordCamp Sevilla 2020\u00bb<\/span><\/a><\/div><\/li>\n<\/ul>\n\n\n<div class=\"wp-block-buttons is-content-justification-center is-layout-flex wp-block-buttons-is-layout-flex\">\n<div class=\"wp-block-button is-style-outline with-arrow is-style-outline--2\"><a class=\"wp-block-button__link no-border-radius\" href=\"https:\/\/sevilla.wordcamp.org\/2020\/noticias\/\">Ver m\u00e1s noticias<\/a><\/div>\n<\/div>\n\n\n\n<div class=\"wp-block-group alignwide high-links\"><div class=\"wp-block-group__inner-container is-layout-flow wp-block-group-is-layout-flow\">\n<h2 class=\"has-text-align-center wp-block-heading\">Lo hacen posible<\/h2>\n\n\n\n<div class=\"wp-block-columns alignwide links-high is-layout-flex wp-container-core-columns-is-layout-8f761849 wp-block-columns-is-layout-flex\">\n<div class=\"wp-block-column is-layout-flow wp-block-column-is-layout-flow\">\n<figure class=\"wp-block-image size-large\"><img data-recalc-dims=\"1\" loading=\"lazy\" decoding=\"async\" width=\"101\" height=\"75\" src=\"https:\/\/i0.wp.com\/sevilla.wordcamp.org\/2020\/files\/2020\/11\/icono-megafono.png?resize=101%2C75&#038;ssl=1\" alt=\"\" class=\"wp-image-641\" \/><\/figure>\n\n\n\n<h3 class=\"wp-block-heading\"><a href=\"https:\/\/sevilla.wordcamp.org\/2020\/responsables-de-mesa\/\" data-type=\"page\" data-id=\"8\">Mesas<\/a><\/h3>\n<\/div>\n\n\n\n<div class=\"wp-block-column is-layout-flow wp-block-column-is-layout-flow\">\n<figure class=\"wp-block-image size-large\"><img data-recalc-dims=\"1\" loading=\"lazy\" decoding=\"async\" width=\"100\" height=\"100\" src=\"https:\/\/i0.wp.com\/sevilla.wordcamp.org\/2020\/files\/2020\/11\/icono-ajustes.png?resize=100%2C100&#038;ssl=1\" alt=\"\" class=\"wp-image-642\" \/><\/figure>\n\n\n\n<h3 class=\"wp-block-heading\"><a href=\"https:\/\/sevilla.wordcamp.org\/2020\/organizadores\/\" data-type=\"page\" data-id=\"12\">Organizadores<\/a><\/h3>\n<\/div>\n\n\n\n<div class=\"wp-block-column is-layout-flow wp-block-column-is-layout-flow\">\n<figure class=\"wp-block-image size-large\"><img data-recalc-dims=\"1\" loading=\"lazy\" decoding=\"async\" width=\"100\" height=\"84\" src=\"https:\/\/i0.wp.com\/sevilla.wordcamp.org\/2020\/files\/2020\/11\/icono-manos.png?resize=100%2C84&#038;ssl=1\" alt=\"\" class=\"wp-image-640\" \/><\/figure>\n\n\n\n<h3 class=\"wp-block-heading\"><a href=\"https:\/\/sevilla.wordcamp.org\/2020\/patrocinadores\/\" data-type=\"page\" data-id=\"10\">Patrocinadores<\/a><\/h3>\n<\/div>\n\n\n\n<div class=\"wp-block-column is-layout-flow wp-block-column-is-layout-flow\">\n<figure class=\"wp-block-image size-large\"><img data-recalc-dims=\"1\" loading=\"lazy\" decoding=\"async\" width=\"90\" height=\"100\" src=\"https:\/\/i0.wp.com\/sevilla.wordcamp.org\/2020\/files\/2020\/11\/icono-lista.png?resize=90%2C100&#038;ssl=1\" alt=\"\" class=\"wp-image-639\" \/><\/figure>\n\n\n\n<h3 class=\"wp-block-heading\"><a href=\"https:\/\/sevilla.wordcamp.org\/2020\/asistentes\/\" data-type=\"page\" data-id=\"14\">Asistentes<\/a><\/h3>\n<\/div>\n<\/div>\n<\/div><\/div>\n\n\n\n<p class=\"wp-block-paragraph\"><\/p>\n","protected":false},"excerpt":{"rendered":"<p>\u00daltimas noticias Lo hacen posible Mesas Organizadores Patrocinadores Asistentes<\/p>\n","protected":false},"author":320027,"featured_media":480,"parent":0,"menu_order":0,"comment_status":"closed","ping_status":"closed","template":"","meta":{"_crdt_document":"","jetpack_post_was_ever_published":false,"footnotes":""},"class_list":["post-495","page","type-page","status-publish","has-post-thumbnail","hentry"],"jetpack_sharing_enabled":true,"_links":{"self":[{"href":"https:\/\/sevilla.wordcamp.org\/2020\/wp-json\/wp\/v2\/pages\/495","targetHints":{"allow":["GET"]}}],"collection":[{"href":"https:\/\/sevilla.wordcamp.org\/2020\/wp-json\/wp\/v2\/pages"}],"about":[{"href":"https:\/\/sevilla.wordcamp.org\/2020\/wp-json\/wp\/v2\/types\/page"}],"author":[{"embeddable":true,"href":"https:\/\/sevilla.wordcamp.org\/2020\/wp-json\/wp\/v2\/users\/320027"}],"replies":[{"embeddable":true,"href":"https:\/\/sevilla.wordcamp.org\/2020\/wp-json\/wp\/v2\/comments?post=495"}],"version-history":[{"count":28,"href":"https:\/\/sevilla.wordcamp.org\/2020\/wp-json\/wp\/v2\/pages\/495\/revisions"}],"predecessor-version":[{"id":913,"href":"https:\/\/sevilla.wordcamp.org\/2020\/wp-json\/wp\/v2\/pages\/495\/revisions\/913"}],"wp:featuredmedia":[{"embeddable":true,"href":"https:\/\/sevilla.wordcamp.org\/2020\/wp-json\/"}],"wp:attachment":[{"href":"https:\/\/sevilla.wordcamp.org\/2020\/wp-json\/wp\/v2\/media?parent=495"}],"curies":[{"name":"wp","href":"https:\/\/api.w.org\/{rel}","templated":true}]}}