{"id":9,"date":"2020-11-12T06:02:11","date_gmt":"2020-11-12T05:02:11","guid":{"rendered":"https:\/\/sevilla.wordcamp.org\/2020\/sessions\/"},"modified":"2020-12-26T15:34:58","modified_gmt":"2020-12-26T14:34:58","slug":"mesas","status":"publish","type":"page","link":"https:\/\/sevilla.wordcamp.org\/2020\/mesas\/","title":{"rendered":"Mesas"},"content":{"rendered":"<ul class=\"wordcamp-block wordcamp-post-list has-layout-grid wordcamp-sessions has-grid-columns-2\"><li class=\"wordcamp-post-list__post wordcamp-clearfix\">\n<div class=\"wordcamp-session wordcamp-sessions__post slug-networking-cafe\">\n\t<h3 class=\"wordcamp-block__item-title wordcamp-sessions__title\"><a href=\"https:\/\/sevilla.wordcamp.org\/2020\/session\/networking-cafe\/\">\u2615 Networking &#8211; Caf\u00e9<\/a><\/h3>\n\t\n\t\t\t\t\n\t\t\t<div class=\"wordcamp-block__item-content wordcamp-sessions__content is-full\"><\/div>\t\n\t<\/div>\n\n<\/li><li class=\"wordcamp-post-list__post wordcamp-clearfix\">\n<div class=\"wordcamp-session wordcamp-sessions__post slug-sesion-de-apertura\">\n\t<h3 class=\"wordcamp-block__item-title wordcamp-sessions__title\"><a href=\"https:\/\/sevilla.wordcamp.org\/2020\/session\/sesion-de-apertura\/\">Sesi\u00f3n de apertura y presentaci\u00f3n del d\u00eda 1<\/a><\/h3>\n\t\n\t\t\t\t\n\t\t\t<div class=\"wordcamp-block__item-content wordcamp-sessions__content is-full\"><\/div>\t\n\t<\/div>\n\n<\/li><li class=\"wordcamp-post-list__post wordcamp-clearfix\">\n<div class=\"wordcamp-session wordcamp-sessions__post slug-marketing-diseno\">\n\t<h3 class=\"wordcamp-block__item-title wordcamp-sessions__title\"><a href=\"https:\/\/sevilla.wordcamp.org\/2020\/session\/marketing-diseno\/\">Mesa de Marketing y Dise\u00f1o<\/a><\/h3>\n\t\n\t\t\t\t\n\t\t\t<div class=\"wordcamp-block__item-content wordcamp-sessions__content is-full\"><\/div>\t\n\t<\/div>\n\n<\/li><li class=\"wordcamp-post-list__post wordcamp-clearfix\">\n<div class=\"wordcamp-session wordcamp-sessions__post slug--networking-cafe\">\n\t<h3 class=\"wordcamp-block__item-title wordcamp-sessions__title\"><a href=\"https:\/\/sevilla.wordcamp.org\/2020\/session\/%e2%98%95-networking-cafe\/\">\u2615 Networking &#8211; Caf\u00e9<\/a><\/h3>\n\t\n\t\t\t\t\n\t\t\t<div class=\"wordcamp-block__item-content wordcamp-sessions__content is-full\"><\/div>\t\n\t<\/div>\n\n<\/li><li class=\"wordcamp-post-list__post wordcamp-clearfix\">\n<div class=\"wordcamp-session wordcamp-sessions__post slug-mesa-de-core-plugins-temas-y-hosting\">\n\t<h3 class=\"wordcamp-block__item-title wordcamp-sessions__title\"><a href=\"https:\/\/sevilla.wordcamp.org\/2020\/session\/mesa-de-core-plugins-temas-y-hosting\/\">Mesa de Core, Plugins, Temas y Hosting<\/a><\/h3>\n\t\n\t\t\t\t\n\t\t\t<div class=\"wordcamp-block__item-content wordcamp-sessions__content is-full\"><\/div>\t\n\t<\/div>\n\n<\/li><li class=\"wordcamp-post-list__post wordcamp-clearfix\">\n<div class=\"wordcamp-session wordcamp-sessions__post slug--networking-cafe-2\">\n\t<h3 class=\"wordcamp-block__item-title wordcamp-sessions__title\"><a href=\"https:\/\/sevilla.wordcamp.org\/2020\/session\/%e2%98%95-networking-cafe-2\/\">\u2615 Networking &#8211; Caf\u00e9<\/a><\/h3>\n\t\n\t\t\t\t\n\t\t\t<div class=\"wordcamp-block__item-content wordcamp-sessions__content is-full\"><\/div>\t\n\t<\/div>\n\n<\/li><li class=\"wordcamp-post-list__post wordcamp-clearfix\">\n<div class=\"wordcamp-session wordcamp-sessions__post slug-mesa-de-wordpresstv-comunidad-y-soporte\">\n\t<h3 class=\"wordcamp-block__item-title wordcamp-sessions__title\"><a href=\"https:\/\/sevilla.wordcamp.org\/2020\/session\/mesa-de-wordpresstv-comunidad-y-soporte\/\">Mesa de WordPressTV, Comunidad y Soporte<\/a><\/h3>\n\t\n\t\t\t\t\n\t\t\t<div class=\"wordcamp-block__item-content wordcamp-sessions__content is-full\"><\/div>\t\n\t<\/div>\n\n<\/li><li class=\"wordcamp-post-list__post wordcamp-clearfix\">\n<div class=\"wordcamp-session wordcamp-sessions__post slug--networking-cafe-3\">\n\t<h3 class=\"wordcamp-block__item-title wordcamp-sessions__title\"><a href=\"https:\/\/sevilla.wordcamp.org\/2020\/session\/%e2%98%95-networking-cafe-3\/\">\u2615 Networking &#8211; Caf\u00e9<\/a><\/h3>\n\t\n\t\t\t\t\n\t\t\t<div class=\"wordcamp-block__item-content wordcamp-sessions__content is-full\"><\/div>\t\n\t<\/div>\n\n<\/li><li class=\"wordcamp-post-list__post wordcamp-clearfix\">\n<div class=\"wordcamp-session wordcamp-sessions__post slug-mesa-de-accesibilidad-traducciones-y-documentacion\">\n\t<h3 class=\"wordcamp-block__item-title wordcamp-sessions__title\"><a href=\"https:\/\/sevilla.wordcamp.org\/2020\/session\/mesa-de-accesibilidad-traducciones-y-documentacion\/\">Mesa de Accesibilidad, Traducciones, Documentaci\u00f3n y Training<\/a><\/h3>\n\t\n\t\t\t\t\n\t\t\t<div class=\"wordcamp-block__item-content wordcamp-sessions__content is-full\"><\/div>\t\n\t<\/div>\n\n<\/li><\/ul>","protected":false},"excerpt":{"rendered":"","protected":false},"author":13994457,"featured_media":0,"parent":0,"menu_order":0,"comment_status":"closed","ping_status":"closed","template":"","meta":{"jetpack_post_was_ever_published":false,"footnotes":""},"class_list":["post-9","page","type-page","status-publish","hentry"],"jetpack_sharing_enabled":true,"_links":{"self":[{"href":"https:\/\/sevilla.wordcamp.org\/2020\/wp-json\/wp\/v2\/pages\/9","targetHints":{"allow":["GET"]}}],"collection":[{"href":"https:\/\/sevilla.wordcamp.org\/2020\/wp-json\/wp\/v2\/pages"}],"about":[{"href":"https:\/\/sevilla.wordcamp.org\/2020\/wp-json\/wp\/v2\/types\/page"}],"author":[{"embeddable":true,"href":"https:\/\/sevilla.wordcamp.org\/2020\/wp-json\/wp\/v2\/users\/13994457"}],"replies":[{"embeddable":true,"href":"https:\/\/sevilla.wordcamp.org\/2020\/wp-json\/wp\/v2\/comments?post=9"}],"version-history":[{"count":4,"href":"https:\/\/sevilla.wordcamp.org\/2020\/wp-json\/wp\/v2\/pages\/9\/revisions"}],"predecessor-version":[{"id":1629,"href":"https:\/\/sevilla.wordcamp.org\/2020\/wp-json\/wp\/v2\/pages\/9\/revisions\/1629"}],"wp:attachment":[{"href":"https:\/\/sevilla.wordcamp.org\/2020\/wp-json\/wp\/v2\/media?parent=9"}],"curies":[{"name":"wp","href":"https:\/\/api.w.org\/{rel}","templated":true}]}}