{"id":119,"date":"2021-10-25T20:57:21","date_gmt":"2021-10-25T18:57:21","guid":{"rendered":"https:\/\/sevilla.wordcamp.org\/2021\/?page_id=119"},"modified":"2021-11-21T19:30:04","modified_gmt":"2021-11-21T18:30:04","slug":"volvemos-a-vernos-en-persona","status":"publish","type":"page","link":"https:\/\/sevilla.wordcamp.org\/2021\/","title":{"rendered":"11 y 12 de Diciembre de 2021"},"content":{"rendered":"\n<div class=\"wp-block-group has-background\" style=\"background-color:#ffffff\"><div class=\"wp-block-group__inner-container is-layout-flow wp-block-group-is-layout-flow\">\n<h2 class=\"has-large-font-size wp-block-heading\">Requisitos para asistir<\/h2>\n\n\n\n<p>Seg\u00fan est\u00e1 establecido en <a href=\"https:\/\/make.wordpress.org\/community\/handbook\/meetup-organizer\/2021-returning-to-in-person-meetups\/\">las indicaciones para volver a las meetups en vivo<\/a>, para poder asistir a la WordCamp Sevilla 2021 hay que cumplir <strong>al menos uno<\/strong> de los siguientes requistos:<\/p>\n\n\n\n<ul class=\"wp-block-list\"><li>tener la pauta de vacunaci\u00f3n completa<\/li><li>tener una PCR negativa reciente<\/li><li>haber pasado el COVID-19 hace menos de tres meses<\/li><\/ul>\n<\/div><\/div>\n\n\n\n<div style=\"height:30px\" aria-hidden=\"true\" class=\"wp-block-spacer\"><\/div>\n\n\n\n<div class=\"wp-block-group has-background\" style=\"background-color:#ffffff\"><div class=\"wp-block-group__inner-container is-layout-flow wp-block-group-is-layout-flow\">\n<h2 class=\"has-large-font-size wp-block-heading\">\u00a1Volvemos a vernos en persona!<\/h2>\n\n\n\n<p>Negro sobre blanco.<\/p>\n\n\n\n<p>Tomad un folio en horizontal y pintad en sus extremos dos grandes par\u00e9ntesis.<\/p>\n\n\n\n<p>El espacio en blanco entre los par\u00e9ntesis ha sido la pausa de los abrazos, las miradas cercanas, la complicidad y ese afable e indescriptible sentimiento de comunidad.<\/p>\n\n\n\n<p>No hay nada mejor que destacar en negro los pr\u00f3ximos folios que describan la actividad de la gran comunidad WordPress, y eso es lo que hemos hecho, ponernos manos a la obra para que nos volvamos a reunir y marcar con historias el gran hueco con el que nos ha castigado la pandemia \ud83d\ude42<\/p>\n\n\n\n<p><strong>\u00a1Sed bienvenidos a la primera WordCamp presencial despu\u00e9s del cierre de par\u00e9ntesis!<\/strong><\/p>\n<\/div><\/div>\n\n\n\n<div class=\"wp-block-group alignwide\"><div class=\"wp-block-group__inner-container is-layout-flow wp-block-group-is-layout-flow\"><ul class=\"wp-block-latest-posts__list is-grid columns-3 has-dates alignwide wp-block-latest-posts\"><li><a class=\"wp-block-latest-posts__post-title\" href=\"https:\/\/sevilla.wordcamp.org\/2021\/muchas-gracias-a-todos-los-patrocinadores\/\">Muchas gracias a todos los patrocinadores<\/a><time datetime=\"2021-12-14T18:00:00+01:00\" class=\"wp-block-latest-posts__post-date\">14 de diciembre de 2021<\/time><div class=\"wp-block-latest-posts__post-excerpt\">Finalizada la WordCamp, llega la hora de los agradecimientos a todos y cada uno de nuestros 15 patrocinadores y Media Patners, que una vez m\u00e1s, han hecho posible este evento\u2026 <a class=\"wp-block-latest-posts__read-more\" href=\"https:\/\/sevilla.wordcamp.org\/2021\/muchas-gracias-a-todos-los-patrocinadores\/\" rel=\"noopener noreferrer\">Read more<span class=\"screen-reader-text\">: Muchas gracias a todos los patrocinadores<\/span><\/a><\/div><\/li>\n<li><a class=\"wp-block-latest-posts__post-title\" href=\"https:\/\/sevilla.wordcamp.org\/2021\/howdy-wcsevilla-esta-aqui\/\">Howdy! \u00a1WCSevilla est\u00e1 aqu\u00ed!<\/a><time datetime=\"2021-12-11T07:00:00+01:00\" class=\"wp-block-latest-posts__post-date\">11 de diciembre de 2021<\/time><div class=\"wp-block-latest-posts__post-excerpt\">\u00a1Por fin, lleg\u00f3 el d\u00eda del reencuentro! Aqu\u00ed estamos patrocinadores, voluntarios, organizadores, compa\u00f1eros y asistentes de muchos rincones y comunidades de toda Espa\u00f1a. Gente como t\u00fa y yo, pero con\u2026 <a class=\"wp-block-latest-posts__read-more\" href=\"https:\/\/sevilla.wordcamp.org\/2021\/howdy-wcsevilla-esta-aqui\/\" rel=\"noopener noreferrer\">Read more<span class=\"screen-reader-text\">: Howdy! \u00a1WCSevilla est\u00e1 aqu\u00ed!<\/span><\/a><\/div><\/li>\n<li><a class=\"wp-block-latest-posts__post-title\" href=\"https:\/\/sevilla.wordcamp.org\/2021\/wapuu-pepe-y-wapuu-pepa-te-esperan-en-el-venue\/\">Wapuu Pepe y Wapuu Pepa te esperan en el Venue<\/a><time datetime=\"2021-12-10T12:00:00+01:00\" class=\"wp-block-latest-posts__post-date\">10 de diciembre de 2021<\/time><div class=\"wp-block-latest-posts__post-excerpt\">Te presentamos a Pepa y Pepe, \u00a1nuestros Wapuus m\u00e1s salerosos! Ellos nos acompa\u00f1ar\u00e1n en esta WordCamp Sevilla desde el escenario para escuchar todas las ponencias de nuestro programa. Pepa y\u2026 <a class=\"wp-block-latest-posts__read-more\" href=\"https:\/\/sevilla.wordcamp.org\/2021\/wapuu-pepe-y-wapuu-pepa-te-esperan-en-el-venue\/\" rel=\"noopener noreferrer\">Read more<span class=\"screen-reader-text\">: Wapuu Pepe y Wapuu Pepa te esperan en el Venue<\/span><\/a><\/div><\/li>\n<li><a class=\"wp-block-latest-posts__post-title\" href=\"https:\/\/sevilla.wordcamp.org\/2021\/wordcamp-es-diversa-e-inclusiva\/\">WordCamp es diversa e inclusiva<\/a><time datetime=\"2021-12-07T12:00:00+01:00\" class=\"wp-block-latest-posts__post-date\">7 de diciembre de 2021<\/time><div class=\"wp-block-latest-posts__post-excerpt\">Cada movimiento de la Comunidad WordPress busca la diversidad e inclusividad. Para sus miembros, es dif\u00edcil a menudo, saber como hacer que nuestros eventos y reuniones, sean m\u00e1s accesibles e [&hellip;]<p><a href='https:\/\/sevilla.wordcamp.org\/2021\/?post_type=post&#038;p=1042'>Ver entrada<\/a> para suscribirse al bolet\u00edn del sitio.<\/p><\/div><\/li>\n<li><a class=\"wp-block-latest-posts__post-title\" href=\"https:\/\/sevilla.wordcamp.org\/2021\/es-tu-primera-wordcamp-presencial-conoces-su-por-que\/\">\u00bfEs tu primera WordCamp presencial? \u00bfConoces su por qu\u00e9?<\/a><time datetime=\"2021-12-05T12:00:00+01:00\" class=\"wp-block-latest-posts__post-date\">5 de diciembre de 2021<\/time><div class=\"wp-block-latest-posts__post-excerpt\">Cada uno de los miembros de la organizaci\u00f3n de una&nbsp;WordCamp, sabe del valor de un evento como este. Es importante, tanto su programa, charlas, talleres o networking, como el valor [&hellip;]<p><a href='https:\/\/sevilla.wordcamp.org\/2021\/?post_type=post&#038;p=757'>Ver entrada<\/a> para suscribirse al bolet\u00edn del sitio.<\/p><\/div><\/li>\n<li><a class=\"wp-block-latest-posts__post-title\" href=\"https:\/\/sevilla.wordcamp.org\/2021\/preguntas-frecuentes\/\">Preguntas frecuentes<\/a><time datetime=\"2021-11-30T00:00:00+01:00\" class=\"wp-block-latest-posts__post-date\">30 de noviembre de 2021<\/time><div class=\"wp-block-latest-posts__post-excerpt\">\u00bfQu\u00e9 es WordCamp Sevilla? Es un encuentro presencial local y abierto, en el que es bienvenido todo miembro de la comunidad WordPress, sea novel o veterano. Es una reuni\u00f3n transversal, [&hellip;]<p><a href='https:\/\/sevilla.wordcamp.org\/2021\/?post_type=post&#038;p=850'>Ver entrada<\/a> para suscribirse al bolet\u00edn del sitio.<\/p><\/div><\/li>\n<\/ul><\/div><\/div>\n\n\n\n<div class=\"wp-block-group\"><div class=\"wp-block-group__inner-container is-layout-flow wp-block-group-is-layout-flow\"><\/div><\/div>\n\n\n\n<div class=\"wp-block-buttons alignwide is-content-justification-center is-layout-flex wp-block-buttons-is-layout-flex\">\n<div class=\"wp-block-button\"><a class=\"wp-block-button__link\" href=\"https:\/\/sevilla.wordcamp.org\/2021\/llamada-a-patrocinadores\/\">Llamada a Patrocinadores<\/a><\/div>\n\n\n\n<div class=\"wp-block-button\"><a class=\"wp-block-button__link\" href=\"https:\/\/sevilla.wordcamp.org\/2021\/llamada-a-voluntarios\/\">Llamada a voluntarios<\/a><\/div>\n<\/div>\n\n\n\n<hr class=\"wp-block-separator\" \/>\n\n\n\n<p class=\"has-text-align-left\">Suscr\u00edbete por email para estar al tanto de todas las novedades.<\/p>\n\n\n<div class=\"wp-block-jetpack-subscriptions__supports-newline wp-block-jetpack-subscriptions\">\n\t\t<div>\n\t\t\t<div>\n\t\t\t\t<div>\n\t\t\t\t\t<p >\n\t\t\t\t\t\t<a href=\"https:\/\/sevilla.wordcamp.org\/2021\/?post_type=page&#038;p=119\" style=\"font-size: 16px;padding: 15px 23px 15px 23px;margin: 0; margin-left: 10px;border-radius: 0px;border-width: 1px; text-decoration: none; white-space: nowrap; margin-left: 0\">Suscr\u00edbete<\/a>\n\t\t\t\t\t<\/p>\n\t\t\t\t<\/div>\n\t\t\t<\/div>\n\t\t<\/div>\n\t<\/div>","protected":false},"excerpt":{"rendered":"<p>Requisitos para asistir Seg\u00fan est\u00e1 establecido en las indicaciones para volver a las meetups en vivo, para poder asistir a la WordCamp Sevilla 2021 hay que cumplir al menos uno de los siguientes requistos: tener la pauta de vacunaci\u00f3n completa tener una PCR negativa reciente haber pasado el COVID-19 hace menos de tres meses \u00a1Volvemos [&hellip;]<\/p>\n","protected":false},"author":13994457,"featured_media":509,"parent":0,"menu_order":0,"comment_status":"closed","ping_status":"closed","template":"templates\/template-cover.php","meta":{"jetpack_post_was_ever_published":false,"footnotes":""},"class_list":["post-119","page","type-page","status-publish","has-post-thumbnail","hentry"],"jetpack_sharing_enabled":true,"_links":{"self":[{"href":"https:\/\/sevilla.wordcamp.org\/2021\/wp-json\/wp\/v2\/pages\/119","targetHints":{"allow":["GET"]}}],"collection":[{"href":"https:\/\/sevilla.wordcamp.org\/2021\/wp-json\/wp\/v2\/pages"}],"about":[{"href":"https:\/\/sevilla.wordcamp.org\/2021\/wp-json\/wp\/v2\/types\/page"}],"author":[{"embeddable":true,"href":"https:\/\/sevilla.wordcamp.org\/2021\/wp-json\/wp\/v2\/users\/13994457"}],"replies":[{"embeddable":true,"href":"https:\/\/sevilla.wordcamp.org\/2021\/wp-json\/wp\/v2\/comments?post=119"}],"version-history":[{"count":22,"href":"https:\/\/sevilla.wordcamp.org\/2021\/wp-json\/wp\/v2\/pages\/119\/revisions"}],"predecessor-version":[{"id":772,"href":"https:\/\/sevilla.wordcamp.org\/2021\/wp-json\/wp\/v2\/pages\/119\/revisions\/772"}],"wp:featuredmedia":[{"embeddable":true,"href":"https:\/\/sevilla.wordcamp.org\/2021\/wp-json\/wp\/v2\/media\/509"}],"wp:attachment":[{"href":"https:\/\/sevilla.wordcamp.org\/2021\/wp-json\/wp\/v2\/media?parent=119"}],"curies":[{"name":"wp","href":"https:\/\/api.w.org\/{rel}","templated":true}]}}