{"id":12,"date":"2021-10-25T16:32:21","date_gmt":"2021-10-25T14:32:21","guid":{"rendered":"https:\/\/sevilla.wordcamp.org\/2021\/organizers\/"},"modified":"2021-11-05T14:40:18","modified_gmt":"2021-11-05T13:40:18","slug":"organizadores","status":"publish","type":"page","link":"https:\/\/sevilla.wordcamp.org\/2021\/organizadores\/","title":{"rendered":"Organizadores"},"content":{"rendered":"<ul class=\"wordcamp-block wordcamp-post-list has-layout-list wordcamp-organizers\"><li class=\"wordcamp-post-list__post wordcamp-clearfix\">\n<div class=\"wordcamp-organizer wordcamp-organizers__post slug-rafa-poveda\">\n\t<h3 class=\"wordcamp-block__item-title wordcamp-organizers__title\" style=\"text-align:left\">\u2b50 Rafa Poveda<\/h3>\n\t\t\t<div class=\"wordcamp-image__avatar-container align-none\">\n\t\t\t<img decoding=\"async\" src=\"https:\/\/secure.gravatar.com\/avatar\/ea3385f8fe14be10e41fb5bd87e9b3cd6035876fe36a9a6a8f27b5d7d8e02e2f?s=90&amp;d=mm&amp;r=g\" alt=\"Avatar de \u2b50 Rafa Poveda\" \/>\t\t<\/div>\n\t\n\t\t\t<div class=\"wordcamp-block__item-content wordcamp-organizers__content is-full\"><p>Rafa es desarrollador WordPress y toqueteador profesional de bases de datos, adem\u00e1s de llevar mucho tiempo por el mundo WordPress. Es el lead de esta WordCamp y el responsable de los voluntarios y de todas la cosas chulas que vamos a daros.. <\/p>\n<\/div>\t<\/div>\n\n<\/li><li class=\"wordcamp-post-list__post wordcamp-clearfix\">\n<div class=\"wordcamp-organizer wordcamp-organizers__post slug-nilo-velez\">\n\t<h3 class=\"wordcamp-block__item-title wordcamp-organizers__title\" style=\"text-align:left\">Nilo V\u00e9lez<\/h3>\n\t\t\t<div class=\"wordcamp-image__avatar-container align-none\">\n\t\t\t<img decoding=\"async\" src=\"https:\/\/secure.gravatar.com\/avatar\/09a19d6c3d35d136db80cd14757e532d95a3b54dd9aebded06dcee529ed3d285?s=90&amp;d=mm&amp;r=g\" alt=\"Avatar de Nilo V\u00e9lez\" \/>\t\t<\/div>\n\t\n\t\t\t<div class=\"wordcamp-block__item-content wordcamp-organizers__content is-full\"><p>Desarrollador de profesi\u00f3n, bombero torero de vocaci\u00f3n, lo mismo fr\u00ede una camisa que plancha un huevo. En esta WordCamp es el encargado de la web y de todo el cacharreo: audio, video, streaming, cosas que explotan&#8230;<\/p>\n<\/div>\t<\/div>\n\n<\/li><li class=\"wordcamp-post-list__post wordcamp-clearfix\">\n<div class=\"wordcamp-organizer wordcamp-organizers__post slug-miguel-angel-terron\">\n\t<h3 class=\"wordcamp-block__item-title wordcamp-organizers__title\" style=\"text-align:left\">Miguel \u00c1ngel Terr\u00f3n<\/h3>\n\t\t\t<div class=\"wordcamp-image__avatar-container align-none\">\n\t\t\t<img decoding=\"async\" src=\"https:\/\/secure.gravatar.com\/avatar\/a2a6c95370611bc0c4d3e8e4e2efa2fb24036f294e2fba3d5160d24c989b2cfa?s=90&amp;d=mm&amp;r=g\" alt=\"Avatar de Miguel \u00c1ngel Terr\u00f3n\" \/>\t\t<\/div>\n\t\n\t\t\t<div class=\"wordcamp-block__item-content wordcamp-organizers__content is-full\"><p>Miguel Angel Terr\u00f3n, Podcaster y WordPress lover a partes iguales, se encargar\u00e1 de que los patrocinadores sean felices en esta WordCamp.<\/p>\n<\/div>\t<\/div>\n\n<\/li><li class=\"wordcamp-post-list__post wordcamp-clearfix\">\n<div class=\"wordcamp-organizer wordcamp-organizers__post slug-nithhogrr\">\n\t<h3 class=\"wordcamp-block__item-title wordcamp-organizers__title\" style=\"text-align:left\">Moi Mar\u00edn<\/h3>\n\t\t\t<div class=\"wordcamp-image__avatar-container align-none\">\n\t\t\t<img decoding=\"async\" src=\"https:\/\/secure.gravatar.com\/avatar\/1b485bf68cb2852310713046fc2f2a1b9d1cbd428606d825a1bf0fb70b651b51?s=90&amp;d=mm&amp;r=g\" alt=\"Avatar de Moi Mar\u00edn\" \/>\t\t<\/div>\n\t\n\t\t\t<div class=\"wordcamp-block__item-content wordcamp-organizers__content is-full\"><\/div>\t<\/div>\n\n<\/li><li class=\"wordcamp-post-list__post wordcamp-clearfix\">\n<div class=\"wordcamp-organizer wordcamp-organizers__post slug-mariano-perez\">\n\t<h3 class=\"wordcamp-block__item-title wordcamp-organizers__title\" style=\"text-align:left\">Mariano P\u00e9rez<\/h3>\n\t\t\t<div class=\"wordcamp-image__avatar-container align-none\">\n\t\t\t<img decoding=\"async\" src=\"https:\/\/secure.gravatar.com\/avatar\/3089ff1456a3ba047f6b20713c8828dc7cec818fb0775415d83da1249ee047d2?s=90&amp;d=mm&amp;r=g\" alt=\"Avatar de Mariano P\u00e9rez\" \/>\t\t<\/div>\n\t\n\t\t\t<div class=\"wordcamp-block__item-content wordcamp-organizers__content is-full\"><p>Usando y trabajando con WordPress desde chico <\/p>\n<\/div>\t<\/div>\n\n<\/li><li class=\"wordcamp-post-list__post wordcamp-clearfix\">\n<div class=\"wordcamp-organizer wordcamp-organizers__post slug-ana-gavilan\">\n\t<h3 class=\"wordcamp-block__item-title wordcamp-organizers__title\" style=\"text-align:left\">Ana Gavil\u00e1n<\/h3>\n\t\t\t<div class=\"wordcamp-image__avatar-container align-none\">\n\t\t\t<img loading=\"lazy\" decoding=\"async\" width=\"90\" height=\"90\" src=\"https:\/\/sevilla.wordcamp.org\/2021\/files\/2021\/11\/WhatsApp-Image-2021-10-14-at-21.21.57-150x150.jpeg\" class=\"attachment-90x90 size-90x90 wp-post-image\" alt=\"Avatar de Ana Gavil\u00e1n\" \/>\t\t<\/div>\n\t\n\t\t\t<div class=\"wordcamp-block__item-content wordcamp-organizers__content is-full\"><p>Consultora de marketing digital\u00a0y gesti\u00f3n de proyectos en anagavilan.com, especialista en crear estrategias viables para conseguir ventas duraderas.<br \/>Aunque todo empez\u00f3 con mi primer ordenador (all\u00e1 1994) y desde entonces las p\u00e1ginas webs, el marketing y la experiencia al cliente han dejado huella.<br \/>A trav\u00e9s de la formaci\u00f3n y experiencia continua han hecho la profesional que soy.<br \/>\u00bfLo mejor? A\u00fan queda mucho por experimentar, aprender\u2026<\/p>\n<\/div>\t<\/div>\n\n<\/li><li class=\"wordcamp-post-list__post wordcamp-clearfix\">\n<div class=\"wordcamp-organizer wordcamp-organizers__post slug-fernando-fernandez\">\n\t<h3 class=\"wordcamp-block__item-title wordcamp-organizers__title\" style=\"text-align:left\">Fernando Fern\u00e1ndez<\/h3>\n\t\t\t<div class=\"wordcamp-image__avatar-container align-none\">\n\t\t\t<img decoding=\"async\" src=\"https:\/\/secure.gravatar.com\/avatar\/8e560899f05df9eb43d3759ad045fa07c1b8394d9f041bab94ef027404323c6c?s=90&amp;d=mm&amp;r=g\" alt=\"Avatar de Fernando Fern\u00e1ndez\" \/>\t\t<\/div>\n\t\n\t\t\t<div class=\"wordcamp-block__item-content wordcamp-organizers__content is-full\"><\/div>\t<\/div>\n\n<\/li><\/ul>","protected":false},"excerpt":{"rendered":"","protected":false},"author":320027,"featured_media":0,"parent":0,"menu_order":0,"comment_status":"closed","ping_status":"closed","template":"","meta":{"jetpack_post_was_ever_published":false,"footnotes":""},"class_list":["post-12","page","type-page","status-publish","hentry"],"jetpack_sharing_enabled":true,"_links":{"self":[{"href":"https:\/\/sevilla.wordcamp.org\/2021\/wp-json\/wp\/v2\/pages\/12","targetHints":{"allow":["GET"]}}],"collection":[{"href":"https:\/\/sevilla.wordcamp.org\/2021\/wp-json\/wp\/v2\/pages"}],"about":[{"href":"https:\/\/sevilla.wordcamp.org\/2021\/wp-json\/wp\/v2\/types\/page"}],"author":[{"embeddable":true,"href":"https:\/\/sevilla.wordcamp.org\/2021\/wp-json\/wp\/v2\/users\/320027"}],"replies":[{"embeddable":true,"href":"https:\/\/sevilla.wordcamp.org\/2021\/wp-json\/wp\/v2\/comments?post=12"}],"version-history":[{"count":2,"href":"https:\/\/sevilla.wordcamp.org\/2021\/wp-json\/wp\/v2\/pages\/12\/revisions"}],"predecessor-version":[{"id":331,"href":"https:\/\/sevilla.wordcamp.org\/2021\/wp-json\/wp\/v2\/pages\/12\/revisions\/331"}],"wp:attachment":[{"href":"https:\/\/sevilla.wordcamp.org\/2021\/wp-json\/wp\/v2\/media?parent=12"}],"curies":[{"name":"wp","href":"https:\/\/api.w.org\/{rel}","templated":true}]}}