{"id":7,"date":"2021-10-25T16:32:21","date_gmt":"2021-10-25T14:32:21","guid":{"rendered":"https:\/\/sevilla.wordcamp.org\/2021\/schedule\/"},"modified":"2021-11-30T17:54:14","modified_gmt":"2021-11-30T16:54:14","slug":"programa","status":"publish","type":"page","link":"https:\/\/sevilla.wordcamp.org\/2021\/programa\/","title":{"rendered":"Programa"},"content":{"rendered":"\n<p>Como ya te habr\u00e1s imaginado, esta va a ser una WordCamp <em>muy<\/em> especial, con pocas charlas y mucho pasilleo.<\/p>\n\n\n\n<p>Todas las actividades del s\u00e1bado se van a realizar en el <a href=\"https:\/\/sevilla.wordcamp.org\/2021\/ubicacion\/\" data-type=\"page\" data-id=\"11\">recinto principal<\/a>: charlas, comida y after-party. <\/p>\n\n\n\n<div\n\tclass=\"wp-block-wordcamp-schedule alignwide is-loading\"\n\t\tdata-attributes=\"{&quot;__isStylesPreview&quot;:false,&quot;align&quot;:&quot;wide&quot;,&quot;chooseSpecificDays&quot;:false,&quot;chosenDays&quot;:[],&quot;chooseSpecificTracks&quot;:false,&quot;chosenTrackIds&quot;:[],&quot;showCategories&quot;:true,&quot;useClientTimezone&quot;:false,&quot;className&quot;:&quot;is-style-default&quot;}\"\n>\n\tCargando\u2026<\/div>\n\n\n\t<div class=\"email-form fav-session-email-form-hide\">\n\t\t<!-- Tab links -->\n\t\t<div class=\"fav-session-share-tab\">\n\t\t\t\t\t\t\t<div class=\"fav-session-tablinks\" id=\"fav-session-btn-email\">\n\t\t\t\t\tCorreo electr\u00f3nico\t\t\t\t<\/div>\n\t\t\t\n\t\t\t<div class=\"fav-session-tablinks\" id=\"fav-session-btn-link\">\n\t\t\t\tEnlace\t\t\t<\/div>\n\n\t\t\t<div class=\"fav-session-tablinks\" id=\"fav-session-btn-print\">\n\t\t\t\tImprimir\t\t\t<\/div>\n\t\t<\/div>\n\n\t\t<!-- Tab content -->\n\t\t\t\t\t<div id=\"fav-session-tab-email\" class=\"fav-session-share-tabcontent\">\n\t\t\t\t<div id=\"fav-session-email-form\">\n\t\t\t\t\tEnv\u00edame mis sesiones favoritas:\n\t\t\t\t\t<form id=\"fav-sessions-form\">\n\t\t\t\t\t\t<input\n\t\t\t\t\t\t\ttype=\"text\"\n\t\t\t\t\t\t\tname=\"email_address\"\n\t\t\t\t\t\t\tid=\"fav-sessions-email-address\"\n\t\t\t\t\t\t\tplaceholder=\"me@protonmail.com\"\n\t\t\t\t\t\t\/>\n\t\t\t\t\t\t<input type=\"submit\" value=\"Enviar\" \/>\n\t\t\t\t\t<\/form>\n\t\t\t\t<\/div>\n\n\t\t\t\t<div class=\"fav-session-email-wait-spinner\"><\/div>\n\t\t\t\t<div class=\"fav-session-email-result\"><\/div>\n\t\t\t<\/div>\n\t\t\n\t\t<div id=\"fav-session-tab-link\" class=\"fav-session-share-tabcontent\">\n\t\t\tEnlace compartible:\t\t\t<br \/>\n\t\t\t<a id=\"fav-sessions-link\" href=\"\"><\/a>\n\t\t<\/div>\n\n\t\t<div id=\"fav-session-tab-print\" class=\"fav-session-share-tabcontent\">\n\t\t\t<button id=\"fav-session-print\">\n\t\t\t\tImprimir sesiones favoritas\t\t\t<\/button>\n\t\t<\/div>\n\t<\/div>\n\n\t<a class=\"show-email-form\" href=\"javascript:\">\n\t\t<span class=\"dashicons dashicons-star-filled\"><\/span>\n\t\t<span class=\"dashicons dashicons-email-alt\"><\/span>\n\t<\/a>\n\n\t\n\n\n<h2 class=\"wp-block-heading\">Domingo 12 de Diciembre<\/h2>\n\n\n\n<p>Tenemos previsto realizar actividades el Domingo por la ma\u00f1ana por Sevilla capital. Los detalles est\u00e1n a\u00fan por definir, pero si te interesa, ind\u00edcalo al comprar tu entrada para que podamos organizarnos mejor.<\/p>\n","protected":false},"excerpt":{"rendered":"<p>Como ya te habr\u00e1s imaginado, esta va a ser una WordCamp muy especial, con pocas charlas y mucho pasilleo. Todas las actividades del s\u00e1bado se van a realizar en el recinto principal: charlas, comida y after-party. Domingo 12 de Diciembre Tenemos previsto realizar actividades el Domingo por la ma\u00f1ana por Sevilla capital. Los detalles est\u00e1n [&hellip;]<\/p>\n","protected":false},"author":320027,"featured_media":0,"parent":0,"menu_order":0,"comment_status":"closed","ping_status":"closed","template":"","meta":{"jetpack_post_was_ever_published":false,"footnotes":""},"class_list":["post-7","page","type-page","status-publish","hentry"],"jetpack_sharing_enabled":true,"_links":{"self":[{"href":"https:\/\/sevilla.wordcamp.org\/2021\/wp-json\/wp\/v2\/pages\/7","targetHints":{"allow":["GET"]}}],"collection":[{"href":"https:\/\/sevilla.wordcamp.org\/2021\/wp-json\/wp\/v2\/pages"}],"about":[{"href":"https:\/\/sevilla.wordcamp.org\/2021\/wp-json\/wp\/v2\/types\/page"}],"author":[{"embeddable":true,"href":"https:\/\/sevilla.wordcamp.org\/2021\/wp-json\/wp\/v2\/users\/320027"}],"replies":[{"embeddable":true,"href":"https:\/\/sevilla.wordcamp.org\/2021\/wp-json\/wp\/v2\/comments?post=7"}],"version-history":[{"count":11,"href":"https:\/\/sevilla.wordcamp.org\/2021\/wp-json\/wp\/v2\/pages\/7\/revisions"}],"predecessor-version":[{"id":913,"href":"https:\/\/sevilla.wordcamp.org\/2021\/wp-json\/wp\/v2\/pages\/7\/revisions\/913"}],"wp:attachment":[{"href":"https:\/\/sevilla.wordcamp.org\/2021\/wp-json\/wp\/v2\/media?parent=7"}],"curies":[{"name":"wp","href":"https:\/\/api.w.org\/{rel}","templated":true}]}}