{"id":8,"date":"2021-10-25T16:32:21","date_gmt":"2021-10-25T14:32:21","guid":{"rendered":"https:\/\/sevilla.wordcamp.org\/2021\/speakers\/"},"modified":"2021-12-03T10:30:37","modified_gmt":"2021-12-03T09:30:37","slug":"ponentes","status":"publish","type":"page","link":"https:\/\/sevilla.wordcamp.org\/2021\/ponentes\/","title":{"rendered":"Ponentes"},"content":{"rendered":"<ul class=\"wordcamp-block wordcamp-post-list has-layout-list wordcamp-speakers\"><li class=\"wordcamp-post-list__post wordcamp-clearfix\">\n<div class=\"wordcamp-speaker wordcamp-speakers__post slug-adrian-cobo\">\n\t<h3 class=\"wordcamp-block__item-title wordcamp-speakers__title\"><a href=\"https:\/\/sevilla.wordcamp.org\/2021\/speaker\/adrian-cobo\/\">Adri\u00e1n Cobo<\/a><\/h3>\n\t\t\t<div class=\"wordcamp-image__avatar-container align-none\">\n\t\t\t<a href=\"https:\/\/sevilla.wordcamp.org\/2021\/speaker\/adrian-cobo\/\" class=\"wordcamp-image__avatar-link\">\n\t\t\t\t<img decoding=\"async\" src=\"https:\/\/secure.gravatar.com\/avatar\/233ce7b97718746d245f34657eef8a80bc502aaf3a94c7512382f603e9673fdc?s=150&amp;d=mm&amp;r=g\" alt=\"Avatar de Adri\u00e1n Cobo\" \/>\t\t\t<\/a>\n\t\t<\/div>\n\t\n\t\t\t<div class=\"wordcamp-block__item-content wordcamp-speakers__content is-full\"><\/p>\n<p>M\u00e1s de 10 a\u00f1os dedicados al web, en especial al PHP y al Javascript. <\/p>\n<p>Desarrollador web FullStack especializado en WordPress, Woocommerce y Prestashop. <\/p>\n<\/p>\n<p>Socio en Grafreak, donde ofrecemos dise\u00f1o, desarrollo web, comunicaci\u00f3n online y estrategia digital.<\/p>\n<\/div>\t\n\t<\/div>\n\n<\/li><li class=\"wordcamp-post-list__post wordcamp-clearfix\">\n<div class=\"wordcamp-speaker wordcamp-speakers__post slug-ana-gavilan\">\n\t<h3 class=\"wordcamp-block__item-title wordcamp-speakers__title\"><a href=\"https:\/\/sevilla.wordcamp.org\/2021\/speaker\/ana-gavilan\/\">Ana Gavil\u00e1n<\/a><\/h3>\n\t\t\t<div class=\"wordcamp-image__avatar-container align-none\">\n\t\t\t<a href=\"https:\/\/sevilla.wordcamp.org\/2021\/speaker\/ana-gavilan\/\" class=\"wordcamp-image__avatar-link\">\n\t\t\t\t<img decoding=\"async\" src=\"https:\/\/secure.gravatar.com\/avatar\/3e31f38d8673798ecc6d4ccf288da9fb4e7603e872317cdfb6b129b62e1cedd6?s=150&amp;d=mm&amp;r=g\" alt=\"Avatar de Ana Gavil\u00e1n\" \/>\t\t\t<\/a>\n\t\t<\/div>\n\t\n\t\t\t<div class=\"wordcamp-block__item-content wordcamp-speakers__content is-full\"><\/div>\t\n\t<\/div>\n\n<\/li><li class=\"wordcamp-post-list__post wordcamp-clearfix\">\n<div class=\"wordcamp-speaker wordcamp-speakers__post slug-jose-luis-losada\">\n\t<h3 class=\"wordcamp-block__item-title wordcamp-speakers__title\"><a href=\"https:\/\/sevilla.wordcamp.org\/2021\/speaker\/jose-luis-losada\/\">Jose Luis Losada<\/a><\/h3>\n\t\t\t<div class=\"wordcamp-image__avatar-container align-none\">\n\t\t\t<a href=\"https:\/\/sevilla.wordcamp.org\/2021\/speaker\/jose-luis-losada\/\" class=\"wordcamp-image__avatar-link\">\n\t\t\t\t<img decoding=\"async\" src=\"https:\/\/secure.gravatar.com\/avatar\/e43cd47a98280ac9c3d67608042790ab88375aa5e06c0fa7ef59b16df75eee8a?s=150&amp;d=mm&amp;r=g\" alt=\"Avatar de Jose Luis Losada\" \/>\t\t\t<\/a>\n\t\t<\/div>\n\t\n\t\t\t<div class=\"wordcamp-block__item-content wordcamp-speakers__content is-full\"><p>El azar es caprichoso y puede cambiarte la vida sin que te des cuenta. La casualidad me llev\u00f3 a una Meetup y la causalidad me ha tra\u00eddo a la comunidad de WordPress.<\/p>\n<p>Me he aprovechado de WordPress y de su comunidad, \u00bfo es que cre\u00edas que no lo hago por inter\u00e9s? Si quieres saber por qu\u00e9 y c\u00f3mo lo hice, ven a escucharme.<\/p>\n<\/div>\t\n\t<\/div>\n\n<\/li><li class=\"wordcamp-post-list__post wordcamp-clearfix\">\n<div class=\"wordcamp-speaker wordcamp-speakers__post slug-mercedes-romero\">\n\t<h3 class=\"wordcamp-block__item-title wordcamp-speakers__title\"><a href=\"https:\/\/sevilla.wordcamp.org\/2021\/speaker\/mercedes-romero\/\">Mercedes Romero<\/a><\/h3>\n\t\t\t<div class=\"wordcamp-image__avatar-container align-none\">\n\t\t\t<a href=\"https:\/\/sevilla.wordcamp.org\/2021\/speaker\/mercedes-romero\/\" class=\"wordcamp-image__avatar-link\">\n\t\t\t\t<img decoding=\"async\" src=\"https:\/\/secure.gravatar.com\/avatar\/fd019a1327db3409f4bafae94e129e1df0a551f3d1508e98ef5329e5866a1411?s=150&amp;d=mm&amp;r=g\" alt=\"Avatar de Mercedes Romero\" \/>\t\t\t<\/a>\n\t\t<\/div>\n\t\n\t\t\t<div class=\"wordcamp-block__item-content wordcamp-speakers__content is-full\"><p>Soy desarrolladora especializada en WordPress y dedico cada d\u00eda a desarrollar sitios hechos exclusivamente con WordPress, para clientes de todo el mundo, en&nbsp;<a href=\"http:\/\/mowomo.com\/\" target=\"_blank\" rel=\"noreferrer noopener\">mowomo.com<\/a>&nbsp;y adem\u00e1s, soy formadora, comunicadora y emprendedora desde hace m\u00e1s de 20 a\u00f1os.<\/p>\n<p>Colaboro con la comunidad WordPress de Espa\u00f1a impartiendo charlas y ponencias en WordCamps y meetups.<\/p>\n<p>Adem\u00e1s soy fundadora, junto a Roberto Miralles, de la WordPress Meetup Marbella (M\u00e1laga) y la WordPress Meetup Chiclana (C\u00e1diz).<\/p>\n<p>Formo parte de la organizaci\u00f3n de WordCamp Chiclana.<\/p>\n<\/div>\t\n\t<\/div>\n\n<\/li><li class=\"wordcamp-post-list__post wordcamp-clearfix\">\n<div class=\"wordcamp-speaker wordcamp-speakers__post slug-materron\">\n\t<h3 class=\"wordcamp-block__item-title wordcamp-speakers__title\"><a href=\"https:\/\/sevilla.wordcamp.org\/2021\/speaker\/materron\/\">Miguel \u00c1ngel Terr\u00f3n<\/a><\/h3>\n\t\t\t<div class=\"wordcamp-image__avatar-container align-none\">\n\t\t\t<a href=\"https:\/\/sevilla.wordcamp.org\/2021\/speaker\/materron\/\" class=\"wordcamp-image__avatar-link\">\n\t\t\t\t<img decoding=\"async\" src=\"https:\/\/secure.gravatar.com\/avatar\/a2a6c95370611bc0c4d3e8e4e2efa2fb24036f294e2fba3d5160d24c989b2cfa?s=150&amp;d=mm&amp;r=g\" alt=\"Avatar de Miguel \u00c1ngel Terr\u00f3n\" \/>\t\t\t<\/a>\n\t\t<\/div>\n\t\n\t\t\t<div class=\"wordcamp-block__item-content wordcamp-speakers__content is-full\"><p>Con m\u00e1s a\u00f1os de los que le gustar\u00eda a sus espaldas en el mundo de la inform\u00e1tica, desarrollando en m\u00e1s los lenguajes de los que le gustar\u00eda recordar.<\/p>\n<p>Mientras tanto, dedica el poco tiempo libre que le permite su familia numerosa, al mundo que le apasiona al mismo nivel que WordPress, el podcasting, creando una mezcla perfecta al difundir WordPress en el podcast que hace con Mariano y Fernando <a href=\"https:\/\/potencia.pro\" target=\"_blank\" rel=\"noreferrer noopener\">Potencia Pro<\/a>.<\/p>\n<p>Lleva en el mundo del podcasting desde hace ya 11 a\u00f1os en los que ha creado varios podcast y colaborado con muchos otros, lo que le sit\u00faa, posiblemente, entre las 10 personas que m\u00e1s sabe de podcasting de su comunidad de vecinos.<\/p>\n<p>Le puedes decir cosas en Twitter a trav\u00e9s de&nbsp;<a href=\"https:\/\/twitter.com\/materron\" target=\"_blank\" rel=\"noreferrer noopener\">@materron<\/a>&nbsp;y le encanta el tocino de cielo.<\/p>\n<\/div>\t\n\t<\/div>\n\n<\/li><li class=\"wordcamp-post-list__post wordcamp-clearfix\">\n<div class=\"wordcamp-speaker wordcamp-speakers__post slug-nilovelez\">\n\t<h3 class=\"wordcamp-block__item-title wordcamp-speakers__title\"><a href=\"https:\/\/sevilla.wordcamp.org\/2021\/speaker\/nilovelez\/\">Nilo V\u00e9lez<\/a><\/h3>\n\t\t\t<div class=\"wordcamp-image__avatar-container align-none\">\n\t\t\t<a href=\"https:\/\/sevilla.wordcamp.org\/2021\/speaker\/nilovelez\/\" class=\"wordcamp-image__avatar-link\">\n\t\t\t\t<img decoding=\"async\" src=\"https:\/\/secure.gravatar.com\/avatar\/09a19d6c3d35d136db80cd14757e532d95a3b54dd9aebded06dcee529ed3d285?s=150&amp;d=mm&amp;r=g\" alt=\"Avatar de Nilo V\u00e9lez\" \/>\t\t\t<\/a>\n\t\t<\/div>\n\t\n\t\t\t<div class=\"wordcamp-block__item-content wordcamp-speakers__content is-full\"><p>Hace casi veinte a\u00f1os que me dedico al desarrollo de p\u00e1ginas web, a menudo como freelance. En ese tiempo he tenido que aprender defenderme en dise\u00f1o, SEO, optimizaci\u00f3n, gesti\u00f3n de bases de datos, administraci\u00f3n de sistemas, accesibilidad\u2026 y a chapurrear una docena de lenguajes de programaci\u00f3n, aunque a lo que m\u00e1s tiempo he dedicado ha sido a WordPress.<\/p>\n<p>Web:\u00a0<a rel=\"noreferrer noopener\" href=\"https:\/\/www.nilovelez.com\/\" target=\"_blank\">www.nilovelez.com<\/a><br \/>Twitter:\u00a0<a rel=\"noreferrer noopener\" href=\"https:\/\/twitter.com\/nilovelez\" target=\"_blank\">@NiloVelez<\/a><\/p>\n<\/div>\t\n\t<\/div>\n\n<\/li><li class=\"wordcamp-post-list__post wordcamp-clearfix\">\n<div class=\"wordcamp-speaker wordcamp-speakers__post slug-pablo-moratinos\">\n\t<h3 class=\"wordcamp-block__item-title wordcamp-speakers__title\"><a href=\"https:\/\/sevilla.wordcamp.org\/2021\/speaker\/pablo-moratinos\/\">Pablo Moratinos Almandoz<\/a><\/h3>\n\t\t\t<div class=\"wordcamp-image__avatar-container align-none\">\n\t\t\t<a href=\"https:\/\/sevilla.wordcamp.org\/2021\/speaker\/pablo-moratinos\/\" class=\"wordcamp-image__avatar-link\">\n\t\t\t\t<img decoding=\"async\" src=\"https:\/\/secure.gravatar.com\/avatar\/c9671961f8c62f4d48547997fb44e7e37c500219ab41d51ca47182d9c904c3f8?s=150&amp;d=mm&amp;r=g\" alt=\"Avatar de Pablo Moratinos Almandoz\" \/>\t\t\t<\/a>\n\t\t<\/div>\n\t\n\t\t\t<div class=\"wordcamp-block__item-content wordcamp-speakers__content is-full\"><p>Soy consultor de marketing online especializado en anal\u00edtica web y trabajo en mi propia agencia, 3ymedia Comunicaci\u00f3n. Mi relaci\u00f3n con WordPress arranca en el 2006. A\u00f1os despu\u00e9s impuls\u00e9 la fundaci\u00f3n del grupo local de WordPress en Irun y organic\u00e9 sus primeras WordCamps. Colaboro habitualmente en las \u00e1reas de soporte, traducciones y sobre todo WPTV de la comunidad de WP Espa\u00f1a. Fui el l\u00edder de la organizaci\u00f3n de las dos pasadas WordCamp Espa\u00f1a online. En mi blog personal suelo escribir habitualmente sobre temas que combinan WordPress y marketing online.<\/p>\n<\/div>\t\n\t<\/div>\n\n<\/li><li class=\"wordcamp-post-list__post wordcamp-clearfix\">\n<div class=\"wordcamp-speaker wordcamp-speakers__post slug-rafa-poveda\">\n\t<h3 class=\"wordcamp-block__item-title wordcamp-speakers__title\"><a href=\"https:\/\/sevilla.wordcamp.org\/2021\/speaker\/rafa-poveda\/\">Rafa Poveda<\/a><\/h3>\n\t\t\t<div class=\"wordcamp-image__avatar-container align-none\">\n\t\t\t<a href=\"https:\/\/sevilla.wordcamp.org\/2021\/speaker\/rafa-poveda\/\" class=\"wordcamp-image__avatar-link\">\n\t\t\t\t<img decoding=\"async\" src=\"https:\/\/secure.gravatar.com\/avatar\/ea3385f8fe14be10e41fb5bd87e9b3cd6035876fe36a9a6a8f27b5d7d8e02e2f?s=150&amp;d=mm&amp;r=g\" alt=\"Avatar de Rafa Poveda\" \/>\t\t\t<\/a>\n\t\t<\/div>\n\t\n\t\t\t<div class=\"wordcamp-block__item-content wordcamp-speakers__content is-full\"><p>Rafael Poveda (<a href=\"http:\/\/twitter.com\/bi0xid\">twitter.com\/bi0xid<\/a>) publica en&nbsp;<a href=\"http:\/\/raven.es\/\">raven.es<\/a>, es consultor en nuevas tecnolog\u00edas y asesor de comunicaci\u00f3n de varias empresas del sector tecnol\u00f3gico.<\/p>\n<p>Apasionado de los blogs, ha tenido bit\u00e1coras en LiveJournal, Blogger y WordPress, por lo que ha seguido la evoluci\u00f3n de los distintos sistemas de publicaci\u00f3n y sabe c\u00f3mo sacarles el m\u00e1ximo rendimiento posible. Esa experiencia, unida a su obsesi\u00f3n por la optimizaci\u00f3n y la accesibilidad, la aplica en su trabajo como PHP senior developer en la comunidad de desarrolladores de WordPress, con el fin de mejorar y hacer crecer esta plataforma.<\/p>\n<p>Adem\u00e1s de ser Core Commiter de WordPress y co-autor del libro&nbsp;<a href=\"http:\/\/www.planetadelibros.com\/wordpress-para-dummies-libro-65768.html\" target=\"_blank\" rel=\"noreferrer noopener\">\u201cWordPress para Dummies\u201d<\/a>, colabora de manera activa en la comunidad WordPress en espa\u00f1ol siendo administrador de los foros oficiales en espa\u00f1ol, validador de traducciones, y committer de las traducciones en Espa\u00f1ol. &nbsp;Su dedicaci\u00f3n fue reconocida en 2010 con el t\u00edtulo virtual de WordPress Evangelist.<\/p>\n<\/div>\t\n\t<\/div>\n\n<\/li><li class=\"wordcamp-post-list__post wordcamp-clearfix\">\n<div class=\"wordcamp-speaker wordcamp-speakers__post slug-roberto-miralles\">\n\t<h3 class=\"wordcamp-block__item-title wordcamp-speakers__title\"><a href=\"https:\/\/sevilla.wordcamp.org\/2021\/speaker\/roberto-miralles\/\">Roberto Miralles<\/a><\/h3>\n\t\t\t<div class=\"wordcamp-image__avatar-container align-none\">\n\t\t\t<a href=\"https:\/\/sevilla.wordcamp.org\/2021\/speaker\/roberto-miralles\/\" class=\"wordcamp-image__avatar-link\">\n\t\t\t\t<img decoding=\"async\" src=\"https:\/\/secure.gravatar.com\/avatar\/aba2c0d4843c61b8d9c0f8cc627bcf8edc648cc146c746663eb74e0a63a66ce6?s=150&amp;d=mm&amp;r=g\" alt=\"Avatar de Roberto Miralles\" \/>\t\t\t<\/a>\n\t\t<\/div>\n\t\n\t\t\t<div class=\"wordcamp-block__item-content wordcamp-speakers__content is-full\"><p>Soy dise\u00f1ador web especializado en WordPress en el estudio de desarrollo web&nbsp;<a href=\"http:\/\/mowomo.com\/\" target=\"_blank\" rel=\"noreferrer noopener\">mowomo.com<\/a>. Trabajo con y para WordPress cada d\u00eda desde el a\u00f1o 2005.<\/p>\n<p>Me encanta hablar y relacionarme con personas con mis mismos intereses e inquietudes, con los que comparto mi experiencia en el desarrollo de negocios basados en WordPress.<\/p>\n<p>He colaborado en diferentes ocasiones ofreciendo charlas en WordCamp y Meetup a lo largo y ancho de toda Espa\u00f1a, siendo el fundador, junto a Mercedes Romero de la WordPress Meetup Marbella (M\u00e1laga) y WordPress Meetup Chiclana (C\u00e1diz).<\/p>\n<\/div>\t\n\t<\/div>\n\n<\/li><li class=\"wordcamp-post-list__post wordcamp-clearfix\">\n<div class=\"wordcamp-speaker wordcamp-speakers__post slug-rocio-valdivia\">\n\t<h3 class=\"wordcamp-block__item-title wordcamp-speakers__title\"><a href=\"https:\/\/sevilla.wordcamp.org\/2021\/speaker\/rocio-valdivia\/\">Roc\u00edo Valdivia<\/a><\/h3>\n\t\t\t<div class=\"wordcamp-image__avatar-container align-none\">\n\t\t\t<a href=\"https:\/\/sevilla.wordcamp.org\/2021\/speaker\/rocio-valdivia\/\" class=\"wordcamp-image__avatar-link\">\n\t\t\t\t<img decoding=\"async\" src=\"https:\/\/secure.gravatar.com\/avatar\/17e3cbd63c4ddcf873d1848277de062a48239d962359ecaf1978e966429f5b6f?s=150&amp;d=mm&amp;r=g\" alt=\"Avatar de Roc\u00edo Valdivia\" \/>\t\t\t<\/a>\n\t\t<\/div>\n\t\n\t\t\t<div class=\"wordcamp-block__item-content wordcamp-speakers__content is-full\"><p>Enamorada del software libre, la tecnolog\u00eda, los viajes y los retos personales. Trabajo en Automattic como Community Wrangler para WordCamp Central. Con m\u00e1s de 10 a\u00f1os de experiencia con WordPress donde me especializ\u00e9 en la herramienta Buddypress para el desarrollo de redes sociales.<\/p>\n<p>Tuve el honor de ser la primera y \u00fanica ponente espa\u00f1ola en las dos primeras ediciones de WordCamp Europa en Leiden (2013) y Sofia (2014). Miembro del equipo de organizaci\u00f3n de tres WordCamps Sevilla y de WordCamp Europa 2015, 2016, 2017 y mentora de la edici\u00f3n 2020. Co-autora del libro \u00abWordPress para Dummies\u00bb (2012).<\/p>\n<\/div>\t\n\t<\/div>\n\n<\/li><li class=\"wordcamp-post-list__post wordcamp-clearfix\">\n<div class=\"wordcamp-speaker wordcamp-speakers__post slug-teresa-saez\">\n\t<h3 class=\"wordcamp-block__item-title wordcamp-speakers__title\"><a href=\"https:\/\/sevilla.wordcamp.org\/2021\/speaker\/teresa-saez\/\">Teresa S\u00e1ez<\/a><\/h3>\n\t\t\t<div class=\"wordcamp-image__avatar-container align-none\">\n\t\t\t<a href=\"https:\/\/sevilla.wordcamp.org\/2021\/speaker\/teresa-saez\/\" class=\"wordcamp-image__avatar-link\">\n\t\t\t\t<img decoding=\"async\" src=\"https:\/\/secure.gravatar.com\/avatar\/d939056014abbb14eecec1f08cc87095c9cbf13ec7abddb791f0bb43d137f275?s=150&amp;d=mm&amp;r=g\" alt=\"Avatar de Teresa S\u00e1ez\" \/>\t\t\t<\/a>\n\t\t<\/div>\n\t\n\t\t\t<div class=\"wordcamp-block__item-content wordcamp-speakers__content is-full\"><p>Emprendedora digital. Bloguera y formadora especializada en vender con WordPress de manera autom\u00e1tica, segura y legal.<\/p>\n<p>Co-organizadora en la comunidad de WordPress Valencia desde los inicios (aunque con alg\u00fan par\u00e9ntesis). Creyente firme de que WordPress es un arma cargada de futuro.<\/p>\n<\/div>\t\n\t<\/div>\n\n<\/li><li class=\"wordcamp-post-list__post wordcamp-clearfix\">\n<div class=\"wordcamp-speaker wordcamp-speakers__post slug-vicent-sanchis-jurado\">\n\t<h3 class=\"wordcamp-block__item-title wordcamp-speakers__title\"><a href=\"https:\/\/sevilla.wordcamp.org\/2021\/speaker\/vicent-sanchis-jurado\/\">Vicent Sanchis Jurado<\/a><\/h3>\n\t\t\t<div class=\"wordcamp-image__avatar-container align-none\">\n\t\t\t<a href=\"https:\/\/sevilla.wordcamp.org\/2021\/speaker\/vicent-sanchis-jurado\/\" class=\"wordcamp-image__avatar-link\">\n\t\t\t\t<img decoding=\"async\" src=\"https:\/\/secure.gravatar.com\/avatar\/15783af33e68b7a470925f4fa12986493e0d7e7be3d3f922ed12cfe8325a5435?s=150&amp;d=mm&amp;r=g\" alt=\"Avatar de Vicent Sanchis Jurado\" \/>\t\t\t<\/a>\n\t\t<\/div>\n\t\n\t\t\t<div class=\"wordcamp-block__item-content wordcamp-speakers__content is-full\"><p>\u00a1Hola, hola, hola!<\/p>\n<p>Si mi biograf\u00eda es mi formaci\u00f3n: soy doctor en optometr\u00eda y ciencias de la visi\u00f3n. Tambi\u00e9n estoy certificado en desarrollo de aplicaciones con tecnolog\u00edas web.<\/p>\n<p>Si mi biograf\u00eda es a lo que me dedico: soy consultor de accesibilidad web y digital.<\/p>\n<p>Si mi biograf\u00eda es lo que hago: ahora estoy muy centrado en mi proyecto AccesiHub, una comunidad online sobre accesibilidad en espa\u00f1ol. Tambi\u00e9n colaboro con la comunidad WordPress y otras comunidades online.<\/p>\n<p>A parte de eso, vivo en Val\u00e8ncia y de vez en cuando doy charlas en las que intento aportar un punto de vista cient\u00edfico al dise\u00f1o web, la usabilidad y la accesibilidad.<\/p>\n<\/div>\t\n\t<\/div>\n\n<\/li><li class=\"wordcamp-post-list__post wordcamp-clearfix\">\n<div class=\"wordcamp-speaker wordcamp-speakers__post slug-victor-saenz\">\n\t<h3 class=\"wordcamp-block__item-title wordcamp-speakers__title\"><a href=\"https:\/\/sevilla.wordcamp.org\/2021\/speaker\/victor-saenz\/\">V\u00edctor S\u00e1enz<\/a><\/h3>\n\t\t\t<div class=\"wordcamp-image__avatar-container align-none\">\n\t\t\t<a href=\"https:\/\/sevilla.wordcamp.org\/2021\/speaker\/victor-saenz\/\" class=\"wordcamp-image__avatar-link\">\n\t\t\t\t<img decoding=\"async\" src=\"https:\/\/secure.gravatar.com\/avatar\/f60d95fd331135d5a76c0cb1af992fcadbf94981acee68e59f00ea197221b6df?s=150&amp;d=mm&amp;r=g\" alt=\"Avatar de V\u00edctor S\u00e1enz\" \/>\t\t\t<\/a>\n\t\t<\/div>\n\t\n\t\t\t<div class=\"wordcamp-block__item-content wordcamp-speakers__content is-full\"><p>Soy desarrollador web y APP especializado en WordPress en mowomo.com. Tras programar con diferentes frameworks de desarrollo web d\u00ed con WordPress hace ya 5 a\u00f1os, tras juguetear un poco con el, descubr\u00ed lo potente que era y me volqu\u00e9 completamente en desarrollar por y para el ya que soy defensor ac\u00e9rrimo del software libre, \u00a1Linux power!<\/p>\n<\/div>\t\n\t<\/div>\n\n<\/li><li class=\"wordcamp-post-list__post wordcamp-clearfix\">\n<div class=\"wordcamp-speaker wordcamp-speakers__post slug-wajari-velasquez\">\n\t<h3 class=\"wordcamp-block__item-title wordcamp-speakers__title\"><a href=\"https:\/\/sevilla.wordcamp.org\/2021\/speaker\/wajari-velasquez\/\">Wajari Vel\u00e1squez<\/a><\/h3>\n\t\t\t<div class=\"wordcamp-image__avatar-container align-none\">\n\t\t\t<a href=\"https:\/\/sevilla.wordcamp.org\/2021\/speaker\/wajari-velasquez\/\" class=\"wordcamp-image__avatar-link\">\n\t\t\t\t<img decoding=\"async\" src=\"https:\/\/secure.gravatar.com\/avatar\/bbe7acfaf3b83158d15eb05b0b4a749d45d68bc30f58b429071312f84afb8360?s=150&amp;d=mm&amp;r=g\" alt=\"Avatar de Wajari Vel\u00e1squez\" \/>\t\t\t<\/a>\n\t\t<\/div>\n\t\n\t\t\t<div class=\"wordcamp-block__item-content wordcamp-speakers__content is-full\"><p>Mi nombre es Wajari Vel\u00e1squez.<\/p>\n<p>Soy consultor SEO en&nbsp;<a href=\"https:\/\/ku-seo.com\/\" target=\"_blank\" rel=\"noreferrer noopener\">Ku-SEO<\/a>&nbsp;y padawan de programador Full Stack en JavaScript, con especial inter\u00e9s en Node y React.<\/p>\n<p>Tengo un podcast de&nbsp;<a href=\"https:\/\/seoparawp.com\/\" target=\"_blank\" rel=\"noreferrer noopener\">SEO para WordPress<\/a>, soy bloguero y colaboro en la co-organizaci\u00f3n de grupos tecnol\u00f3gicos open source. Me encanta la tecnolog\u00eda, la web y la formaci\u00f3n.<\/p>\n<p>Soy un fan incondicional de WordPress. Su comunidad ha significado un antes y un despu\u00e9s en mi desarrollo profesional (y personal). Toda su filosof\u00eda open source, sus personas y que hoy en d\u00eda, se haya convertido en una herramienta clave, para la presencia digital de la sociedad.<\/p>\n<\/div>\t\n\t<\/div>\n\n<\/li><\/ul>","protected":false},"excerpt":{"rendered":"","protected":false},"author":320027,"featured_media":0,"parent":0,"menu_order":0,"comment_status":"closed","ping_status":"closed","template":"","meta":{"jetpack_post_was_ever_published":false,"footnotes":""},"class_list":["post-8","page","type-page","status-publish","hentry"],"jetpack_sharing_enabled":true,"_links":{"self":[{"href":"https:\/\/sevilla.wordcamp.org\/2021\/wp-json\/wp\/v2\/pages\/8","targetHints":{"allow":["GET"]}}],"collection":[{"href":"https:\/\/sevilla.wordcamp.org\/2021\/wp-json\/wp\/v2\/pages"}],"about":[{"href":"https:\/\/sevilla.wordcamp.org\/2021\/wp-json\/wp\/v2\/types\/page"}],"author":[{"embeddable":true,"href":"https:\/\/sevilla.wordcamp.org\/2021\/wp-json\/wp\/v2\/users\/320027"}],"replies":[{"embeddable":true,"href":"https:\/\/sevilla.wordcamp.org\/2021\/wp-json\/wp\/v2\/comments?post=8"}],"version-history":[{"count":2,"href":"https:\/\/sevilla.wordcamp.org\/2021\/wp-json\/wp\/v2\/pages\/8\/revisions"}],"predecessor-version":[{"id":1005,"href":"https:\/\/sevilla.wordcamp.org\/2021\/wp-json\/wp\/v2\/pages\/8\/revisions\/1005"}],"wp:attachment":[{"href":"https:\/\/sevilla.wordcamp.org\/2021\/wp-json\/wp\/v2\/media?parent=8"}],"curies":[{"name":"wp","href":"https:\/\/api.w.org\/{rel}","templated":true}]}}