{"id":833,"date":"2021-11-28T13:59:26","date_gmt":"2021-11-28T12:59:26","guid":{"rendered":"https:\/\/sevilla.wordcamp.org\/2021\/?page_id=833"},"modified":"2021-12-11T01:47:34","modified_gmt":"2021-12-11T00:47:34","slug":"streaming","status":"publish","type":"page","link":"https:\/\/sevilla.wordcamp.org\/2021\/streaming\/","title":{"rendered":"Streaming"},"content":{"rendered":"\n<div class=\"wp-block-columns alignwide is-layout-flex wp-container-core-columns-is-layout-9d6595d7 wp-block-columns-is-layout-flex\">\n<div class=\"wp-block-column is-layout-flow wp-block-column-is-layout-flow\" style=\"flex-basis:66.66%\">\n<figure class=\"wp-block-embed alignfull is-type-video is-provider-youtube wp-block-embed-youtube wp-embed-aspect-16-9 wp-has-aspect-ratio\"><div class=\"wp-block-embed__wrapper\">\n<span class=\"embed-youtube\" style=\"text-align:center; display: block;\"><iframe loading=\"lazy\" class=\"youtube-player\" width=\"580\" height=\"327\" src=\"https:\/\/www.youtube.com\/embed\/_fS3TIb_Qno?version=3&#038;rel=1&#038;showsearch=0&#038;showinfo=1&#038;iv_load_policy=1&#038;fs=1&#038;hl=es-ES&#038;autohide=2&#038;wmode=transparent\" allowfullscreen=\"true\" style=\"border:0;\" sandbox=\"allow-scripts allow-same-origin allow-popups allow-presentation allow-popups-to-escape-sandbox\"><\/iframe><\/span>\n<\/div><\/figure>\n\n\n\n<div class=\"wp-block-buttons is-content-justification-center is-layout-flex wp-block-buttons-is-layout-flex\">\n<div class=\"wp-block-button\"><a class=\"wp-block-button__link\" href=\"https:\/\/www.youtube.com\/watch?v=_fS3TIb_Qno\">Ver en YouTube<\/a><\/div>\n\n\n\n<div class=\"wp-block-button\"><a class=\"wp-block-button__link\" href=\"https:\/\/www.twitch.tv\/WPSevilla\">Ver en TWITCH<\/a><\/div>\n<\/div>\n<\/div>\n\n\n\n<div class=\"wp-block-column is-layout-flow wp-block-column-is-layout-flow\" style=\"flex-basis:33.33%\">\n\t<div class=\"wp-block-wordcamp-youtube-live-chat-embed\">\n\t\t<iframe\n\t\t\tid=\"wp-block-wordcamp-youtube-live-chat-embed__video-_fS3TIb_Qno\"\n\t\t\ttitle=\"Embedded YouTube live chat\"\n\t\t\tsrc=\"https:\/\/www.youtube.com\/live_chat?v=_fS3TIb_Qno&#038;embed_domain=sevilla.wordcamp.org\"\n\t\t\tsandbox=\"allow-same-origin allow-scripts allow-popups\"\n\t\t>\n\t\t<\/iframe>\n\n\t\t\n\t\t<p class=\"wp-block-wordcamp-youtube-live-chat-embed__availability-warning\">\n\t\t\tNota: Si est\u00e1s usando un dispositivo m\u00f3vil, YouTube puede bloquearte para que no puedas ver encima el chat en directo. Es posible que puedas acceder a \u00e9l a trav\u00e9s de sus aplicaciones nativas.\t\t<\/p>\n\t<\/div>\n\n\t<\/div>\n<\/div>\n\n\n\n<p><\/p>\n","protected":false},"excerpt":{"rendered":"","protected":false},"author":13994457,"featured_media":0,"parent":0,"menu_order":0,"comment_status":"closed","ping_status":"closed","template":"templates\/template-full-width.php","meta":{"jetpack_post_was_ever_published":false,"footnotes":""},"class_list":["post-833","page","type-page","status-publish","hentry"],"jetpack_sharing_enabled":true,"_links":{"self":[{"href":"https:\/\/sevilla.wordcamp.org\/2021\/wp-json\/wp\/v2\/pages\/833","targetHints":{"allow":["GET"]}}],"collection":[{"href":"https:\/\/sevilla.wordcamp.org\/2021\/wp-json\/wp\/v2\/pages"}],"about":[{"href":"https:\/\/sevilla.wordcamp.org\/2021\/wp-json\/wp\/v2\/types\/page"}],"author":[{"embeddable":true,"href":"https:\/\/sevilla.wordcamp.org\/2021\/wp-json\/wp\/v2\/users\/13994457"}],"replies":[{"embeddable":true,"href":"https:\/\/sevilla.wordcamp.org\/2021\/wp-json\/wp\/v2\/comments?post=833"}],"version-history":[{"count":4,"href":"https:\/\/sevilla.wordcamp.org\/2021\/wp-json\/wp\/v2\/pages\/833\/revisions"}],"predecessor-version":[{"id":1267,"href":"https:\/\/sevilla.wordcamp.org\/2021\/wp-json\/wp\/v2\/pages\/833\/revisions\/1267"}],"wp:attachment":[{"href":"https:\/\/sevilla.wordcamp.org\/2021\/wp-json\/wp\/v2\/media?parent=833"}],"curies":[{"name":"wp","href":"https:\/\/api.w.org\/{rel}","templated":true}]}}