{"id":10,"date":"2022-03-23T20:27:28","date_gmt":"2022-03-23T19:27:28","guid":{"rendered":"https:\/\/sevilla.wordcamp.org\/2022\/sponsors\/"},"modified":"2022-07-30T14:44:46","modified_gmt":"2022-07-30T12:44:46","slug":"sponsors","status":"publish","type":"page","link":"https:\/\/sevilla.wordcamp.org\/2022\/sponsors\/","title":{"rendered":"Patrocinadores"},"content":{"rendered":"\n<h2 class=\"wp-block-heading\">Nuestros patrocinadores<\/h2>\n\n\n\n<p>Las WordCamps son eventos informales montados por una comunidad de voluntarios. Patrocinar una WordCamp permite a los asistentes disfrutar de la experiencia a un coste reducido, facilitando que cualquiera pueda participar.<\/p>\n\n\n\n<p>Los<strong>&nbsp;asistentes<\/strong>&nbsp; de esta WordCamp son personas interesadas en WordPress que est\u00e1n en proyectos reales que pueden contratar tus productos para WordPress.<\/p>\n\n\n\n<p>Participando como patrocinador tendr\u00e1s la oportunidad de darte a conocer entre todos ellos y, adem\u00e1s, ayudar\u00e1s a que la comunidad sea m\u00e1s fuerte y siga creciendo.<\/p>\n\n\n\n<p>Todos nos hemos beneficiado de WordPress (nuestros negocios dependen de \u00e9l), as\u00ed que ahora es el momento de dar algo a cambio. Hemos definido diferentes niveles de patrocinio para que cualquiera que quiera pueda contribuir: desde el peque\u00f1o emprendedor que est\u00e1 empezando con WordPress hasta grandes empresas con presencia internacional. Selecciona el plan que mejor se adapte a tus posibilidades y ayud\u00e9monos mutuamente.<\/p>\n\n\n\n<h3 class=\"wp-block-heading\">\ud83e\udd47Superadmin \u2013 1500 \u20ac<\/h3>\n\n\n\n<p>Los patrocinadores Superadmin son los <strong>mayores patrocinadores del evento<\/strong>. Si eres uno de ellos tendr\u00e1s much\u00edsima visibilidad en el evento principal, ya que dispondr\u00e1s de una mesa en la zona de la entrada&nbsp;y podr\u00e1s poner&nbsp;<em>rollups<\/em>&nbsp;en los escenarios. As\u00ed es como agradeceremos tu contribuci\u00f3n:<\/p>\n\n\n\n<p><strong>Web<\/strong><\/p>\n\n\n\n<ul class=\"wp-block-list\"><li>Logotipo de gran tama\u00f1o en todas las p\u00e1ginas de la web de WordCamp Sevilla.<\/li><li>Art\u00edculo de agradecimiento en la web de WordCamp Sevilla, donde adem\u00e1s presentaremos a tu empresa.<\/li><li>Menci\u00f3n especial en el art\u00edculo de agradecimiento a todos los patrocinadores del evento.<\/li><li>10 menciones en tweets y entradas de Facebook e Instagram desde los perfiles de WordCamp Sevilla.<\/li><\/ul>\n\n\n\n<p><strong>D\u00eda de la WordCamp<\/strong><\/p>\n\n\n\n<ul class=\"wp-block-list\"><li>Cuatro (4) entradas a la WordCamp Sevilla.<\/li><li>Logotipo proyectado en las pantallas entre sesiones.<\/li><li>Menci\u00f3n y agradecimiento en las intervenciones de apertura y cierre del evento.<\/li><li>Mesa doble para poner&nbsp;<em>merchandising<\/em>&nbsp;en la zona de&nbsp;<em>bar&nbsp;<\/em>y desde donde podr\u00e1s hacer&nbsp;<em>networking<\/em>&nbsp;con los asistentes.<\/li><li>Posibilidad de a\u00f1adir material en el&nbsp;<em>pack<\/em>&nbsp;de bienvenida.<\/li><li><em>Rollup<\/em>&nbsp;en los escenarios y en la zona de&nbsp;<em>bar<\/em>.<\/li><li>Posibilidad de participar en el sorteo que vamos a realizar con los asistentes al finalizar el d\u00eda y subir al escenario a entregar el premio.<\/li><\/ul>\n\n\n\n<p><strong>Otros<\/strong><\/p>\n\n\n\n<ul class=\"wp-block-list\"><li>Cuatro (4) invitaciones para la cena de organizadores, patrocinadores, ponentes y voluntarios.<\/li><li>Logotipo en la acreditaci\u00f3n.<\/li><\/ul>\n\n\n\n<h3 class=\"wp-block-heading\">\ud83e\udd48\u00a0Admin \u2013 1.000 \u20ac<\/h3>\n\n\n\n<p>Este nivel de patrocinio est\u00e1 pensado para negocios grandes y medianos que quieren aportar su grano de arena a nuestra comunidad. Si te conviertes en un patrocinador Admin, te lo agradeceremos as\u00ed:<\/p>\n\n\n\n<p><strong>Web<\/strong><\/p>\n\n\n\n<ul class=\"wp-block-list\"><li>Logotipo de tama\u00f1o medio en todas las p\u00e1ginas de la web de WordCamp Sevilla.<\/li><li>Art\u00edculo de agradecimiento junto a los dem\u00e1s patrocinadores Admin en la web de WordCamp Sevilla.<\/li><li>Menci\u00f3n especial en el art\u00edculo de agradecimiento a todos los patrocinadores del evento.<\/li><li>5 menciones en tweets y entradas de Facebook e Instagram desde los perfiles de WordCamp Sevilla.<\/li><\/ul>\n\n\n\n<p><strong>D\u00eda de ponencias<\/strong><\/p>\n\n\n\n<ul class=\"wp-block-list\"><li>Dos (2) entradas a la WordCamp Sevilla.<\/li><li>Logotipo proyectado en las pantallas entre sesiones.<\/li><li>Mesa para poner&nbsp;<em>merchandising<\/em>&nbsp;en la zona de&nbsp;<em>bar<\/em>&nbsp;desde donde podr\u00e1s hacer&nbsp;<em>networking<\/em>&nbsp;con los asistentes.<\/li><li>Posibilidad de a\u00f1adir material en el&nbsp;<em>pack<\/em>&nbsp;de bienvenida.<\/li><li><em>Rollup<\/em>&nbsp;en la sala de bar.<\/li><li>Posibilidad de a\u00f1adir premios al sorteo que vamos a realizar con los asistentes al finalizar el d\u00eda<\/li><\/ul>\n\n\n\n<p><strong>Otros<\/strong><\/p>\n\n\n\n<ul class=\"wp-block-list\"><li>Dos (2) invitaciones para la cena de organizadores, patrocinadores, ponentes y voluntarios.<\/li><\/ul>\n\n\n\n<h3 class=\"wp-block-heading\">\ud83e\udd49\u00a0Editor \u2013 300 \u20ac<\/h3>\n\n\n\n<p>Pensado para peque\u00f1as empresas ya asentadas que se ganan la vida con WordPress. As\u00ed es como vamos a agradecerte tu ayuda:<\/p>\n\n\n\n<p><strong>Web<\/strong><\/p>\n\n\n\n<ul class=\"wp-block-list\"><li>Logotipo en todas las p\u00e1ginas de la web de WordCamp Sevilla.<\/li><li>Art\u00edculo de agradecimiento junto a los dem\u00e1s patrocinadores Editor en la web de WordCamp Sevilla.<\/li><li>Menci\u00f3n en el art\u00edculo de agradecimiento a todos los patrocinadores del evento.<\/li><\/ul>\n\n\n\n<p><strong>D\u00eda de ponencias<\/strong><\/p>\n\n\n\n<ul class=\"wp-block-list\"><li>Una (1) entrada a la WordCamp Sevilla.<\/li><li>Logotipo proyectado en las pantallas entre sesiones.<\/li><li>Posibilidad de a\u00f1adir material en el&nbsp;<em>pack<\/em>&nbsp;de bienvenida.<\/li><\/ul>\n\n\n\n<p><strong>Otros<\/strong><\/p>\n\n\n\n<ul class=\"wp-block-list\"><li>Una (1) invitaci\u00f3n para la cena de organizadores, patrocinadores, ponentes y voluntarios.<\/li><\/ul>\n\n\n\n<h3 class=\"wp-block-heading\">\ud83c\udf37 Colaborador&nbsp;&#8211; &nbsp;100\u20ac<\/h3>\n\n\n\n<ul class=\"wp-block-list\"><li> Logotipo en todas las p\u00e1ginas de la web de WordCamp Sevilla.  <\/li><li>1 entrada para WordCamp Sevilla<\/li><li>Inclusi\u00f3n en el blog agradeciendo a todos los patrocinadores<\/li><\/ul>\n\n\n\n<h3 class=\"wp-block-heading\">\ud83c\udf37\u00a0Patro Individual \u2013 50 \u20ac<\/h3>\n\n\n\n<p>Si eres un usuario de WordPress que va a venir a la WordCamp y quieres ayudar a la Comunidad de WordPress Sevilla dando soporte a los voluntarios, puedes pagar un poquito m\u00e1s por tu entrada y ayudarnos a conseguir la mejor WordCamp ever.<\/p>\n\n\n\n<p>Si ninguno de estos niveles de precio y ventajas se adapta a tu caso, puedes <a href=\"https:\/\/sevilla.wordcamp.org\/2021\/entradas\/\" data-type=\"page\" data-id=\"13\">adquirir la entrada<\/a> dedicada al patrocinio individual.<\/p>\n\n\n\n<h3 class=\"wp-block-heading\">\u00bfEst\u00e1s interesado en patrocinar el evento?Rellena el <a href=\"https:\/\/sevilla.wordcamp.org\/2022\/convocatoria-de-patrocinadores\/\">formulario de solicitud de patrocinio<\/a> y nos pondremos en contacto contigo.<\/h3>\n","protected":false},"excerpt":{"rendered":"<p>Nuestros patrocinadores Las WordCamps son eventos informales montados por una comunidad de voluntarios. Patrocinar una WordCamp permite a los asistentes disfrutar de la experiencia a un coste reducido, facilitando que cualquiera pueda participar. Los&nbsp;asistentes&nbsp; de esta WordCamp son personas interesadas en WordPress que est\u00e1n en proyectos reales que pueden contratar tus productos para WordPress. Participando [&hellip;]<\/p>\n","protected":false},"author":15156070,"featured_media":0,"parent":0,"menu_order":0,"comment_status":"closed","ping_status":"closed","template":"","meta":{"jetpack_post_was_ever_published":false,"footnotes":""},"class_list":["post-10","page","type-page","status-publish","hentry"],"jetpack_sharing_enabled":true,"_links":{"self":[{"href":"https:\/\/sevilla.wordcamp.org\/2022\/wp-json\/wp\/v2\/pages\/10","targetHints":{"allow":["GET"]}}],"collection":[{"href":"https:\/\/sevilla.wordcamp.org\/2022\/wp-json\/wp\/v2\/pages"}],"about":[{"href":"https:\/\/sevilla.wordcamp.org\/2022\/wp-json\/wp\/v2\/types\/page"}],"author":[{"embeddable":true,"href":"https:\/\/sevilla.wordcamp.org\/2022\/wp-json\/wp\/v2\/users\/15156070"}],"replies":[{"embeddable":true,"href":"https:\/\/sevilla.wordcamp.org\/2022\/wp-json\/wp\/v2\/comments?post=10"}],"version-history":[{"count":3,"href":"https:\/\/sevilla.wordcamp.org\/2022\/wp-json\/wp\/v2\/pages\/10\/revisions"}],"predecessor-version":[{"id":245,"href":"https:\/\/sevilla.wordcamp.org\/2022\/wp-json\/wp\/v2\/pages\/10\/revisions\/245"}],"wp:attachment":[{"href":"https:\/\/sevilla.wordcamp.org\/2022\/wp-json\/wp\/v2\/media?parent=10"}],"curies":[{"name":"wp","href":"https:\/\/api.w.org\/{rel}","templated":true}]}}