{"id":12,"date":"2022-03-23T20:27:28","date_gmt":"2022-03-23T19:27:28","guid":{"rendered":"https:\/\/sevilla.wordcamp.org\/2022\/organizers\/"},"modified":"2022-10-07T20:41:05","modified_gmt":"2022-10-07T18:41:05","slug":"organizers","status":"publish","type":"page","link":"https:\/\/sevilla.wordcamp.org\/2022\/organizers\/","title":{"rendered":"Organizadores"},"content":{"rendered":"<ul class=\"wordcamp-block wordcamp-post-list has-layout-list wordcamp-organizers\"><li class=\"wordcamp-post-list__post wordcamp-clearfix\">\n<div class=\"wordcamp-organizer wordcamp-organizers__post slug-ana-gavilan\">\n\t<h3 class=\"wordcamp-block__item-title wordcamp-organizers__title\">Ana Gavil\u00e1n<\/h3>\n\t\t\t<div class=\"wordcamp-image__avatar-container align-none\">\n\t\t\t<img decoding=\"async\" src=\"https:\/\/secure.gravatar.com\/avatar\/3e31f38d8673798ecc6d4ccf288da9fb4e7603e872317cdfb6b129b62e1cedd6?s=150&amp;d=mm&amp;r=g\" alt=\"Avatar de Ana Gavil\u00e1n\" \/>\t\t<\/div>\n\t\n\t\t\t<div class=\"wordcamp-block__item-content wordcamp-organizers__content is-full\"><p>Si te has enterado de que hay una WordCamp en Sevilla es porque seguro que ella te lo ha contado de una u otra manera con su equipazo de marketing.<\/p>\n<p>Consultora de marketing digital&nbsp;y gesti\u00f3n de proyectos en anagavilan.com, especialista en crear estrategias viables para conseguir ventas duraderas.<br \/>Aunque todo empez\u00f3 con mi primer ordenador (all\u00e1 1994) y desde entonces las p\u00e1ginas webs, el marketing y la experiencia al cliente han dejado huella.<br \/>A trav\u00e9s de la formaci\u00f3n y experiencia continua han hecho la profesional que soy.<br \/>\u00bfLo mejor? A\u00fan queda mucho por experimentar, aprender\u2026<\/p>\n<\/div>\t<\/div>\n\n<\/li><li class=\"wordcamp-post-list__post wordcamp-clearfix\">\n<div class=\"wordcamp-organizer wordcamp-organizers__post slug-fernando-fernandez\">\n\t<h3 class=\"wordcamp-block__item-title wordcamp-organizers__title\">Fernando Fern\u00e1ndez<\/h3>\n\t\t\t<div class=\"wordcamp-image__avatar-container align-none\">\n\t\t\t<img decoding=\"async\" src=\"https:\/\/secure.gravatar.com\/avatar\/8e560899f05df9eb43d3759ad045fa07c1b8394d9f041bab94ef027404323c6c?s=150&amp;d=mm&amp;r=g\" alt=\"Avatar de Fernando Fern\u00e1ndez\" \/>\t\t<\/div>\n\t\n\t\t\t<div class=\"wordcamp-block__item-content wordcamp-organizers__content is-full\"><p>A Fernando le hemos dado de todo, el sitio, la comida, el streaming, la fiesta&#8230; vamos, que se va a ganar un abrazo de todos.<\/p>\n<\/div>\t<\/div>\n\n<\/li><li class=\"wordcamp-post-list__post wordcamp-clearfix\">\n<div class=\"wordcamp-organizer wordcamp-organizers__post slug-jorge-raposo\">\n\t<h3 class=\"wordcamp-block__item-title wordcamp-organizers__title\">Jorge Raposo<\/h3>\n\t\t\t<div class=\"wordcamp-image__avatar-container align-none\">\n\t\t\t<img decoding=\"async\" src=\"https:\/\/secure.gravatar.com\/avatar\/df971d39abf86d8760b1b08f971737f9e43f8a249387b4a4f4befc0b3d476dff?s=150&amp;d=mm&amp;r=g\" alt=\"Avatar de Jorge Raposo\" \/>\t\t<\/div>\n\t\n\t\t\t<div class=\"wordcamp-block__item-content wordcamp-organizers__content is-full\"><p>Discreto, met\u00f3dico, trabajador y organizado, se mueve al son de las instrucciones de Ana Gavil\u00e1n en el equipo de marketing para que te enteres de qu\u00e9 se cuece en este evento.<\/p>\n<\/div>\t<\/div>\n\n<\/li><li class=\"wordcamp-post-list__post wordcamp-clearfix\">\n<div class=\"wordcamp-organizer wordcamp-organizers__post slug-mariano-perez-caro\">\n\t<h3 class=\"wordcamp-block__item-title wordcamp-organizers__title\">Mariano P\u00e9rez Caro<\/h3>\n\t\t\t<div class=\"wordcamp-image__avatar-container align-none\">\n\t\t\t<img decoding=\"async\" src=\"https:\/\/secure.gravatar.com\/avatar\/3089ff1456a3ba047f6b20713c8828dc7cec818fb0775415d83da1249ee047d2?s=150&amp;d=mm&amp;r=g\" alt=\"Avatar de Mariano P\u00e9rez Caro\" \/>\t\t<\/div>\n\t\n\t\t\t<div class=\"wordcamp-block__item-content wordcamp-organizers__content is-full\"><p>El hombre del pelo plateado, responsable de que los patrocinadores est\u00e9n contentos.<\/p>\n<\/div>\t<\/div>\n\n<\/li><li class=\"wordcamp-post-list__post wordcamp-clearfix\">\n<div class=\"wordcamp-organizer wordcamp-organizers__post slug-miguel-angel-terron\">\n\t<h3 class=\"wordcamp-block__item-title wordcamp-organizers__title\">Miguel Angel Terr\u00f3n<\/h3>\n\t\t\t<div class=\"wordcamp-image__avatar-container align-none\">\n\t\t\t<img decoding=\"async\" src=\"https:\/\/secure.gravatar.com\/avatar\/a2a6c95370611bc0c4d3e8e4e2efa2fb24036f294e2fba3d5160d24c989b2cfa?s=150&amp;d=mm&amp;r=g\" alt=\"Avatar de Miguel Angel Terr\u00f3n\" \/>\t\t<\/div>\n\t\n\t\t\t<div class=\"wordcamp-block__item-content wordcamp-organizers__content is-full\"><p>Miguel Angel Terr\u00f3n, Podcaster y WordPress lover a partes iguales, en esta ocasi\u00f3n le ha tocado organizar esta locura as\u00ed que si algo sale mal, es culpa suya, eso es as\u00ed \ud83d\ude42<\/p>\n<\/div>\t<\/div>\n\n<\/li><li class=\"wordcamp-post-list__post wordcamp-clearfix\">\n<div class=\"wordcamp-organizer wordcamp-organizers__post slug-moi-marin\">\n\t<h3 class=\"wordcamp-block__item-title wordcamp-organizers__title\">Moi Mar\u00edn<\/h3>\n\t\t\t<div class=\"wordcamp-image__avatar-container align-none\">\n\t\t\t<img decoding=\"async\" src=\"https:\/\/secure.gravatar.com\/avatar\/1b485bf68cb2852310713046fc2f2a1b9d1cbd428606d825a1bf0fb70b651b51?s=150&amp;d=mm&amp;r=g\" alt=\"Avatar de Moi Mar\u00edn\" \/>\t\t<\/div>\n\t\n\t\t\t<div class=\"wordcamp-block__item-content wordcamp-organizers__content is-full\"><p>Va a organizar al equipo de voluntarios como si fueran lemings para que hagan todo como el engranaje de un reloj&#8230; pero sin hacerlos explotar, si has entendido esto es que ya peinas canas.<\/p>\n<\/div>\t<\/div>\n\n<\/li><li class=\"wordcamp-post-list__post wordcamp-clearfix\">\n<div class=\"wordcamp-organizer wordcamp-organizers__post slug-nilo-velez\">\n\t<h3 class=\"wordcamp-block__item-title wordcamp-organizers__title\">Nilo V\u00e9lez<\/h3>\n\t\t\t<div class=\"wordcamp-image__avatar-container align-none\">\n\t\t\t<img decoding=\"async\" src=\"https:\/\/secure.gravatar.com\/avatar\/09a19d6c3d35d136db80cd14757e532d95a3b54dd9aebded06dcee529ed3d285?s=150&amp;d=mm&amp;r=g\" alt=\"Avatar de Nilo V\u00e9lez\" \/>\t\t<\/div>\n\t\n\t\t\t<div class=\"wordcamp-block__item-content wordcamp-organizers__content is-full\"><p>Desarrollador de profesi\u00f3n, bombero torero de vocaci\u00f3n, lo mismo fr\u00ede una camisa que plancha un huevo. <\/p>\n<p>En esta WordCamp es el encargado de la web y de hacer fotos a todo quisqui para que no nos olvidemos de nada.<\/p>\n<\/div>\t<\/div>\n\n<\/li><li class=\"wordcamp-post-list__post wordcamp-clearfix\">\n<div class=\"wordcamp-organizer wordcamp-organizers__post slug-paula-terron\">\n\t<h3 class=\"wordcamp-block__item-title wordcamp-organizers__title\">Paula Terr\u00f3n<\/h3>\n\t\t\t<div class=\"wordcamp-image__avatar-container align-none\">\n\t\t\t<img decoding=\"async\" src=\"https:\/\/secure.gravatar.com\/avatar\/?s=150&amp;d=mm&amp;f=y&amp;r=g\" alt=\"Avatar de Paula Terr\u00f3n\" \/>\t\t<\/div>\n\t\n\t\t\t<div class=\"wordcamp-block__item-content wordcamp-organizers__content is-full\"><p>La benjamina de los organizadores, una infiltrada en el equipo de marketing para dar una perspectiva desde dentro de la mente de un universitario y con la intenci\u00f3n de captar al p\u00fablico objetivo de esta edici\u00f3n, tambi\u00e9n de mano de Ana Gavil\u00e1n.<\/p>\n<\/div>\t<\/div>\n\n<\/li><li class=\"wordcamp-post-list__post wordcamp-clearfix\">\n<div class=\"wordcamp-organizer wordcamp-organizers__post slug-rosario-vidal\">\n\t<h3 class=\"wordcamp-block__item-title wordcamp-organizers__title\">Rosario Vidal<\/h3>\n\t\t\t<div class=\"wordcamp-image__avatar-container align-none\">\n\t\t\t<img decoding=\"async\" src=\"https:\/\/secure.gravatar.com\/avatar\/ed7394dca591209b853846c58b275741f3d06f26623818be4ad0a928e4f666d1?s=150&amp;d=mm&amp;r=g\" alt=\"Avatar de Rosario Vidal\" \/>\t\t<\/div>\n\t\n\t\t\t<div class=\"wordcamp-block__item-content wordcamp-organizers__content is-full\"><p>Todo lo bonito que hay en la web es cosa suya, nuestra dise\u00f1adora este a\u00f1o.<\/p>\n<\/div>\t<\/div>\n\n<\/li><li class=\"wordcamp-post-list__post wordcamp-clearfix\">\n<div class=\"wordcamp-organizer wordcamp-organizers__post slug-selu\">\n\t<h3 class=\"wordcamp-block__item-title wordcamp-organizers__title\">Selu<\/h3>\n\t\t\t<div class=\"wordcamp-image__avatar-container align-none\">\n\t\t\t<img decoding=\"async\" src=\"https:\/\/secure.gravatar.com\/avatar\/e466df73403563ce0d457c0804d59c07cd717481e8e20b9858a0ffc1ee4a84d6?s=150&amp;d=mm&amp;r=g\" alt=\"Avatar de Selu\" \/>\t\t<\/div>\n\t\n\t\t\t<div class=\"wordcamp-block__item-content wordcamp-organizers__content is-full\"><p>El mago de las redes sociales, tambi\u00e9n con Ana Gavil\u00e1n, que no se diga que no hemos intentado convencer a nuevos asistentes a la WordCamp con este pedazo de equipo de marketing<\/p>\n<\/div>\t<\/div>\n\n<\/li><\/ul>","protected":false},"excerpt":{"rendered":"","protected":false},"author":15156070,"featured_media":0,"parent":0,"menu_order":0,"comment_status":"closed","ping_status":"closed","template":"","meta":{"jetpack_post_was_ever_published":false,"footnotes":""},"class_list":["post-12","page","type-page","status-publish","hentry"],"jetpack_sharing_enabled":true,"_links":{"self":[{"href":"https:\/\/sevilla.wordcamp.org\/2022\/wp-json\/wp\/v2\/pages\/12","targetHints":{"allow":["GET"]}}],"collection":[{"href":"https:\/\/sevilla.wordcamp.org\/2022\/wp-json\/wp\/v2\/pages"}],"about":[{"href":"https:\/\/sevilla.wordcamp.org\/2022\/wp-json\/wp\/v2\/types\/page"}],"author":[{"embeddable":true,"href":"https:\/\/sevilla.wordcamp.org\/2022\/wp-json\/wp\/v2\/users\/15156070"}],"replies":[{"embeddable":true,"href":"https:\/\/sevilla.wordcamp.org\/2022\/wp-json\/wp\/v2\/comments?post=12"}],"version-history":[{"count":2,"href":"https:\/\/sevilla.wordcamp.org\/2022\/wp-json\/wp\/v2\/pages\/12\/revisions"}],"predecessor-version":[{"id":3874,"href":"https:\/\/sevilla.wordcamp.org\/2022\/wp-json\/wp\/v2\/pages\/12\/revisions\/3874"}],"wp:attachment":[{"href":"https:\/\/sevilla.wordcamp.org\/2022\/wp-json\/wp\/v2\/media?parent=12"}],"curies":[{"name":"wp","href":"https:\/\/api.w.org\/{rel}","templated":true}]}}