{"id":13,"date":"2022-07-30T09:02:04","date_gmt":"2022-07-30T07:02:04","guid":{"rendered":"https:\/\/sevilla.wordcamp.org\/2022\/?page_id=13"},"modified":"2022-10-26T13:43:47","modified_gmt":"2022-10-26T11:43:47","slug":"entradas","status":"publish","type":"page","link":"https:\/\/sevilla.wordcamp.org\/2022\/entradas\/","title":{"rendered":"\u00bfQu\u00e9 incluye la entrada a la WordCamp Sevilla 2022?"},"content":{"rendered":"\n<p>Si es la primera vez que vas a una WordCamp podr\u00edas pensar que los 20 euritos que cuesta la entrada incluye &#8216;s\u00f3lo&#8217; el acceso al evento \u00a1NO!.<\/p>\n\n\n\n<p>El disponer del apoyo de nuestros fant\u00e1sticos <a href=\"https:\/\/sevilla.wordcamp.org\/2022\/sponsors\/\" data-type=\"page\" data-id=\"10\" target=\"_blank\" rel=\"noreferrer noopener\">patrocinadores <\/a>hacen posible supervitaminar el evento con un mont\u00f3n de a\u00f1adidos:<\/p>\n\n\n\n<div class=\"wp-block-jetpack-tiled-gallery aligncenter is-style-rectangular\"><div class=\"tiled-gallery__gallery\"><div class=\"tiled-gallery__row\"><div class=\"tiled-gallery__col\" style=\"flex-basis:19.09722%\"><figure class=\"tiled-gallery__item\"><img decoding=\"async\" srcset=\"https:\/\/i2.wp.com\/sevilla.wordcamp.org\/2022\/files\/2022\/10\/Swag-Mochila.jpg?strip=info&#038;w=600&#038;ssl=1 600w,https:\/\/i2.wp.com\/sevilla.wordcamp.org\/2022\/files\/2022\/10\/Swag-Mochila.jpg?strip=info&#038;w=900&#038;ssl=1 900w,https:\/\/i2.wp.com\/sevilla.wordcamp.org\/2022\/files\/2022\/10\/Swag-Mochila.jpg?strip=info&#038;w=1080&#038;ssl=1 1080w\" alt=\"\" data-height=\"1080\" data-id=\"4069\" data-link=\"https:\/\/sevilla.wordcamp.org\/2022\/entradas\/swag-mochila\/\" data-url=\"https:\/\/sevilla.wordcamp.org\/2022\/files\/2022\/10\/Swag-Mochila.jpg\" data-width=\"1080\" src=\"https:\/\/i2.wp.com\/sevilla.wordcamp.org\/2022\/files\/2022\/10\/Swag-Mochila.jpg?ssl=1\" data-amp-layout=\"responsive\" \/><\/figure><\/div><div class=\"tiled-gallery__col\" style=\"flex-basis:23.81944%\"><figure class=\"tiled-gallery__item\"><img decoding=\"async\" srcset=\"https:\/\/i2.wp.com\/sevilla.wordcamp.org\/2022\/files\/2022\/10\/Swag-Camisetas.jpg?strip=info&#038;w=600&#038;ssl=1 600w,https:\/\/i2.wp.com\/sevilla.wordcamp.org\/2022\/files\/2022\/10\/Swag-Camisetas.jpg?strip=info&#038;w=900&#038;ssl=1 900w,https:\/\/i2.wp.com\/sevilla.wordcamp.org\/2022\/files\/2022\/10\/Swag-Camisetas.jpg?strip=info&#038;w=1200&#038;ssl=1 1200w,https:\/\/i2.wp.com\/sevilla.wordcamp.org\/2022\/files\/2022\/10\/Swag-Camisetas.jpg?strip=info&#038;w=1280&#038;ssl=1 1280w\" alt=\"\" data-height=\"1024\" data-id=\"4070\" data-link=\"https:\/\/sevilla.wordcamp.org\/2022\/entradas\/swag-camisetas\/\" data-url=\"https:\/\/sevilla.wordcamp.org\/2022\/files\/2022\/10\/Swag-Camisetas.jpg\" data-width=\"1280\" src=\"https:\/\/i2.wp.com\/sevilla.wordcamp.org\/2022\/files\/2022\/10\/Swag-Camisetas.jpg?ssl=1\" data-amp-layout=\"responsive\" \/><\/figure><\/div><div class=\"tiled-gallery__col\" style=\"flex-basis:37.98611%\"><figure class=\"tiled-gallery__item\"><img decoding=\"async\" srcset=\"https:\/\/i0.wp.com\/sevilla.wordcamp.org\/2022\/files\/2022\/10\/Swag-Toalla.jpg?strip=info&#038;w=600&#038;ssl=1 600w,https:\/\/i0.wp.com\/sevilla.wordcamp.org\/2022\/files\/2022\/10\/Swag-Toalla.jpg?strip=info&#038;w=900&#038;ssl=1 900w,https:\/\/i0.wp.com\/sevilla.wordcamp.org\/2022\/files\/2022\/10\/Swag-Toalla.jpg?strip=info&#038;w=1000&#038;ssl=1 1000w\" alt=\"\" data-height=\"500\" data-id=\"4072\" data-link=\"https:\/\/sevilla.wordcamp.org\/2022\/entradas\/swag-toalla\/\" data-url=\"https:\/\/sevilla.wordcamp.org\/2022\/files\/2022\/10\/Swag-Toalla.jpg\" data-width=\"1000\" src=\"https:\/\/i0.wp.com\/sevilla.wordcamp.org\/2022\/files\/2022\/10\/Swag-Toalla.jpg?ssl=1\" data-amp-layout=\"responsive\" \/><\/figure><\/div><div class=\"tiled-gallery__col\" style=\"flex-basis:19.09722%\"><figure class=\"tiled-gallery__item\"><img decoding=\"async\" srcset=\"https:\/\/i2.wp.com\/sevilla.wordcamp.org\/2022\/files\/2022\/10\/Swag-Botella.jpg?strip=info&#038;w=500&#038;ssl=1 500w\" alt=\"\" data-height=\"500\" data-id=\"4071\" data-link=\"https:\/\/sevilla.wordcamp.org\/2022\/entradas\/swag-botella\/\" data-url=\"https:\/\/sevilla.wordcamp.org\/2022\/files\/2022\/10\/Swag-Botella.jpg\" data-width=\"500\" src=\"https:\/\/i2.wp.com\/sevilla.wordcamp.org\/2022\/files\/2022\/10\/Swag-Botella.jpg?ssl=1\" data-amp-layout=\"responsive\" \/><\/figure><\/div><\/div><\/div><\/div>\n\n\n\n<ul class=\"wp-block-list\">\n<li><strong>Acceso a todas las actividades<\/strong>&nbsp;de la Wordcamp el 5 de noviembre de 2022.<\/li>\n\n\n\n<li><strong>La supermochila<\/strong>\u00a0de la WordCamp Sevilla 2022 que incluye:\n<ul class=\"wp-block-list\">\n<li>Acreditaci\u00f3n.<\/li>\n\n\n\n<li>La camiseta de la WordCamp.<\/li>\n\n\n\n<li>Toalla de gimnasio<\/li>\n\n\n\n<li>Botella de aluminio<\/li>\n\n\n\n<li>Detalles de los patrocinadores: Chapas, bol\u00edgrafos, pegatinas, etc.<\/li>\n<\/ul>\n<\/li>\n\n\n\n<li>Caf\u00e9 de bienvenida.<\/li>\n\n\n\n<li>Desayuno.<\/li>\n\n\n\n<li>Almuerzo.<\/li>\n\n\n\n<li>Merienda.<\/li>\n\n\n\n<li>Cena y fiestuqui con concierto.<\/li>\n\n\n\n<li>Francachela dominical (barbacoa para los amigos) para hacer m\u00e1s networking a\u00fan en el parque de la Dehesa de Do\u00f1a Mar\u00eda&#8230; a esto s\u00f3lo invitamos con la compa\u00f1\u00eda, no hay dinero para tanto, aunque nunca se sabe si podremos aportar algo&#8230;<\/li>\n<\/ul>\n\n\n<a href=\"https:\/\/sevilla.wordcamp.org\/2022\/entradas\/\">Por favor, ve esta p\u00e1gina en un navegador para hacer una compra o gestionar entradas.<\/a>\n","protected":false},"excerpt":{"rendered":"<p>Si es la primera vez que vas a una WordCamp podr\u00edas pensar que los 20 euritos que cuesta la entrada incluye &#8216;s\u00f3lo&#8217; el acceso al evento \u00a1NO!. El disponer del apoyo de nuestros fant\u00e1sticos patrocinadores hacen posible supervitaminar el evento con un mont\u00f3n de a\u00f1adidos:<\/p>\n","protected":false},"author":15156070,"featured_media":0,"parent":0,"menu_order":0,"comment_status":"closed","ping_status":"closed","template":"","meta":{"jetpack_post_was_ever_published":false,"footnotes":""},"class_list":["post-13","page","type-page","status-publish","hentry"],"jetpack_sharing_enabled":true,"_links":{"self":[{"href":"https:\/\/sevilla.wordcamp.org\/2022\/wp-json\/wp\/v2\/pages\/13","targetHints":{"allow":["GET"]}}],"collection":[{"href":"https:\/\/sevilla.wordcamp.org\/2022\/wp-json\/wp\/v2\/pages"}],"about":[{"href":"https:\/\/sevilla.wordcamp.org\/2022\/wp-json\/wp\/v2\/types\/page"}],"author":[{"embeddable":true,"href":"https:\/\/sevilla.wordcamp.org\/2022\/wp-json\/wp\/v2\/users\/15156070"}],"replies":[{"embeddable":true,"href":"https:\/\/sevilla.wordcamp.org\/2022\/wp-json\/wp\/v2\/comments?post=13"}],"version-history":[{"count":7,"href":"https:\/\/sevilla.wordcamp.org\/2022\/wp-json\/wp\/v2\/pages\/13\/revisions"}],"predecessor-version":[{"id":4075,"href":"https:\/\/sevilla.wordcamp.org\/2022\/wp-json\/wp\/v2\/pages\/13\/revisions\/4075"}],"wp:attachment":[{"href":"https:\/\/sevilla.wordcamp.org\/2022\/wp-json\/wp\/v2\/media?parent=13"}],"curies":[{"name":"wp","href":"https:\/\/api.w.org\/{rel}","templated":true}]}}