{"id":235,"date":"2022-07-30T11:02:32","date_gmt":"2022-07-30T09:02:32","guid":{"rendered":"https:\/\/sevilla.wordcamp.org\/2022\/?page_id=235"},"modified":"2022-09-27T19:49:45","modified_gmt":"2022-09-27T17:49:45","slug":"bienvenido-a-wordcamp-sevilla","status":"publish","type":"page","link":"https:\/\/sevilla.wordcamp.org\/2022\/","title":{"rendered":"WordCamp Sevilla 2022"},"content":{"rendered":"\n<h2 class=\"wp-block-heading\">Bienvenido a WordCamp Sevilla<\/h2>\n\n\n\n<p>\u00a1Nos complace anunciar que&nbsp;<strong>WordCamp Sevilla<\/strong>&nbsp;est\u00e1 oficialmente en el calendario!<\/p>\n\n\n\n<h3 class=\"wp-block-heading\">\u00bfEn que consiste este evento?<\/h3>\n\n\n\n<p>Esta WordCamp no es una WordCamp normal, es una vuelta a los inicios, es una puerta abierta a aquellos que no saben en qu\u00e9 consiste todo el ecosistema de WordPress en toda su extensi\u00f3n.<\/p>\n\n\n\n<p>Sevilla es el epicentro de un movimiento innovador en todos los sentidos, somos unos locos que adoramos hacer las cosas de otro modo, experimentar, fallar, aprender y vuelta a empezar.<\/p>\n\n\n\n<p>Los a\u00f1os no pesan, el grupo crece, cambia continuamente y la pasi\u00f3n se transmite a aquellos que pueden disfrutar de la Comunidad WordPress dentro del \u00e1mbito tecnol\u00f3gico que caracteriza nuestra provincia.<\/p>\n\n\n\n<p>Queremos m\u00e1s, contar a los asistentes que no conocen el mundo WordPress varias cosas adem\u00e1s de contarles que casi la mitad de las webs que hay en el mundo est\u00e1n hechas en WordPress:<\/p>\n\n\n\n<ul class=\"wp-block-list\">\n<li>Una WordCamp no es un evento para vender nada.<\/li>\n\n\n\n<li>Es una reuni\u00f3n de gente interesada en WordPress que te puede ense\u00f1ar a trabajar con WordPress.<\/li>\n\n\n\n<li>Es networking con profesionales del sector y proveedores de servicios.<\/li>\n\n\n\n<li>Es un lugar perfecto para decir que no sabes nada de WordPress y quieres aprender sin que te miren raro.<\/li>\n\n\n\n<li>Es un evento en el que por una cantidad rid\u00edcula de dinero que cuesta la entrada tienes charlas formativas de WordPress, talleres, camisetas, regalos, desayuno, almuerzo, fiesta, actividades&#8230; todo esto gracias a la fundaci\u00f3n y a los patrocinadores sin los que esto que parece mentira es posible.<\/li>\n<\/ul>\n\n\n\n<h3 class=\"wp-block-heading\">\u00bfPor qu\u00e9 tienes que venir?<\/h3>\n\n\n\n<p>Porque ya conoces lo bien que lo pasamos en una WordCamp o no sabes lo que es pero est\u00e1s leyendo esto y te pica el gusanillo del dise\u00f1o web, del marketing online, del desarrollo de soluciones web, le quieres hacer la web a tu primo y no sabes qu\u00e9 camino tomar.<\/p>\n\n\n\n<p>Si quieres conocer m\u00e1s detalles de lo que vamos a hacer y c\u00f3mo llegar a a la WordCamp lo tienes todo describidito en <a href=\"https:\/\/sevilla.wordcamp.org\/2022\/planificacion-de-la-wordcamp-sevilla-2022\/\" data-type=\"post\" data-id=\"718\" target=\"_blank\" rel=\"noreferrer noopener\">la planificaci\u00f3n de la WordCamp 2022<\/a><\/p>\n\n\n\n<h3 class=\"wp-block-heading\">Resumiendo<\/h3>\n\n\n\n<p>La <strong>WordCamp Sevilla<\/strong>\u00a0ser\u00e1 el\u00a0<strong>5 y 6 de noviembre de 2022<\/strong>\u00a0en la\u00a0<a href=\"https:\/\/www.apte.org\/ciudad-del-conocimiento-parque-de-investigacion-y\">Ciudad del Conocimiento<\/a> y puedes comprar tu entrada en <a href=\"https:\/\/sevilla.wordcamp.org\/2022\/entradas\/\" data-type=\"page\" data-id=\"13\">la secci\u00f3n correspondiente<\/a> o en el botoncito de aqu\u00ed abajo \ud83d\udc47.<\/p>\n\n\n\n<div class=\"wp-block-buttons is-layout-flex wp-block-buttons-is-layout-flex\">\n<div class=\"wp-block-button aligncenter\"><a class=\"wp-block-button__link wp-element-button\" href=\"https:\/\/sevilla.wordcamp.org\/2022\/entradas\/\" style=\"border-radius:30px\">Compra tu entrada<\/a><\/div>\n<\/div>\n\n\n\n<p><strong>Suscr\u00edbete<\/strong>&nbsp;utilizando el formulario <font color=\"#08938D\">verdecito<\/font> de abajo para <strong>mantenerte al d\u00eda sobre las noticias m\u00e1s recientes<\/strong>. Te mantendremos informado de todos los detalles en los pr\u00f3ximos meses, incluyendo la presentaci\u00f3n de ponentes, la venta de entradas y mucho m\u00e1s.<\/p>\n\n\n\n<h2 class=\"has-text-align-center wp-block-heading\">Noticias<\/h2>\n\n\n\n<div class=\"wp-block-query is-layout-flow wp-block-query-is-layout-flow\"><ul class=\"is-flex-container columns-3 wp-block-post-template is-layout-flow wp-block-post-template-is-layout-flow\"><li class=\"wp-block-post post-4292 post type-post status-publish format-standard has-post-thumbnail hentry category-wordcamp\">\n<figure class=\"wp-block-post-featured-image\"><img loading=\"lazy\" decoding=\"async\" width=\"1280\" height=\"720\" src=\"https:\/\/sevilla.wordcamp.org\/2022\/files\/2022\/11\/wordcamp-sevilla-2022-1.jpg\" class=\"attachment-post-thumbnail size-post-thumbnail wp-post-image\" alt=\"\" style=\"object-fit:cover;\" srcset=\"https:\/\/sevilla.wordcamp.org\/2022\/files\/2022\/11\/wordcamp-sevilla-2022-1.jpg 1280w, https:\/\/sevilla.wordcamp.org\/2022\/files\/2022\/11\/wordcamp-sevilla-2022-1-640x360.jpg 640w, https:\/\/sevilla.wordcamp.org\/2022\/files\/2022\/11\/wordcamp-sevilla-2022-1-768x432.jpg 768w, https:\/\/sevilla.wordcamp.org\/2022\/files\/2022\/11\/wordcamp-sevilla-2022-1-500x281.jpg 500w\" sizes=\"auto, (max-width: 1280px) 100vw, 1280px\" \/><\/figure>\n\n<h3 class=\"wp-block-post-title has-x-large-font-size\"><a href=\"https:\/\/sevilla.wordcamp.org\/2022\/una-wordcamp-no-termina-hasta-que-se-escribe-sobre-ella\/\" target=\"_self\" >Una WordCamp no termina hasta que se escribe sobre ella<\/a><\/h3>\n\n<div class=\"wp-block-post-date\"><time datetime=\"2022-11-16T17:03:34+01:00\">16 de noviembre de 2022<\/time><\/div>\n\n<div class=\"wp-block-post-excerpt\"><p class=\"wp-block-post-excerpt__excerpt\">Una WordCamp no termina hasta que se escribe sobre ella&#8230; Este popular dicho que corre entre la comunidad WordPress es debido a que&nbsp;las WordCamps se hacen por y para ti, para la comunidad creada por personas como t\u00fa. Es&nbsp;la mejor m\u00e9trica que tenemos los organizadores&nbsp;sobre lo bueno, lo no tan bueno y lo regular para&hellip; <\/p><\/div>\n<\/li><li class=\"wp-block-post post-4225 post type-post status-publish format-standard has-post-thumbnail hentry category-wordcamp\">\n<figure class=\"wp-block-post-featured-image\"><img loading=\"lazy\" decoding=\"async\" width=\"1280\" height=\"720\" src=\"https:\/\/sevilla.wordcamp.org\/2022\/files\/2022\/11\/wordcamp-sevilla.jpg\" class=\"attachment-post-thumbnail size-post-thumbnail wp-post-image\" alt=\"\" style=\"object-fit:cover;\" srcset=\"https:\/\/sevilla.wordcamp.org\/2022\/files\/2022\/11\/wordcamp-sevilla.jpg 1280w, https:\/\/sevilla.wordcamp.org\/2022\/files\/2022\/11\/wordcamp-sevilla-640x360.jpg 640w, https:\/\/sevilla.wordcamp.org\/2022\/files\/2022\/11\/wordcamp-sevilla-768x432.jpg 768w, https:\/\/sevilla.wordcamp.org\/2022\/files\/2022\/11\/wordcamp-sevilla-500x281.jpg 500w\" sizes=\"auto, (max-width: 1280px) 100vw, 1280px\" \/><\/figure>\n\n<h3 class=\"wp-block-post-title has-x-large-font-size\"><a href=\"https:\/\/sevilla.wordcamp.org\/2022\/comienza-wordcamp-sevilla-2022\/\" target=\"_self\" >\u00a1Comienza WordCamp Sevilla 2022!<\/a><\/h3>\n\n<div class=\"wp-block-post-date\"><time datetime=\"2022-11-05T07:00:00+01:00\">5 de noviembre de 2022<\/time><\/div>\n\n<div class=\"wp-block-post-excerpt\"><p class=\"wp-block-post-excerpt__excerpt\">\u00a1Ya lleg\u00f3 el d\u00eda! Hoy nos vemos en WordCamp Sevilla 2022. S\u00f3lo recordarte varios puntos para sacar el m\u00e1ximo provecho a esta fiesta de WordPress. Desde las 8:30 podr\u00e1s recoger tu acreditaci\u00f3n, tu swag de bienvenida y tomarte un caf\u00e9. Aprovecha este momento para conocer a otras personas del evento. Habr\u00e1 quien sea su primera&hellip; <\/p><\/div>\n<\/li><li class=\"wp-block-post post-4164 post type-post status-publish format-standard has-post-thumbnail hentry category-wordcamp\">\n<figure class=\"wp-block-post-featured-image\"><img loading=\"lazy\" decoding=\"async\" width=\"1280\" height=\"720\" src=\"https:\/\/sevilla.wordcamp.org\/2022\/files\/2022\/11\/desconferencia.jpg\" class=\"attachment-post-thumbnail size-post-thumbnail wp-post-image\" alt=\"\" style=\"object-fit:cover;\" srcset=\"https:\/\/sevilla.wordcamp.org\/2022\/files\/2022\/11\/desconferencia.jpg 1280w, https:\/\/sevilla.wordcamp.org\/2022\/files\/2022\/11\/desconferencia-640x360.jpg 640w, https:\/\/sevilla.wordcamp.org\/2022\/files\/2022\/11\/desconferencia-768x432.jpg 768w, https:\/\/sevilla.wordcamp.org\/2022\/files\/2022\/11\/desconferencia-500x281.jpg 500w\" sizes=\"auto, (max-width: 1280px) 100vw, 1280px\" \/><\/figure>\n\n<h3 class=\"wp-block-post-title has-x-large-font-size\"><a href=\"https:\/\/sevilla.wordcamp.org\/2022\/que-narices-es-una-desconferencia\/\" target=\"_self\" >\u00bfQu\u00e9 narices es una desconferencia?<\/a><\/h3>\n\n<div class=\"wp-block-post-date\"><time datetime=\"2022-11-02T09:29:51+01:00\">2 de noviembre de 2022<\/time><\/div>\n\n<div class=\"wp-block-post-excerpt\"><p class=\"wp-block-post-excerpt__excerpt\">Un open space o desconferencia es un evento en el que los propios asistentes quienes proponen, eligen e imparten charlas. \u00bfY eso c\u00f3mo se come? Es mucho m\u00e1s sencillo de lo que suena. En una primera fase, quien quiera dar una charla apunta en una pizarra su nombre y una peque\u00f1a explicaci\u00f3n de la charla&hellip; <\/p><\/div>\n<\/li><\/ul>\n\n<\/div>\n","protected":false},"excerpt":{"rendered":"<p>Bienvenido a WordCamp Sevilla \u00a1Nos complace anunciar que&nbsp;WordCamp Sevilla&nbsp;est\u00e1 oficialmente en el calendario! \u00bfEn que consiste este evento? Esta WordCamp no es una WordCamp normal, es una vuelta a los inicios, es una puerta abierta a aquellos que no saben en qu\u00e9 consiste todo el ecosistema de WordPress en toda su extensi\u00f3n. Sevilla es el [&hellip;]<\/p>\n","protected":false},"author":7425830,"featured_media":0,"parent":0,"menu_order":0,"comment_status":"closed","ping_status":"closed","template":"page-large-header","meta":{"jetpack_post_was_ever_published":false,"footnotes":""},"class_list":["post-235","page","type-page","status-publish","hentry"],"jetpack_sharing_enabled":true,"_links":{"self":[{"href":"https:\/\/sevilla.wordcamp.org\/2022\/wp-json\/wp\/v2\/pages\/235","targetHints":{"allow":["GET"]}}],"collection":[{"href":"https:\/\/sevilla.wordcamp.org\/2022\/wp-json\/wp\/v2\/pages"}],"about":[{"href":"https:\/\/sevilla.wordcamp.org\/2022\/wp-json\/wp\/v2\/types\/page"}],"author":[{"embeddable":true,"href":"https:\/\/sevilla.wordcamp.org\/2022\/wp-json\/wp\/v2\/users\/7425830"}],"replies":[{"embeddable":true,"href":"https:\/\/sevilla.wordcamp.org\/2022\/wp-json\/wp\/v2\/comments?post=235"}],"version-history":[{"count":20,"href":"https:\/\/sevilla.wordcamp.org\/2022\/wp-json\/wp\/v2\/pages\/235\/revisions"}],"predecessor-version":[{"id":3019,"href":"https:\/\/sevilla.wordcamp.org\/2022\/wp-json\/wp\/v2\/pages\/235\/revisions\/3019"}],"wp:attachment":[{"href":"https:\/\/sevilla.wordcamp.org\/2022\/wp-json\/wp\/v2\/media?parent=235"}],"curies":[{"name":"wp","href":"https:\/\/api.w.org\/{rel}","templated":true}]}}