{"id":209,"date":"2023-06-11T20:51:16","date_gmt":"2023-06-11T18:51:16","guid":{"rendered":"https:\/\/sevilla.wordcamp.org\/2023\/?page_id=209"},"modified":"2023-10-20T12:45:42","modified_gmt":"2023-10-20T10:45:42","slug":"octubre","status":"publish","type":"page","link":"https:\/\/sevilla.wordcamp.org\/2023\/","title":{"rendered":"WordCamp Sevilla 2023 &#8211; Octubre"},"content":{"rendered":"\n<div class=\"wp-block-cover alignfull\" style=\"margin-top:0;padding-top:5vw;padding-right:5vw;padding-bottom:5vw;padding-left:5vw\" id=\"banner-oct\"><span aria-hidden=\"true\" class=\"wp-block-cover__background has-primary-background-color has-background-dim-100 has-background-dim\"><\/span><div class=\"wp-block-cover__inner-container is-layout-flow wp-block-cover-is-layout-flow\">\n<div class=\"wp-block-group is-layout-flex wp-container-core-group-is-layout-e4aad5c3 wp-block-group-is-layout-flex\">\n<div class=\"wp-block-group wp-container-content-9cfa9a5a is-vertical is-layout-flex wp-container-core-group-is-layout-5f9f5280 wp-block-group-is-layout-flex\">\n<h1 class=\"wp-block-heading has-text-align-left has-base-color has-text-color\" style=\"font-size:clamp(50.171px, 3.136rem + ((1vw - 3.2px) * 5.662), 100px);line-height:0.9\">WordCamp<br>Sevilla<br>2023<\/h1>\n\n\n\n<hr class=\"wp-block-separator has-text-color has-base-color has-alpha-channel-opacity has-base-background-color has-background is-style-default\" style=\"margin-top:var(--wp--preset--spacing--30);margin-bottom:var(--wp--preset--spacing--30)\" \/>\n\n\n\n<h2 class=\"wp-block-heading has-text-align-left has-white-color has-text-color\" style=\"font-size:clamp(35.2px, 2.2rem + ((1vw - 3.2px) * 3.273), 64px);line-height:0.9\">20, 21 y 22 de octubre<\/h2>\n<\/div>\n\n\n\n<div class=\"wp-block-group wp-container-content-5b91cf2b is-vertical is-nowrap is-layout-flex wp-container-core-group-is-layout-82cc2081 wp-block-group-is-layout-flex\">\n<p class=\"has-base-color has-text-color\" style=\"font-size:clamp(14px, 0.875rem + ((1vw - 3.2px) * 0.341), 17px);font-style:normal;font-weight:500;letter-spacing:0px;line-height:1.4;text-decoration:none;text-transform:none\">3 d\u00edas de charlas, aprendizaje, networking y buen rollo<\/p>\n\n\n\n<div class=\"wp-block-buttons is-layout-flex wp-block-buttons-is-layout-flex\">\n<div class=\"wp-block-button has-custom-font-size\" style=\"font-size:clamp(14px, 0.875rem + ((1vw - 3.2px) * 0.682), 20px);font-style:normal;font-weight:700;letter-spacing:0px;text-decoration:none;text-transform:none\"><a class=\"wp-block-button__link has-primary-color has-base-background-color has-text-color has-background wp-element-button\" href=\"https:\/\/www.youtube.com\/watch?v=alj7aTEN0ns\" style=\"border-style:none;border-width:0px;border-radius:13px;padding-top:24px;padding-right:36px;padding-bottom:24px;padding-left:36px\">Ver streaming<br>(s\u00e1bado 9:30)<\/a><\/div>\n<\/div>\n<\/div>\n<\/div>\n<\/div><\/div>\n\n\n\n<div style=\"height:49px\" aria-hidden=\"true\" class=\"wp-block-spacer\"><\/div>\n\n\n\n<h2 class=\"wp-block-heading has-text-align-center rotulador has-contrast-color has-text-color has-link-color wp-elements-8c436b8cca4655405443d0642f38c0d7\">Nu\u00eattra primera WordCamp (otra b\u00eah)<\/h2>\n\n\n\n<div class=\"wp-block-columns is-layout-flex wp-container-core-columns-is-layout-28f84493 wp-block-columns-is-layout-flex\">\n<div class=\"wp-block-column is-layout-flow wp-block-column-is-layout-flow\">\n<p>Parece que fue ayer cuando hicimos nuestra primera WordCamp, pero ya llevamos doce a\u00f1os y diez ediciones en lo alto.<\/p>\n\n\n\n<p>Por el camino hemos tenido muchas primeras WordCamp: primera WordCamp local en Espa\u00f1a, primera WordCamp Europe en Espa\u00f1a, primera WordCamp para desarrolladores, primer ponente no humano, primera WordCamp presencial del mundo tras la pandemia, primer jam\u00f3n sorteado en una WordCamp.<\/p>\n<\/div>\n\n\n\n<div class=\"wp-block-column is-layout-flow wp-block-column-is-layout-flow\">\n<figure class=\"wp-block-image size-large\"><img loading=\"lazy\" decoding=\"async\" width=\"1024\" height=\"683\" src=\"https:\/\/sevilla.wordcamp.org\/2023\/files\/2023\/06\/regional-parliament-655015_1920-1-1024x683.jpg\" alt=\"\" class=\"wp-image-571\" srcset=\"https:\/\/sevilla.wordcamp.org\/2023\/files\/2023\/06\/regional-parliament-655015_1920-1-1024x683.jpg 1024w, https:\/\/sevilla.wordcamp.org\/2023\/files\/2023\/06\/regional-parliament-655015_1920-1-300x200.jpg 300w, https:\/\/sevilla.wordcamp.org\/2023\/files\/2023\/06\/regional-parliament-655015_1920-1-768x512.jpg 768w, https:\/\/sevilla.wordcamp.org\/2023\/files\/2023\/06\/regional-parliament-655015_1920-1-450x300.jpg 450w, https:\/\/sevilla.wordcamp.org\/2023\/files\/2023\/06\/regional-parliament-655015_1920-1-1536x1024.jpg 1536w, https:\/\/sevilla.wordcamp.org\/2023\/files\/2023\/06\/regional-parliament-655015_1920-1.jpg 1920w\" sizes=\"auto, (max-width: 1024px) 100vw, 1024px\" \/><\/figure>\n<\/div>\n<\/div>\n\n\n\n<p>La WordCamp Sevilla 2023 vuelve a ser nuestra primera WordCamp. Todo se est\u00e1 pensando desde cero, a todo se le est\u00e1 dando \u00abuna vueltecita\u00bb.<\/p>\n\n\n\n<div style=\"height:49px\" aria-hidden=\"true\" class=\"wp-block-spacer\"><\/div>\n\n\n\n<div class=\"wp-block-cover alignfull is-light has-custom-content-position is-position-top-center\"><span aria-hidden=\"true\" class=\"wp-block-cover__background has-background-dim-100 has-background-dim has-background-gradient\" style=\"background:linear-gradient(360deg,rgb(255,255,255) 47%,rgb(151,0,67) 47%,rgb(151,0,67) 58%)\"><\/span><div class=\"wp-block-cover__inner-container is-layout-flow wp-block-cover-is-layout-flow\">\n<div class=\"wp-block-group alignfull alignwide has-global-padding is-layout-constrained wp-container-core-group-is-layout-b01c0f8a wp-block-group-is-layout-constrained\" style=\"border-radius:10px;padding-top:50px;padding-right:15px;padding-bottom:50px;padding-left:15px\">\n<h2 class=\"wp-block-heading has-text-align-center has-white-color has-text-color has-background\" style=\"background-color:#ffffff00;font-size:clamp(0.984em, 0.984rem + ((1vw - 0.2em) * 0.938), 1.5em);font-style:normal;font-weight:700;text-transform:none\">\u00bfQuieres participar en WordCamp Sevilla?<\/h2>\n\n\n\n<h5 class=\"wp-block-heading has-text-align-center has-base-color has-text-color\" style=\"font-size:clamp(14px, 0.875rem + ((1vw - 3.2px) * 0.227), 16px);line-height:1.3\">No te quedes con las ganas de sumar tu granito de arena en WordCamp Sevilla<\/h5>\n\n\n\n<div class=\"wp-block-columns are-vertically-aligned-center is-layout-flex wp-container-core-columns-is-layout-05e67a6a wp-block-columns-is-layout-flex\" style=\"border-radius:10px;padding-top:30px\">\n<div class=\"wp-block-column is-vertically-aligned-center is-layout-flow wp-block-column-is-layout-flow\">\n<div class=\"wp-block-group has-tertiary-background-color has-background is-layout-flow wp-block-group-is-layout-flow\" style=\"border-radius:10px;padding-top:40px;padding-right:20px;padding-bottom:40px;padding-left:20px\">\n<h4 class=\"wp-block-heading has-text-align-center has-text-color\" style=\"color:#172646;font-size:clamp(14px, 0.875rem + ((1vw - 3.2px) * 0.568), 19px);line-height:1\">Patrocinadores<\/h4>\n\n\n\n<p class=\"has-text-align-center has-text-color\" style=\"color:#172646;font-size:clamp(14px, 0.875rem + ((1vw - 3.2px) * 0.227), 16px);\">\u00a1Ayuda a hacer posible la fiesta de WordPress!<\/p>\n\n\n\n<div class=\"wp-block-buttons is-layout-flex wp-container-core-buttons-is-layout-9d22f1a6 wp-block-buttons-is-layout-flex\">\n<div class=\"wp-block-button aligncenter\"><a class=\"wp-block-button__link has-white-color has-primary-background-color has-text-color has-background wp-element-button\" href=\"https:\/\/sevilla.wordcamp.org\/2023\/octubre\/patrocina-la-wordcamp-sevilla-2023\/\" style=\"border-radius:5px;padding-top:5px;padding-right:20px;padding-bottom:5px;padding-left:20px\">\u00a1Ap\u00fantate!<\/a><\/div>\n<\/div>\n<\/div>\n<\/div>\n\n\n\n<div class=\"wp-block-column is-vertically-aligned-center is-layout-flow wp-block-column-is-layout-flow\">\n<div class=\"wp-block-group has-tertiary-background-color has-background is-layout-flow wp-block-group-is-layout-flow\" style=\"border-radius:10px;padding-top:40px;padding-right:20px;padding-bottom:40px;padding-left:20px\">\n<h4 class=\"wp-block-heading has-text-align-center has-text-color\" style=\"color:#172646;font-size:clamp(14px, 0.875rem + ((1vw - 3.2px) * 0.568), 19px);line-height:1\">Ponentes<\/h4>\n\n\n\n<p class=\"has-text-align-center has-text-color\" style=\"color:#172646;font-size:clamp(14px, 0.875rem + ((1vw - 3.2px) * 0.227), 16px);\">\u00bfTienes algo que compartir sobre WordPress?<\/p>\n\n\n\n<div class=\"wp-block-buttons is-layout-flex wp-container-core-buttons-is-layout-9d22f1a6 wp-block-buttons-is-layout-flex\">\n<div class=\"wp-block-button aligncenter\"><a class=\"wp-block-button__link has-white-color has-primary-background-color has-text-color has-background wp-element-button\" href=\"https:\/\/sevilla.wordcamp.org\/2023\/octubre\/presentate-como-ponente\/\" style=\"border-radius:5px;padding-top:5px;padding-right:20px;padding-bottom:5px;padding-left:20px\">D\u00e1 una charla<\/a><\/div>\n<\/div>\n<\/div>\n<\/div>\n\n\n\n<div class=\"wp-block-column is-vertically-aligned-center is-layout-flow wp-block-column-is-layout-flow\">\n<div class=\"wp-block-group has-tertiary-background-color has-background is-layout-flow wp-block-group-is-layout-flow\" style=\"border-radius:10px;padding-top:40px;padding-right:20px;padding-bottom:40px;padding-left:20px\">\n<h4 class=\"wp-block-heading has-text-align-center has-text-color\" style=\"color:#172646;font-size:clamp(14px, 0.875rem + ((1vw - 3.2px) * 0.568), 19px);line-height:1\">Voluntarios<\/h4>\n\n\n\n<p class=\"has-text-align-center has-text-color\" style=\"color:#172646;font-size:clamp(14px, 0.875rem + ((1vw - 3.2px) * 0.227), 16px);\">Tu ayuda es imprescindible durante la WordCamp<\/p>\n\n\n\n<div class=\"wp-block-buttons is-layout-flex wp-container-core-buttons-is-layout-9d22f1a6 wp-block-buttons-is-layout-flex\">\n<div class=\"wp-block-button aligncenter\"><a class=\"wp-block-button__link has-white-color has-primary-background-color has-text-color has-background wp-element-button\" href=\"https:\/\/sevilla.wordcamp.org\/2023\/octubre\/formulario-voluntarios\/\" style=\"border-radius:5px;padding-top:5px;padding-right:20px;padding-bottom:5px;padding-left:20px\">\u00a1Vente!<\/a><\/div>\n<\/div>\n<\/div>\n<\/div>\n<\/div>\n<\/div>\n<\/div><\/div>\n\n\n\n<h2 class=\"wp-block-heading has-text-align-center\">\u00daltimas noticias<\/h2>\n\n\n<ul class=\"wp-block-latest-posts__list is-grid columns-3 has-dates wp-block-latest-posts\"><li><div class=\"wp-block-latest-posts__featured-image\"><img loading=\"lazy\" decoding=\"async\" width=\"300\" height=\"169\" src=\"https:\/\/sevilla.wordcamp.org\/2023\/files\/2023\/10\/foto-de-familia-WCSevilla23-featured-300x169.jpg\" class=\"attachment-medium size-medium wp-post-image\" alt=\"\" style=\"\" srcset=\"https:\/\/sevilla.wordcamp.org\/2023\/files\/2023\/10\/foto-de-familia-WCSevilla23-featured-300x169.jpg 300w, https:\/\/sevilla.wordcamp.org\/2023\/files\/2023\/10\/foto-de-familia-WCSevilla23-featured-1024x576.jpg 1024w, https:\/\/sevilla.wordcamp.org\/2023\/files\/2023\/10\/foto-de-familia-WCSevilla23-featured-768x432.jpg 768w, https:\/\/sevilla.wordcamp.org\/2023\/files\/2023\/10\/foto-de-familia-WCSevilla23-featured-500x281.jpg 500w, https:\/\/sevilla.wordcamp.org\/2023\/files\/2023\/10\/foto-de-familia-WCSevilla23-featured.jpg 1280w\" sizes=\"auto, (max-width: 300px) 100vw, 300px\" \/><\/div><a class=\"wp-block-latest-posts__post-title\" href=\"https:\/\/sevilla.wordcamp.org\/2023\/una-wordcamp-no-termina-hasta-que-no-escribes-sobre-ella\/\">Una WordCamp no termina hasta que no escribes sobre ella<\/a><time datetime=\"2023-10-22T21:53:13+02:00\" class=\"wp-block-latest-posts__post-date\">22 de octubre de 2023<\/time><\/li>\n<li><div class=\"wp-block-latest-posts__featured-image\"><img loading=\"lazy\" decoding=\"async\" width=\"300\" height=\"177\" src=\"https:\/\/sevilla.wordcamp.org\/2023\/files\/2023\/08\/wordcamp-sevilla-2022-1-300x177.jpg\" class=\"attachment-medium size-medium wp-post-image\" alt=\"\" style=\"\" srcset=\"https:\/\/sevilla.wordcamp.org\/2023\/files\/2023\/08\/wordcamp-sevilla-2022-1-300x177.jpg 300w, https:\/\/sevilla.wordcamp.org\/2023\/files\/2023\/08\/wordcamp-sevilla-2022-1-1024x605.jpg 1024w, https:\/\/sevilla.wordcamp.org\/2023\/files\/2023\/08\/wordcamp-sevilla-2022-1-768x454.jpg 768w, https:\/\/sevilla.wordcamp.org\/2023\/files\/2023\/08\/wordcamp-sevilla-2022-1-500x295.jpg 500w, https:\/\/sevilla.wordcamp.org\/2023\/files\/2023\/08\/wordcamp-sevilla-2022-1-1536x907.jpg 1536w, https:\/\/sevilla.wordcamp.org\/2023\/files\/2023\/08\/wordcamp-sevilla-2022-1.jpg 1920w\" sizes=\"auto, (max-width: 300px) 100vw, 300px\" \/><\/div><a class=\"wp-block-latest-posts__post-title\" href=\"https:\/\/sevilla.wordcamp.org\/2023\/wordcamp-sevilla-2023-descubre-el-universo-wordpress-y-por-que-debes-participar\/\">WordCamp Sevilla 2023: Descubre el Universo WordPress y Por Qu\u00e9 Debes Participar<\/a><time datetime=\"2023-10-03T09:40:55+02:00\" class=\"wp-block-latest-posts__post-date\">3 de octubre de 2023<\/time><\/li>\n<li><div class=\"wp-block-latest-posts__featured-image\"><img loading=\"lazy\" decoding=\"async\" width=\"300\" height=\"200\" src=\"https:\/\/sevilla.wordcamp.org\/2023\/files\/2023\/10\/sevilla-desde-el-rio-guadalquivir-300x200.jpg\" class=\"attachment-medium size-medium wp-post-image\" alt=\"\" style=\"\" srcset=\"https:\/\/sevilla.wordcamp.org\/2023\/files\/2023\/10\/sevilla-desde-el-rio-guadalquivir-300x200.jpg 300w, https:\/\/sevilla.wordcamp.org\/2023\/files\/2023\/10\/sevilla-desde-el-rio-guadalquivir-1024x682.jpg 1024w, https:\/\/sevilla.wordcamp.org\/2023\/files\/2023\/10\/sevilla-desde-el-rio-guadalquivir-768x512.jpg 768w, https:\/\/sevilla.wordcamp.org\/2023\/files\/2023\/10\/sevilla-desde-el-rio-guadalquivir-450x300.jpg 450w, https:\/\/sevilla.wordcamp.org\/2023\/files\/2023\/10\/sevilla-desde-el-rio-guadalquivir.jpg 1280w\" sizes=\"auto, (max-width: 300px) 100vw, 300px\" \/><\/div><a class=\"wp-block-latest-posts__post-title\" href=\"https:\/\/sevilla.wordcamp.org\/2023\/que-ver-en-sevilla\/\">Qu\u00e9 ver en Sevilla<\/a><time datetime=\"2023-10-01T12:20:24+02:00\" class=\"wp-block-latest-posts__post-date\">1 de octubre de 2023<\/time><\/li>\n<\/ul>","protected":false},"excerpt":{"rendered":"<p>Nu\u00eattra primera WordCamp (otra b\u00eah) Parece que fue ayer cuando hicimos nuestra primera WordCamp, pero ya llevamos doce a\u00f1os y diez ediciones en lo alto. Por el camino hemos tenido muchas primeras WordCamp: primera WordCamp local en Espa\u00f1a, primera WordCamp Europe en Espa\u00f1a, primera WordCamp para desarrolladores, primer ponente no humano, primera WordCamp presencial del [&hellip;]<\/p>\n","protected":false},"author":13994457,"featured_media":1391,"parent":0,"menu_order":0,"comment_status":"closed","ping_status":"closed","template":"","meta":{"jetpack_post_was_ever_published":false,"footnotes":""},"class_list":["post-209","page","type-page","status-publish","has-post-thumbnail","hentry"],"jetpack_sharing_enabled":true,"jetpack_shortlink":"https:\/\/wp.me\/PeA5rh-3n","_links":{"self":[{"href":"https:\/\/sevilla.wordcamp.org\/2023\/wp-json\/wp\/v2\/pages\/209","targetHints":{"allow":["GET"]}}],"collection":[{"href":"https:\/\/sevilla.wordcamp.org\/2023\/wp-json\/wp\/v2\/pages"}],"about":[{"href":"https:\/\/sevilla.wordcamp.org\/2023\/wp-json\/wp\/v2\/types\/page"}],"author":[{"embeddable":true,"href":"https:\/\/sevilla.wordcamp.org\/2023\/wp-json\/wp\/v2\/users\/13994457"}],"replies":[{"embeddable":true,"href":"https:\/\/sevilla.wordcamp.org\/2023\/wp-json\/wp\/v2\/comments?post=209"}],"version-history":[{"count":35,"href":"https:\/\/sevilla.wordcamp.org\/2023\/wp-json\/wp\/v2\/pages\/209\/revisions"}],"predecessor-version":[{"id":1715,"href":"https:\/\/sevilla.wordcamp.org\/2023\/wp-json\/wp\/v2\/pages\/209\/revisions\/1715"}],"wp:featuredmedia":[{"embeddable":true,"href":"https:\/\/sevilla.wordcamp.org\/2023\/wp-json\/wp\/v2\/media\/1391"}],"wp:attachment":[{"href":"https:\/\/sevilla.wordcamp.org\/2023\/wp-json\/wp\/v2\/media?parent=209"}],"curies":[{"name":"wp","href":"https:\/\/api.w.org\/{rel}","templated":true}]}}