{"id":704,"date":"2023-07-02T17:11:21","date_gmt":"2023-07-02T15:11:21","guid":{"rendered":"https:\/\/sevilla.wordcamp.org\/2023\/?page_id=704"},"modified":"2023-10-11T18:10:37","modified_gmt":"2023-10-11T16:10:37","slug":"programa","status":"publish","type":"page","link":"https:\/\/sevilla.wordcamp.org\/2023\/octubre\/programa\/","title":{"rendered":"Programa"},"content":{"rendered":"\n<h1 class=\"wp-block-heading rotulador has-contrast-color has-text-color has-link-color wp-elements-421b9ab43321ebdecc21fa3cacdde84b\">Lo que bam\u00f4 a a\u00e7\u00eah<\/h1>\n\n\n\n<h2 class=\"wp-block-heading\">Viernes, 20 de octubre<\/h2>\n\n\n\n<p>El viernes lo hemos planteado con una tarde tranquila de bienvenida y networking.<\/p>\n\n\n\n<p>Tendremos tiempo para conocernos, repartir tarjetas (\u00bfalguien gasta de eso todav\u00eda?) y hacer nuevos contactos. Lo que los modernitos lo llamaran networking, pero con caf\u00e9.<\/p>\n\n\n\n<div\n\tclass=\"wp-block-wordcamp-schedule alignwide is-loading\"\n\t\tdata-attributes=\"{&quot;__isStylesPreview&quot;:false,&quot;align&quot;:&quot;wide&quot;,&quot;chooseSpecificDays&quot;:true,&quot;chosenDays&quot;:[&quot;2023-10-20&quot;],&quot;chooseSpecificTracks&quot;:false,&quot;chosenTrackIds&quot;:[],&quot;showCategories&quot;:false,&quot;useClientTimezone&quot;:false}\"\n>\n\tCargando\u2026<\/div>\n\n\n\t<div class=\"email-form fav-session-email-form-hide\">\n\t\t<!-- Tab links -->\n\t\t<div class=\"fav-session-share-tab\">\n\t\t\t\t\t\t\t<div class=\"fav-session-tablinks\" id=\"fav-session-btn-email\">\n\t\t\t\t\tCorreo electr\u00f3nico\t\t\t\t<\/div>\n\t\t\t\n\t\t\t<div class=\"fav-session-tablinks\" id=\"fav-session-btn-link\">\n\t\t\t\tEnlace\t\t\t<\/div>\n\n\t\t\t<div class=\"fav-session-tablinks\" id=\"fav-session-btn-print\">\n\t\t\t\tImprimir\t\t\t<\/div>\n\t\t<\/div>\n\n\t\t<!-- Tab content -->\n\t\t\t\t\t<div id=\"fav-session-tab-email\" class=\"fav-session-share-tabcontent\">\n\t\t\t\t<div id=\"fav-session-email-form\">\n\t\t\t\t\tEnv\u00edame mis sesiones favoritas:\n\t\t\t\t\t<form id=\"fav-sessions-form\">\n\t\t\t\t\t\t<input\n\t\t\t\t\t\t\ttype=\"text\"\n\t\t\t\t\t\t\tname=\"email_address\"\n\t\t\t\t\t\t\tid=\"fav-sessions-email-address\"\n\t\t\t\t\t\t\tplaceholder=\"me@protonmail.com\"\n\t\t\t\t\t\t\/>\n\t\t\t\t\t\t<input type=\"submit\" value=\"Enviar\" \/>\n\t\t\t\t\t<\/form>\n\t\t\t\t<\/div>\n\n\t\t\t\t<div class=\"fav-session-email-wait-spinner\"><\/div>\n\t\t\t\t<div class=\"fav-session-email-result\"><\/div>\n\t\t\t<\/div>\n\t\t\n\t\t<div id=\"fav-session-tab-link\" class=\"fav-session-share-tabcontent\">\n\t\t\tEnlace compartible:\t\t\t<br \/>\n\t\t\t<a id=\"fav-sessions-link\" href=\"\"><\/a>\n\t\t<\/div>\n\n\t\t<div id=\"fav-session-tab-print\" class=\"fav-session-share-tabcontent\">\n\t\t\t<button id=\"fav-session-print\">\n\t\t\t\tImprimir sesiones favoritas\t\t\t<\/button>\n\t\t<\/div>\n\t<\/div>\n\n\t<a class=\"show-email-form\" href=\"javascript:\">\n\t\t<span class=\"dashicons dashicons-star-filled\"><\/span>\n\t\t<span class=\"dashicons dashicons-email-alt\"><\/span>\n\t<\/a>\n\n\t\n\n\n<h2 class=\"wp-block-heading\">S\u00e1bado, 21 de octubre<\/h2>\n\n\n\n<p>El s\u00e1bado es el \u00abd\u00eda fuerte\u00bb de la WordCamp, con una jornada entera de charlas sobre WordPress impartidas por miembros de la comunidad.<\/p>\n\n\n\n<p>Tu entrada incluye desayuno, almuerzo, merienda, fiesta&#8230; no te preocupes, que hambre no vas a pasar \ud83d\ude05<\/p>\n\n\n\n<div\n\tclass=\"wp-block-wordcamp-schedule alignwide is-loading\"\n\t\tdata-attributes=\"{&quot;__isStylesPreview&quot;:false,&quot;align&quot;:&quot;wide&quot;,&quot;chooseSpecificDays&quot;:true,&quot;chosenDays&quot;:[&quot;2023-10-21&quot;],&quot;chooseSpecificTracks&quot;:false,&quot;chosenTrackIds&quot;:[],&quot;showCategories&quot;:false,&quot;useClientTimezone&quot;:false}\"\n>\n\tCargando\u2026<\/div>\n\n\n\n\n<h2 class=\"wp-block-heading\">Domingo, 22 de octubre<\/h2>\n\n\n\n<p>El domingo vamos a tener un Contributor Day durante toda la ma\u00f1ana, una sesi\u00f3n en la que aprender c\u00f3mo funciona la comunidad de WordPress por dentro y c\u00f3mo colaborar con los equipos que la forman.<\/p>\n\n\n\n<p>Oficialmente terminaremos despu\u00e9s de comer, pero habr\u00e1 tiempo de caf\u00e9, sobremesa y turisteo para los que os qued\u00e9is.<\/p>\n\n\n\n<div\n\tclass=\"wp-block-wordcamp-schedule alignwide is-loading\"\n\t\tdata-attributes=\"{&quot;__isStylesPreview&quot;:false,&quot;align&quot;:&quot;wide&quot;,&quot;chooseSpecificDays&quot;:true,&quot;chosenDays&quot;:[&quot;2023-10-22&quot;],&quot;chooseSpecificTracks&quot;:false,&quot;chosenTrackIds&quot;:[],&quot;showCategories&quot;:false,&quot;useClientTimezone&quot;:false}\"\n>\n\tCargando\u2026<\/div>\n\n","protected":false},"excerpt":{"rendered":"<p>Lo que bam\u00f4 a a\u00e7\u00eah Viernes, 20 de octubre El viernes lo hemos planteado con una tarde tranquila de bienvenida y networking. Tendremos tiempo para conocernos, repartir tarjetas (\u00bfalguien gasta de eso todav\u00eda?) y hacer nuevos contactos. Lo que los modernitos lo llamaran networking, pero con caf\u00e9. S\u00e1bado, 21 de octubre El s\u00e1bado es el [&hellip;]<\/p>\n","protected":false},"author":15711338,"featured_media":0,"parent":209,"menu_order":0,"comment_status":"closed","ping_status":"closed","template":"","meta":{"jetpack_post_was_ever_published":false,"footnotes":""},"class_list":["post-704","page","type-page","status-publish","hentry"],"jetpack_sharing_enabled":true,"jetpack_shortlink":"https:\/\/wp.me\/PeA5rh-bm","_links":{"self":[{"href":"https:\/\/sevilla.wordcamp.org\/2023\/wp-json\/wp\/v2\/pages\/704","targetHints":{"allow":["GET"]}}],"collection":[{"href":"https:\/\/sevilla.wordcamp.org\/2023\/wp-json\/wp\/v2\/pages"}],"about":[{"href":"https:\/\/sevilla.wordcamp.org\/2023\/wp-json\/wp\/v2\/types\/page"}],"author":[{"embeddable":true,"href":"https:\/\/sevilla.wordcamp.org\/2023\/wp-json\/wp\/v2\/users\/15711338"}],"replies":[{"embeddable":true,"href":"https:\/\/sevilla.wordcamp.org\/2023\/wp-json\/wp\/v2\/comments?post=704"}],"version-history":[{"count":18,"href":"https:\/\/sevilla.wordcamp.org\/2023\/wp-json\/wp\/v2\/pages\/704\/revisions"}],"predecessor-version":[{"id":1556,"href":"https:\/\/sevilla.wordcamp.org\/2023\/wp-json\/wp\/v2\/pages\/704\/revisions\/1556"}],"up":[{"embeddable":true,"href":"https:\/\/sevilla.wordcamp.org\/2023\/wp-json\/wp\/v2\/pages\/209"}],"wp:attachment":[{"href":"https:\/\/sevilla.wordcamp.org\/2023\/wp-json\/wp\/v2\/media?parent=704"}],"curies":[{"name":"wp","href":"https:\/\/api.w.org\/{rel}","templated":true}]}}