{"id":785,"date":"2023-07-24T11:16:30","date_gmt":"2023-07-24T09:16:30","guid":{"rendered":"https:\/\/sevilla.wordcamp.org\/2023\/?page_id=785"},"modified":"2023-10-17T14:38:29","modified_gmt":"2023-10-17T12:38:29","slug":"ubicacion","status":"publish","type":"page","link":"https:\/\/sevilla.wordcamp.org\/2023\/octubre\/ubicacion\/","title":{"rendered":"Ubicaci\u00f3n"},"content":{"rendered":"\n<h1 class=\"wp-block-heading rotulador has-contrast-color has-text-color has-link-color wp-elements-ef2f51812bf60c9684289656f9837cca\">D\u00f3nde bam\u00f4 a \u00eatt\u00e2h<\/h1>\n\n\n\n<p>Toda la WordCamp Sevilla 2023 va a tener lugar en el el campus de la Facultad de Bellas Artes de la Universidad de Sevilla, un edificio emblem\u00e1tico situado en la calle Lara\u00f1a, en pleno casco hist\u00f3rico.<\/p>\n\n\n\n<figure class=\"wp-block-image size-large\"><img loading=\"lazy\" decoding=\"async\" width=\"1024\" height=\"576\" src=\"https:\/\/sevilla.wordcamp.org\/2023\/files\/2023\/10\/fachada-bellas-artes-1024x576.jpg\" alt=\"Facha del campus de lara\u00f1a de la Facultad de Bellas Artes de la Universidad de Sevilla\" class=\"wp-image-1644\" srcset=\"https:\/\/sevilla.wordcamp.org\/2023\/files\/2023\/10\/fachada-bellas-artes-1024x576.jpg 1024w, https:\/\/sevilla.wordcamp.org\/2023\/files\/2023\/10\/fachada-bellas-artes-300x169.jpg 300w, https:\/\/sevilla.wordcamp.org\/2023\/files\/2023\/10\/fachada-bellas-artes-768x432.jpg 768w, https:\/\/sevilla.wordcamp.org\/2023\/files\/2023\/10\/fachada-bellas-artes-500x281.jpg 500w, https:\/\/sevilla.wordcamp.org\/2023\/files\/2023\/10\/fachada-bellas-artes.jpg 1280w\" sizes=\"auto, (max-width: 1024px) 100vw, 1024px\" \/><\/figure>\n\n\n\n<div class=\"wp-block-group has-tertiary-background-color has-background has-global-padding is-layout-constrained wp-container-core-group-is-layout-2eee26a9 wp-block-group-is-layout-constrained\" style=\"margin-top:0px;margin-bottom:0px;padding-top:var(--wp--preset--spacing--30);padding-right:var(--wp--preset--spacing--30);padding-bottom:var(--wp--preset--spacing--30);padding-left:var(--wp--preset--spacing--30)\">\n<h3 class=\"wp-block-heading has-large-font-size\">Facultad de Bellas Artes (BBAA) &#8211; Universidad de Sevilla<\/h3>\n\n\n\n<p class=\"has-contrast-color has-text-color has-link-color wp-elements-4f87758853bb11e3749635460f3a97ab\">C. Lara\u00f1a, 3, 41003 Sevilla<br><a href=\"https:\/\/goo.gl\/maps\/ZGSrfy7YYHMAEsFE6\" target=\"_blank\" rel=\"noreferrer noopener\">Ver en Google Maps<\/a><\/p>\n<\/div>\n\n\n\n<h2 class=\"wp-block-heading\">Plano de las instalaciones<\/h2>\n\n\n\n<p>(haz clic en la imagen para descarg\u00e1rtela en PDF)<\/p>\n\n\n\n<figure class=\"wp-block-image size-full\"><a href=\"https:\/\/sevilla.wordcamp.org\/2023\/files\/2023\/10\/plano-simplificado.pdf\"><img loading=\"lazy\" decoding=\"async\" width=\"697\" height=\"657\" src=\"https:\/\/sevilla.wordcamp.org\/2023\/files\/2023\/10\/plano-simplificado.png\" alt=\"\" class=\"wp-image-1648\" srcset=\"https:\/\/sevilla.wordcamp.org\/2023\/files\/2023\/10\/plano-simplificado.png 697w, https:\/\/sevilla.wordcamp.org\/2023\/files\/2023\/10\/plano-simplificado-300x283.png 300w, https:\/\/sevilla.wordcamp.org\/2023\/files\/2023\/10\/plano-simplificado-318x300.png 318w\" sizes=\"auto, (max-width: 697px) 100vw, 697px\" \/><\/a><\/figure>\n","protected":false},"excerpt":{"rendered":"<p>D\u00f3nde bam\u00f4 a \u00eatt\u00e2h Toda la WordCamp Sevilla 2023 va a tener lugar en el el campus de la Facultad de Bellas Artes de la Universidad de Sevilla, un edificio emblem\u00e1tico situado en la calle Lara\u00f1a, en pleno casco hist\u00f3rico. Facultad de Bellas Artes (BBAA) &#8211; Universidad de Sevilla C. Lara\u00f1a, 3, 41003 SevillaVer en [&hellip;]<\/p>\n","protected":false},"author":13994457,"featured_media":0,"parent":209,"menu_order":0,"comment_status":"closed","ping_status":"closed","template":"","meta":{"jetpack_post_was_ever_published":false,"footnotes":""},"class_list":["post-785","page","type-page","status-publish","hentry"],"jetpack_sharing_enabled":true,"jetpack_shortlink":"https:\/\/wp.me\/PeA5rh-cF","_links":{"self":[{"href":"https:\/\/sevilla.wordcamp.org\/2023\/wp-json\/wp\/v2\/pages\/785","targetHints":{"allow":["GET"]}}],"collection":[{"href":"https:\/\/sevilla.wordcamp.org\/2023\/wp-json\/wp\/v2\/pages"}],"about":[{"href":"https:\/\/sevilla.wordcamp.org\/2023\/wp-json\/wp\/v2\/types\/page"}],"author":[{"embeddable":true,"href":"https:\/\/sevilla.wordcamp.org\/2023\/wp-json\/wp\/v2\/users\/13994457"}],"replies":[{"embeddable":true,"href":"https:\/\/sevilla.wordcamp.org\/2023\/wp-json\/wp\/v2\/comments?post=785"}],"version-history":[{"count":6,"href":"https:\/\/sevilla.wordcamp.org\/2023\/wp-json\/wp\/v2\/pages\/785\/revisions"}],"predecessor-version":[{"id":1650,"href":"https:\/\/sevilla.wordcamp.org\/2023\/wp-json\/wp\/v2\/pages\/785\/revisions\/1650"}],"up":[{"embeddable":true,"href":"https:\/\/sevilla.wordcamp.org\/2023\/wp-json\/wp\/v2\/pages\/209"}],"wp:attachment":[{"href":"https:\/\/sevilla.wordcamp.org\/2023\/wp-json\/wp\/v2\/media?parent=785"}],"curies":[{"name":"wp","href":"https:\/\/api.w.org\/{rel}","templated":true}]}}