{"id":932,"date":"2023-08-24T00:45:31","date_gmt":"2023-08-23T22:45:31","guid":{"rendered":"https:\/\/sevilla.wordcamp.org\/2023\/?page_id=932"},"modified":"2024-07-10T21:14:22","modified_gmt":"2024-07-10T19:14:22","slug":"formulario-voluntarios","status":"publish","type":"page","link":"https:\/\/sevilla.wordcamp.org\/2023\/octubre\/formulario-voluntarios\/","title":{"rendered":"Participa como voluntario\/a"},"content":{"rendered":"<h1 class=\"wp-block-post-title\">Participa como voluntario\/a<\/h1>\n\n\n<p class=\"has-text-align-left has-contrast-color has-text-color has-link-color wp-elements-ae1afa494230c8109f387eae52a379f0\">Bienvenid@s a <mark style=\"background-color:#ffffff\" class=\"has-inline-color has-primary-color\"><strong>WordCamp Sevilla 2023<\/strong><\/mark>, si est\u00e1s aqu\u00ed es porque quieres formar parte del equipo y echar una manita&#8230;  <strong><em><mark style=\"background-color:#ffffff\" class=\"has-inline-color has-primary-color\">Lo primero que debes saber:<\/mark><\/em><\/strong><\/p>\n\n\n\n<p>El equipo de voluntariado es una pieza \u00fanica, fundamental e irremplazable en la log\u00edstica y organizaci\u00f3n de asistentes, ponentes y, en definitiva, del propio devenir de cualquier WordCamp.<\/p>\n\n\n\n<p class=\"has-contrast-color has-text-color has-link-color wp-elements-ffd26d5c6d411ea53f3a84331b099be6\">Ser voluntario\/a supone una gran experiencia llena de vivencias muy satisfactorias. Te proporcionar\u00e1 la oportunidad de conocer y hablar con asistentes, ponentes y patrocinadores de primera mano. Pero lo m\u00e1s importante: estar\u00e1s ayudando a que una WordCamp, un evento en el que todo el trabajo de organizaci\u00f3n es voluntario, sea espectacular para todo el mundo.<\/p>\n\n\n\n<p class=\"has-primary-color has-text-color has-link-color wp-elements-598f2739c892dc1ed181427c883afffc\"><strong><em><mark style=\"background-color:#ffffff;color:#862a66\" class=\"has-inline-color\">\u00bfQu\u00e9 buscamos o necesitamos de un voluntario?<\/mark><\/em><\/strong><\/p>\n\n\n\n<blockquote class=\"wp-block-quote is-layout-flow wp-block-quote-is-layout-flow\">\n<ul class=\"wp-block-list\">\n<li>Ayudar en el registro de asistentes<\/li>\n\n\n\n<li>Entregar acreditaciones, camisetas y regalos promocionales a los asistentes<\/li>\n\n\n\n<li>Guiar a los ponentes y asistentes por los&nbsp;<em>venues<\/em>&nbsp;para no se nos pierdan ni una sesi\u00f3n<\/li>\n\n\n\n<li>Ayudar con la log\u00edstica general (espacios, sponsors, controlar que todo el mundo est\u00e9 asistido\u2026)<\/li>\n\n\n\n<li>Ser\u00e1s apoyo fundamental tanto en talleres y charlas ayudando con el control de sala, micr\u00f3fonos y turnos de preguntas<\/li>\n\n\n\n<li>Y tambi\u00e9n ser\u00e1s pieza clave y fundamental en el desarrollo de nuestra WordCamp, siendo ejemplo del cumplimiento de nuestro&nbsp;<a href=\"https:\/\/sevilla.wordcamp.org\/2023\/conducta\/\" data-type=\"page\" data-id=\"21\">C\u00f3digo de Conducta<\/a>, y haciendo que cada asistente y ponente se sienta en un espacio agradable, sea cual sea su condici\u00f3n<\/li>\n<\/ul>\n<\/blockquote>\n\n\n\n<p class=\"has-primary-color has-text-color has-link-color wp-elements-9f5099f6bf3ee8c4b752a2e31d3c95d9\"><strong><em><mark style=\"background-color:#ffffff;color:#862a66\" class=\"has-inline-color\">\u00bfQu\u00e9 beneficios te reporta este voluntariado? <\/mark><\/em><\/strong><\/p>\n\n\n\n<blockquote class=\"wp-block-quote is-layout-flow wp-block-quote-is-layout-flow\">\n<ul class=\"wp-block-list\">\n<li>\ud83c\udf9f <strong>Tu entrada ser\u00e1 gratuita<\/strong> \ud83c\udf9f<\/li>\n\n\n\n<li>Cubrimos tu comida para recargar las pilas \ud83d\udd0b<\/li>\n\n\n\n<li>Te llevas una camiseta exclusiva de voluntario de la WordCamp \ud83d\udc55<\/li>\n\n\n\n<li>Y, lo m\u00e1s importante, te llevas una experiencia \u00fanica, con un equipo genial, y muchos contactos interesantes para el futuro.<\/li>\n<\/ul>\n<\/blockquote>\n\n\n\n<p>Bien, una vez le\u00eddo todo esto, \u00bfQu\u00e9 es lo que toca ahora? Debes rellenar los campos que vienen a continuaci\u00f3n para que nos llegue tu inscripci\u00f3n. Ten en cuenta que el equipo de voluntarios es reducido y no tod@s podr\u00e9is participar. Seas finalmente o no parte del equipo, gracias por tu ofrecimiento \u2764\u2728<\/p>\n\n\n\n<p><\/p>\n\n\n\n<p class=\"has-small-font-size\"><strong><span style=\"text-decoration: underline\">Peque\u00f1a nota:<\/span> el trabajo de voluntariado es muy visible y p\u00fablico. Vas a salir en fotos y v\u00eddeos del evento y, al finalizar el mismo, te pediremos que subas con todo el equipo de organizaci\u00f3n al escenario para hacer las fotos de grupo. Por supuesto, todo el equipo va a estar ah\u00ed contigo en todo momento, pero queremos que lo tengas en cuenta.<\/strong> \ud83d\ude0b<\/p>\n\n\n\n<p><\/p>\n","protected":false},"excerpt":{"rendered":"<p>Bienvenid@s a WordCamp Sevilla 2023, si est\u00e1s aqu\u00ed es porque quieres formar parte del equipo y echar una manita&#8230; Lo primero que debes saber: El equipo de voluntariado es una pieza \u00fanica, fundamental e irremplazable en la log\u00edstica y organizaci\u00f3n de asistentes, ponentes y, en definitiva, del propio devenir de cualquier WordCamp. Ser voluntario\/a supone [&hellip;]<\/p>\n","protected":false},"author":20102777,"featured_media":939,"parent":209,"menu_order":0,"comment_status":"closed","ping_status":"closed","template":"","meta":{"jetpack_post_was_ever_published":false,"footnotes":""},"class_list":["post-932","page","type-page","status-publish","has-post-thumbnail","hentry"],"jetpack_sharing_enabled":true,"jetpack_shortlink":"https:\/\/wp.me\/PeA5rh-f2","_links":{"self":[{"href":"https:\/\/sevilla.wordcamp.org\/2023\/wp-json\/wp\/v2\/pages\/932","targetHints":{"allow":["GET"]}}],"collection":[{"href":"https:\/\/sevilla.wordcamp.org\/2023\/wp-json\/wp\/v2\/pages"}],"about":[{"href":"https:\/\/sevilla.wordcamp.org\/2023\/wp-json\/wp\/v2\/types\/page"}],"author":[{"embeddable":true,"href":"https:\/\/sevilla.wordcamp.org\/2023\/wp-json\/wp\/v2\/users\/20102777"}],"replies":[{"embeddable":true,"href":"https:\/\/sevilla.wordcamp.org\/2023\/wp-json\/wp\/v2\/comments?post=932"}],"version-history":[{"count":6,"href":"https:\/\/sevilla.wordcamp.org\/2023\/wp-json\/wp\/v2\/pages\/932\/revisions"}],"predecessor-version":[{"id":8822,"href":"https:\/\/sevilla.wordcamp.org\/2023\/wp-json\/wp\/v2\/pages\/932\/revisions\/8822"}],"up":[{"embeddable":true,"href":"https:\/\/sevilla.wordcamp.org\/2023\/wp-json\/wp\/v2\/pages\/209"}],"wp:featuredmedia":[{"embeddable":true,"href":"https:\/\/sevilla.wordcamp.org\/2023\/wp-json\/wp\/v2\/media\/939"}],"wp:attachment":[{"href":"https:\/\/sevilla.wordcamp.org\/2023\/wp-json\/wp\/v2\/media?parent=932"}],"curies":[{"name":"wp","href":"https:\/\/api.w.org\/{rel}","templated":true}]}}