{"id":948,"date":"2023-09-11T20:57:06","date_gmt":"2023-09-11T18:57:06","guid":{"rendered":"https:\/\/sevilla.wordcamp.org\/2023\/?page_id=948"},"modified":"2023-09-11T20:57:06","modified_gmt":"2023-09-11T18:57:06","slug":"organizadores","status":"publish","type":"page","link":"https:\/\/sevilla.wordcamp.org\/2023\/octubre\/organizadores\/","title":{"rendered":"Organizadores"},"content":{"rendered":"\n<h2 class=\"wp-block-heading\">Organizadores de la WordCamp Sevilla<\/h2>\n\n\n<ul class=\"wordcamp-block wordcamp-post-list has-layout-list wordcamp-organizers\"><li class=\"wordcamp-post-list__post wordcamp-clearfix\">\n<div class=\"wordcamp-organizer wordcamp-organizers__post slug-nilo-velez\">\n\t<h3 class=\"wordcamp-block__item-title wordcamp-organizers__title\">Nilo V\u00e9lez<\/h3>\n\t\t\t<div class=\"wordcamp-image__avatar-container align-none\">\n\t\t\t<img decoding=\"async\" src=\"https:\/\/secure.gravatar.com\/avatar\/09a19d6c3d35d136db80cd14757e532d95a3b54dd9aebded06dcee529ed3d285?s=150&amp;d=mm&amp;r=g\" alt=\"Avatar de Nilo V\u00e9lez\" \/>\t\t<\/div>\n\t\n\t\t\t<div class=\"wordcamp-block__item-content wordcamp-organizers__content is-full\"><p>Desarrollador de profesi\u00f3n, bombero torero de vocaci\u00f3n, lo mismo te fr\u00edo una camisa que te plancho un huevo.<\/p>\n<p>Soy organizador principal de la WordCamp Sevilla 2023 y el responsable de contenidos.<\/p>\n<\/div>\t<\/div>\n\n<\/li><li class=\"wordcamp-post-list__post wordcamp-clearfix\">\n<div class=\"wordcamp-organizer wordcamp-organizers__post slug-jorge-raposo\">\n\t<h3 class=\"wordcamp-block__item-title wordcamp-organizers__title\">Jorge Raposo<\/h3>\n\t\t\t<div class=\"wordcamp-image__avatar-container align-none\">\n\t\t\t<img decoding=\"async\" src=\"https:\/\/secure.gravatar.com\/avatar\/df971d39abf86d8760b1b08f971737f9e43f8a249387b4a4f4befc0b3d476dff?s=150&amp;d=mm&amp;r=g\" alt=\"Avatar de Jorge Raposo\" \/>\t\t<\/div>\n\t\n\t\t\t<div class=\"wordcamp-block__item-content wordcamp-organizers__content is-full\"><p>Discreto, met\u00f3dico, trabajador y organizado. Dirige el equipo de marketing para que te enteres de qu\u00e9 se cuece en este evento.<\/p>\n<\/div>\t<\/div>\n\n<\/li><li class=\"wordcamp-post-list__post wordcamp-clearfix\">\n<div class=\"wordcamp-organizer wordcamp-organizers__post slug-mariano-perez-caro\">\n\t<h3 class=\"wordcamp-block__item-title wordcamp-organizers__title\">Mariano P\u00e9rez Caro<\/h3>\n\t\t\t<div class=\"wordcamp-image__avatar-container align-none\">\n\t\t\t<img decoding=\"async\" src=\"https:\/\/secure.gravatar.com\/avatar\/3089ff1456a3ba047f6b20713c8828dc7cec818fb0775415d83da1249ee047d2?s=150&amp;d=mm&amp;r=g\" alt=\"Avatar de Mariano P\u00e9rez Caro\" \/>\t\t<\/div>\n\t\n\t\t\t<div class=\"wordcamp-block__item-content wordcamp-organizers__content is-full\"><p>Soy Mariano P\u00e9rez Caro, ingeniero inform\u00e1tico.<\/p>\n<p>Perfil t\u00e9cnico orientado a la administraci\u00f3n de sistemas y al desarrollo web. Con WordPress pero tambi\u00e9n con Hugo y con lo que haga falta. Tengo un peque\u00f1a empresa desde la que nos encargamos de gestionar la inform\u00e1tica de nuestros clientes.<\/p>\n<p>Coordino la comunidad de WordPress Sevilla, coorganizo WordCamp Sevilla y soy Deputy (responsable) de la comunidad mundial de WordPress. Tambi\u00e9n soy miembro de SVQTech, que aglutina todas las comunidades tecnol\u00f3gicas de Sevilla.<\/p>\n<p>Apasionado del Software Libre y linuxero. Me encanta leer y la cultura. Tengo un podcasts sobre WordPress llamado PotenciaPro. Soy mentor en la aceleradora de empresas Espacio Res y profesor en OpenWebinars.<\/p>\n<\/div>\t<\/div>\n\n<\/li><li class=\"wordcamp-post-list__post wordcamp-clearfix\">\n<div class=\"wordcamp-organizer wordcamp-organizers__post slug-paco-marchante\">\n\t<h3 class=\"wordcamp-block__item-title wordcamp-organizers__title\">Paco Marchante<\/h3>\n\t\t\t<div class=\"wordcamp-image__avatar-container align-none\">\n\t\t\t<img decoding=\"async\" src=\"https:\/\/secure.gravatar.com\/avatar\/3978363818e02d04530d8a40983837441cc65046ed7814afe913f7e00f0cbb34?s=150&amp;d=mm&amp;r=g\" alt=\"Avatar de Paco Marchante\" \/>\t\t<\/div>\n\t\n\t\t\t<div class=\"wordcamp-block__item-content wordcamp-organizers__content is-full\"><p>Soy desarrollador senior especializado en WordPress.<\/p>\n<p>Participo dentro del equipo del equipo global de plugins y ayudo a la comunidad WordPress en todo lo que puedo.<\/p>\n<p>He sido organizador de las meetups oficiales de WordPress desde 2018 en C\u00e1diz y Chiclana. He participado en el equipo de organizaci\u00f3n de WordCamp Chiclana 2020, 2023 y WordCamp Spain 2020 entre otros. Adem\u00e1s he sido ponente y voluntario en distintas WordCamps.<\/p>\n<p>Tengo un mente inquieta que no para de funcionar y generar nuevas ideas que poco a poco van tomando forma.<\/p>\n<\/div>\t<\/div>\n\n<\/li><li class=\"wordcamp-post-list__post wordcamp-clearfix\">\n<div class=\"wordcamp-organizer wordcamp-organizers__post slug-ohia\">\n\t<h3 class=\"wordcamp-block__item-title wordcamp-organizers__title\">Ohia<\/h3>\n\t\t\t<div class=\"wordcamp-image__avatar-container align-none\">\n\t\t\t<img decoding=\"async\" src=\"https:\/\/secure.gravatar.com\/avatar\/2c345223a4ec5db22237a6fb0d98c5aa68fed0bc4334d1885260fc02c4d1007a?s=150&amp;d=mm&amp;r=g\" alt=\"Avatar de Ohia\" \/>\t\t<\/div>\n\t\n\t\t\t<div class=\"wordcamp-block__item-content wordcamp-organizers__content is-full\"><p>Dise\u00f1adora web y gr\u00e1fico viviendo en Andaluc\u00eda, Espa\u00f1a. Cuando no estoy dise\u00f1ando, ense\u00f1o ingl\u00e9s y trabajo con ONGs realizando actividades de divulgaci\u00f3n, servicio directo y defensa.<\/p>\n<p>Si no estoy respondiendo correos electr\u00f3nicos, \u00a1echa un vistazo al bosque o al cementerio!<\/p>\n<\/div>\t<\/div>\n\n<\/li><li class=\"wordcamp-post-list__post wordcamp-clearfix\">\n<div class=\"wordcamp-organizer wordcamp-organizers__post slug-paula-carmona\">\n\t<h3 class=\"wordcamp-block__item-title wordcamp-organizers__title\">Paula Carmona<\/h3>\n\t\t\t<div class=\"wordcamp-image__avatar-container align-none\">\n\t\t\t<img decoding=\"async\" src=\"https:\/\/secure.gravatar.com\/avatar\/69b0fac4eef0e4ee1d57e1c82414afc867a7142ed437cb28cd92c59a8fc3310c?s=150&amp;d=mm&amp;r=g\" alt=\"Avatar de Paula Carmona\" \/>\t\t<\/div>\n\t\n\t\t\t<div class=\"wordcamp-block__item-content wordcamp-organizers__content is-full\"><p> <span style=\"background-color: var(--wp--preset--color--base);color: var(--wp--preset--color--contrast);font-family: var(--wp--preset--font-family--inter);font-size: var(--wp--preset--font-size--medium)\">Profesional en marketing y publicidad especializada en redes sociales. Creo contenido <\/span>a<span style=\"background-color: var(--wp--preset--color--base);color: var(--wp--preset--color--contrast);font-family: var(--wp--preset--font-family--inter);font-size: var(--wp--preset--font-size--medium)\">tractivo, din\u00e1mico e interactivo.<\/span><\/p>\n<p>Adem\u00e1s de mi pasi\u00f3n por el marketing, adoro la fotograf\u00eda y viajar. Me encanta capturar momentos especiales a trav\u00e9s de mi c\u00e1mara y explorar diferentes lugares alrededor del mundo.<\/p>\n<p>Tambi\u00e9n soy parte activa de la comunidad de WordPress, donde no solo ampl\u00edo mis conocimientos, sino que tambi\u00e9n tengo la oportunidad de conectarme con profesionales de mi sector y compartir ideas.<\/p>\n<\/div>\t<\/div>\n\n<\/li><li class=\"wordcamp-post-list__post wordcamp-clearfix\">\n<div class=\"wordcamp-organizer wordcamp-organizers__post slug-isa-navarro\">\n\t<h3 class=\"wordcamp-block__item-title wordcamp-organizers__title\">Isa Navarro<\/h3>\n\t\t\t<div class=\"wordcamp-image__avatar-container align-none\">\n\t\t\t<img decoding=\"async\" src=\"https:\/\/secure.gravatar.com\/avatar\/055cbd84e5deb39f9e7f816e3e1259e63c219a39c4c9d4c558c4162433e05b54?s=150&amp;d=mm&amp;r=g\" alt=\"Avatar de Isa Navarro\" \/>\t\t<\/div>\n\t\n\t\t\t<div class=\"wordcamp-block__item-content wordcamp-organizers__content is-full\"><p>Soy una marketera y disfruto sumergirme en el mundo de WordPress.<\/p>\n<p>He tenido la oportunidad de formar parte del equipo de organizaci\u00f3n de la WordCamp Chiclana en 2020 y 2023, y ahora estoy emocionada de participar en WordPress Day Sevilla.<\/p>\n<p>Apasionada del mar, el deporte y chocolate negro.<\/p>\n<p>Mi sed de conocimiento me impulsa constantemente a investigar y aprender nuevas herramientas, m\u00e9todos y t\u00e9cnicas. Por eso, considero que participar y asistir a eventos relacionados con mi sector es una de las mejores formas de crecer tanto a nivel profesional como personal.<\/p>\n<\/div>\t<\/div>\n\n<\/li><li class=\"wordcamp-post-list__post wordcamp-clearfix\">\n<div class=\"wordcamp-organizer wordcamp-organizers__post slug-ines-ugalde\">\n\t<h3 class=\"wordcamp-block__item-title wordcamp-organizers__title\">In\u00e9s Ugalde<\/h3>\n\t\t\t<div class=\"wordcamp-image__avatar-container align-none\">\n\t\t\t<img decoding=\"async\" src=\"https:\/\/secure.gravatar.com\/avatar\/499036945a55fb1441264017a228e805c2f630a69471305983c9afa8e8c27971?s=150&amp;d=mm&amp;r=g\" alt=\"Avatar de In\u00e9s Ugalde\" \/>\t\t<\/div>\n\t\n\t\t\t<div class=\"wordcamp-block__item-content wordcamp-organizers__content is-full\"><p>Dise\u00f1adora, ilustradora y otras actividades creativas semejantes, In\u00e9s es una c\u00e1ntabra que ejerce en Madrid y lleva ya unos cuantos a\u00f1os asistiendo a diferentes WordCamp por toda Espa\u00f1a y colaborando como voluntaria.<\/p>\n<\/div>\t<\/div>\n\n<\/li><li class=\"wordcamp-post-list__post wordcamp-clearfix\">\n<div class=\"wordcamp-organizer wordcamp-organizers__post slug-fatima-rincon\">\n\t<h3 class=\"wordcamp-block__item-title wordcamp-organizers__title\">F\u00e1tima Rinc\u00f3n<\/h3>\n\t\t\t<div class=\"wordcamp-image__avatar-container align-none\">\n\t\t\t<img decoding=\"async\" src=\"https:\/\/secure.gravatar.com\/avatar\/16ccfad84da2ef2aa0975eedce34c4907fd0d08260897911c4ab039c4f694ed7?s=150&amp;d=mm&amp;r=g\" alt=\"Avatar de F\u00e1tima Rinc\u00f3n\" \/>\t\t<\/div>\n\t\n\t\t\t<div class=\"wordcamp-block__item-content wordcamp-organizers__content is-full\"><p>\u00abPoned lo que quer\u00e1is\u00bb Con estas sencillas palabras, F\u00e1tima nos ha puesto en la dif\u00edcil tesitura de definir a qui\u00e9n va a estar al cargo del venue, el catering, planificaci\u00f3n y sorpresas varias. \u00a1Ah\u00ed es n\u00e1!<\/p>\n<\/div>\t<\/div>\n\n<\/li><\/ul>","protected":false},"excerpt":{"rendered":"<p>Organizadores de la WordCamp Sevilla<\/p>\n","protected":false},"author":13994457,"featured_media":0,"parent":209,"menu_order":0,"comment_status":"closed","ping_status":"closed","template":"","meta":{"jetpack_post_was_ever_published":false,"footnotes":""},"class_list":["post-948","page","type-page","status-publish","hentry"],"jetpack_sharing_enabled":true,"jetpack_shortlink":"https:\/\/wp.me\/PeA5rh-fi","_links":{"self":[{"href":"https:\/\/sevilla.wordcamp.org\/2023\/wp-json\/wp\/v2\/pages\/948","targetHints":{"allow":["GET"]}}],"collection":[{"href":"https:\/\/sevilla.wordcamp.org\/2023\/wp-json\/wp\/v2\/pages"}],"about":[{"href":"https:\/\/sevilla.wordcamp.org\/2023\/wp-json\/wp\/v2\/types\/page"}],"author":[{"embeddable":true,"href":"https:\/\/sevilla.wordcamp.org\/2023\/wp-json\/wp\/v2\/users\/13994457"}],"replies":[{"embeddable":true,"href":"https:\/\/sevilla.wordcamp.org\/2023\/wp-json\/wp\/v2\/comments?post=948"}],"version-history":[{"count":1,"href":"https:\/\/sevilla.wordcamp.org\/2023\/wp-json\/wp\/v2\/pages\/948\/revisions"}],"predecessor-version":[{"id":950,"href":"https:\/\/sevilla.wordcamp.org\/2023\/wp-json\/wp\/v2\/pages\/948\/revisions\/950"}],"up":[{"embeddable":true,"href":"https:\/\/sevilla.wordcamp.org\/2023\/wp-json\/wp\/v2\/pages\/209"}],"wp:attachment":[{"href":"https:\/\/sevilla.wordcamp.org\/2023\/wp-json\/wp\/v2\/media?parent=948"}],"curies":[{"name":"wp","href":"https:\/\/api.w.org\/{rel}","templated":true}]}}