{"id":11,"date":"2024-03-21T20:21:39","date_gmt":"2024-03-21T19:21:39","guid":{"rendered":"https:\/\/sevilla.wordcamp.org\/2024\/location\/"},"modified":"2024-10-15T18:27:57","modified_gmt":"2024-10-15T16:27:57","slug":"ubicacion","status":"publish","type":"page","link":"https:\/\/sevilla.wordcamp.org\/2024\/ubicacion\/","title":{"rendered":"C\u00f3mo llegar a La Ciudad del Conocimiento (Dos Hermanas)"},"content":{"rendered":"\n<h2 class=\"wp-block-heading\">Si sientes Indiana Jones y puedes ir donde sea sin explicaciones<\/h2>\n\n\n\n<p>Si este es tu caso, aqu\u00ed tienes el mapa:<\/p>\n\n\n\n<blockquote class=\"wp-block-quote is-layout-flow wp-block-quote-is-layout-flow\">\n<p>Ciudad del Conocimiento (Dos Hermanas)<\/p>\n\n\n\n<p>(Parque de Investigaci\u00f3n y Desarrollo Dehesa de Valme, S.A.)<br><a href=\"https:\/\/maps.app.goo.gl\/JqNZPyoBnS4b82PN8\">Calle Miguel Manaute Humanes, s\/n, 41704 Dos Hermanas, Sevilla<\/a><\/p>\n\n\n\n<p>(Junto a la Universidad Loyola)<\/p>\n<\/blockquote>\n\n\n\n<div class=\"wp-block-group has-background has-global-padding is-layout-constrained wp-container-core-group-is-layout-86dba5ee wp-block-group-is-layout-constrained\" style=\"background-color:#ffffff;padding-top:var(--wp--preset--spacing--10);padding-right:var(--wp--preset--spacing--10);padding-bottom:var(--wp--preset--spacing--10);padding-left:var(--wp--preset--spacing--10);box-shadow:var(--wp--preset--shadow--natural)\">\n<figure class=\"wp-block-image size-full\"><a href=\"https:\/\/maps.app.goo.gl\/36VCkt2dKZ37nkeE8\" target=\"_blank\" rel=\"noreferrer noopener\"><img loading=\"lazy\" decoding=\"async\" width=\"620\" height=\"400\" src=\"https:\/\/sevilla.wordcamp.org\/2024\/files\/2024\/10\/mapa-venue_2024.jpg\" alt=\"\" class=\"wp-image-1209\" srcset=\"https:\/\/sevilla.wordcamp.org\/2024\/files\/2024\/10\/mapa-venue_2024.jpg 620w, https:\/\/sevilla.wordcamp.org\/2024\/files\/2024\/10\/mapa-venue_2024-300x194.jpg 300w, https:\/\/sevilla.wordcamp.org\/2024\/files\/2024\/10\/mapa-venue_2024-465x300.jpg 465w\" sizes=\"auto, (max-width: 620px) 100vw, 620px\" \/><\/a><\/figure>\n\n\n\n<p><a href=\"https:\/\/maps.app.goo.gl\/36VCkt2dKZ37nkeE8\" data-type=\"link\" data-id=\"https:\/\/maps.app.goo.gl\/36VCkt2dKZ37nkeE8\" target=\"_blank\" rel=\"noreferrer noopener\">Pulsa para ampliar el mapa<\/a><\/p>\n<\/div>\n\n\n\n<h2 class=\"wp-block-heading\">Si eres como Rigod\u00f3n (el mayordomo de Willy Fog)<\/h2>\n\n\n\n<p>\u00bfQu\u00e9 hay mejor que te lleven de la mano?, pues que te lleven de la mano con un donut en la otra.<\/p>\n\n\n\n<p>Como no te podemos dar un donut hasta verte, al menos te vamos a contar el camino completo desde la entrada a la salida, que es lo m\u00e1s parecido a llevarte de la mano.<\/p>\n\n\n\n<p>Lo primero que hay que contar es que si te alojas en Sevilla capital, hazlo <strong>cerca de una parada de metro<\/strong>.<\/p>\n\n\n\n<p>Si ese es tu caso, puedes coger el metro en direcci\u00f3n a Montequinto y bajar en la \u00faltima parada.<\/p>\n\n\n\n<figure class=\"wp-block-image size-full is-style-default\"><img decoding=\"async\" src=\"https:\/\/sevilla.wordcamp.org\/2022\/files\/2022\/09\/image.png\" alt=\"Parada Olivar de Quintos del Metro de Sevilla\" class=\"wp-image-1293\" \/><figcaption class=\"wp-element-caption\">Parada Olivar de Quinto L\u00ednea 1 Metro Sevilla<\/figcaption><\/figure>\n\n\n\n<p>En esa misma parada hay conexi\u00f3n con la lanzadera que te llevar\u00e1 a la parada Loyola que es donde tendr\u00e1s que bajar.<\/p>\n\n\n\n<figure class=\"wp-block-image size-full is-style-default\"><img decoding=\"async\" src=\"https:\/\/sevilla.wordcamp.org\/2022\/files\/2022\/09\/image-1.png\" alt=\"Metrobus L6, lanzadera del Metro de Sevilla\" class=\"wp-image-1444\" \/><figcaption class=\"wp-element-caption\">Lanzadera que te llevar\u00e1 a la WordCamp<\/figcaption><\/figure>\n\n\n\n<p>Como queremos llevarte de la mano, una vez bajes en la parada Loyola de la lanzadera tendr\u00e1s que seguir un caminito que te mostramos en este video \ud83d\ude42 :<\/p>\n\n\n\n<figure class=\"wp-block-embed is-type-video is-provider-youtube wp-block-embed-youtube wp-embed-aspect-16-9 wp-has-aspect-ratio\"><div class=\"wp-block-embed__wrapper\">\n<span class=\"embed-youtube\" style=\"text-align:center; display: block;\"><iframe loading=\"lazy\" class=\"youtube-player\" width=\"640\" height=\"360\" src=\"https:\/\/www.youtube.com\/embed\/KjA6SJhsMoQ?version=3&#038;rel=1&#038;showsearch=0&#038;showinfo=1&#038;iv_load_policy=1&#038;fs=1&#038;hl=es-ES&#038;autohide=2&#038;wmode=transparent\" allowfullscreen=\"true\" style=\"border:0;\" sandbox=\"allow-scripts allow-same-origin allow-popups allow-presentation allow-popups-to-escape-sandbox\"><\/iframe><\/span>\n<\/div><figcaption class=\"wp-element-caption\">C\u00f3mo ir andandito a la puerta de La Ciudad del Conocimiento<\/figcaption><\/figure>\n\n\n\n<p>Ya est\u00e1s en la puerta.<\/p>\n\n\n\n<p>Ahora toca acreditarse, en la entrada tendr\u00e1s un cafelito de bienvenida desde las 8:30 donde podr\u00e1s charlar con los tempraneros y echar un vistazo por el entorno que ya te digo que es muy agradable.<\/p>\n\n\n\n<figure class=\"wp-block-image aligncenter size-full is-resized is-style-default\"><img decoding=\"async\" src=\"https:\/\/sevilla.wordcamp.org\/2022\/files\/2022\/09\/image-3.png\" alt=\"Taza de caf\u00e9\" class=\"wp-image-2933\" style=\"width:240px;height:160px\" \/><figcaption class=\"wp-element-caption\">Cafelito<\/figcaption><\/figure>\n\n\n\n<p>En el auditorio principal te contaremos esto mismo pero con acento sevillano a las 9:30 de la ma\u00f1ana.<\/p>\n\n\n\n<figure class=\"wp-block-image aligncenter size-full is-resized is-style-rounded is-style-rounded--1\"><img decoding=\"async\" src=\"https:\/\/sevilla.wordcamp.org\/2022\/files\/2022\/09\/image-2.png\" alt=\"Sillas de auditorio\" class=\"wp-image-2927\" style=\"width:240px;height:160px\" \/><\/figure>\n\n\n\n<p>En esa presentaci\u00f3n te contaremos que hay dos caminos para disfrutar de la WordCamp, bueno, dos caminos oficiales y uno alternativo, el de los veteranos&#8230; eso lo explicamos en la <a href=\"https:\/\/sevilla.wordcamp.org\/2024\/programa\/\" data-type=\"page\" data-id=\"7\">p\u00e1gina del programa<\/a><\/p>\n\n\n\n<p>Estos dos caminos, por supuesto, son intercambiables en cualquier momento, puedes saltar de un sitio a otro seg\u00fan te vaya apeteciendo aprender una cosa u otra.<\/p>\n\n\n\n<p>En el salto entre un sitio y otro te topar\u00e1s con el agujero negro que es el camino alternativo en el que est\u00e1n los veteranos, tambi\u00e9n llamado pasilleo&#8230;<\/p>\n\n\n\n<p>Si est\u00e1s cansado o cansada no te preocupes, hay una pausa a las 11:00 donde te damos de desayunar (la merendola).<\/p>\n\n\n\n<figure class=\"wp-block-image aligncenter size-full is-resized is-style-rounded is-style-rounded--2\"><img decoding=\"async\" src=\"https:\/\/sevilla.wordcamp.org\/2022\/files\/2022\/09\/image-4.png\" alt=\"Desayuno\" class=\"wp-image-2934\" style=\"width:240px;height:160px\" \/><\/figure>\n\n\n\n<p>Y seguimos con la faena hasta que llega la hora de la comida.<\/p>\n\n\n\n<p>Y a las 14:00 nos vamos al parque a hacernos una bonita foto de grupo que seguramente estar\u00e1 comandada por Nilo, el fot\u00f3grafo super chachi que nos va a retratar durante todo el evento.<\/p>\n\n\n\n<figure class=\"wp-block-image size-large\"><img loading=\"lazy\" decoding=\"async\" width=\"1024\" height=\"683\" src=\"https:\/\/sevilla.wordcamp.org\/2024\/files\/2024\/10\/image-1024x683.png\" alt=\"Foto de grupo de 2022\" class=\"wp-image-1217\" srcset=\"https:\/\/sevilla.wordcamp.org\/2024\/files\/2024\/10\/image-1024x683.png 1024w, https:\/\/sevilla.wordcamp.org\/2024\/files\/2024\/10\/image-300x200.png 300w, https:\/\/sevilla.wordcamp.org\/2024\/files\/2024\/10\/image-768x512.png 768w, https:\/\/sevilla.wordcamp.org\/2024\/files\/2024\/10\/image-450x300.png 450w, https:\/\/sevilla.wordcamp.org\/2024\/files\/2024\/10\/image-1536x1024.png 1536w, https:\/\/sevilla.wordcamp.org\/2024\/files\/2024\/10\/image-2048x1365.png 2048w\" sizes=\"auto, (max-width: 1024px) 100vw, 1024px\" \/><figcaption class=\"wp-element-caption\">Foto de grupo de la WordCamp 2022<\/figcaption><\/figure>\n\n\n\n<p> Y despu\u00e9s \u00a1A COMER! con un par de horitas para que d\u00e9 tiempo a disfrutar del sol y de las charlas con los otros asistentes.<\/p>\n\n\n\n<figure class=\"wp-block-image size-large\"><img loading=\"lazy\" decoding=\"async\" width=\"1024\" height=\"683\" src=\"https:\/\/sevilla.wordcamp.org\/2024\/files\/2024\/10\/image-1-1024x683.png\" alt=\"\" class=\"wp-image-1218\" srcset=\"https:\/\/sevilla.wordcamp.org\/2024\/files\/2024\/10\/image-1-1024x683.png 1024w, https:\/\/sevilla.wordcamp.org\/2024\/files\/2024\/10\/image-1-300x200.png 300w, https:\/\/sevilla.wordcamp.org\/2024\/files\/2024\/10\/image-1-768x512.png 768w, https:\/\/sevilla.wordcamp.org\/2024\/files\/2024\/10\/image-1-450x300.png 450w, https:\/\/sevilla.wordcamp.org\/2024\/files\/2024\/10\/image-1-1536x1024.png 1536w, https:\/\/sevilla.wordcamp.org\/2024\/files\/2024\/10\/image-1-2048x1365.png 2048w\" sizes=\"auto, (max-width: 1024px) 100vw, 1024px\" \/><figcaption class=\"wp-element-caption\">Comida de la WordCamp Sevilla 2022<\/figcaption><\/figure>\n\n\n\n<p>Por la tarde seguimos con lo descrito en el programita y a las 19:00 todos nos vamos al auditorio donde <a href=\"https:\/\/sevilla.wordcamp.org\/2022\/sponsors\/\" data-type=\"page\" data-id=\"10\">nuestros patrocinadores<\/a> har\u00e1n sorteos&#8230; a ver si me toca de una vez la super mochila, que ya est\u00e1 bien&#8230;<\/p>\n\n\n\n<p>Como hay ganas de seguir hablando con tantas personas que hemos conocido, qu\u00e9 mejor que un ambiente distendido con un concierto en la after party.<\/p>\n\n\n\n<figure class=\"wp-block-image size-large\"><img loading=\"lazy\" decoding=\"async\" width=\"1024\" height=\"683\" src=\"https:\/\/sevilla.wordcamp.org\/2024\/files\/2024\/10\/image-2-1024x683.png\" alt=\"\" class=\"wp-image-1219\" srcset=\"https:\/\/sevilla.wordcamp.org\/2024\/files\/2024\/10\/image-2-1024x683.png 1024w, https:\/\/sevilla.wordcamp.org\/2024\/files\/2024\/10\/image-2-300x200.png 300w, https:\/\/sevilla.wordcamp.org\/2024\/files\/2024\/10\/image-2-768x512.png 768w, https:\/\/sevilla.wordcamp.org\/2024\/files\/2024\/10\/image-2-450x300.png 450w, https:\/\/sevilla.wordcamp.org\/2024\/files\/2024\/10\/image-2-1536x1024.png 1536w, https:\/\/sevilla.wordcamp.org\/2024\/files\/2024\/10\/image-2-2048x1365.png 2048w\" sizes=\"auto, (max-width: 1024px) 100vw, 1024px\" \/><figcaption class=\"wp-element-caption\">La fiestuqui que montamos en la WordCamp 2022<\/figcaption><\/figure>\n\n\n\n<h2 class=\"wp-block-heading\">Llega el domingo<\/h2>\n\n\n\n<p>Seguiremos por la ma\u00f1ana haciendo cositas, si es que a\u00fan hay fuerzas&#8230;<\/p>\n\n\n\n<h2 class=\"wp-block-heading\">\u00bfQu\u00e9 es lo que queda ahora?<\/h2>\n\n\n\n<p>Queda comprar la entrada si es que no lo has hecho ya.<\/p>\n\n\n\n<div class=\"wp-block-buttons is-layout-flex wp-block-buttons-is-layout-flex\">\n<div class=\"wp-block-button aligncenter\"><a class=\"wp-block-button__link has-primary-background-color has-background wp-element-button\" href=\"https:\/\/sevilla.wordcamp.org\/2024\/entradas\/\" style=\"border-radius:30px\" target=\"_blank\" rel=\"noreferrer noopener\">\u00a1Compra tu entrada para hacer todo esto por 5 euritos!<\/a><\/div>\n<\/div>\n\n\n\n<h2 class=\"wp-block-heading\">\u00a1Te esperamos!<\/h2>\n\n\n\n<blockquote class=\"wp-block-quote is-layout-flow wp-block-quote-is-layout-flow\">\n<ul class=\"wp-block-list\">\n<li>OJO: Ponemos fotos de hace 2 a\u00f1os y no de la estupenda WordCamp del a\u00f1o pasado porque en esta ocasi\u00f3n ser\u00e1 el mismo lugar.<\/li>\n<\/ul>\n<\/blockquote>\n","protected":false},"excerpt":{"rendered":"<p>Si sientes Indiana Jones y puedes ir donde sea sin explicaciones Si este es tu caso, aqu\u00ed tienes el mapa: Ciudad del Conocimiento (Dos Hermanas) (Parque de Investigaci\u00f3n y Desarrollo Dehesa de Valme, S.A.)Calle Miguel Manaute Humanes, s\/n, 41704 Dos Hermanas, Sevilla (Junto a la Universidad Loyola) Pulsa para ampliar el mapa Si eres como [&hellip;]<\/p>\n","protected":false},"author":18231134,"featured_media":0,"parent":0,"menu_order":0,"comment_status":"closed","ping_status":"closed","template":"","meta":{"jetpack_post_was_ever_published":false,"footnotes":""},"class_list":["post-11","page","type-page","status-publish","hentry"],"jetpack_sharing_enabled":true,"_links":{"self":[{"href":"https:\/\/sevilla.wordcamp.org\/2024\/wp-json\/wp\/v2\/pages\/11","targetHints":{"allow":["GET"]}}],"collection":[{"href":"https:\/\/sevilla.wordcamp.org\/2024\/wp-json\/wp\/v2\/pages"}],"about":[{"href":"https:\/\/sevilla.wordcamp.org\/2024\/wp-json\/wp\/v2\/types\/page"}],"author":[{"embeddable":true,"href":"https:\/\/sevilla.wordcamp.org\/2024\/wp-json\/wp\/v2\/users\/18231134"}],"replies":[{"embeddable":true,"href":"https:\/\/sevilla.wordcamp.org\/2024\/wp-json\/wp\/v2\/comments?post=11"}],"version-history":[{"count":6,"href":"https:\/\/sevilla.wordcamp.org\/2024\/wp-json\/wp\/v2\/pages\/11\/revisions"}],"predecessor-version":[{"id":1220,"href":"https:\/\/sevilla.wordcamp.org\/2024\/wp-json\/wp\/v2\/pages\/11\/revisions\/1220"}],"wp:attachment":[{"href":"https:\/\/sevilla.wordcamp.org\/2024\/wp-json\/wp\/v2\/media?parent=11"}],"curies":[{"name":"wp","href":"https:\/\/api.w.org\/{rel}","templated":true}]}}