{"id":12,"date":"2024-03-21T20:21:39","date_gmt":"2024-03-21T19:21:39","guid":{"rendered":"https:\/\/sevilla.wordcamp.org\/2024\/organizers\/"},"modified":"2024-07-10T20:59:46","modified_gmt":"2024-07-10T18:59:46","slug":"organizadores","status":"publish","type":"page","link":"https:\/\/sevilla.wordcamp.org\/2024\/organizadores\/","title":{"rendered":"Organizadores"},"content":{"rendered":"\n<div class=\"wp-block-query is-layout-flow wp-block-query-is-layout-flow\"><ul class=\"wp-block-post-template is-layout-flow wp-block-post-template-is-layout-flow\"><li class=\"wp-block-post post-1441 wcb_organizer type-wcb_organizer status-publish hentry\">\n\n<div class=\"wp-block-columns is-layout-flex wp-container-core-columns-is-layout-28f84493 wp-block-columns-is-layout-flex\">\n<div class=\"wp-block-column is-layout-flow wp-block-column-is-layout-flow\" style=\"flex-basis:20%\">\n<div style=\"height:35px\" aria-hidden=\"true\" class=\"wp-block-spacer\"><\/div>\n\n\n<figure style=\"width:96px;height:96px;\" class=\"is-style-rounded wp-block-wordcamp-avatar\"><img decoding=\"async\" src=\"https:\/\/secure.gravatar.com\/avatar\/8e560899f05df9eb43d3759ad045fa07c1b8394d9f041bab94ef027404323c6c?s=96&amp;d=robohash&amp;r=g\" alt=\"Fernando Fernandez\" \/><\/figure><\/div>\n\n\n\n<div class=\"wp-block-column is-layout-flow wp-block-column-is-layout-flow\" style=\"flex-basis:80%\"><h2 class=\"wp-block-post-title\">Fernando Fernandez<\/h2>\n\n<\/div>\n<\/div>\n\n\n\n<div style=\"height:40px\" aria-hidden=\"true\" class=\"wp-block-spacer\"><\/div>\n\n\n\n<hr class=\"wp-block-separator has-css-opacity is-style-wide\" \/>\n\n<\/li><li class=\"wp-block-post post-1252 wcb_organizer type-wcb_organizer status-publish hentry\">\n\n<div class=\"wp-block-columns is-layout-flex wp-container-core-columns-is-layout-28f84493 wp-block-columns-is-layout-flex\">\n<div class=\"wp-block-column is-layout-flow wp-block-column-is-layout-flow\" style=\"flex-basis:20%\">\n<div style=\"height:35px\" aria-hidden=\"true\" class=\"wp-block-spacer\"><\/div>\n\n\n<figure style=\"width:96px;height:96px;\" class=\"is-style-rounded wp-block-wordcamp-avatar\"><img decoding=\"async\" src=\"https:\/\/secure.gravatar.com\/avatar\/df971d39abf86d8760b1b08f971737f9e43f8a249387b4a4f4befc0b3d476dff?s=96&amp;d=robohash&amp;r=g\" alt=\"Jorge Raposo\" \/><\/figure><\/div>\n\n\n\n<div class=\"wp-block-column is-layout-flow wp-block-column-is-layout-flow\" style=\"flex-basis:80%\"><h2 class=\"wp-block-post-title\">Jorge Raposo<\/h2>\n\n<div class=\"entry-content wp-block-post-content is-layout-flow wp-block-post-content-is-layout-flow\">\n<p>Discreto, met\u00f3dico, trabajador y organizado. Dirige el equipo de marketing para que te enteres de qu\u00e9 se cuece en este evento.<\/p>\n<\/div><\/div>\n<\/div>\n\n\n\n<div style=\"height:40px\" aria-hidden=\"true\" class=\"wp-block-spacer\"><\/div>\n\n\n\n<hr class=\"wp-block-separator has-css-opacity is-style-wide\" \/>\n\n<\/li><li class=\"wp-block-post post-1258 wcb_organizer type-wcb_organizer status-publish hentry\">\n\n<div class=\"wp-block-columns is-layout-flex wp-container-core-columns-is-layout-28f84493 wp-block-columns-is-layout-flex\">\n<div class=\"wp-block-column is-layout-flow wp-block-column-is-layout-flow\" style=\"flex-basis:20%\">\n<div style=\"height:35px\" aria-hidden=\"true\" class=\"wp-block-spacer\"><\/div>\n\n\n<figure style=\"width:96px;height:96px;\" class=\"is-style-rounded wp-block-wordcamp-avatar\"><img decoding=\"async\" src=\"https:\/\/secure.gravatar.com\/avatar\/9dbf05d9b0f74f823ca8c24e5bfaf48486d377945013217b5c91ae3b039fe4d0?s=96&amp;d=robohash&amp;r=g\" alt=\"Luis Rull\" \/><\/figure><\/div>\n\n\n\n<div class=\"wp-block-column is-layout-flow wp-block-column-is-layout-flow\" style=\"flex-basis:80%\"><h2 class=\"wp-block-post-title\">Luis Rull<\/h2>\n\n<\/div>\n<\/div>\n\n\n\n<div style=\"height:40px\" aria-hidden=\"true\" class=\"wp-block-spacer\"><\/div>\n\n\n\n<hr class=\"wp-block-separator has-css-opacity is-style-wide\" \/>\n\n<\/li><li class=\"wp-block-post post-121 wcb_organizer type-wcb_organizer status-publish hentry\">\n\n<div class=\"wp-block-columns is-layout-flex wp-container-core-columns-is-layout-28f84493 wp-block-columns-is-layout-flex\">\n<div class=\"wp-block-column is-layout-flow wp-block-column-is-layout-flow\" style=\"flex-basis:20%\">\n<div style=\"height:35px\" aria-hidden=\"true\" class=\"wp-block-spacer\"><\/div>\n\n\n<figure style=\"width:96px;height:96px;\" class=\"is-style-rounded wp-block-wordcamp-avatar\"><img decoding=\"async\" src=\"https:\/\/secure.gravatar.com\/avatar\/de86c6b1fbf06589812d260f883f390ad8d62cbc41a4535578171c8cf644d663?s=96&amp;d=robohash&amp;r=g\" alt=\"Maggie Cabrera\" \/><\/figure><\/div>\n\n\n\n<div class=\"wp-block-column is-layout-flow wp-block-column-is-layout-flow\" style=\"flex-basis:80%\"><h2 class=\"wp-block-post-title\">Maggie Cabrera<\/h2>\n\n<\/div>\n<\/div>\n\n\n\n<div style=\"height:40px\" aria-hidden=\"true\" class=\"wp-block-spacer\"><\/div>\n\n\n\n<hr class=\"wp-block-separator has-css-opacity is-style-wide\" \/>\n\n<\/li><li class=\"wp-block-post post-1254 wcb_organizer type-wcb_organizer status-publish hentry\">\n\n<div class=\"wp-block-columns is-layout-flex wp-container-core-columns-is-layout-28f84493 wp-block-columns-is-layout-flex\">\n<div class=\"wp-block-column is-layout-flow wp-block-column-is-layout-flow\" style=\"flex-basis:20%\">\n<div style=\"height:35px\" aria-hidden=\"true\" class=\"wp-block-spacer\"><\/div>\n\n\n<figure style=\"width:96px;height:96px;\" class=\"is-style-rounded wp-block-wordcamp-avatar\"><img decoding=\"async\" src=\"https:\/\/secure.gravatar.com\/avatar\/3089ff1456a3ba047f6b20713c8828dc7cec818fb0775415d83da1249ee047d2?s=96&amp;d=robohash&amp;r=g\" alt=\"Mariano P\u00e9rez Caro\" \/><\/figure><\/div>\n\n\n\n<div class=\"wp-block-column is-layout-flow wp-block-column-is-layout-flow\" style=\"flex-basis:80%\"><h2 class=\"wp-block-post-title\">Mariano P\u00e9rez Caro<\/h2>\n\n<div class=\"entry-content wp-block-post-content is-layout-flow wp-block-post-content-is-layout-flow\">\n<p>Soy Mariano P\u00e9rez Caro, ingeniero inform\u00e1tico.<\/p>\n\n\n\n<p>Perfil t\u00e9cnico orientado a la administraci\u00f3n de sistemas y al desarrollo web. Con WordPress pero tambi\u00e9n con Hugo y con lo que haga falta. Tengo un peque\u00f1a empresa desde la que nos encargamos de gestionar la inform\u00e1tica de nuestros clientes.<\/p>\n\n\n\n<p>Coordino la comunidad de WordPress Sevilla, coorganizo WordCamp Sevilla y soy Deputy (responsable) de la comunidad mundial de WordPress. Tambi\u00e9n soy miembro de SVQTech, que aglutina todas las comunidades tecnol\u00f3gicas de Sevilla.<\/p>\n\n\n\n<p>Apasionado del Software Libre y linuxero. Me encanta leer y la cultura. Tengo un podcasts sobre WordPress llamado PotenciaPro. Soy mentor en la aceleradora de empresas Espacio Res y profesor en OpenWebinars.<\/p>\n<\/div><\/div>\n<\/div>\n\n\n\n<div style=\"height:40px\" aria-hidden=\"true\" class=\"wp-block-spacer\"><\/div>\n\n\n\n<hr class=\"wp-block-separator has-css-opacity is-style-wide\" \/>\n\n<\/li><li class=\"wp-block-post post-1250 wcb_organizer type-wcb_organizer status-publish hentry\">\n\n<div class=\"wp-block-columns is-layout-flex wp-container-core-columns-is-layout-28f84493 wp-block-columns-is-layout-flex\">\n<div class=\"wp-block-column is-layout-flow wp-block-column-is-layout-flow\" style=\"flex-basis:20%\">\n<div style=\"height:35px\" aria-hidden=\"true\" class=\"wp-block-spacer\"><\/div>\n\n\n<figure style=\"width:96px;height:96px;\" class=\"is-style-rounded wp-block-wordcamp-avatar\"><img decoding=\"async\" src=\"https:\/\/secure.gravatar.com\/avatar\/a2a6c95370611bc0c4d3e8e4e2efa2fb24036f294e2fba3d5160d24c989b2cfa?s=96&amp;d=robohash&amp;r=g\" alt=\"Miguel Angel Terr\u00f3n\" \/><\/figure><\/div>\n\n\n\n<div class=\"wp-block-column is-layout-flow wp-block-column-is-layout-flow\" style=\"flex-basis:80%\"><h2 class=\"wp-block-post-title\">Miguel Angel Terr\u00f3n<\/h2>\n\n<div class=\"entry-content wp-block-post-content is-layout-flow wp-block-post-content-is-layout-flow\">\n<p>Podcaster desde 2010.<\/p>\n\n\n\n<p>Me dedico a la web desde el siglo pasado y me met\u00ed en WordPress el 6 de abril de 2006, cuando transform\u00e9 mi web a este fant\u00e1stico CMS que nos ha cambiado la vida a todos para celebrar el nacimiento de mi segunda hija.<\/p>\n\n\n\n<p>Aportando a la comunidad WordPress a trav\u00e9s del podcast\u00a0<em><a href=\"https:\/\/potencia.pro\" data-type=\"link\" data-id=\"https:\/\/potencia.pro\" target=\"_blank\" rel=\"noreferrer noopener\">Potencia Pro<\/a><\/em>\u00a0adem\u00e1s de hacer otros tantos de tecnolog\u00eda y cocina. <\/p>\n\n\n\n<p>Voluntario, ponente, organizador y disfrutador de WordCamps, tambi\u00e9n hablo en MeetUps y doy charlas en otros sitios chulos.<\/p>\n\n\n\n<p>Disfruto en\u00a0Boluda.com\u00a0dirigiendo el equipo de soporte y llevando el control de calidad de la plataforma.<\/p>\n<\/div><\/div>\n<\/div>\n\n\n\n<div style=\"height:40px\" aria-hidden=\"true\" class=\"wp-block-spacer\"><\/div>\n\n\n\n<hr class=\"wp-block-separator has-css-opacity is-style-wide\" \/>\n\n<\/li><li class=\"wp-block-post post-1256 wcb_organizer type-wcb_organizer status-publish hentry\">\n\n<div class=\"wp-block-columns is-layout-flex wp-container-core-columns-is-layout-28f84493 wp-block-columns-is-layout-flex\">\n<div class=\"wp-block-column is-layout-flow wp-block-column-is-layout-flow\" style=\"flex-basis:20%\">\n<div style=\"height:35px\" aria-hidden=\"true\" class=\"wp-block-spacer\"><\/div>\n\n\n<figure style=\"width:96px;height:96px;\" class=\"is-style-rounded wp-block-wordcamp-avatar\"><img decoding=\"async\" src=\"https:\/\/secure.gravatar.com\/avatar\/09a19d6c3d35d136db80cd14757e532d95a3b54dd9aebded06dcee529ed3d285?s=96&amp;d=robohash&amp;r=g\" alt=\"Nilo V\u00e9lez\" \/><\/figure><\/div>\n\n\n\n<div class=\"wp-block-column is-layout-flow wp-block-column-is-layout-flow\" style=\"flex-basis:80%\"><h2 class=\"wp-block-post-title\">Nilo V\u00e9lez<\/h2>\n\n<div class=\"entry-content wp-block-post-content is-layout-flow wp-block-post-content-is-layout-flow\">\n<p>Desarrollador de profesi\u00f3n, bombero torero de vocaci\u00f3n, lo mismo te fr\u00edo una camisa que te plancho un huevo.<\/p>\n<\/div><\/div>\n<\/div>\n\n\n\n<div style=\"height:40px\" aria-hidden=\"true\" class=\"wp-block-spacer\"><\/div>\n\n\n\n<hr class=\"wp-block-separator has-css-opacity is-style-wide\" \/>\n\n<\/li><li class=\"wp-block-post post-1443 wcb_organizer type-wcb_organizer status-publish hentry\">\n\n<div class=\"wp-block-columns is-layout-flex wp-container-core-columns-is-layout-28f84493 wp-block-columns-is-layout-flex\">\n<div class=\"wp-block-column is-layout-flow wp-block-column-is-layout-flow\" style=\"flex-basis:20%\">\n<div style=\"height:35px\" aria-hidden=\"true\" class=\"wp-block-spacer\"><\/div>\n\n\n<figure style=\"width:96px;height:96px;\" class=\"is-style-rounded wp-block-wordcamp-avatar\"><img decoding=\"async\" src=\"https:\/\/secure.gravatar.com\/avatar\/69b0fac4eef0e4ee1d57e1c82414afc867a7142ed437cb28cd92c59a8fc3310c?s=96&amp;d=robohash&amp;r=g\" alt=\"Paula Carmona\" \/><\/figure><\/div>\n\n\n\n<div class=\"wp-block-column is-layout-flow wp-block-column-is-layout-flow\" style=\"flex-basis:80%\"><h2 class=\"wp-block-post-title\">Paula Carmona<\/h2>\n\n<\/div>\n<\/div>\n\n\n\n<div style=\"height:40px\" aria-hidden=\"true\" class=\"wp-block-spacer\"><\/div>\n\n\n\n<hr class=\"wp-block-separator has-css-opacity is-style-wide\" \/>\n\n<\/li><\/ul><\/div>\n","protected":false},"excerpt":{"rendered":"","protected":false},"author":18231134,"featured_media":0,"parent":0,"menu_order":0,"comment_status":"closed","ping_status":"closed","template":"","meta":{"jetpack_post_was_ever_published":false,"footnotes":""},"class_list":["post-12","page","type-page","status-publish","hentry"],"jetpack_sharing_enabled":true,"_links":{"self":[{"href":"https:\/\/sevilla.wordcamp.org\/2024\/wp-json\/wp\/v2\/pages\/12","targetHints":{"allow":["GET"]}}],"collection":[{"href":"https:\/\/sevilla.wordcamp.org\/2024\/wp-json\/wp\/v2\/pages"}],"about":[{"href":"https:\/\/sevilla.wordcamp.org\/2024\/wp-json\/wp\/v2\/types\/page"}],"author":[{"embeddable":true,"href":"https:\/\/sevilla.wordcamp.org\/2024\/wp-json\/wp\/v2\/users\/18231134"}],"replies":[{"embeddable":true,"href":"https:\/\/sevilla.wordcamp.org\/2024\/wp-json\/wp\/v2\/comments?post=12"}],"version-history":[{"count":2,"href":"https:\/\/sevilla.wordcamp.org\/2024\/wp-json\/wp\/v2\/pages\/12\/revisions"}],"predecessor-version":[{"id":615,"href":"https:\/\/sevilla.wordcamp.org\/2024\/wp-json\/wp\/v2\/pages\/12\/revisions\/615"}],"wp:attachment":[{"href":"https:\/\/sevilla.wordcamp.org\/2024\/wp-json\/wp\/v2\/media?parent=12"}],"curies":[{"name":"wp","href":"https:\/\/api.w.org\/{rel}","templated":true}]}}