{"id":20,"date":"2024-03-21T20:21:39","date_gmt":"2024-03-21T19:21:39","guid":{"rendered":"https:\/\/sevilla.wordcamp.org\/2024\/code-of-conduct\/"},"modified":"2024-07-10T20:31:54","modified_gmt":"2024-07-10T18:31:54","slug":"conducta","status":"publish","type":"page","link":"https:\/\/sevilla.wordcamp.org\/2024\/conducta\/","title":{"rendered":"C\u00f3digo de conducta"},"content":{"rendered":"\n<h2 class=\"wp-block-heading\">1. Prop\u00f3sito<\/h2>\n\n\n\n<p>WordCamp Sevilla cree en una comunidad abierta a todo el mundo. Como tal, estamos comprometidos a proporcionar un ambiente amigable, seguro y acogedor para todos independientemente de su sexo, orientaci\u00f3n sexual, discapacidad, etnia, religi\u00f3n, sistema operativo preferido, lenguaje de programaci\u00f3n o editor de texto.<\/p>\n\n\n\n<p>Este c\u00f3digo de conducta resume nuestras expectativas para el comportamiento de los participantes, as\u00ed como las consecuencias para el comportamiento inaceptable.<\/p>\n\n\n\n<p>Instamos a todos los patrocinadores, voluntarios, conferenciantes, asistentes y otros participantes para ayudar a tener una experiencia de evento segura y agradable para todos.<\/p>\n\n\n\n<h2 class=\"wp-block-heading\">2. Open Source Citizenship<\/h2>\n\n\n\n<p>Un objetivo adicional de este c\u00f3digo de conducta es incrementar la ciudadan\u00eda de c\u00f3digo abierto alentando a los participantes a reconocer y fortalecer las relaciones entre lo que hacemos y la comunidad en general.<\/p>\n\n\n\n<p>En el servicio de este objetivo, los organizadores de WordCamp Sevilla recoger\u00e1n candidaturas de ciudadanos ejemplares a lo largo de todo el evento y reconocer\u00e1n selectos participantes despu\u00e9s de la conferencia en el sitio web.<\/p>\n\n\n\n<p>Si ves a alguien que est\u00e1 haciendo un esfuerzo extra para asegurar que nuestra comunidad resulte acogedora, amable, y que anima a todos los participantes a contribuir en la mayor medida posible, lo queremos saber.<\/p>\n\n\n\n<p>Puedes nominar a alguien en la mesa de registro o dici\u00e9ndolo a alg\u00fan miembro de la organizaci\u00f3n.<\/p>\n\n\n\n<h2 class=\"wp-block-heading\">3. Comportamiento esperado<\/h2>\n\n\n\n<p>Ser considerado, respetuoso y colaborativo.<\/p>\n\n\n\n<p>Abstenerse de comportamientos y discursos degradantes, discriminatorios o de acoso.<\/p>\n\n\n\n<p>Ser consciente del entorno y de tus compa\u00f1eros participantes. Alerta a los organizadores si observas una situaci\u00f3n peligrosa o alguien en apuros.<\/p>\n\n\n\n<p>Participa de una manera aut\u00e9ntica y activa. Al hacerlo, est\u00e1s ayudando a que WordCamp Sevilla sea una realidad.<\/p>\n\n\n\n<h2 class=\"wp-block-heading\">4. Comportamiento inaceptable<\/h2>\n\n\n\n<p>Como comportamientos inaceptables se incluyen: intimidatorio, acosador, abusivo, conducta discriminatoria, despectiva o degradante por cualquier asistente de WordCamp Sevilla y eventos relacionados. El lugar donde se realiza WordCamp Sevilla es un lugar emblem\u00e1tico y puede ser compartido con otros visitantes; por favor, s\u00e9 respetuoso con todos los visitantes de este lugar y con el propio entorno.<\/p>\n\n\n\n<p>El acoso incluye: comentarios verbales ofensivos relacionados con el g\u00e9nero, la orientaci\u00f3n sexual, la raza, la religi\u00f3n, la discapacidad; uso inadecuado de desnudez y\/o im\u00e1genes sexuales en espacios p\u00fablicos (incluyendo diapositivas de la presentaci\u00f3n); intimidaci\u00f3n deliberada, acecho o acosar con fotograf\u00eda o grabaci\u00f3n; interrupci\u00f3n sostenida de charlas y otros eventos; contacto f\u00edsico inapropiado y atenci\u00f3n sexual no deseada.<\/p>\n\n\n\n<p><strong>5. Consecuencias de un comportamiento inaceptable<\/strong><\/p>\n\n\n\n<p>El comportamiento inaceptable no ser\u00e1 tolerado sea por los asistentes, organizadores, personal local, patrocinadores u otros patronos de lugares WordCamp Sevilla.<\/p>\n\n\n\n<p>Se espera que cualquiera cumpla inmediatamente en caso de que se le llame a la atenci\u00f3n por un comportamiento inaceptable.<\/p>\n\n\n\n<p>Si un participante se involucra en una conducta inaceptable, los organizadores de la conferencia pueden tomar cualquier acci\u00f3n que consideren apropiada, inclusive la expulsi\u00f3n de la conferencia sin previo aviso o reembolso.<\/p>\n\n\n\n<h2 class=\"wp-block-heading\">6. \u00bfQu\u00e9 hacer si eres testigo u objeto de un comportamiento inaceptable?<\/h2>\n\n\n\n<p>Si est\u00e1s involucrado en un comportamiento inaceptable, eres testigo de otra persona con dicho comportamiento o tienes otras preocupaciones, por favor notif\u00edcalo a un organizador de la conferencia tan pronto como sea posible.<\/p>\n\n\n\n<p>El equipo de WordCamp Sevilla estar\u00e1 disponible para ayudar a los participantes de contactos de seguridad local o para ofrecer cualquier tipo de ayuda a aquellos que experimentan un comportamiento inaceptable.<\/p>\n\n\n\n<p>Durante el evento, los voluntarios vestir\u00e1n diferente al resto de asistentes. Cualquier voluntario puede ponerte en contacto con un organizador de la conferencia. Tambi\u00e9n puedes venir a la mesa de inscripci\u00f3n en el vest\u00edbulo y preguntar por los organizadores.<\/p>\n\n\n\n<h2 class=\"wp-block-heading\">7. \u00c1mbito de aplicaci\u00f3n<\/h2>\n\n\n\n<p>Esperamos que todos los participantes de la conferencia (patrocinadores, voluntarios, conferenciantes, asistentes y otros invitados) cumplan con el c\u00f3digo de conducta en todas las salas de conferencias y eventos relacionados con la conferencia.<\/p>\n\n\n\n<h2 class=\"wp-block-heading\">8. Informaci\u00f3n de Contacto<\/h2>\n\n\n\n<p>Si te ves en la necesidad de contactar con nosotros,&nbsp;<a href=\"https:\/\/sevilla.wordcamp.org\/2023\/contacto\/\" data-type=\"page\" data-id=\"194\">esta p\u00e1gina&nbsp;tiene toda la informaci\u00f3n necesaria<\/a>.<\/p>\n\n\n\n<h2 class=\"wp-block-heading\">9. Licencia y atribuci\u00f3n<\/h2>\n\n\n\n<p>Este C\u00f3digo de Conducta es una copia directa del impresionante trabajo del Open Source Bridge, pero sustituido con nuestra informaci\u00f3n del evento. El original est\u00e1 disponible en&nbsp;<a href=\"http:\/\/opensourcebridge.org\/about\/code-of-conduct\/\">http:\/\/opensourcebridge.org\/about\/code-of-conduct\/<\/a>&nbsp;y est\u00e1 liberado bajo una&nbsp;<a href=\"http:\/\/creativecommons.org\/licenses\/by-sa\/3.0\/\">Licencia de Creative Commons Attribution-ShareAlike.<\/a><\/p>\n","protected":false},"excerpt":{"rendered":"<p>1. Prop\u00f3sito WordCamp Sevilla cree en una comunidad abierta a todo el mundo. Como tal, estamos comprometidos a proporcionar un ambiente amigable, seguro y acogedor para todos independientemente de su sexo, orientaci\u00f3n sexual, discapacidad, etnia, religi\u00f3n, sistema operativo preferido, lenguaje de programaci\u00f3n o editor de texto. Este c\u00f3digo de conducta resume nuestras expectativas para el [&hellip;]<\/p>\n","protected":false},"author":18231134,"featured_media":0,"parent":0,"menu_order":0,"comment_status":"closed","ping_status":"closed","template":"","meta":{"jetpack_post_was_ever_published":false,"footnotes":""},"class_list":["post-20","page","type-page","status-publish","hentry"],"jetpack_sharing_enabled":true,"_links":{"self":[{"href":"https:\/\/sevilla.wordcamp.org\/2024\/wp-json\/wp\/v2\/pages\/20","targetHints":{"allow":["GET"]}}],"collection":[{"href":"https:\/\/sevilla.wordcamp.org\/2024\/wp-json\/wp\/v2\/pages"}],"about":[{"href":"https:\/\/sevilla.wordcamp.org\/2024\/wp-json\/wp\/v2\/types\/page"}],"author":[{"embeddable":true,"href":"https:\/\/sevilla.wordcamp.org\/2024\/wp-json\/wp\/v2\/users\/18231134"}],"replies":[{"embeddable":true,"href":"https:\/\/sevilla.wordcamp.org\/2024\/wp-json\/wp\/v2\/comments?post=20"}],"version-history":[{"count":4,"href":"https:\/\/sevilla.wordcamp.org\/2024\/wp-json\/wp\/v2\/pages\/20\/revisions"}],"predecessor-version":[{"id":590,"href":"https:\/\/sevilla.wordcamp.org\/2024\/wp-json\/wp\/v2\/pages\/20\/revisions\/590"}],"wp:attachment":[{"href":"https:\/\/sevilla.wordcamp.org\/2024\/wp-json\/wp\/v2\/media?parent=20"}],"curies":[{"name":"wp","href":"https:\/\/api.w.org\/{rel}","templated":true}]}}