{"id":7,"date":"2024-03-21T20:21:39","date_gmt":"2024-03-21T19:21:39","guid":{"rendered":"https:\/\/sevilla.wordcamp.org\/2024\/schedule\/"},"modified":"2024-10-08T16:57:39","modified_gmt":"2024-10-08T14:57:39","slug":"programa","status":"publish","type":"page","link":"https:\/\/sevilla.wordcamp.org\/2024\/programa\/","title":{"rendered":"Programa"},"content":{"rendered":"\n<p>Esta WordCamp es una WordCamp especial, como todo lo que hacemos en Sevilla, faltar\u00eda m\u00e1s.<\/p>\n\n\n\n<p>Independientemente de que abajo tengas detallado el programa, te cuento el objeto de la WordCamp para que te planifiques.<\/p>\n\n\n\n<p>Habr\u00e1 3 bloques bien diferenciados:<\/p>\n\n\n\n<ul class=\"wp-block-list\">\n<li>Un bloque principal al que llamaremos mesas que estar\u00e1 constituido por mesas de trabajo dentro de las distintas \u00e1reas con las que se puede colaborar con WordPress, eso que la gente llama contribuir, pero que es colaborar.<br>En estas mesas podremos ir saltando de unas a otras durante los dos d\u00edas de la WordCamp para ir conociendo los distintos equipos de trabajo y c\u00f3mo puedes meter cabeza en el que m\u00e1s te guste, o simplemente saber que existe y decidir que eso no es para ti, que mejor lo haga otro, sin remordimientos.<\/li>\n\n\n\n<li>Otro hilo donde habr\u00e1 mesas donde expertos en WordPress hablar\u00e1n y se reunir\u00e1n con todo el que quiera, para hablar de dudas de WordPress, comercio electr\u00f3nico, dar una charla improvisada o apoyar\u00e1n al que quiera hacer algo dentro de WordPress y no sepa como meter mano a un proyecto. Esto es algo as\u00ed como consultor\u00edas a medida, pero descrito m\u00e1s de andar por casa.<\/li>\n\n\n\n<li>Por otro lado tendremos una charla\/hackathon de seguridad impartida por una empresa que se dedica a estos asuntos para aprender un mont\u00f3n de este mundillo.<\/li>\n\n\n\n<li>Y por \u00faltimo haremos un par de charlas, despu\u00e9s del desayuno y despu\u00e9s del almuerzo del s\u00e1bado, orientadas a conocer c\u00f3mo conseguir trabajo gracias a WordPress.<\/li>\n<\/ul>\n\n\n\n<h2 class=\"wp-block-heading\">La pitanza<\/h2>\n\n\n\n<p>Por si te preguntabas d\u00f3nde comer y desayunar, no te preocupes, ya nos ocupamos nosotros.<\/p>\n\n\n\n<p><strong>\u00bfPero hay que pagar algo aparte de los 5\u20ac de la entrada para poder comer y desayunar el s\u00e1bado?<\/strong><\/p>\n\n\n\n<p>No, gracias a nuestros <a href=\"https:\/\/sevilla.wordcamp.org\/2024\/patrocinadores\/\" data-type=\"page\" data-id=\"10\" target=\"_blank\" rel=\"noreferrer noopener\">patrocinadores <\/a>podemos darte de comer y otras muchas cosas m\u00e1s, porque sin su apoyo, esto ser\u00eda un poquito m\u00e1s dif\u00edcil \ud83d\ude42<\/p>\n\n\n\n<p>Listo, ya que est\u00e1 todo claro, aqu\u00ed tienes el programa.<\/p>\n\n\n\n<h2 class=\"wp-block-heading\">S\u00e1bado 9 de Noviembre<\/h2>\n\n\n\n<div\n\tclass=\"wp-block-wordcamp-schedule alignwide is-loading\"\n\t\tdata-attributes=\"{&quot;__isStylesPreview&quot;:false,&quot;align&quot;:&quot;wide&quot;,&quot;chooseSpecificDays&quot;:true,&quot;chosenDays&quot;:[&quot;2024-11-09&quot;],&quot;chooseSpecificTracks&quot;:false,&quot;chosenTrackIds&quot;:[],&quot;showCategories&quot;:true,&quot;useClientTimezone&quot;:false}\"\n>\n\tCargando\u2026<\/div>\n\n\n\t<div class=\"email-form fav-session-email-form-hide\">\n\t\t<!-- Tab links -->\n\t\t<div class=\"fav-session-share-tab\">\n\t\t\t\t\t\t\t<div class=\"fav-session-tablinks\" id=\"fav-session-btn-email\">\n\t\t\t\t\tCorreo electr\u00f3nico\t\t\t\t<\/div>\n\t\t\t\n\t\t\t<div class=\"fav-session-tablinks\" id=\"fav-session-btn-link\">\n\t\t\t\tEnlace\t\t\t<\/div>\n\n\t\t\t<div class=\"fav-session-tablinks\" id=\"fav-session-btn-print\">\n\t\t\t\tImprimir\t\t\t<\/div>\n\t\t<\/div>\n\n\t\t<!-- Tab content -->\n\t\t\t\t\t<div id=\"fav-session-tab-email\" class=\"fav-session-share-tabcontent\">\n\t\t\t\t<div id=\"fav-session-email-form\">\n\t\t\t\t\tEnv\u00edame mis sesiones favoritas:\n\t\t\t\t\t<form id=\"fav-sessions-form\">\n\t\t\t\t\t\t<input\n\t\t\t\t\t\t\ttype=\"text\"\n\t\t\t\t\t\t\tname=\"email_address\"\n\t\t\t\t\t\t\tid=\"fav-sessions-email-address\"\n\t\t\t\t\t\t\tplaceholder=\"me@protonmail.com\"\n\t\t\t\t\t\t\/>\n\t\t\t\t\t\t<input type=\"submit\" value=\"Enviar\" \/>\n\t\t\t\t\t<\/form>\n\t\t\t\t<\/div>\n\n\t\t\t\t<div class=\"fav-session-email-wait-spinner\"><\/div>\n\t\t\t\t<div class=\"fav-session-email-result\"><\/div>\n\t\t\t<\/div>\n\t\t\n\t\t<div id=\"fav-session-tab-link\" class=\"fav-session-share-tabcontent\">\n\t\t\tEnlace compartible:\t\t\t<br \/>\n\t\t\t<a id=\"fav-sessions-link\" href=\"\"><\/a>\n\t\t<\/div>\n\n\t\t<div id=\"fav-session-tab-print\" class=\"fav-session-share-tabcontent\">\n\t\t\t<button id=\"fav-session-print\">\n\t\t\t\tImprimir sesiones favoritas\t\t\t<\/button>\n\t\t<\/div>\n\t<\/div>\n\n\t<a class=\"show-email-form\" href=\"javascript:\">\n\t\t<span class=\"dashicons dashicons-star-filled\"><\/span>\n\t\t<span class=\"dashicons dashicons-email-alt\"><\/span>\n\t<\/a>\n\n\t\n\n\n<h2 class=\"wp-block-heading\">Domingo 10 de Noviembre<\/h2>\n\n\n\n<div\n\tclass=\"wp-block-wordcamp-schedule alignwide is-loading\"\n\t\tdata-attributes=\"{&quot;__isStylesPreview&quot;:false,&quot;align&quot;:&quot;wide&quot;,&quot;chooseSpecificDays&quot;:true,&quot;chosenDays&quot;:[&quot;2024-11-10&quot;],&quot;chooseSpecificTracks&quot;:false,&quot;chosenTrackIds&quot;:[],&quot;showCategories&quot;:true,&quot;useClientTimezone&quot;:false}\"\n>\n\tCargando\u2026<\/div>\n\n\n\n\n<p><\/p>\n","protected":false},"excerpt":{"rendered":"<p>Esta WordCamp es una WordCamp especial, como todo lo que hacemos en Sevilla, faltar\u00eda m\u00e1s. Independientemente de que abajo tengas detallado el programa, te cuento el objeto de la WordCamp para que te planifiques. Habr\u00e1 3 bloques bien diferenciados: La pitanza Por si te preguntabas d\u00f3nde comer y desayunar, no te preocupes, ya nos ocupamos [&hellip;]<\/p>\n","protected":false},"author":18231134,"featured_media":0,"parent":0,"menu_order":0,"comment_status":"closed","ping_status":"closed","template":"","meta":{"jetpack_post_was_ever_published":true,"footnotes":""},"class_list":["post-7","page","type-page","status-publish","hentry"],"jetpack_sharing_enabled":true,"_links":{"self":[{"href":"https:\/\/sevilla.wordcamp.org\/2024\/wp-json\/wp\/v2\/pages\/7","targetHints":{"allow":["GET"]}}],"collection":[{"href":"https:\/\/sevilla.wordcamp.org\/2024\/wp-json\/wp\/v2\/pages"}],"about":[{"href":"https:\/\/sevilla.wordcamp.org\/2024\/wp-json\/wp\/v2\/types\/page"}],"author":[{"embeddable":true,"href":"https:\/\/sevilla.wordcamp.org\/2024\/wp-json\/wp\/v2\/users\/18231134"}],"replies":[{"embeddable":true,"href":"https:\/\/sevilla.wordcamp.org\/2024\/wp-json\/wp\/v2\/comments?post=7"}],"version-history":[{"count":9,"href":"https:\/\/sevilla.wordcamp.org\/2024\/wp-json\/wp\/v2\/pages\/7\/revisions"}],"predecessor-version":[{"id":1118,"href":"https:\/\/sevilla.wordcamp.org\/2024\/wp-json\/wp\/v2\/pages\/7\/revisions\/1118"}],"wp:attachment":[{"href":"https:\/\/sevilla.wordcamp.org\/2024\/wp-json\/wp\/v2\/media?parent=7"}],"curies":[{"name":"wp","href":"https:\/\/api.w.org\/{rel}","templated":true}]}}